{"id":157203,"date":"2026-04-17T05:34:46","date_gmt":"2026-04-17T05:34:46","guid":{"rendered":"https:\/\/holavape.com\/product\/fihp-shisha-hookah-12k-2\/"},"modified":"2026-04-19T15:31:48","modified_gmt":"2026-04-19T15:31:48","slug":"fihp-shisha-hookah-12k-2","status":"publish","type":"product","link":"https:\/\/holavape.com\/hu\/termek\/fihp-shisha-hookah-12k-2\/","title":{"rendered":"FIHP Shisha Hookah 12K"},"content":{"rendered":"<h2>FIHP Shisha Hookah 12K \u00c1ttekint\u00e9s<\/h2>\n<p>A FIHP Shisha Hookah 12K egy v\u00edzipip\u00e1s st\u00edlus\u00fa eldobhat\u00f3 v\u00edzipipa olyan nagykereskedelmi v\u00e1s\u00e1rl\u00f3k sz\u00e1m\u00e1ra, akiknek v\u00edzipipa st\u00edlus\u00fa lehet\u0151s\u00e9gre van sz\u00fcks\u00e9g\u00fck sz\u00e9lesebb \u00edzvil\u00e1ggal. 12 000 felf\u00faj\u00e1st, 22 ml-es e-liquid-et \u00e9s 10 \u00edzt egyes\u00edt olyan form\u00e1tumban, amely k\u00f6nnyen elhelyezhet\u0151 a kiskereskedelmi polcokon \u00e9s a t\u00f6meges rendel\u00e9sekn\u00e9l.<\/p>\n<p>Az \u00edzv\u00e1laszt\u00e9k 10 \u00edzt \u00f6lel fel, \u00edgy ez a modell j\u00f3l illeszkedik a gy\u00fcm\u00f6lcs\u00f6kh\u00f6z, j\u00e9gekhez, cukork\u00e1khoz \u00e9s vegyes profil\u00fa eldobhat\u00f3 term\u00e9kekhez.<\/p>\n<h2>F\u0151bb kiemel\u00e9sek<\/h2>\n<ul>\n<li><strong>12.000 f\u00faj\u00e1s<\/strong> a hosszabb \u00e9lettartam\u00fa k\u00e9sz\u00fcl\u00e9kform\u00e1tum \u00e9rdek\u00e9ben<\/li>\n<li><strong>22 ml e-liquid<\/strong> a nagyobb puffad\u00e1ssz\u00e1m \u00e9s a hosszabb napi haszn\u00e1lat t\u00e1mogat\u00e1s\u00e1ra<\/li>\n<li><strong>10 \u00edz<\/strong> sz\u00e9lesebb \u00edzv\u00e1laszt\u00e9k lefed\u00e9s\u00e9re<\/li>\n<li><strong>0.6%<\/strong> nikotin opci\u00f3k a k\u00fcl\u00f6nb\u00f6z\u0151 piaci ig\u00e9nyeknek megfelel\u0151en<\/li>\n<\/ul>\n<h2>M\u0171szaki adatok<\/h2>\n<table>\n<tbody>\n<tr>\n<td><strong>Term\u00e9k neve<\/strong><\/td>\n<td>FIHP Shisha Hookah 12K<\/td>\n<\/tr>\n<tr>\n<td><strong>Puff Count<\/strong><\/td>\n<td>12.000 f\u00faj\u00e1s<\/td>\n<\/tr>\n<tr>\n<td><strong>E-folyad\u00e9k kapacit\u00e1s<\/strong><\/td>\n<td>22 ml e-liquid<\/td>\n<\/tr>\n<tr>\n<td><strong>\u00cdzlehet\u0151s\u00e9gek<\/strong><\/td>\n<td>10 \u00edz<\/td>\n<\/tr>\n<tr>\n<td><strong>Nikotin Er\u0151<\/strong><\/td>\n<td>0.6%<\/td>\n<\/tr>\n<\/tbody>\n<\/table>\n<h2>\u00cdzlehet\u0151s\u00e9gek<\/h2>\n<p>Az el\u00e9rhet\u0151 \u00edzes\u00edt\u00e9si lehet\u0151s\u00e9gek k\u00f6z\u00e9 tartozik a g\u00f6r\u00f6gdinnye j\u00e9g, a sz\u0151l\u0151j\u00e9g, az \u00e1fony\u00e1s m\u00e1lna, az epres kivi, a vegyes bogy\u00f3k, az epres g\u00f6r\u00f6gdinnye, a g\u00f6r\u00f6gdinnye r\u00e1g\u00f3gumi, a barackos mang\u00f3 anan\u00e1sz \u00e9s m\u00e9g sok m\u00e1s. Ez seg\u00edt a FIHP Shisha Hookah 12K sz\u00e1m\u00e1ra, hogy a gy\u00fcm\u00f6lcs\u00f6k, j\u00e9gkr\u00e9mek, cukork\u00e1k \u00e9s \u00e9des profil\u00fa eldobhat\u00f3 vape-v\u00e1laszt\u00e9kok sz\u00e9lesebb kever\u00e9k\u00e9hez illeszkedjen.<\/p>\n","protected":false},"excerpt":{"rendered":"<p>A FIHP Shisha Hookah 12000 f\u00faj\u00e1s 12 000 f\u00faj\u00e1st \u00e9s 22 ml e-folyad\u00e9kot hoz. V\u00edzipipa st\u00edlus\u00fa nagykereskedelmi lehet\u0151s\u00e9g azoknak a v\u00e1s\u00e1rl\u00f3knak, akik er\u0151sebb \u00edzjelenl\u00e9tet \u00e9s k\u00f6nny\u0171 polcfellebbez\u00e9st szeretn\u00e9nek. \ud83d\udd25<\/p>\n","protected":false},"featured_media":119797,"comment_status":"open","ping_status":"closed","template":"","meta":[],"product_brand":[],"product_cat":[432,360,612,621,630,666,684,648,639,675,657,693,702,720,711,369,352,747,522,567,540,531],"product_tag":[],"class_list":{"0":"post-157203","1":"product","2":"type-product","3":"status-publish","4":"has-post-thumbnail","6":"product_cat-12000-szivas-eldobhato-vape-hu","7":"product_cat-eldobhato-vape-tipusok-hu","8":"product_cat-eldobhato-vape-ek-ausztria-hu","9":"product_cat-eldobhato-vape-ek-belgium-hu","10":"product_cat-eldobhato-vape-ek-franciaorszag-hu","11":"product_cat-eldobhato-vape-ek-hollandia-hu","12":"product_cat-eldobhato-vape-ek-lengyelorszag-hu","13":"product_cat-eldobhato-vape-ek-magyarorszag-hu","14":"product_cat-eldobhato-vape-ek-nemetorszag-hu","15":"product_cat-eldobhato-vape-ek-norvegia-hu","16":"product_cat-eldobhato-vape-ek-olaszorszag-hu","17":"product_cat-eldobhato-vape-ek-portugalia-hu","18":"product_cat-eldobhato-vape-ek-spanyolorszag-hu","19":"product_cat-eldobhato-vape-ek-svajc-hu","20":"product_cat-eldobhato-vape-ek-svedorszag-hu","21":"product_cat-eldobhato-vape-ek-europaban-hu","22":"product_cat-eldobhato-vape-ek-szivasszam-szerint-hu","23":"product_cat-fihp-hu","24":"product_cat-nagy-szivasszamu-vape-ek-hu","25":"product_cat-okos-kijelzos-vape-ek-hu","26":"product_cat-shisha-hookah-vape-ek-hu","27":"product_cat-ujratoltheto-vape-ek-hu","29":"first","30":"instock","31":"shipping-taxable","32":"purchasable","33":"product-type-variable","34":"has-default-attributes"},"tiered_pricing_type":"fixed","tiered_pricing_fixed_rules":{"2000":5.089999999999999857891452847979962825775146484375},"tiered_pricing_product_settings":{"layout":"default","base_unit_name":{"singular":null,"plural":null},"default_variation":null},"tiered_pricing_minimum_quantity":1000,"tiered_pricing_roles_data":[],"tiered_pricing_percentage_rules":[],"tiered_pricing_maximum_quantity":null,"tiered_pricing_quantity_step":"10","_links":{"self":[{"href":"https:\/\/holavape.com\/hu\/wp-json\/wp\/v2\/product\/157203","targetHints":{"allow":["GET"]}}],"collection":[{"href":"https:\/\/holavape.com\/hu\/wp-json\/wp\/v2\/product"}],"about":[{"href":"https:\/\/holavape.com\/hu\/wp-json\/wp\/v2\/types\/product"}],"replies":[{"embeddable":true,"href":"https:\/\/holavape.com\/hu\/wp-json\/wp\/v2\/comments?post=157203"}],"wp:featuredmedia":[{"embeddable":true,"href":"https:\/\/holavape.com\/hu\/wp-json\/wp\/v2\/media\/119797"}],"wp:attachment":[{"href":"https:\/\/holavape.com\/hu\/wp-json\/wp\/v2\/media?parent=157203"}],"wp:term":[{"taxonomy":"product_brand","embeddable":true,"href":"https:\/\/holavape.com\/hu\/wp-json\/wp\/v2\/product_brand?post=157203"},{"taxonomy":"product_cat","embeddable":true,"href":"https:\/\/holavape.com\/hu\/wp-json\/wp\/v2\/product_cat?post=157203"},{"taxonomy":"product_tag","embeddable":true,"href":"https:\/\/holavape.com\/hu\/wp-json\/wp\/v2\/product_tag?post=157203"}],"curies":[{"name":"wp","href":"https:\/\/api.w.org\/{rel}","templated":true}]}}