{"id":43151,"date":"2026-03-12T04:25:10","date_gmt":"2026-03-12T04:25:10","guid":{"rendered":"https:\/\/holavape.com\/product\/bang-king-250k-4-in-1-eldobhato-vape-250k-szippantas-nagykeresk\/"},"modified":"2026-04-05T01:46:05","modified_gmt":"2026-04-05T01:46:05","slug":"bang-king-250k","status":"publish","type":"product","link":"https:\/\/holavape.com\/hu\/termek\/bang-king-250k\/","title":{"rendered":"Bang King 250K 4-in-1 Eldobhat\u00f3 Vape \u2014 250K Szippant\u00e1s Nagykeresk."},"content":{"rendered":"<h2>Bang King 250K \u2014 250 000 Szippant\u00e1s 4-in-1 N\u00e9gyes \u00cdz\u0171 Eldobhat\u00f3 E-cigaretta<\/h2>\n<p>A Bang King 250K jelenleg a legnagyobb szippant\u00e1ssz\u00e1m\u00fa eszk\u00f6z\u00fcnk. N\u00e9gy k\u00fcl\u00f6n\u00e1ll\u00f3 15ml-es \u00edzkamra (\u00f6sszesen 60ml), n\u00e9gy 1.0\u03a9 mesh coil \u00e9s egy 650mAh-s \u00fajrat\u00f6lthet\u0151 akkumul\u00e1tor, mind\u00f6ssze 130g-os k\u00e9sz\u00fcl\u00e9kben. Azoknak a besz\u00e1ll\u00edt\u00f3knak k\u00e9sz\u00fclt, akik egy cs\u00facsterM\u00e9ket szeretn\u00e9nek k\u00edn\u00e1lni \u2014 egy olyan term\u00e9ket, ami azonnal felkelti a figyelmet a polcon vagy a term\u00e9koldalon a l\u00e1tv\u00e1nyos param\u00e9tereknek k\u00f6sz\u00f6nhet\u0151en.<\/p>\n<p>Ez a modell j\u00f3l fogy azokban a boltokban, amelyek m\u00e1r k\u00f6z\u00e9pkategori\u00e1s eszk\u00f6z\u00f6ket (50K\u201380K szippant\u00e1s) \u00e1rulnak, \u00e9s valami pr\u00e9miumot keresnek az upselling-hez. Online keresked\u0151knek is ide\u00e1lis, akik egy kir\u00e1lykategori\u00e1s term\u00e9ket keresnek az eldobhat\u00f3 vape kateg\u00f3riaoldaluk h\u00faz\u00f3term\u00e9kek\u00e9nt. Nyugat-Eur\u00f3p\u00e1ban n\u00e9pszer\u0171, k\u00fcl\u00f6n\u00f6sen N\u00e9metorsz\u00e1gban, Spanyolorsz\u00e1gban \u00e9s Hollandi\u00e1ban.<\/p>\n<h3>Specifik\u00e1ci\u00f3k<\/h3>\n<table>\n<thead>\n<tr>\n<th>Specifik\u00e1ci\u00f3<\/th>\n<th>R\u00e9szlet<\/th>\n<\/tr>\n<\/thead>\n<tbody>\n<tr>\n<td>Szippant\u00e1ssz\u00e1m<\/td>\n<td>Akk\u00e1r 250 000<\/td>\n<\/tr>\n<tr>\n<td>\u00cdzrendszer<\/td>\n<td>4-in-1 (n\u00e9gy \u00edz eszk\u00f6z\u00f6nk\u00e9nt)<\/td>\n<\/tr>\n<tr>\n<td>E-liquid tartalom<\/td>\n<td>\u00d6sszesen 60ml (4 \u00d7 15ml kamra)<\/td>\n<\/tr>\n<tr>\n<td>Coil t\u00edpus<\/td>\n<td>Quad 1.0\u03a9 mesh coils<\/td>\n<\/tr>\n<tr>\n<td>Akkumul\u00e1tor<\/td>\n<td>650mAh \u00fajrat\u00f6lthet\u0151 (USB-C)<\/td>\n<\/tr>\n<tr>\n<td>Nikotin opci\u00f3k<\/td>\n<td>0% \/ 2% \/ 3% \/ 5%<\/td>\n<\/tr>\n<tr>\n<td>S\u00faly<\/td>\n<td>~130g darabonk\u00e9nt<\/td>\n<\/tr>\n<\/tbody>\n<\/table>\n<h3>\u00cdzkompletek (4 \u00edz eszk\u00f6z\u00f6nk\u00e9nt)<\/h3>\n<p>Minden Bang King 250K 4 be\u00e9p\u00edtett \u00edzzel \u00e9rkezik. A felhaszn\u00e1l\u00f3k haszn\u00e1lat k\u00f6zben v\u00e1ltogatnak k\u00f6z\u00f6tt\u00fck. \u00cdme a 10 el\u00e9rhet\u0151 komplet \u2014 profil szerint csoportos\u00edtva, hogy seg\u00edts\u00fck a piacodnak megfelel\u0151 v\u00e1laszt\u00e1st.<\/p>\n<p><strong>Legkelend\u0151bb a kezd\u00e9shez:<\/strong> Az al\u00e1bbi gy\u00fcm\u00f6lcs + j\u00e9g kompletek a legbiztosabb els\u0151 rendel\u00e9s. Kezdj 2\u20133-mal ezekb\u0151l, \u00e9s eggyel a mer\u00e9sz\/ital kateg\u00f3ri\u00e1b\u00f3l a v\u00e1ltozatoss\u00e1g\u00e9rt.<\/p>\n<p><strong>Gy\u00fcm\u00f6lcs + j\u00e9g komb\u00f3k (biztos v\u00e1laszt\u00e1s):<\/strong> Citrom Lime \/ G\u00f6r\u00f6gdinnye J\u00e9g \/ Black Ice S\u00e1rk\u00e1nygy\u00fcm\u00f6lcs Eper \/ Love66 \u2014 klasszikus mix shisha st\u00edlus\u00fa Love66-tal. G\u00f6r\u00f6gdinnye J\u00e9g \/ Eper Mang\u00f3 \/ \u00c1fonya J\u00e9g \/ Fizzy Cseresznye \u2014 standard jeges gy\u00fcm\u00f6lcs\u00f6k, k\u00f6nny\u0171 elad\u00e1s. Citrom Lime \/ Eper J\u00e9g \/ M\u00e1lna G\u00f6r\u00f6gdinnye \/ Fizzy Cseresznye \u2014 gy\u00fcm\u00f6lcs\u00f6s \u00e9s p\u00e9zsg\u0151s.<\/p>\n<p><strong>Bogygy\u00f6m\u00f6lcs + cukorka:<\/strong> Sz\u0151l\u0151robban\u00e1s \/ Licsi J\u00e9g \/ \u0150szibarack Bogy\u00f3 \/ Kiwi Maracuja Guava \u2014 intenz\u00edv sz\u0151l\u0151cukorka + tr\u00f3pusi. Vegyes Bogy\u00f3k \/ Cseresznye Citrom \/ Eper Kiwi \/ Eper G\u00f6r\u00f6gdinnye R\u00e1g\u00f3gumi \u2014 cukorkast\u00edlus\u00fa gy\u00fcm\u00f6lcskomb\u00f3k. Eper Mang\u00f3 \/ Blue Razz Limon\u00e1d\u00e9 \/ Van\u00edlia Fagylalt \/ Savany\u00fa Triple Bogygy\u00f6m\u00f6lcs \u2014 desszert \u00edzzel, t\u00f6bb v\u00e1ltozatoss\u00e1g.<\/p>\n<p><strong>Tr\u00f3pusi + \u00e9des:<\/strong> R\u00f3zsa Limon\u00e1d\u00e9 \/ Kiwi Maracuja Guava \/ \u0150szibarack Bogy\u00f3 \/ Eper Ban\u00e1n \u2014 l\u00e1gy tr\u00f3pusi kever\u00e9k. Eper G\u00f6r\u00f6gdinnye \/ Cherry Cola \/ L\u00e9d\u00fas \u0150szibarack J\u00e9g \/ Grepfr\u00fat Friss\u00edt\u0151 \u2014 \u00e9des du\u00f3 + k\u00f3l\u00e1s p\u00e9zsg\u00e9s + citrus.<\/p>\n<p><strong>Ital-inspir\u00e1lt + mer\u00e9sz:<\/strong> Vanilla Cola \/ Citrom \u0150szibarack \/ Eper M\u00e1lna Cseresznye J\u00e9g \/ Sz\u0151l\u0151 J\u00e9g \u2014 kr\u00e9mes k\u00f3la + triple bogygy\u00fcm\u00f6lcs j\u00e9g. Mojito \/ Monster Mango \/ Lady Killer \/ R\u00f3zsa Limon\u00e1d\u00e9 \u2014 ment\u00e1s mojito + energy mang\u00f3 + shisha kever\u00e9k + citrus.<\/p>\n<h3>Hogyan Illeszkedik a K\u00edn\u00e1latodba<\/h3>\n<p>A Bang King 250K a pr\u00e9mium h\u00faz\u00f3term\u00e9k. J\u00f3l p\u00e1ros\u00edthat\u00f3 egy k\u00f6z\u00e9pkategori\u00e1s opci\u00f3val, mint a <a href=\"https:\/\/holavape.com\/hu\/termek\/bang-box-160k-negy-izu-4-az-1-ben-eldobhato-vape-nagykereskedelem\/\">Bang Box 160K<\/a> (ugyanaz a 4-in-1 koncepci\u00f3, kevesebb szippant\u00e1s, alacsonyabb \u00e1r), vagy egy egyes \u00edz\u0171 eszk\u00f6zzel, mint a <a href=\"https:\/\/holavape.com\/hu\/termek\/waspe-bar-60k-eldobhato-e-cigaretta-nagykeresk-eu-raktarbol\/\">WASPE Bar 60K<\/a> a k\u00f6lts\u00e9gtudatos vev\u0151knek. 8-in-1 alternat\u00edv\u00e1t keresel? N\u00e9zd meg a <a href=\"https:\/\/holavape.com\/hu\/termek\/waspe-crystal-180k-8-az-1-ben-eldobhato-e-cigaretta-eu-raktar-nagykereskedelem\/\">WASPE Crystal 180K<\/a>-t.<\/p>\n<h3>Sz\u00e1ll\u00edt\u00e1s &amp; Rendel\u00e9s<\/h3>\n<p>200 darab kartonok\u00e9nt 27 kg. Sz\u00e1ll\u00edt\u00e1s K\u00edn\u00e1b\u00f3l standard nagykereskedelmi sz\u00e1ll\u00edt\u00e1si id\u0151vel \u2014 a becs\u00fclt sz\u00e1ll\u00edt\u00e1si id\u0151t a rendel\u00e9s feldolgoz\u00e1sa el\u0151tt meger\u0151s\u00edtj\u00fck. Nincs fix MOQ \u2014 rendelj 10 darabt\u00f3l, de az \u00e1rak jelent\u0151sen javulnak 30+ \u00e9s 50+ felett. Az \u00edzkompleteket szabadon keverHeted egy rendel\u00e9sen bel\u00fcl.<\/p>\n<p>Nikotin megjegyz\u00e9s: 0% \u00e9s 2% a legn\u00e9pszer\u0171bb az EU-piacokra. 3% \u00e9s 5% el\u00e9rhet\u0151 \u2014 ellen\u0151rizd a helyi szab\u00e1lyoz\u00e1st magasabb er\u0151ss\u00e9gek rakt\u00e1roz\u00e1sa el\u0151tt.<\/p>\n","protected":false},"excerpt":{"rendered":"<p>Bang King 250K 4-in-1 250,000 slukkot, n\u00e9gy \u00edzt, n\u00e9gy 1.0ohm mesh coil-t \u00e9s 650mAh \u00fajrat\u00f6lthet\u0151 akkumul\u00e1tort k\u00edn\u00e1l. Igazi z\u00e1szl\u00f3shaj\u00f3 azoknak az \u00fczleteknek, amelyek maxim\u00e1lis polci hat\u00e1st akarnak. \ud83d\udd25<\/p>\n","protected":false},"featured_media":9233,"comment_status":"open","ping_status":"closed","template":"","meta":[],"product_brand":[],"product_cat":[513,738],"product_tag":[],"class_list":{"0":"post-43151","1":"product","2":"type-product","3":"status-publish","4":"has-post-thumbnail","6":"product_cat-100k-szivas-eldobhato-vape-hu","7":"product_cat-bang-hu","9":"first","10":"instock","11":"shipping-taxable","12":"purchasable","13":"product-type-variable","14":"has-default-attributes"},"tiered_pricing_type":"fixed","tiered_pricing_fixed_rules":{"30":9.589999999999999857891452847979962825775146484375,"50":7.9900000000000002131628207280300557613372802734375,"100":7.519999999999999573674358543939888477325439453125,"200":6.87000000000000010658141036401502788066864013671875,"400":6.3499999999999996447286321199499070644378662109375},"tiered_pricing_product_settings":{"layout":"default","base_unit_name":{"singular":null,"plural":null},"default_variation":null},"tiered_pricing_minimum_quantity":10,"tiered_pricing_roles_data":[],"tiered_pricing_percentage_rules":[],"tiered_pricing_maximum_quantity":null,"tiered_pricing_quantity_step":"10","_links":{"self":[{"href":"https:\/\/holavape.com\/hu\/wp-json\/wp\/v2\/product\/43151","targetHints":{"allow":["GET"]}}],"collection":[{"href":"https:\/\/holavape.com\/hu\/wp-json\/wp\/v2\/product"}],"about":[{"href":"https:\/\/holavape.com\/hu\/wp-json\/wp\/v2\/types\/product"}],"replies":[{"embeddable":true,"href":"https:\/\/holavape.com\/hu\/wp-json\/wp\/v2\/comments?post=43151"}],"wp:featuredmedia":[{"embeddable":true,"href":"https:\/\/holavape.com\/hu\/wp-json\/wp\/v2\/media\/9233"}],"wp:attachment":[{"href":"https:\/\/holavape.com\/hu\/wp-json\/wp\/v2\/media?parent=43151"}],"wp:term":[{"taxonomy":"product_brand","embeddable":true,"href":"https:\/\/holavape.com\/hu\/wp-json\/wp\/v2\/product_brand?post=43151"},{"taxonomy":"product_cat","embeddable":true,"href":"https:\/\/holavape.com\/hu\/wp-json\/wp\/v2\/product_cat?post=43151"},{"taxonomy":"product_tag","embeddable":true,"href":"https:\/\/holavape.com\/hu\/wp-json\/wp\/v2\/product_tag?post=43151"}],"curies":[{"name":"wp","href":"https:\/\/api.w.org\/{rel}","templated":true}]}}