{"id":46128,"date":"2026-03-12T04:24:42","date_gmt":"2026-03-12T04:24:42","guid":{"rendered":"https:\/\/holavape.com\/product\/bang-king-triple-100k-3-az-1-ben-eldobhato-vape-nagykereskedelem\/"},"modified":"2026-04-05T01:46:42","modified_gmt":"2026-04-05T01:46:42","slug":"bang-king-triple-100k","status":"publish","type":"product","link":"https:\/\/holavape.com\/hu\/termek\/bang-king-triple-100k\/","title":{"rendered":"Bang King Triple 100K 3-az-1-ben Eldobhat\u00f3 Vape \u2014 Nagykereskedelem"},"content":{"rendered":"<h2>Bang King Triple 100K \u2014 100 000 Slukk, 3-az-1-ben Forg\u00f3 \u00cdzv\u00e1laszt\u00f3s Eldobhat\u00f3 Vape<\/h2>\n<p>A Bang King Triple 100K h\u00e1rom \u00edzt k\u00edn\u00e1l egyetlen k\u00e9sz\u00fcl\u00e9kben, egyszer\u0171 forgat\u00e1sos v\u00e1lt\u00f3mechanizmussal. Forgasd el a szipk\u00e1t, v\u00e1lassz \u00edzt, \u00e9s folytasd a p\u00e1rol\u00e1st. 100 000 slukkal a legt\u00f6bb felhaszn\u00e1l\u00f3nak hetekig kitart, a h\u00e1romszoros mesh coil rendszer pedig tiszt\u00e1n tartja az egyes \u00edzkamr\u00e1kat, az \u00edzek kevered\u00e9se n\u00e9lk\u00fcl. Ez az egyik legstabilabban fogy\u00f3 term\u00e9k\u00fcnk a spanyol, n\u00e9met \u00e9s holland piacokon.<\/p>\n<p>A <a href=\"https:\/\/holavape.com\/hu\/termek\/bang-king-50k\/\">Bang King 50K<\/a> (dupla \u00edz, kedvez\u0151bb \u00e1ron) \u00e9s a <a href=\"https:\/\/holavape.com\/hu\/termek\/bang-box-200k\/\">Bang Box 200K<\/a> (8-az-1-ben a k\u00edn\u00e1lat cs\u00facs\u00e1n) k\u00f6z\u00f6tt helyezkedik el. A legt\u00f6bb bolt sz\u00e1m\u00e1ra a Triple 100K az ide\u00e1lis v\u00e1laszt\u00e1s \u2014 elegend\u0151 \u00edzv\u00e1laszt\u00e9k a v\u00e1s\u00e1rl\u00f3k megtart\u00e1s\u00e1hoz, elegend\u0151 slukk az \u00e1r igazol\u00e1s\u00e1hoz, \u00e9s el\u00e9g kompakt a pultban val\u00f3 kihelyez\u00e9shez.<\/p>\n<table>\n<thead>\n<tr>\n<th>Specifik\u00e1ci\u00f3<\/th>\n<th>R\u00e9szlet<\/th>\n<\/tr>\n<\/thead>\n<tbody>\n<tr>\n<td>Slukkok<\/td>\n<td>~100 000 (3 \u00d7 ~33 000)<\/td>\n<\/tr>\n<tr>\n<td>E-Liquid<\/td>\n<td>54ml \u00f6sszesen (3 \u00d7 18ml)<\/td>\n<\/tr>\n<tr>\n<td>Akkumul\u00e1tor<\/td>\n<td>900mAh \u00fajrat\u00f6lthet\u0151 (USB-C)<\/td>\n<\/tr>\n<tr>\n<td>Coil<\/td>\n<td>H\u00e1romszoros 1.0\u03a9 mesh<\/td>\n<\/tr>\n<tr>\n<td>Nikotin<\/td>\n<td>2% \/ 3% \/ 5%<\/td>\n<\/tr>\n<tr>\n<td>\u00cdzv\u00e1lt\u00e1s<\/td>\n<td>Forg\u00f3 szipkav\u00e1laszt\u00f3<\/td>\n<\/tr>\n<\/tbody>\n<\/table>\n<h3>\u00cdzkombin\u00e1ci\u00f3 Aj\u00e1nl\u00e1sok<\/h3>\n<p><strong>Legkelend\u0151bb komb\u00f3k:<\/strong> G\u00f6r\u00f6gdinnye + Red Bull + Eper Kiwi, Lime + Eper G\u00f6r\u00f6gdinnye + \u00c1fonya J\u00e9g, M\u00e1lna G\u00f6r\u00f6gdinnye + Mang\u00f3 \u0150szibarack + Eper Kiwi, Tr\u00f3pusi Gy\u00fcm\u00f6lcs + Eper G\u00f6r\u00f6gdinnye + Citrom \u0150szibarack \u2014 ezek a szettek minden eur\u00f3pai piacon m\u0171k\u00f6dnek, \u00e9s a legbiztosabban \u00fajrarendelhet\u0151k.<\/p>\n<p><strong>Tr\u00f3pusi \u00e9s kr\u00e9mes komb\u00f3k:<\/strong> Anan\u00e1sz K\u00f3kusz + Eper Ban\u00e1n + Blue Razz, Eper Ban\u00e1n + M\u00e1lna G\u00f6r\u00f6gdinnye + Lime \u2014 a k\u00f3kusz \u00e9s ban\u00e1n jegyek kr\u00e9mesebb profilt adnak, ami vonz\u00f3 azoknak, akik a tiszta gy\u00fcm\u00f6lcs\u00edzeket t\u00fal \u00e9lesnek tal\u00e1lj\u00e1k. Ny\u00e1ri h\u00f3napokban er\u0151sebb a kereslet.<\/p>\n<p><strong>Mer\u00e9sz \u00e9s italinspir\u00e1ci\u00f3 komb\u00f3k:<\/strong> Eper Van\u00edlia K\u00f3la + \u00c1fonya M\u00e1lna + Lime (a k\u00f3la profil k\u00edv\u00e1ncsi v\u00e1s\u00e1rl\u00f3kat vonz), Eper Kiwi + Savany\u00fa Mang\u00f3 Anan\u00e1sz + Red Bull (a Red Bull \u00edznek elk\u00f6telezett rajong\u00f3t\u00e1bora van a fiatalabb v\u00e1s\u00e1rl\u00f3k k\u00f6r\u00e9ben). Kisebb rendel\u00e9sekkel tesztelje ezeket, ha a piaca konzervat\u00edv.<\/p>\n<p><strong>Desszert \u00e9s dinnye komb\u00f3k:<\/strong> G\u00f6r\u00f6gdinnye + Eperfagylalt + Triple Dinnye, Eper M\u00e1lna + Triple Dinnye + Savany\u00fa Mang\u00f3 Anan\u00e1sz \u2014 n\u00e9pszer\u0171 azokn\u00e1l a v\u00e1s\u00e1rl\u00f3kn\u00e1l, akik az \u00e9des vagy cukork\u00e1s profilokat kedvelik. A Triple Dinnye g\u00f6r\u00f6gdinny\u00e9t, s\u00e1rgadinny\u00e9t \u00e9s kantalupdinny\u00e9t kombin\u00e1l egy r\u00e9tegzett dinnye\u00e9lm\u00e9ny\u00e9rt.<\/p>\n<p>Ha els\u0151 rendel\u00e9s\u00e9t adja le, kezdje a legkelend\u0151bb sorral \u2014 ezek a komb\u00f3k rendelkeznek a legmagasabb forg\u00e1si r\u00e1t\u00e1val nagykereskedelmi \u00fcgyfeleink k\u00f6z\u00f6tt. Adjon hozz\u00e1 1\u20132 komb\u00f3t a t\u00f6bbi kateg\u00f3ri\u00e1b\u00f3l, hogy tesztelje, mi m\u0171k\u00f6dik a helyi k\u00f6z\u00f6ns\u00e9g\u00e9n\u00e9l.<\/p>\n","protected":false},"excerpt":{"rendered":"<p>Bang King Triple 100K 100,000 slukkot, h\u00e1rom kapcsolhat\u00f3 \u00edzt, h\u00e1rom 1.0ohm mesh coil-t \u00e9s 54ml e-liquidet k\u00edn\u00e1l h\u00e1rom tart\u00e1lyban. Er\u0151s 100K-kateg\u00f3ri\u00e1s elad\u00f3 azoknak az \u00fczleteknek, amelyek be\u00e9p\u00edtett v\u00e1ltozatoss\u00e1got akarnak. \ud83c\udf1f<\/p>\n","protected":false},"featured_media":10314,"comment_status":"open","ping_status":"closed","template":"","meta":[],"product_brand":[],"product_cat":[513,738],"product_tag":[],"class_list":{"0":"post-46128","1":"product","2":"type-product","3":"status-publish","4":"has-post-thumbnail","6":"product_cat-100k-szivas-eldobhato-vape-hu","7":"product_cat-bang-hu","9":"first","10":"instock","11":"shipping-taxable","12":"purchasable","13":"product-type-variable","14":"has-default-attributes"},"tiered_pricing_type":"fixed","tiered_pricing_fixed_rules":{"30":8.1699999999999999289457264239899814128875732421875,"50":6.61000000000000031974423109204508364200592041015625,"100":6.089999999999999857891452847979962825775146484375,"200":5.70000000000000017763568394002504646778106689453125,"400":5.12000000000000010658141036401502788066864013671875},"tiered_pricing_product_settings":{"layout":"default","base_unit_name":{"singular":null,"plural":null},"default_variation":null},"tiered_pricing_minimum_quantity":10,"tiered_pricing_roles_data":[],"tiered_pricing_percentage_rules":[],"tiered_pricing_maximum_quantity":null,"tiered_pricing_quantity_step":"10","_links":{"self":[{"href":"https:\/\/holavape.com\/hu\/wp-json\/wp\/v2\/product\/46128","targetHints":{"allow":["GET"]}}],"collection":[{"href":"https:\/\/holavape.com\/hu\/wp-json\/wp\/v2\/product"}],"about":[{"href":"https:\/\/holavape.com\/hu\/wp-json\/wp\/v2\/types\/product"}],"replies":[{"embeddable":true,"href":"https:\/\/holavape.com\/hu\/wp-json\/wp\/v2\/comments?post=46128"}],"wp:featuredmedia":[{"embeddable":true,"href":"https:\/\/holavape.com\/hu\/wp-json\/wp\/v2\/media\/10314"}],"wp:attachment":[{"href":"https:\/\/holavape.com\/hu\/wp-json\/wp\/v2\/media?parent=46128"}],"wp:term":[{"taxonomy":"product_brand","embeddable":true,"href":"https:\/\/holavape.com\/hu\/wp-json\/wp\/v2\/product_brand?post=46128"},{"taxonomy":"product_cat","embeddable":true,"href":"https:\/\/holavape.com\/hu\/wp-json\/wp\/v2\/product_cat?post=46128"},{"taxonomy":"product_tag","embeddable":true,"href":"https:\/\/holavape.com\/hu\/wp-json\/wp\/v2\/product_tag?post=46128"}],"curies":[{"name":"wp","href":"https:\/\/api.w.org\/{rel}","templated":true}]}}