{"id":46585,"date":"2026-03-12T04:24:42","date_gmt":"2026-03-12T04:24:42","guid":{"rendered":"https:\/\/holavape.com\/product\/bang-king-50k-3-az-1-ben-izkeverek-vape-nagykereskedelem\/"},"modified":"2026-04-05T01:46:44","modified_gmt":"2026-04-05T01:46:44","slug":"bang-king-50k","status":"publish","type":"product","link":"https:\/\/holavape.com\/hu\/termek\/bang-king-50k\/","title":{"rendered":"Bang King 50K 3-az-1-ben \u00cdzkever\u00e9k Vape \u2014 Nagykereskedelem"},"content":{"rendered":"<h2>Bang King 50K \u2014 50 000 Slukk 3-az-1-ben \u00cdzkever\u00e9k Eldobhat\u00f3 Vape<\/h2>\n<p>A Bang King 50K az A\/B\/A+B kever\u0151rendszer\u00e9vel emelkedik ki a t\u00f6bbi t\u00f6bb\u00edz\u0171 eldobhat\u00f3 vape k\u00f6z\u00fcl. Ahelyett, hogy csak k\u00e9t k\u00fcl\u00f6n \u00edz k\u00f6z\u00f6tt v\u00e1ltana, a felhaszn\u00e1l\u00f3k a k\u00e9t \u00edzt \u00f6ssze is keverhetik egy harmadik \u00edzprofilhoz. Ez azt jelenti, hogy mind a 12 kombin\u00e1ci\u00f3 h\u00e1rom \u00edz\u00e9lm\u00e9nyt k\u00edn\u00e1l \u2014 ami arra \u00f6szt\u00f6nzi a v\u00e1s\u00e1rl\u00f3kat, hogy t\u00f6bb kombin\u00e1ci\u00f3t is kipr\u00f3b\u00e1ljanak. Ez a modell er\u0151sen fogy Spanyolorsz\u00e1gban, N\u00e9metorsz\u00e1gban, Franciaorsz\u00e1gban \u00e9s Hollandi\u00e1ban, k\u00fcl\u00f6n\u00f6sen azokban az \u00fczletekben, amelyek m\u00e1r forgalmazz\u00e1k a Bang term\u00e9kvonalat.<\/p>\n<p>50 000 slukkal \u00e9s 35ml e-liquiddel olcs\u00f3bb, mint a <a href=\"https:\/\/holavape.com\/hu\/termek\/bang-king-triple-100k\/\">Bang King Triple 100K<\/a> (k\u00fcl\u00f6n rot\u00e1l\u00f3 \u00edzek 100K slukkn\u00e1l) \u00e9s el\u00e9rhet\u0151bb, mint a <a href=\"https:\/\/holavape.com\/hu\/termek\/bang-box-200k\/\">Bang Box 200K<\/a> (8-az-1-ben z\u00e1szl\u00f3shaj\u00f3). A Bang kijelz\u0151t \u00e9p\u00edt\u0151 \u00fczletek sz\u00e1m\u00e1ra az 50K kiv\u00e1l\u00f3an m\u0171k\u00f6dik bel\u00e9p\u0151-k\u00f6z\u00e9pkateg\u00f3ri\u00e1s opci\u00f3k\u00e9nt a nagyobb modellek mellett.<\/p>\n<h3>M\u0171szaki Adatok<\/h3>\n<p>50 000 slukk, 35ml e-liquid, \u00fajrat\u00f6lthet\u0151 650mAh akkumul\u00e1tor (USB-C), LED kijelz\u0151 akkumul\u00e1tor- \u00e9s e-liquid szinttel, 1.0\u03a9 mesh tekercs, sz\u00edv\u00e1sra aktiv\u00e1l\u00f3d\u00f3. El\u00e9rhet\u0151 2%, 3% \u00e9s 5% nikotinban.<\/p>\n<h3>\u00cdz\u00fatmutat\u00f3 a Rendel\u00e9shez<\/h3>\n<p><strong>Legkelend\u0151bb kombin\u00e1ci\u00f3k:<\/strong> Eper G\u00f6r\u00f6gdinnye + Red Bull (az energiaital-\u00edz \u00fajdons\u00e1gfaktort ad \u00e9s \u00f6sszess\u00e9g\u00e9ben a legjobban fogy), Dupla Alma + Sz\u0151l\u0151 Jeges (v\u00edzipipa-crossover profil \u2014 n\u00e9pszer\u0171 a k\u00f6zel-keleti h\u00e1tter\u0171 v\u00e1s\u00e1rl\u00f3k k\u00f6r\u00e9ben) \u00e9s K\u00e9k M\u00e1lna Jeges + Lush Ice (\u00e9des-jeges allrounder). Ez a h\u00e1rom lefedi az alapkeresletet.<\/p>\n<p><strong>Jeges gy\u00fcm\u00f6lcskombin\u00e1ci\u00f3k (biztos v\u00e1laszt\u00e1s):<\/strong> Eper Jeges + G\u00f6r\u00f6gdinnye Jeges, \u0150szibarack Jeges + Mang\u00f3 Jeges, G\u00f6r\u00f6gdinnye Jeges + \u0150szibarack Mang\u00f3 \u2014 ezek a jeges profilok eg\u00e9sz \u00e9vben fogynak minden eur\u00f3pai piacon. Az A+B kever\u00e9kek olyan \u00faj profilokat hoznak l\u00e9tre, amelyeket a v\u00e1s\u00e1rl\u00f3k egy\u00edz\u0171 k\u00e9sz\u00fcl\u00e9kekb\u0151l nem kaphatnak meg \u2014 ez a f\u0151 \u00e9rt\u00e9kes\u00edt\u00e9si \u00e9rv.<\/p>\n<p><strong>Bogy\u00f3s \u00e9s menta kombin\u00e1ci\u00f3k:<\/strong> H\u0171v\u00f6s Menta + \u00c1fonya Jeges (friss \u00e9s tiszta, er\u0151s \u00c9szak-Eur\u00f3p\u00e1ban), Vegyes Bogy\u00f3k + Cseresznye Jeges (er\u0151teljesebb bogy\u00f3s profil), K\u00e9k M\u00e1lna Jeges + Lush Ice \u2014 a bogy\u00f3s-menta kombin\u00e1ci\u00f3k minden vape kijelz\u0151 gerinc\u00e9t k\u00e9pezik.<\/p>\n<p><strong>Tr\u00f3pusi \u00e9s kr\u00e9mes kombin\u00e1ci\u00f3k:<\/strong> Pi\u00f1a Colada + Tr\u00f3pusi Gy\u00fcm\u00f6lcs (ny\u00e1ri szezon\u00e1lis kedvenc, az A+B kever\u00e9k kokt\u00e9l\u00edz\u0171), Ban\u00e1n Jeges + Eper Jeges (a ban\u00e1n-eper kever\u00e9k egy niche siker \u2014 tesztelje kis rendel\u00e9ssel), Kivi Maracuja Guava + Eper Kivi (egzotikus gy\u00fcm\u00f6lcsr\u00e9tegez\u00e9s).<\/p>\n<p><strong>Mer\u00e9sz \u00e9s egyedi kombin\u00e1ci\u00f3k:<\/strong> Eper G\u00f6r\u00f6gdinnye + Red Bull (az energiaital \u00fajdons\u00e1gfaktora), Dupla Alma + Sz\u0151l\u0151 Jeges (v\u00edzipipa-crossover profil, n\u00e9pszer\u0171 a k\u00f6zel-keleti k\u00f6z\u00f6ss\u00e9gekkel rendelkez\u0151 piacokon), Citrom Lime + Mr Blue (citrus-bogy\u00f3s kever\u00e9k a kev\u00e9sb\u00e9 \u00e9des \u00edzeket kedvel\u0151 v\u00e1s\u00e1rl\u00f3knak).<\/p>\n<h3>Rendel\u00e9s \u00e9s Sz\u00e1ll\u00edt\u00e1s<\/h3>\n<p>Minim\u00e1lis rendel\u00e9si mennyis\u00e9g 10 darab. Az \u00e1rak cs\u00f6kkennek 30, 50, 100, 200 \u00e9s 400+ darabn\u00e1l \u2014 a legnagyobb mennyis\u00e9gn\u00e9l az alap\u00e1r fel\u00e9n\u00e9l is kevesebbet fizet. Szabadon keverhet \u00edzkombin\u00e1ci\u00f3kat \u00e9s nikotiner\u0151ss\u00e9geket egy rendel\u00e9sen bel\u00fcl. El\u00e9rhet\u0151 2%, 3% \u00e9s 5% nikotinban \u2014 enn\u00e9l a modelln\u00e9l nincs 0%-os opci\u00f3. Ha a piaca nikotinmentest ig\u00e9nyel, p\u00e1ros\u00edtsa a <a href=\"https:\/\/holavape.com\/hu\/termek\/uwin-digital-box-68k\/\">UWIN Digital Box 68K<\/a>-val vagy a <a href=\"https:\/\/holavape.com\/hu\/termek\/poco-sc30000\/\">POCO SC30000<\/a>-nel, amelyek k\u00f6nnyebb opci\u00f3kat k\u00edn\u00e1lnak.<\/p>\n<p>A Bang King 50K K\u00edn\u00e1b\u00f3l sz\u00e1ll\u00edtjuk standard nagykereskedelmi sz\u00e1ll\u00edt\u00e1si id\u0151kkel. Gyorsabb eur\u00f3pai sz\u00e1ll\u00edt\u00e1s\u00e9rt tekintse meg <a href=\"https:\/\/holavape.com\/hu\/product-category\/raktaron-levo-eldobhato-vape-ek-az-eu-raktarban-hu\/\">EU rakt\u00e1rkollekci\u00f3nkat<\/a> az Eur\u00f3p\u00e1ban rakt\u00e1ron l\u00e9v\u0151 modellek\u00e9rt 5\u20137 napos sz\u00e1ll\u00edt\u00e1ssal.<\/p>\n","protected":false},"excerpt":{"rendered":"<p>Bang King 50K 50,000 slukkot, A\/B\/A+B \u00edzrendszert, 35ml e-liquidet, LED kijelz\u0151t \u00e9s 1.0ohm mesh coil-t k\u00edn\u00e1l. \u00dcgyes blend-st\u00edlus\u00fa eszk\u00f6z, amely h\u00e1romf\u00e9le haszn\u00e1latot ad egyetlen egys\u00e9gb\u0151l. \ud83d\udd25<\/p>\n","protected":false},"featured_media":10187,"comment_status":"open","ping_status":"closed","template":"","meta":[],"product_brand":[],"product_cat":[495,504,738],"product_tag":[],"class_list":{"0":"post-46585","1":"product","2":"type-product","3":"status-publish","4":"has-post-thumbnail","6":"product_cat-40000-szivas-eldobhato-vape-hu","7":"product_cat-60000-szivas-eldobhato-vape-hu","8":"product_cat-bang-hu","10":"first","11":"instock","12":"shipping-taxable","13":"purchasable","14":"product-type-variable","15":"has-default-attributes"},"tiered_pricing_type":"fixed","tiered_pricing_fixed_rules":{"30":7.839999999999999857891452847979962825775146484375,"50":6.29000000000000003552713678800500929355621337890625,"100":5.769999999999999573674358543939888477325439453125,"200":5.37999999999999989341858963598497211933135986328125,"400":4.79999999999999982236431605997495353221893310546875},"tiered_pricing_product_settings":{"layout":"default","base_unit_name":{"singular":null,"plural":null},"default_variation":null},"tiered_pricing_minimum_quantity":10,"tiered_pricing_roles_data":[],"tiered_pricing_percentage_rules":[],"tiered_pricing_maximum_quantity":null,"tiered_pricing_quantity_step":"10","_links":{"self":[{"href":"https:\/\/holavape.com\/hu\/wp-json\/wp\/v2\/product\/46585","targetHints":{"allow":["GET"]}}],"collection":[{"href":"https:\/\/holavape.com\/hu\/wp-json\/wp\/v2\/product"}],"about":[{"href":"https:\/\/holavape.com\/hu\/wp-json\/wp\/v2\/types\/product"}],"replies":[{"embeddable":true,"href":"https:\/\/holavape.com\/hu\/wp-json\/wp\/v2\/comments?post=46585"}],"wp:featuredmedia":[{"embeddable":true,"href":"https:\/\/holavape.com\/hu\/wp-json\/wp\/v2\/media\/10187"}],"wp:attachment":[{"href":"https:\/\/holavape.com\/hu\/wp-json\/wp\/v2\/media?parent=46585"}],"wp:term":[{"taxonomy":"product_brand","embeddable":true,"href":"https:\/\/holavape.com\/hu\/wp-json\/wp\/v2\/product_brand?post=46585"},{"taxonomy":"product_cat","embeddable":true,"href":"https:\/\/holavape.com\/hu\/wp-json\/wp\/v2\/product_cat?post=46585"},{"taxonomy":"product_tag","embeddable":true,"href":"https:\/\/holavape.com\/hu\/wp-json\/wp\/v2\/product_tag?post=46585"}],"curies":[{"name":"wp","href":"https:\/\/api.w.org\/{rel}","templated":true}]}}