{"id":54960,"date":"2025-10-21T03:02:14","date_gmt":"2025-10-21T03:02:14","guid":{"rendered":"https:\/\/holavape.com\/product\/vopk-80k-4-az-1-ben-eldobhato-vape-negy-izu-nagykereskedelmi\/"},"modified":"2026-04-05T01:47:49","modified_gmt":"2026-04-05T01:47:49","slug":"vopk-80k-4-in-1","status":"publish","type":"product","link":"https:\/\/holavape.com\/hu\/termek\/vopk-80k-4-in-1\/","title":{"rendered":"Vopk 80K 4-az-1-ben Eldobhat\u00f3 Vape \u2014 N\u00e9gy \u00cdz\u0171 Nagykereskedelmi"},"content":{"rendered":"<h2>Vopk 80K \u2014 80 000 Sz\u00edv\u00e1s 4-az-1-ben Eldobhat\u00f3 Vape<\/h2>\n<p>A Vopk 80K 4 \u00edzt k\u00edn\u00e1l egyetlen k\u00e9sz\u00fcl\u00e9kben 80 000 sz\u00edv\u00e1ssal \u2014 \u00e9pp el\u00e9g ahhoz, hogy k\u00e9nyelmesen a k\u00f6zepes kateg\u00f3ri\u00e1j\u00fa multi-\u00edz\u0171 eldobhat\u00f3 vapek k\u00f6z\u00f6tt foglaljon helyet a 100K+ modellek magasabb \u00e1ra n\u00e9lk\u00fcl. Folyamatosan fogy Spanyolorsz\u00e1gban, Franciaorsz\u00e1gban \u00e9s N\u00e9metorsz\u00e1gban mint mindennapi lehet\u0151s\u00e9g azoknak a p\u00e1rologtat\u00f3knak, akik sz\u00edvesen v\u00e1ltogatnak \u00edzek k\u00f6z\u00f6tt, de nem akarnak egyhez k\u00f6t\u0151dni.<\/p>\n<p>Kedvez\u0151bb \u00e1ron, mint a nagyobb kapacit\u00e1s\u00fa modellek, p\u00e9ld\u00e1ul az <a href=\"https:\/\/holavape.com\/hu\/termek\/uzy-crystal-max-100k\/\">UZY Crystal Max 100K<\/a> vagy a <a href=\"https:\/\/holavape.com\/hu\/termek\/bang-leader-110k\/\">Bang Leader 110K<\/a>. A Vopk 80K kiv\u00e1l\u00f3an m\u0171k\u00f6dik k\u00f6z\u00e9pkateg\u00f3ri\u00e1s opci\u00f3k\u00e9nt a k\u00edn\u00e1lat\u00e1ban \u2014 megragadja azokat a v\u00e1s\u00e1rl\u00f3kat, akik multi-\u00edz\u0171t szeretn\u00e9nek pr\u00e9mium \u00e1r n\u00e9lk\u00fcl.<\/p>\n<table>\n<thead>\n<tr>\n<th>Specifik\u00e1ci\u00f3<\/th>\n<th>R\u00e9szlet<\/th>\n<\/tr>\n<\/thead>\n<tbody>\n<tr>\n<td>Sz\u00edv\u00e1sok sz\u00e1ma<\/td>\n<td>Ak\u00e1r 80 000<\/td>\n<\/tr>\n<tr>\n<td>\u00cdzrendszer<\/td>\n<td>4 \u00e1ll\u00edthat\u00f3 \u00edz k\u00e9sz\u00fcl\u00e9kenk\u00e9nt<\/td>\n<\/tr>\n<tr>\n<td>Nikotiner\u0151ss\u00e9g<\/td>\n<td>2% \/ 5%<\/td>\n<\/tr>\n<tr>\n<td>F\u0171t\u0151sz\u00e1l<\/td>\n<td>0,9\u03a9 mesh coil<\/td>\n<\/tr>\n<tr>\n<td>E-liquid<\/td>\n<td>El\u0151re t\u00f6lt\u00f6tt (nem ut\u00e1nt\u00f6lthet\u0151)<\/td>\n<\/tr>\n<tr>\n<td>Akkumul\u00e1tor<\/td>\n<td>USB-C-vel \u00fajrat\u00f6lthet\u0151 (850mAh)<\/td>\n<\/tr>\n<tr>\n<td>T\u00f6lt\u00e9s<\/td>\n<td>USB-C, ~30 perc a teljes felt\u00f6lt\u00e9sig<\/td>\n<\/tr>\n<tr>\n<td>Kijelz\u0151<\/td>\n<td>LED kijelz\u0151 (akkumul\u00e1tor + folyad\u00e9kszint)<\/td>\n<\/tr>\n<\/tbody>\n<\/table>\n<h3>\u00cdz\u00f6ssze\u00e1ll\u00edt\u00e1sok \u2014 Beszerz\u00e9si \u00datmutat\u00f3<\/h3>\n<p>Minden k\u00e9sz\u00fcl\u00e9k 4 \u00edzt tartalmaz. Legkelend\u0151bb k\u00e9szletek els\u0151k\u00e9nt: a G\u00f6r\u00f6gdinnye Jeges \/ H\u00e1rmas Dinnye Jeges \/ K\u00e9k M\u00e1lna Jeges \/ Eperfagylalt szett \u00e9s a \u00c1fonya Jeges \/ \u0150szibarack Mang\u00f3 G\u00f6r\u00f6gdinnye \/ S\u00e1rgadinnye Alma \/ Pezsg\u0151 Cseresznye Jeges szett \u2014 mindkett\u0151 a jeges gy\u00fcm\u00f6lcs profilokra \u00e9p\u00edt, amelyek domin\u00e1lj\u00e1k az eur\u00f3pai \u00e9rt\u00e9kes\u00edt\u00e9st.<\/p>\n<p><strong>Jeges gy\u00fcm\u00f6lcs\u00f6s szettek (biztos v\u00e1laszt\u00e1s):<\/strong> G\u00f6r\u00f6gdinnye Jeges + H\u00e1rmas Dinnye Jeges + K\u00e9k M\u00e1lna Jeges + Eperfagylalt, \u00c1fonya Jeges + \u0150szibarack Mang\u00f3 G\u00f6r\u00f6gdinnye + S\u00e1rgadinnye Alma + Pezsg\u0151 Cseresznye Jeges, Kivi Maracuja Guava + Eper Cseresznye + Sz\u0151l\u0151 Jeges + Eperdesszert.<\/p>\n<p><strong>Bogy\u00f3s \u00e9s cukork\u00e1s szettek:<\/strong> \u00c1fonya M\u00e1lna + Fuji Jeges + Vegyes Bogy\u00f3k + \u00c1fonya K\u00f3kusz Cukorka, Eper Mang\u00f3 + Eper Kivi + G\u00f6r\u00f6gdinnye S\u00e1rk\u00e1nygy\u00fcm\u00f6lcs + Gumimaci, Sziv\u00e1rv\u00e1nyos Cukorka + \u0150szibarack Jeges + Citrom Savany\u00fa Narancs + T\u0151zeg\u00e1fonya Citrom.<\/p>\n<p><strong>Tr\u00f3pusi \u00e9s italinspir\u00e1lt szettek:<\/strong> Eper G\u00f6r\u00f6gdinnye + T\u0151zeg\u00e1fonya Sz\u0151l\u0151 + Mang\u00f3 Jeges + Eper M\u00e1lna Cukorka, Red Bull Jeges + Maracuja Kivi Lime + Savany\u00fa Alma M\u00e1lna + Eper G\u00f6r\u00f6gdinnye R\u00e1g\u00f3gumi (az energiaital \u00edzek a fiatalabbakat vonzz\u00e1k \u2014 tesztelje ezeket miel\u0151tt nagy mennyis\u00e9get rendelne).<\/p>\n<p><strong>Mer\u00e9szebb kombin\u00e1ci\u00f3k:<\/strong> Love 66 + M\u00e1lna G\u00f6r\u00f6gdinnye + Eper M\u00e1lna Cseresznye + Cseresznye Cukorka Jeges, Eper Ban\u00e1n + Anan\u00e1sz K\u00f3kusz Jeges + Mang\u00f3 \u0150szibarack S\u00e1rgabarack + Aloe Mang\u00f3 S\u00e1rgadinnye (az Aloe Mang\u00f3 szett ink\u00e1bb r\u00e9spiac \u2014 azoknak a v\u00e1s\u00e1rl\u00f3knak sz\u00f3l, akiket az \u00e1zsiai piac befoly\u00e1sol Nyugat-Eur\u00f3p\u00e1ban, \u00e9rdemes tesztelni v\u00e1ltozatos demogr\u00e1fi\u00e1j\u00fa ter\u00fcleteken).<\/p>\n<h3>Sz\u00e1ll\u00edt\u00e1s \u00e9s Rendel\u00e9s<\/h3>\n<p>A Vopk 80K K\u00edn\u00e1b\u00f3l sz\u00e1ll\u00edtjuk 10\u201320 munkanapos sz\u00e1ll\u00edt\u00e1si id\u0151vel a rendel\u00e9si mennyis\u00e9gt\u0151l f\u00fcgg\u0151en. A MOQ 10 darab, \u00e9s szabadon kombin\u00e1lhatja az \u00edz\u00f6ssze\u00e1ll\u00edt\u00e1sokat egyetlen rendel\u00e9sen bel\u00fcl. Mennyis\u00e9gi kedvezm\u00e9nyek 30+ \u00e9s 100+ darabt\u00f3l \u2014 l\u00e9pjen kapcsolatba vel\u00fcnk a <a href=\"https:\/\/holavape.com\/hu\/kapcsolat\/\">kapcsolati oldalon<\/a> a pontos s\u00e1vos \u00e1rak\u00e9rt.<\/p>\n<p>Az EU-piacokra a 2% a legbiztons\u00e1gosabb k\u00e9szlet \u2014 a legt\u00f6bb szab\u00e1lyoz\u00e1snak megfelel. Az 5% el\u00e9rhet\u0151 azokon a piacokon, ahol magasabb koncentr\u00e1ci\u00f3k megengedettek. Ha v\u00e1s\u00e1rl\u00f3i 0%-os vagy 3%-os opci\u00f3t is szeretn\u00e9nek, tekintse meg a <a href=\"https:\/\/holavape.com\/hu\/termek\/bang-leader-110k\/\">Bang Leader 110K<\/a> (2%\/3%\/5%) vagy a <a href=\"https:\/\/holavape.com\/hu\/termek\/waspe-aiviou-150k\/\">WASPE AIVIOU 150K<\/a> (0%\/2%\/5%) term\u00e9ket.<\/p>\n","protected":false},"excerpt":{"rendered":"<p>Vopk 80K ak\u00e1r 80,000 slukkot, 4 kapcsolhat\u00f3 \u00edzt, 0.9\u03a9 mesh coil-t \u00e9s LED kijelz\u0151t k\u00edn\u00e1l. Letisztult, versenyk\u00e9pes 4-in-1 nagykereskedelmi vev\u0151knek, akik kiegyens\u00falyozott \u00e1r-slukk ar\u00e1nyt keresnek. \ud83c\udfaf<\/p>\n","protected":false},"featured_media":13414,"comment_status":"open","ping_status":"closed","template":"","meta":[],"product_brand":[],"product_cat":[856,387],"product_tag":[],"class_list":{"0":"post-54960","1":"product","2":"type-product","3":"status-publish","4":"has-post-thumbnail","6":"product_cat-vopk-hu","7":"product_cat-uj-hu","9":"first","10":"instock","11":"shipping-taxable","12":"purchasable","13":"product-type-variable","14":"has-default-attributes"},"tiered_pricing_type":"fixed","tiered_pricing_fixed_rules":{"30":9.5099999999999997868371792719699442386627197265625,"50":7.78000000000000024868995751603506505489349365234375,"100":7.160000000000000142108547152020037174224853515625,"200":6.6699999999999999289457264239899814128875732421875,"400":5.9900000000000002131628207280300557613372802734375},"tiered_pricing_product_settings":{"layout":"default","base_unit_name":{"singular":null,"plural":null},"default_variation":null},"tiered_pricing_minimum_quantity":10,"tiered_pricing_roles_data":[],"tiered_pricing_percentage_rules":[],"tiered_pricing_maximum_quantity":null,"tiered_pricing_quantity_step":"10","_links":{"self":[{"href":"https:\/\/holavape.com\/hu\/wp-json\/wp\/v2\/product\/54960","targetHints":{"allow":["GET"]}}],"collection":[{"href":"https:\/\/holavape.com\/hu\/wp-json\/wp\/v2\/product"}],"about":[{"href":"https:\/\/holavape.com\/hu\/wp-json\/wp\/v2\/types\/product"}],"replies":[{"embeddable":true,"href":"https:\/\/holavape.com\/hu\/wp-json\/wp\/v2\/comments?post=54960"}],"wp:featuredmedia":[{"embeddable":true,"href":"https:\/\/holavape.com\/hu\/wp-json\/wp\/v2\/media\/13414"}],"wp:attachment":[{"href":"https:\/\/holavape.com\/hu\/wp-json\/wp\/v2\/media?parent=54960"}],"wp:term":[{"taxonomy":"product_brand","embeddable":true,"href":"https:\/\/holavape.com\/hu\/wp-json\/wp\/v2\/product_brand?post=54960"},{"taxonomy":"product_cat","embeddable":true,"href":"https:\/\/holavape.com\/hu\/wp-json\/wp\/v2\/product_cat?post=54960"},{"taxonomy":"product_tag","embeddable":true,"href":"https:\/\/holavape.com\/hu\/wp-json\/wp\/v2\/product_tag?post=54960"}],"curies":[{"name":"wp","href":"https:\/\/api.w.org\/{rel}","templated":true}]}}