{"id":58783,"date":"2025-10-16T07:40:45","date_gmt":"2025-10-16T07:40:45","guid":{"rendered":"https:\/\/holavape.com\/product\/fihp-120k-6-az-1-ben-eldobhato-vape-120-000-slukk-nagykereskedelem\/"},"modified":"2026-04-05T01:47:58","modified_gmt":"2026-04-05T01:47:58","slug":"fihp-120k-6-in-1","status":"publish","type":"product","link":"https:\/\/holavape.com\/hu\/termek\/fihp-120k-6-in-1\/","title":{"rendered":"FiHP 120K 6-az-1-ben Eldobhat\u00f3 Vape \u2014 120 000 Slukk Nagykereskedelem"},"content":{"rendered":"<h2>FiHP 120K 6-az-1-ben \u2014 120 000 Slukk T\u00f6bb \u00cdz\u0171 Eldobhat\u00f3 Vape<\/h2>\n<p>A FiHP 120K 6 \u00edzt \u00e9s 120 000 slukkot egyes\u00edt egyetlen \u00fajrat\u00f6lthet\u0151 k\u00e9sz\u00fcl\u00e9kben, LED kijelz\u0151vel, 64ml e-liquid kapacit\u00e1ssal \u00e9s dupla mesh coillal. J\u00f3l fogy olyan piacokon, mint Spanyolorsz\u00e1g, N\u00e9metorsz\u00e1g \u00e9s Hollandia, ahol a v\u00e1s\u00e1rl\u00f3k a megszokott Bang \u00e9s WASPE k\u00edn\u00e1laton t\u00falra keresnek.<\/p>\n<p>Ha m\u00e1r forgalmaz olyan modelleket, mint a <a href=\"https:\/\/holavape.com\/hu\/termek\/bang-legend-120k\/\">Bang Legend 120K<\/a> vagy a <a href=\"https:\/\/holavape.com\/hu\/termek\/bang-blaze-100k\/\">Bang Blaze 100K<\/a>, a FiHP 120K egy m\u00e1sik m\u00e1rk\u00e1t k\u00edn\u00e1l hasonl\u00f3 \u00e1ron \u00e9s slukksz\u00e1mon. A 6-az-1-ben form\u00e1tum kevesebb cikksz\u00e1mot jelent ugyanannyi v\u00e1laszt\u00e9kkal \u2014 minden egyes k\u00e9sz\u00fcl\u00e9k 6 \u00edzt fed le 6 k\u00fcl\u00f6n\u00e1ll\u00f3 eszk\u00f6z helyett.<\/p>\n<table>\n<thead>\n<tr>\n<th>Jellemz\u0151<\/th>\n<th>R\u00e9szlet<\/th>\n<\/tr>\n<\/thead>\n<tbody>\n<tr>\n<td>Slukksz\u00e1m<\/td>\n<td>Ak\u00e1r 120 000<\/td>\n<\/tr>\n<tr>\n<td>\u00cdzrendszer<\/td>\n<td>6-az-1-ben v\u00e1lthat\u00f3 \u00edzek<\/td>\n<\/tr>\n<tr>\n<td>E-liquid kapacit\u00e1s<\/td>\n<td>64ml<\/td>\n<\/tr>\n<tr>\n<td>Akkumul\u00e1tor<\/td>\n<td>650mAh \u00fajrat\u00f6lthet\u0151<\/td>\n<\/tr>\n<tr>\n<td>T\u00f6lt\u00e9s<\/td>\n<td>USB Type-C<\/td>\n<\/tr>\n<tr>\n<td>Coil<\/td>\n<td>Dupla mesh coil<\/td>\n<\/tr>\n<tr>\n<td>Nikotin<\/td>\n<td>2% \/ 5%<\/td>\n<\/tr>\n<tr>\n<td>Kijelz\u0151<\/td>\n<td>LED k\u00e9perny\u0151 (akkumul\u00e1tor \u00e9s haszn\u00e1lat)<\/td>\n<\/tr>\n<tr>\n<td>Csomagol\u00e1s<\/td>\n<td>10 db\/doboz<\/td>\n<\/tr>\n<\/tbody>\n<\/table>\n<h3>\u00cdzv\u00e1laszt\u00e9k<\/h3>\n<p>A legjobb k\u00e9szletek a kezd\u00e9shez: 01-es szett (Jeges G\u00f6r\u00f6gdinnye, Jeges \u00c1fonya, Red Bull, Eper Kiwi, Citrom Lime, Eper G\u00f6r\u00f6gdinnye) \u00e9s 04-es szett (Jeges Sz\u0151l\u0151, Jeges Fekete S\u00e1rk\u00e1ny, Jeges Pezsg\u0151 Cseresznye, \u0150szibarack Bogy\u00f3s, H\u00e1rmas Dinnye, Gumimaci) \u2014 mindkett\u0151 bev\u00e1lt jeges gy\u00fcm\u00f6lcs- \u00e9s bogy\u00f3s profilokra \u00e9p\u00edt, amelyek j\u00f3l fogynak eg\u00e9sz Eur\u00f3p\u00e1ban.<\/p>\n<p><strong>Jeges gy\u00fcm\u00f6lcs\u00f6k (biztos v\u00e1laszt\u00e1s):<\/strong> 01-es szett (Jeges G\u00f6r\u00f6gdinnye, Jeges \u00c1fonya, Red Bull, Eper Kiwi, Citrom Lime, Eper G\u00f6r\u00f6gdinnye) \u00e9s 06-os szett (Jeges Aloe Licsi, R\u00f3zsasz\u00edn Citrom, Gleccser J\u00e9g, Feny\u0151t\u0171 Menta, Jeges Fekete Ribizli, G\u00f6r\u00f6gdinnye Citrom).<\/p>\n<p><strong>Bogy\u00f3s \u00e9s tr\u00f3pusi mix:<\/strong> 02-es szett (Eper Ban\u00e1n, Dupla Alma, M\u00e1lna G\u00f6r\u00f6gdinnye, Savany\u00fa Mang\u00f3 Anan\u00e1sz, Tr\u00f3pusi Gy\u00fcm\u00f6lcs, Citrom \u0150szibarack), 03-as szett (Anan\u00e1sz K\u00f3kusz, Blue Razz, Vegyes Bogy\u00f3s, Mang\u00f3 \u0150szibarack, \u00c1fonya M\u00e1lna, Eper Van\u00edlia K\u00f3la).<\/p>\n<p><strong>S\u00f6t\u00e9tebb \u00e9s mer\u00e9szebb:<\/strong> 04-es szett (Jeges Sz\u0151l\u0151, Jeges Fekete S\u00e1rk\u00e1ny, Jeges Pezsg\u0151 Cseresznye, \u0150szibarack Bogy\u00f3s, H\u00e1rmas Dinnye, Gumimaci) \u2014 egyedi \u00edzeket tartalmaz, mint a Jeges Pezsg\u0151 Cseresznye \u00e9s a Gumimaci, amelyek a fiatalabb v\u00e1s\u00e1rl\u00f3kat vonzz\u00e1k. Tesztelje kis rendel\u00e9ssel, ha a piaca ink\u00e1bb hagyom\u00e1nyos \u00edzl\u00e9s\u0171.<\/p>\n<h3>Sz\u00e1ll\u00edt\u00e1s \u00e9s Rendel\u00e9s<\/h3>\n<p>A FiHP 120K K\u00edn\u00e1b\u00f3l sz\u00e1ll\u00edtjuk, standard sz\u00e1ll\u00edt\u00e1si id\u0151 10\u201320 munkanap a rendel\u00e9s m\u00e9ret\u00e9t\u0151l f\u00fcgg\u0151en. MOQ 10 darab, mennyis\u00e9gi \u00e1rkedvezm\u00e9nnyel 30 darabt\u00f3l. Az \u00edzv\u00e1laszt\u00e9kokat szabadon kombin\u00e1lhatja egy rendel\u00e9sen bel\u00fcl \u2014 nem kell egyetlen k\u00e9szlet mellett elk\u00f6telez\u0151dnie.<\/p>\n<p>Nikotinopci\u00f3k: 2% \u00e9s 5%. A legt\u00f6bb EU-piac sz\u00e1m\u00e1ra a 2% a biztons\u00e1gosabb v\u00e1laszt\u00e1s \u2014 ellen\u0151rizze a helyi szab\u00e1lyoz\u00e1st az 5% rendel\u00e9se el\u0151tt. Csomagol\u00e1s: 10 db\/doboz. L\u00e9pjen kapcsolatba vel\u00fcnk a <a href=\"https:\/\/holavape.com\/hu\/kapcsolat\/\">kapcsolati oldalunkon<\/a> a pontos kartons\u00faly\u00e9rt \u00e9s m\u00e9retek\u00e9rt, ha sz\u00e1ll\u00edt\u00e1si \u00e1raj\u00e1nlatra van sz\u00fcks\u00e9ge.<\/p>\n","protected":false},"excerpt":{"rendered":"<p>FiHP 120K ak\u00e1r 120,000 slukkot \u00e9r el 6 kapcsolhat\u00f3 \u00edzzel, 64mL e-liquidgel, dual mesh coil-lal \u00e9s LED kijelz\u0151vel. J\u00f3 m\u00f3dja annak, hogy egy Bang- \u00e9s WASPE-mentes t\u00f6bb\u00edzes vonalat adj a k\u00edn\u00e1lathoz. \u2728<\/p>\n","protected":false},"featured_media":13856,"comment_status":"open","ping_status":"closed","template":"","meta":[],"product_brand":[],"product_cat":[747,513,504,387],"product_tag":[],"class_list":{"0":"post-58783","1":"product","2":"type-product","3":"status-publish","4":"has-post-thumbnail","6":"product_cat-fihp-hu","7":"product_cat-100k-szivas-eldobhato-vape-hu","8":"product_cat-60000-szivas-eldobhato-vape-hu","9":"product_cat-uj-hu","11":"first","12":"instock","13":"shipping-taxable","14":"purchasable","15":"product-type-variable","16":"has-default-attributes"},"tiered_pricing_type":"fixed","tiered_pricing_fixed_rules":{"30":10.1199999999999992184029906638897955417633056640625,"50":8.269999999999999573674358543939888477325439453125,"100":7.9900000000000002131628207280300557613372802734375,"200":7.410000000000000142108547152020037174224853515625,"400":6.839999999999999857891452847979962825775146484375},"tiered_pricing_product_settings":{"layout":"default","base_unit_name":{"singular":null,"plural":null},"default_variation":null},"tiered_pricing_minimum_quantity":10,"tiered_pricing_roles_data":[],"tiered_pricing_percentage_rules":[],"tiered_pricing_maximum_quantity":null,"tiered_pricing_quantity_step":"10","_links":{"self":[{"href":"https:\/\/holavape.com\/hu\/wp-json\/wp\/v2\/product\/58783","targetHints":{"allow":["GET"]}}],"collection":[{"href":"https:\/\/holavape.com\/hu\/wp-json\/wp\/v2\/product"}],"about":[{"href":"https:\/\/holavape.com\/hu\/wp-json\/wp\/v2\/types\/product"}],"replies":[{"embeddable":true,"href":"https:\/\/holavape.com\/hu\/wp-json\/wp\/v2\/comments?post=58783"}],"wp:featuredmedia":[{"embeddable":true,"href":"https:\/\/holavape.com\/hu\/wp-json\/wp\/v2\/media\/13856"}],"wp:attachment":[{"href":"https:\/\/holavape.com\/hu\/wp-json\/wp\/v2\/media?parent=58783"}],"wp:term":[{"taxonomy":"product_brand","embeddable":true,"href":"https:\/\/holavape.com\/hu\/wp-json\/wp\/v2\/product_brand?post=58783"},{"taxonomy":"product_cat","embeddable":true,"href":"https:\/\/holavape.com\/hu\/wp-json\/wp\/v2\/product_cat?post=58783"},{"taxonomy":"product_tag","embeddable":true,"href":"https:\/\/holavape.com\/hu\/wp-json\/wp\/v2\/product_tag?post=58783"}],"curies":[{"name":"wp","href":"https:\/\/api.w.org\/{rel}","templated":true}]}}