{"id":75887,"date":"2025-06-27T11:37:05","date_gmt":"2025-06-27T11:37:05","guid":{"rendered":"https:\/\/holavape.com\/product\/bang-king-50000-dupla-izu-eldobhato-vape-50k-szivas-nagykereskedelem\/"},"modified":"2026-04-05T01:51:49","modified_gmt":"2026-04-05T01:51:49","slug":"bang-king-50000","status":"publish","type":"product","link":"https:\/\/holavape.com\/hu\/termek\/bang-king-50000\/","title":{"rendered":"Bang King 50000 Dupla \u00cdz\u0171 Eldobhat\u00f3 Vape \u2014 50K Sz\u00edv\u00e1s Nagykereskedelem"},"content":{"rendered":"<h2>Bang King 50000 \u2014 50 000 Sz\u00edv\u00e1s Dupla \u00cdz\u0171 Eldobhat\u00f3 Vape<\/h2>\n<p>A Bang King 50000 a Bang King dupla \u00edz\u0171 term\u00e9kcsal\u00e1d cs\u00facsa \u00e9s az egyik legt\u00f6bb sz\u00edv\u00e1st biztos\u00edt\u00f3 eldobhat\u00f3 vape a k\u00edn\u00e1latunkban. 50 000 sz\u00edv\u00e1ssal \u00e9s k\u00e9t \u00e1tkapcsolhat\u00f3 \u00edztart\u00e1llyal k\u00e9sz\u00fcl\u00e9kenk\u00e9nt, ez az a term\u00e9k, amely a vape bolt fels\u0151 polc\u00e1t horgonyozza le. A spanyolorsz\u00e1gi, n\u00e9metorsz\u00e1gi, franciaorsz\u00e1gi \u00e9s hollandiai nagykeresked\u0151k ezt tartj\u00e1k z\u00e1szl\u00f3shaj\u00f3 eldobhat\u00f3 vape-j\u00fcknek \u2014 a sz\u00edv\u00e1sok sz\u00e1ma \u00f6nmag\u00e1ban besz\u00e9dt\u00e9ma, \u00e9s a dupla \u00edz\u0171 form\u00e1tum azt az \u00e9rz\u00e9st kelti a v\u00e1s\u00e1rl\u00f3kban, hogy k\u00e9t k\u00e9sz\u00fcl\u00e9ket kapnak egyben.<\/p>\n<p>Az LCD sz\u00edv\u00e1ssz\u00e1ml\u00e1l\u00f3 egy praktikus funkci\u00f3, amely tudatos\u00edtja a v\u00e1s\u00e1rl\u00f3kban a felhaszn\u00e1l\u00e1sukat, ami bizalmat \u00e9p\u00edt a term\u00e9k \u00e9lettartam-\u00edg\u00e9reteiben. Ha ugyanazt a dupla \u00edz\u0171 koncepci\u00f3t keresi alacsonyabb \u00e1ron \u00e9s kevesebb sz\u00edv\u00e1ssal, a <a href=\"https:\/\/holavape.com\/hu\/termek\/bang-king-30k\/\">Bang King 30K<\/a> ugyanazt a form\u00e1tumot haszn\u00e1lja 30 000 sz\u00edv\u00e1ssal. Egyes \u00edz\u0171 k\u00e9sz\u00fcl\u00e9kekhez hasonl\u00f3 kateg\u00f3ri\u00e1ban a <a href=\"https:\/\/holavape.com\/hu\/termek\/jnr-falcon-x-18k-eldobhato-vape-kettos-halos-nagykereskedelem\/\">JNR Falcon X 18K<\/a> vagy a <a href=\"https:\/\/holavape.com\/hu\/termek\/randm-tornado-15k-eldobhato-vape-40-izesites-nagykereskedelem\/\">RandM Tornado 15K<\/a> n\u00e9pszer\u0171 k\u00f6z\u00e9pkateg\u00f3ri\u00e1s opci\u00f3k ehhez a modellhez t\u00e1rs\u00edtva.<\/p>\n<table>\n<thead>\n<tr>\n<th>Specifik\u00e1ci\u00f3<\/th>\n<th>R\u00e9szlet<\/th>\n<\/tr>\n<\/thead>\n<tbody>\n<tr>\n<td>Sz\u00edv\u00e1sok sz\u00e1ma<\/td>\n<td>Ak\u00e1r 50 000<\/td>\n<\/tr>\n<tr>\n<td>\u00cdzrendszer<\/td>\n<td>Dupla \u00edz (2 \u00e1tkapcsolhat\u00f3 tart\u00e1ly)<\/td>\n<\/tr>\n<tr>\n<td>Kijelz\u0151<\/td>\n<td>LCD sz\u00edv\u00e1ssz\u00e1ml\u00e1l\u00f3<\/td>\n<\/tr>\n<tr>\n<td>Nikotiner\u0151ss\u00e9gek<\/td>\n<td>2%, 3%, 5%<\/td>\n<\/tr>\n<tr>\n<td>\u00cdzkombin\u00e1ci\u00f3k<\/td>\n<td>12<\/td>\n<\/tr>\n<tr>\n<td>Csomagol\u00e1s<\/td>\n<td>K\u00e9rj\u00fck, l\u00e9pjen kapcsolatba vel\u00fcnk a doboz\/karton specifik\u00e1ci\u00f3k\u00e9rt<\/td>\n<\/tr>\n<\/tbody>\n<\/table>\n<h3>\u00cdzkombin\u00e1ci\u00f3k \u2014 12 Dupla \u00cdz\u0171 K\u00e9szlet<\/h3>\n<p>Legjobb kombin\u00e1ci\u00f3k az els\u0151 k\u00e9szletez\u00e9shez: G\u00f6r\u00f6gdinnye J\u00e9g \/ \u00c1fonya Menta, \u00c1fonya M\u00e1lna \/ Sz\u0151l\u0151 J\u00e9g, \u00e9s Eper G\u00f6r\u00f6gdinnye \/ Kiwi Maracuja Gu\u00e1va. Ez a h\u00e1rom mainstream \u00edzeket p\u00e1ros\u00edt, amelyek a legsz\u00e9lesebb v\u00e1s\u00e1rl\u00f3i b\u00e1zist szolg\u00e1lj\u00e1k ki, \u00e9s a legmagasabb \u00fajrarendel\u00e9si ar\u00e1nyokkal rendelkeznek.<\/p>\n<p>Gy\u00fcm\u00f6lcs \u00e9s jeges kombin\u00e1ci\u00f3k (biztos tippek): G\u00f6r\u00f6gdinnye J\u00e9g \/ \u00c1fonya Menta, G\u00f6r\u00f6gdinnye \/ \u00c1fonya Cseresznye, Eper G\u00f6r\u00f6gdinnye \/ Fekete S\u00e1rk\u00e1ny J\u00e9g, Eper G\u00f6r\u00f6gdinnye \/ Kiwi Maracuja Gu\u00e1va. A g\u00f6r\u00f6gdinnye \u00e9s eper alapok teszik ezeket a legkisebb kock\u00e1zat\u00fa v\u00e1laszt\u00e1sokk\u00e1 az els\u0151 rendel\u00e9shez. A Fekete S\u00e1rk\u00e1ny J\u00e9g egzotikus csavart ad, amit a v\u00e1s\u00e1rl\u00f3k \u00e9rdekesnek tal\u00e1lnak.<\/p>\n<p>Bogy\u00f3s f\u00f3kusz\u00fa k\u00e9szletek: \u00c1fonya J\u00e9g \/ \u0150szibarack Mang\u00f3 G\u00f6r\u00f6gdinnye, \u00c1fonya J\u00e9g \/ \u0150szibarack J\u00e9g, \u00c1fonya M\u00e1lna \/ Vegyes Bogy\u00f3s, \u00c1fonya M\u00e1lna \/ Sz\u0151l\u0151 J\u00e9g. \u00c1fonya az egyik oldalon kieg\u00e9sz\u00edt\u0151 gy\u00fcm\u00f6lccsel a m\u00e1sikon. Az \u00c1fonya M\u00e1lna \/ Sz\u0151l\u0151 J\u00e9g kombin\u00e1ci\u00f3 k\u00fcl\u00f6n\u00f6sen er\u0151s p\u00e1ros\u00edt\u00e1s \u2014 mindk\u00e9t \u00edz egyenk\u00e9nt is toplist\u00e1s.<\/p>\n<p>Energiaital \u00e9s mer\u00e9sz: Red Bull \/ Eper Ban\u00e1n, Red Bull \/ \u00c1fonya G\u00f6r\u00f6gdinnye. Az energiaital \u00edzek fiatalabb v\u00e1s\u00e1rl\u00f3i b\u00e1zist vonzanak. Ezek j\u00f3l fogynak az \u00e9jszakai \u00e9let vagy sz\u00f3rakoz\u00f3negyedek k\u00f6zel\u00e9ben l\u00e9v\u0151 \u00fczletekben \u2014 tesztelje kis rendel\u00e9ssel m\u00e1s helysz\u00edneken.<\/p>\n<p>\u00c9des \u00e9s tr\u00f3pusi: Eper Mang\u00f3 \/ G\u00f6r\u00f6gdinnye R\u00e1g\u00f3gumi, Eper Mang\u00f3 \/ Eper Kiwi. \u00c9desebb profilok mindk\u00e9t oldalon \u2014 ezek olyan piacokon m\u0171k\u00f6dnek, ahol a cukork\u00e1s \u00e9s tr\u00f3pusi \u00edzek m\u00e1r j\u00f3l fogynak. Az Eper Mang\u00f3 \/ Eper Kiwi kombin\u00e1ci\u00f3 egy teljesen epres k\u00e9szlet, amelyet az eperrajong\u00f3k kedvelnek.<\/p>\n<h3>Rendel\u00e9s \u00e9s Sz\u00e1ll\u00edt\u00e1s<\/h3>\n<p>A Bang King 50000 K\u00edn\u00e1b\u00f3l sz\u00e1ll\u00edtjuk, standard sz\u00e1ll\u00edt\u00e1si id\u0151 10\u201315 munkanap Eur\u00f3p\u00e1ba. A minim\u00e1lis rendel\u00e9s 10 darab, \u00e9s az \u00edzkombin\u00e1ci\u00f3k \u00e9s nikotiner\u0151ss\u00e9gek keverhet\u0151k egy rendel\u00e9sen bel\u00fcl. A mennyis\u00e9gi \u00e1raz\u00e1s 30+ darabt\u00f3l indul, m\u00e9lyebb kedvezm\u00e9nyekkel 100+ darabt\u00f3l. <a href=\"https:\/\/holavape.com\/hu\/kapcsolat\/\">L\u00e9pjen kapcsolatba vel\u00fcnk<\/a> a pontos kartons\u00falyok\u00e9rt, m\u00e9retek\u00e9rt \u00e9s sz\u00e1ll\u00edt\u00e1si becsl\u00e9sek\u00e9rt.<\/p>\n<p>El\u00e9rhet\u0151 2%, 3% \u00e9s 5% nikotinban. K\u00e9rj\u00fck, vegye figyelembe, hogy a 0% nem el\u00e9rhet\u0151 enn\u00e9l a modelln\u00e9l \u2014 ha 0%-os opci\u00f3ra van sz\u00fcks\u00e9ge szab\u00e1lyozott piacokra, a <a href=\"https:\/\/holavape.com\/hu\/termek\/bang-king-30k\/\">Bang King 30K<\/a> dupla \u00edz\u0171 0%, 2%, 3% \u00e9s 5%-ot k\u00edn\u00e1l. A legt\u00f6bb EU-piacon a 2% a standard v\u00e1laszt\u00e1s. Mindig er\u0151s\u00edtse meg az adott orsz\u00e1g nikotinszab\u00e1lyoz\u00e1s\u00e1t magasabb er\u0151ss\u00e9gek rendel\u00e9se el\u0151tt.<\/p>\n","protected":false},"excerpt":{"rendered":"<p>Bang King 50000 50,000 slukkot, k\u00e9t\u00edzes v\u00e1lt\u00e1st, LCD slukksz\u00e1ml\u00e1l\u00f3t \u00e9s 12 \u00edzkombin\u00e1ci\u00f3t ad 2% \/ 3% \/ 5% nikotinnal. A cs\u00facskateg\u00f3ri\u00e1s k\u00e9t\u00edzes v\u00e1laszt\u00e1s azoknak a vev\u0151knek, akik z\u00e1szl\u00f3shaj\u00f3 eszk\u00f6zt akarnak. \ud83c\udfc6<\/p>\n","protected":false},"featured_media":22486,"comment_status":"open","ping_status":"closed","template":"","meta":[],"product_brand":[],"product_cat":[738],"product_tag":[],"class_list":{"0":"post-75887","1":"product","2":"type-product","3":"status-publish","4":"has-post-thumbnail","6":"product_cat-bang-hu","8":"first","9":"instock","10":"shipping-taxable","11":"purchasable","12":"product-type-variable","13":"has-default-attributes"},"tiered_pricing_type":"fixed","tiered_pricing_fixed_rules":{"30":7.4000000000000003552713678800500929355621337890625,"50":6.29000000000000003552713678800500929355621337890625,"100":5.54999999999999982236431605997495353221893310546875,"200":5.17999999999999971578290569595992565155029296875,"400":4.62999999999999989341858963598497211933135986328125},"tiered_pricing_product_settings":{"layout":"default","base_unit_name":{"singular":null,"plural":null},"default_variation":null},"tiered_pricing_minimum_quantity":10,"tiered_pricing_roles_data":[],"tiered_pricing_percentage_rules":[],"tiered_pricing_maximum_quantity":null,"tiered_pricing_quantity_step":"10","_links":{"self":[{"href":"https:\/\/holavape.com\/hu\/wp-json\/wp\/v2\/product\/75887","targetHints":{"allow":["GET"]}}],"collection":[{"href":"https:\/\/holavape.com\/hu\/wp-json\/wp\/v2\/product"}],"about":[{"href":"https:\/\/holavape.com\/hu\/wp-json\/wp\/v2\/types\/product"}],"replies":[{"embeddable":true,"href":"https:\/\/holavape.com\/hu\/wp-json\/wp\/v2\/comments?post=75887"}],"wp:featuredmedia":[{"embeddable":true,"href":"https:\/\/holavape.com\/hu\/wp-json\/wp\/v2\/media\/22486"}],"wp:attachment":[{"href":"https:\/\/holavape.com\/hu\/wp-json\/wp\/v2\/media?parent=75887"}],"wp:term":[{"taxonomy":"product_brand","embeddable":true,"href":"https:\/\/holavape.com\/hu\/wp-json\/wp\/v2\/product_brand?post=75887"},{"taxonomy":"product_cat","embeddable":true,"href":"https:\/\/holavape.com\/hu\/wp-json\/wp\/v2\/product_cat?post=75887"},{"taxonomy":"product_tag","embeddable":true,"href":"https:\/\/holavape.com\/hu\/wp-json\/wp\/v2\/product_tag?post=75887"}],"curies":[{"name":"wp","href":"https:\/\/api.w.org\/{rel}","templated":true}]}}