{"id":80802,"date":"2025-09-11T12:59:32","date_gmt":"2025-09-11T12:59:32","guid":{"rendered":"https:\/\/holavape.com\/product\/bang-blaze-100k-6-az-1-ben-eldobhato-vape-nagykereskedelem\/"},"modified":"2026-04-05T01:48:12","modified_gmt":"2026-04-05T01:48:12","slug":"bang-blaze-100k","status":"publish","type":"product","link":"https:\/\/holavape.com\/hu\/termek\/bang-blaze-100k\/","title":{"rendered":"Bang Blaze 100K 6 az 1-ben Eldobhat\u00f3 Vape \u2014 Nagykereskedelem"},"content":{"rendered":"<h2>Bang Blaze 100K \u2014 100 000 Slukk 6 \u00dczemm\u00f3d\u00fa \u00cdzkever\u0151 Eldobhat\u00f3<\/h2>\n<p>A Bang Blaze 100K m\u00e1s megk\u00f6zel\u00edt\u00e9st alkalmaz a t\u00f6bb\u00edz\u0171 rendszerhez: ahelyett, hogy egyszer\u0171en v\u00e1ltana a k\u00fcl\u00f6n\u00e1ll\u00f3 tart\u00e1lyok k\u00f6z\u00f6tt, a felhaszn\u00e1l\u00f3k a 3 \u00edz mindegyik\u00e9t k\u00fcl\u00f6n p\u00e1rologtathatj\u00e1k (A, B, C \u00fczemm\u00f3d) vagy kett\u0151t kombin\u00e1lhatnak (A+B, A+C, B+C \u00fczemm\u00f3d), \u00f6sszesen 6 \u00edz\u00e9lm\u00e9nyt ny\u00fajtva egyetlen eszk\u00f6zb\u0151l. Ez a kever\u00e9si rendszer k\u00fcl\u00f6nb\u00f6zteti meg a szokv\u00e1nyos t\u00f6bb\u00edz\u0171 modellekt\u0151l. 100 000 slukkal, h\u00e1rmas mesh tekercssel, 850mAh akkumul\u00e1torral \u00e9s LED slukksz\u00e1ml\u00e1l\u00f3val j\u00f3l lefedi a hardveres alapokat. N\u00e9pszer\u0171 Spanyolorsz\u00e1gban, N\u00e9metorsz\u00e1gban \u00e9s Hollandi\u00e1ban.<\/p>\n<p>Gondoljon r\u00e1 \u00fagy, mint a <a href=\"https:\/\/holavape.com\/hu\/termek\/bang-legend-120k\/\">Bang Legend 120K 5 az 1-ben<\/a> kreat\u00edvabb testv\u00e9r\u00e9re \u2014 a Legend t\u00f6bb k\u00fcl\u00f6nb\u00f6z\u0151 \u00edzt k\u00edn\u00e1l (5 vs. 3 alap\u00edz), de a Bang Blaze 100K a kever\u00e9s lehet\u0151s\u00e9g\u00e9t adja, amit egyes v\u00e1s\u00e1rl\u00f3k \u00e9rdekesebbnek tal\u00e1lnak. Boltokn\u00e1l mindkett\u0151 tart\u00e1sa k\u00e9t k\u00fcl\u00f6nb\u00f6z\u0151 v\u00e1s\u00e1rl\u00f3i preferenci\u00e1t fed le t\u00fal sok \u00e1tfed\u00e9s n\u00e9lk\u00fcl.<\/p>\n<table>\n<thead>\n<tr>\n<th>Specifik\u00e1ci\u00f3<\/th>\n<th>R\u00e9szlet<\/th>\n<\/tr>\n<\/thead>\n<tbody>\n<tr>\n<td>Slukksz\u00e1m<\/td>\n<td>Ak\u00e1r 100 000<\/td>\n<\/tr>\n<tr>\n<td>\u00cdzrendszer<\/td>\n<td>6 \u00fczemm\u00f3d: A, B, C (egyedi) + A+B, A+C, B+C (kevert)<\/td>\n<\/tr>\n<tr>\n<td>Olajtart\u00e1lyok<\/td>\n<td>3 k\u00fcl\u00f6n\u00e1ll\u00f3 tart\u00e1ly<\/td>\n<\/tr>\n<tr>\n<td>Tekercs<\/td>\n<td>H\u00e1rmas mesh tekercs<\/td>\n<\/tr>\n<tr>\n<td>Akkumul\u00e1tor<\/td>\n<td>850mAh \u00fajrat\u00f6lthet\u0151<\/td>\n<\/tr>\n<tr>\n<td>T\u00f6lt\u00e9s<\/td>\n<td>USB Type-C gyorst\u00f6lt\u00e9s<\/td>\n<\/tr>\n<tr>\n<td>Nikotin<\/td>\n<td>2% \/ 3% \/ 5%<\/td>\n<\/tr>\n<tr>\n<td>Kijelz\u0151<\/td>\n<td>LED kijelz\u0151 (slukksz\u00e1ml\u00e1l\u00f3 \u00e9s akkumul\u00e1tor)<\/td>\n<\/tr>\n<tr>\n<td>Csomagol\u00e1s<\/td>\n<td>10 db\/csomag<\/td>\n<\/tr>\n<\/tbody>\n<\/table>\n<h3>\u00cdzkombin\u00e1ci\u00f3k<\/h3>\n<p>Legjobb kombin\u00e1ci\u00f3k els\u0151 k\u00e9szletez\u00e9shez: G\u00f6r\u00f6gdinnye J\u00e9g \/ Eper Mamba \/ Eper G\u00f6r\u00f6gdinnye \u00e9s \u00c1fonya J\u00e9g \/ M\u00e1lna Citrom \/ G\u00f6r\u00f6gdinnye R\u00e1g\u00f3gumi \u2014 mindkett\u0151 sz\u00e9les k\u00f6rben n\u00e9pszer\u0171 alap\u00edzeket tartalmaz, amelyek vonz\u00f3 kever\u00e9keket hoznak l\u00e9tre.<\/p>\n<p><strong>Jeges gy\u00fcm\u00f6lcs (biztos fogad\u00e1s):<\/strong> G\u00f6r\u00f6gdinnye J\u00e9g \/ Eper Mamba \/ Eper G\u00f6r\u00f6gdinnye (a g\u00f6r\u00f6gdinnye + eper kever\u00e9kek mindig k\u00f6nnyen eladhat\u00f3k), Sz\u0151l\u0151 J\u00e9g \/ Mang\u00f3 \u0150szibarack \/ \u00c1fonya G\u00f6r\u00f6gdinnye (sz\u0151l\u0151 \u00e9s mang\u00f3 er\u0151sek D\u00e9l-Eur\u00f3p\u00e1ban), \u0150szibarack J\u00e9g \/ Feketeribizli Anan\u00e1sz J\u00e9g \/ Z\u00f6ldalma Kiwi.<\/p>\n<p><strong>Bogy\u00f3s \u00e9s r\u00e1g\u00f3gumi:<\/strong> \u00c1fonya J\u00e9g \/ M\u00e1lna Citrom \/ G\u00f6r\u00f6gdinnye R\u00e1g\u00f3gumi (a r\u00e1g\u00f3gumi kever\u00e9si \u00fczemm\u00f3dok egyed\u00fcl\u00e1ll\u00f3 elad\u00e1si pont), \u00c1fony\u00e1k M\u00e1ln\u00e1k \/ Savany\u00fa Anan\u00e1szok Narancsok \/ M\u00e1ln\u00e1k G\u00f6r\u00f6gdinny\u00e9k, Eper Kiwi \/ \u00c1fonya K\u00f3kusz \/ Vegyes Bogy\u00f3s.<\/p>\n<p><strong>Tr\u00f3pusi \u00e9s friss\u00edt\u0151:<\/strong> Anan\u00e1sz K\u00f3kusz \/ \u00c1fonya Red Bull \/ G\u00f6r\u00f6gdinnye J\u00e9g (a Red Bull elem az energiaital rajong\u00f3kat vonzza), Eper J\u00e9g \/ \u0150szibarack Citrom \/ Kiwi Maracuja Guava, Fuji J\u00e9g \/ Alma Sz\u0151l\u0151 \/ Cseresznye Gr\u00e1n\u00e1talma.<\/p>\n<h3>Sz\u00e1ll\u00edt\u00e1s \u00e9s Rendel\u00e9s<\/h3>\n<p>A Bang Blaze 100K K\u00edn\u00e1b\u00f3l sz\u00e1ll\u00edtjuk, becs\u00fclt sz\u00e1ll\u00edt\u00e1si id\u0151 10\u201320 munkanap. MOQ 10 darab mennyis\u00e9gi kedvezm\u00e9nyekkel \u2014 az \u00e1rstaff\u00e9t\u00e1k fent l\u00e1that\u00f3k. K\u00fcl\u00f6nb\u00f6z\u0151 \u00edzkombin\u00e1ci\u00f3kat keverhet egy rendel\u00e9sen bel\u00fcl.<\/p>\n<p>El\u00e9rhet\u0151 2%, 3% \u00e9s 5% nikotinban. Mint minden term\u00e9k\u00fcnkn\u00e9l, a 2% a legn\u00e9pszer\u0171bb er\u0151ss\u00e9g az EU piacokon. Ellen\u0151rizze a helyi nikotinszab\u00e1lyoz\u00e1sokat 3% vagy 5% rendel\u00e9se el\u0151tt. Csomagol\u00e1s: 10 darab\/csomag. Kartonspecifik\u00e1ci\u00f3k\u00e9rt \u00e9s sz\u00e1ll\u00edt\u00e1si \u00e1raj\u00e1nlatok\u00e9rt keressen minket a <a href=\"https:\/\/holavape.com\/hu\/kapcsolat\/\">kapcsolati oldalunkon<\/a>.<\/p>\n","protected":false},"excerpt":{"rendered":"<p>Bang Blaze 100K ak\u00e1r 100,000 slukkot \u00e9s 6 \u00edzm\u00f3dot k\u00edn\u00e1l 3 tart\u00e1lyb\u00f3l, k\u00fcl\u00f6n \u00e9s kevert \u00fczemm\u00f3ddal. Kiemelked\u0151 v\u00e1laszt\u00e1s azoknak az \u00fczleteknek, amelyek valami j\u00e1t\u00e9kosabbat keresnek a szok\u00e1sos t\u00f6bb\u00edzes megold\u00e1sokn\u00e1l. \ud83c\udf1f<\/p>\n","protected":false},"featured_media":14235,"comment_status":"open","ping_status":"closed","template":"","meta":[],"product_brand":[],"product_cat":[738,387],"product_tag":[],"class_list":{"0":"post-80802","1":"product","2":"type-product","3":"status-publish","4":"has-post-thumbnail","6":"product_cat-bang-hu","7":"product_cat-uj-hu","9":"first","10":"instock","11":"shipping-taxable","12":"purchasable","13":"product-type-variable","14":"has-default-attributes"},"tiered_pricing_type":"fixed","tiered_pricing_fixed_rules":{"30":9.3800000000000007815970093361102044582366943359375,"50":7.6500000000000003552713678800500929355621337890625,"100":7.410000000000000142108547152020037174224853515625,"200":6.79000000000000003552713678800500929355621337890625,"400":6.29999999999999982236431605997495353221893310546875},"tiered_pricing_product_settings":{"layout":"default","base_unit_name":{"singular":null,"plural":null},"default_variation":null},"tiered_pricing_minimum_quantity":10,"tiered_pricing_roles_data":[],"tiered_pricing_percentage_rules":[],"tiered_pricing_maximum_quantity":null,"tiered_pricing_quantity_step":"10","_links":{"self":[{"href":"https:\/\/holavape.com\/hu\/wp-json\/wp\/v2\/product\/80802","targetHints":{"allow":["GET"]}}],"collection":[{"href":"https:\/\/holavape.com\/hu\/wp-json\/wp\/v2\/product"}],"about":[{"href":"https:\/\/holavape.com\/hu\/wp-json\/wp\/v2\/types\/product"}],"replies":[{"embeddable":true,"href":"https:\/\/holavape.com\/hu\/wp-json\/wp\/v2\/comments?post=80802"}],"wp:featuredmedia":[{"embeddable":true,"href":"https:\/\/holavape.com\/hu\/wp-json\/wp\/v2\/media\/14235"}],"wp:attachment":[{"href":"https:\/\/holavape.com\/hu\/wp-json\/wp\/v2\/media?parent=80802"}],"wp:term":[{"taxonomy":"product_brand","embeddable":true,"href":"https:\/\/holavape.com\/hu\/wp-json\/wp\/v2\/product_brand?post=80802"},{"taxonomy":"product_cat","embeddable":true,"href":"https:\/\/holavape.com\/hu\/wp-json\/wp\/v2\/product_cat?post=80802"},{"taxonomy":"product_tag","embeddable":true,"href":"https:\/\/holavape.com\/hu\/wp-json\/wp\/v2\/product_tag?post=80802"}],"curies":[{"name":"wp","href":"https:\/\/api.w.org\/{rel}","templated":true}]}}