{"id":93041,"date":"2025-07-07T07:46:53","date_gmt":"2025-07-07T07:46:53","guid":{"rendered":"https:\/\/holavape.com\/product\/fihp-60k-triple-3-az-1-ben-eldobhato-vape-haromszoros-izu-nagykereskedelem\/"},"modified":"2026-04-05T01:49:38","modified_gmt":"2026-04-05T01:49:38","slug":"fihp-60k-triple","status":"publish","type":"product","link":"https:\/\/holavape.com\/hu\/termek\/fihp-60k-triple\/","title":{"rendered":"FIHP 60K Triple 3-az-1-ben Eldobhat\u00f3 Vape \u2014 H\u00e1romszoros \u00cdz\u0171 Nagykereskedelem"},"content":{"rendered":"<h2>FIHP 60K Triple \u2014 60 000 Szippant\u00e1s 3-az-1-ben Eldobhat\u00f3 Vape<\/h2>\n<p>Az FIHP 60K Triple h\u00e1rom \u00edzt egyes\u00edt egyetlen eszk\u00f6zben 54 mL e-liquiddel \u00e9s dupla 0,9 ohmos mesh tekercsel\u00e9ssel. A h\u00e1romszoros \u00edzrendszer lehet\u0151v\u00e9 teszi a felhaszn\u00e1l\u00f3k sz\u00e1m\u00e1ra, hogy h\u00e1rom \u00edz k\u00f6z\u00f6tt v\u00e1ltsanak an\u00e9lk\u00fcl, hogy t\u00f6bb eszk\u00f6zt kellene magukkal vinni\u00fck \u2014 egy olyan form\u00e1tum, amely az eur\u00f3pai nagykereskedelem egyik leggyorsabban n\u00f6vekv\u0151 kateg\u00f3ri\u00e1j\u00e1v\u00e1 v\u00e1lt. Az LED okosk\u00e9perny\u0151 nyomon k\u00f6veti az akkumul\u00e1tor \u00e1llapot\u00e1t \u00e9s a szippant\u00e1ssz\u00e1mot, az 850 mAh-s akkumul\u00e1tor USB-C-n kereszt\u00fcl t\u00f6lthet\u0151.<\/p>\n<p>Ez a modell k\u00f6zvetlen\u00fcl versenyez az <a href=\"https:\/\/holavape.com\/hu\/termek\/uzy-triple-flavors-60k-3-az-1-ben-eldobhato-vape-nagykereskedelem\/\">UZY Triple Flavors 60K<\/a>-val ugyanabban a szippant\u00e1s-kateg\u00f3ri\u00e1ban. Az FIHP nagyobb dupla mesh tekercsekkel (0,9 ohm vs. triple mesh) \u00e9s kompaktabb formavil\u00e1ggal k\u00fcl\u00f6nb\u00f6zteti meg mag\u00e1t, amelyet egyes v\u00e1s\u00e1rl\u00f3k el\u0151nyben r\u00e9szes\u00edtenek a polcos megjelen\u00edt\u00e9shez. Folyamatosan n\u00e9pszer\u0171 Nyugat-Eur\u00f3p\u00e1ban, k\u00fcl\u00f6n\u00f6sen Spanyolorsz\u00e1gban, ahol a t\u00f6bb\u00edz\u0171 eldobhat\u00f3 modellek sok boltban jobban fogynak, mint az egy\u00edz\u0171ek.<\/p>\n<table>\n<thead>\n<tr>\n<th>Specifik\u00e1ci\u00f3<\/th>\n<th>R\u00e9szlet<\/th>\n<\/tr>\n<\/thead>\n<tbody>\n<tr>\n<td>Szippant\u00e1sok sz\u00e1ma<\/td>\n<td>60 000 (20 000 \u00edzenk\u00e9nt)<\/td>\n<\/tr>\n<tr>\n<td>E-liquid<\/td>\n<td>54 mL (18 mL \u00edzenk\u00e9nt)<\/td>\n<\/tr>\n<tr>\n<td>\u00cdzek eszk\u00f6z\u00f6nk\u00e9nt<\/td>\n<td>3<\/td>\n<\/tr>\n<tr>\n<td>Nikotin opci\u00f3k<\/td>\n<td>0% \/ 2% \/ 3% \/ 5%<\/td>\n<\/tr>\n<tr>\n<td>Tekercs<\/td>\n<td>Dupla 0,9 ohm mesh<\/td>\n<\/tr>\n<tr>\n<td>Akkumul\u00e1tor<\/td>\n<td>850 mAh USB-C t\u00f6lthet\u0151<\/td>\n<\/tr>\n<tr>\n<td>Kijelz\u0151<\/td>\n<td>LED okosk\u00e9perny\u0151 (akku + szippant\u00e1sok)<\/td>\n<\/tr>\n<\/tbody>\n<\/table>\n<h3>\u00cdzkombin\u00e1ci\u00f3k<\/h3>\n<p>Minden egys\u00e9g el\u0151re t\u00f6ltve \u00e9rkezik egy fix 3 \u00edz\u0171 kombin\u00e1ci\u00f3val. Legjobb k\u00e9szletek els\u0151k\u00e9nt rakt\u00e1roz\u00e1sra: G\u00f6r\u00f6gdinnye Jeges \/ Red Bull \/ Eper Kiwi \u00e9s Citrom Lime \/ Eper G\u00f6r\u00f6gdinnye \/ \u00c1fonya Jeges \u2014 mindkett\u0151 lefedi az \u00e1ltal\u00e1nos preferenci\u00e1kat \u00e9s j\u00f3l fogy minden eur\u00f3pai piacon.<\/p>\n<p><strong>Gy\u00fcm\u00f6lcs- \u00e9s jegeskombin\u00e1ci\u00f3k (biztos v\u00e1laszt\u00e1s):<\/strong> Tr\u00f3pusi Gy\u00fcm\u00f6lcs \/ Eper G\u00f6r\u00f6gdinnye \/ Citrom \u0150szibarack \u00e9s G\u00f6r\u00f6gdinnye Jeges \/ \u0150szibarack Bogy\u00f3 \/ H\u00e1romszoros Dinnye sz\u00e9les k\u00f6rben vonz\u00f3ak. Vegyes Bogy\u00f3k \/ M\u00e1lna G\u00f6r\u00f6gdinnye \/ Mang\u00f3 \u0150szibarack lefedi a bogy\u00f3s-\u00e9s-tr\u00f3pusi szegmenst, amely k\u00fcl\u00f6n\u00f6sen j\u00f3l fogy D\u00e9l-Eur\u00f3p\u00e1ban \u00e9s Franciaorsz\u00e1gban.<\/p>\n<p><strong>Bogy\u00f3s \u00e9s cukork\u00e1s:<\/strong> Eper M\u00e1lna \/ H\u00e1romszoros Dinnye \/ Savany\u00fa Mang\u00f3 Anan\u00e1sz \u00e9s Anan\u00e1sz K\u00f3kusz \/ Blue Razz \/ Eper Ban\u00e1n \u00e9desebbek, \u00e9s azoknak a v\u00e1s\u00e1rl\u00f3knak tetszenek, akik a desszertszer\u0171 profilokat kedvelik.<\/p>\n<p><strong>Mer\u00e9szebb \u00e9s italinspir\u00e1lt:<\/strong> Eper Kiwi \/ Savany\u00fa Mang\u00f3 Anan\u00e1sz \/ Red Bull \u00e9s \u00c1fonya M\u00e1lna \/ Eper Van\u00edlia K\u00f3la \/ Citrom Lime energiaital- \u00e9s k\u00f3laprofilokat tartalmaznak, amelyek n\u00e9pszer\u0171ek a fiatalabb fogyaszt\u00f3k k\u00f6r\u00e9ben. Eper Ban\u00e1n \/ Dupla Alma \/ M\u00e1lna G\u00f6r\u00f6gdinnye a leggy\u00fcm\u00f6lcs\u00f6sebb k\u00e9szlet sz\u00e9les vonzer\u0151vel.<\/p>\n<h3>Rendel\u00e9s \u00e9s Sz\u00e1ll\u00edt\u00e1s<\/h3>\n<p>Rakt\u00e1ron, 3-5 munkanapos sz\u00e1ll\u00edt\u00e1ssal Eur\u00f3p\u00e1ba. MOQ 10 darab, az \u00edzk\u00e9szletek szabadon keverhet\u0151k egy rendel\u00e9sen bel\u00fcl. Mennyis\u00e9gi kedvezm\u00e9nyek 30+ \u00e9s 100+ darabt\u00f3l \u00e9rv\u00e9nyesek \u2014 keresse fel <a href=\"https:\/\/holavape.com\/hu\/kapcsolat\/\">kapcsolat oldalunkat<\/a> egyedi \u00e1raj\u00e1nlatok\u00e9rt nagyobb rendel\u00e9sekhez.<\/p>\n<p>Az EU piacokra a 0%-os \u00e9s 2%-os nikotin a legn\u00e9pszer\u0171bb. Magasabb er\u0151ss\u00e9gek (3%, 5%) el\u00e9rhet\u0151k, de ellen\u0151rizze a helyi szab\u00e1lyoz\u00e1st, k\u00fcl\u00f6n\u00f6sen a TPD-szab\u00e1lyozott orsz\u00e1gokban. Ha v\u00e1s\u00e1rl\u00f3i az egy\u00edz\u0171 eszk\u00f6z\u00f6ket r\u00e9szes\u00edtik el\u0151nyben ugyanebben a szippant\u00e1s-kateg\u00f3ri\u00e1ban, a <a href=\"https:\/\/holavape.com\/hu\/termek\/waspe-bar-60k\/\">WASPE Bar 60K<\/a> 16 egyedi \u00edzt k\u00edn\u00e1l hasonl\u00f3 nagykereskedelmi felt\u00e9telekkel.<\/p>\n","protected":false},"excerpt":{"rendered":"<p>FIHP 60K Triple ak\u00e1r 60,000 slukkot, 3 \u00edzt eszk\u00f6z\u00f6nk\u00e9nt, dual 0.9\u03a9 mesh coil-t \u00e9s 850mAh USB-C \u00fajrat\u00f6lthet\u0151 akkumul\u00e1tort k\u00edn\u00e1l 0%\/2%\/3%\/5% nikotinnal. J\u00f3 nagykereskedelmi v\u00e1laszt\u00e1s azoknak, akik kiegyens\u00falyozott 3-in-1 modellt keresnek. \ud83d\udd0b<\/p>\n","protected":false},"featured_media":16234,"comment_status":"open","ping_status":"closed","template":"","meta":[],"product_brand":[],"product_cat":[504,558,360,612,621,630,666,684,648,639,675,657,693,702,720,711,369,352,747,522,567],"product_tag":[],"class_list":{"0":"post-93041","1":"product","2":"type-product","3":"status-publish","4":"has-post-thumbnail","6":"product_cat-60000-szivas-eldobhato-vape-hu","7":"product_cat-digitalis-box-vape-ek-hu","8":"product_cat-eldobhato-vape-tipusok-hu","9":"product_cat-eldobhato-vape-ek-ausztria-hu","10":"product_cat-eldobhato-vape-ek-belgium-hu","11":"product_cat-eldobhato-vape-ek-franciaorszag-hu","12":"product_cat-eldobhato-vape-ek-hollandia-hu","13":"product_cat-eldobhato-vape-ek-lengyelorszag-hu","14":"product_cat-eldobhato-vape-ek-magyarorszag-hu","15":"product_cat-eldobhato-vape-ek-nemetorszag-hu","16":"product_cat-eldobhato-vape-ek-norvegia-hu","17":"product_cat-eldobhato-vape-ek-olaszorszag-hu","18":"product_cat-eldobhato-vape-ek-portugalia-hu","19":"product_cat-eldobhato-vape-ek-spanyolorszag-hu","20":"product_cat-eldobhato-vape-ek-svajc-hu","21":"product_cat-eldobhato-vape-ek-svedorszag-hu","22":"product_cat-eldobhato-vape-ek-europaban-hu","23":"product_cat-eldobhato-vape-ek-szivasszam-szerint-hu","24":"product_cat-fihp-hu","25":"product_cat-nagy-szivasszamu-vape-ek-hu","26":"product_cat-okos-kijelzos-vape-ek-hu","28":"first","29":"instock","30":"shipping-taxable","31":"purchasable","32":"product-type-variable","33":"has-default-attributes"},"tiered_pricing_type":"fixed","tiered_pricing_fixed_rules":{"30":8.269999999999999573674358543939888477325439453125,"50":6.54000000000000003552713678800500929355621337890625,"100":5.9199999999999999289457264239899814128875732421875,"200":5.54999999999999982236431605997495353221893310546875,"400":5.12000000000000010658141036401502788066864013671875},"tiered_pricing_product_settings":{"layout":"default","base_unit_name":{"singular":null,"plural":null},"default_variation":null},"tiered_pricing_minimum_quantity":10,"tiered_pricing_roles_data":[],"tiered_pricing_percentage_rules":[],"tiered_pricing_maximum_quantity":null,"tiered_pricing_quantity_step":"10","_links":{"self":[{"href":"https:\/\/holavape.com\/hu\/wp-json\/wp\/v2\/product\/93041","targetHints":{"allow":["GET"]}}],"collection":[{"href":"https:\/\/holavape.com\/hu\/wp-json\/wp\/v2\/product"}],"about":[{"href":"https:\/\/holavape.com\/hu\/wp-json\/wp\/v2\/types\/product"}],"replies":[{"embeddable":true,"href":"https:\/\/holavape.com\/hu\/wp-json\/wp\/v2\/comments?post=93041"}],"wp:featuredmedia":[{"embeddable":true,"href":"https:\/\/holavape.com\/hu\/wp-json\/wp\/v2\/media\/16234"}],"wp:attachment":[{"href":"https:\/\/holavape.com\/hu\/wp-json\/wp\/v2\/media?parent=93041"}],"wp:term":[{"taxonomy":"product_brand","embeddable":true,"href":"https:\/\/holavape.com\/hu\/wp-json\/wp\/v2\/product_brand?post=93041"},{"taxonomy":"product_cat","embeddable":true,"href":"https:\/\/holavape.com\/hu\/wp-json\/wp\/v2\/product_cat?post=93041"},{"taxonomy":"product_tag","embeddable":true,"href":"https:\/\/holavape.com\/hu\/wp-json\/wp\/v2\/product_tag?post=93041"}],"curies":[{"name":"wp","href":"https:\/\/api.w.org\/{rel}","templated":true}]}}