{"id":98107,"date":"2025-07-07T07:39:14","date_gmt":"2025-07-07T07:39:14","guid":{"rendered":"https:\/\/holavape.com\/product\/mrvi-df-40k-dupla-izu-eldobhato-vape-nagykereskedelem\/"},"modified":"2026-04-05T01:50:07","modified_gmt":"2026-04-05T01:50:07","slug":"mrvi-df-40k","status":"publish","type":"product","link":"https:\/\/holavape.com\/hu\/termek\/mrvi-df-40k\/","title":{"rendered":"MRVI DF 40K Dupla \u00cdz\u0171 Eldobhat\u00f3 Vape \u2014 Nagykereskedelem"},"content":{"rendered":"<h2>MRVI DF 40K \u2014 40 000 Szipp. Dupla \u00cdz\u0171 Eldobhat\u00f3 Vape<\/h2>\n<p>Az MRVI DF 40K egy 40 000 szippant\u00e1sos eldobhat\u00f3 vape k\u00e9t \u00edzzel k\u00e9sz\u00fcl\u00e9kenk\u00e9nt, dupla mesh tekerccsel \u00e9s 40 ml el\u0151ret\u00f6lt\u00f6tt e-liquiddel. A dupla \u00edz rendszer lehet\u0151v\u00e9 teszi az \u00fcgyfelek sz\u00e1m\u00e1ra, hogy k\u00e9t \u00edzprofil k\u00f6z\u00f6tt v\u00e1ltsanak egyetlen kompakt k\u00e9sz\u00fcl\u00e9kben (92 x 41 x 19 mm) \u2014 el\u00e9g kicsi a zsebhez, de elegend\u0151 folyadot tartalmaz hetekre. 8 \u00edzkombr\u00e1ci\u00f3ban kaphat\u00f3, amely gy\u00fcm\u00f6lcs, j\u00e9g, cukorka, energiaital \u00e9s k\u00e1v\u00e9 p\u00e1ros\u00edt\u00e1sokat fed le.<\/p>\n<p>A dupla \u00edz\u0171 eldobhat\u00f3 vape-ek pontosan az egy\u00edz\u0171 k\u00e9sz\u00fcl\u00e9kek \u00e9s a nagyobb 4-az-1-ben modellek, mint a <a href=\"https:\/\/holavape.com\/hu\/termek\/bang-blaze-4-in-1-60k-eldobhato-vape-negy-izu-nagykereskedelem\/\">Bang Blaze 4-az-1-ben 60K<\/a> k\u00f6z\u00f6tt helyezkednek el. Kevesebbe ker\u00fclnek, mint a n\u00e9gyes \u00edz\u0171 k\u00e9sz\u00fcl\u00e9kek, mik\u00f6zben megoldj\u00e1k az unalom probl\u00e9m\u00e1t, ami az egy\u00edz\u0171 k\u00e9sz\u00fcl\u00e9kekn\u00e9l visszak\u00fcld\u00e9sekhez vezet. Az MRVI DF 40K j\u00f3 k\u00f6z\u00e9pkategori\u00e1s opci\u00f3 Spanyolorsz\u00e1gban, N\u00e9metorsz\u00e1gban \u00e9s Hollandia boltjai sz\u00e1m\u00e1ra, akik v\u00e1ltozatoss\u00e1got szeretn\u00e9nek k\u00edn\u00e1lni a 4-az-1-ben magasabb \u00e1ra n\u00e9lk\u00fcl. 2% \u00e9s 5% nikotinban kaphat\u00f3.<\/p>\n<table>\n<thead>\n<tr>\n<th>Specifik\u00e1ci\u00f3<\/th>\n<th>R\u00e9szlet<\/th>\n<\/tr>\n<\/thead>\n<tbody>\n<tr>\n<td>Szippant\u00e1sok sz\u00e1ma<\/td>\n<td>Akir 40 000<\/td>\n<\/tr>\n<tr>\n<td>E-liquid kapacit\u00e1s<\/td>\n<td>40 ml (el\u0151ret\u00f6lt\u00f6tt, 2 \u00edz k\u00f6z\u00f6tt elosztva)<\/td>\n<\/tr>\n<tr>\n<td>\u00cdzrendszer<\/td>\n<td>Dupla \u00edz (2 \u00edz k\u00e9sz\u00fcl\u00e9kenk\u00e9nt)<\/td>\n<\/tr>\n<tr>\n<td>Tekercs t\u00edpusa<\/td>\n<td>Dupla mesh tekercs<\/td>\n<\/tr>\n<tr>\n<td>Nikotiner\u0151ss\u00e9gek<\/td>\n<td>2%, 5%<\/td>\n<\/tr>\n<tr>\n<td>Akkumul\u00e1tor<\/td>\n<td>850 mAh \u00fajrat\u00f6lthet\u0151 (Type-C, teljes t\u00f6lt\u00e9s ~2 \u00f3ra alatt)<\/td>\n<\/tr>\n<tr>\n<td>Aktiv\u00e1l\u00e1s<\/td>\n<td>Sziv\u00e1sra aktiv\u00e1l\u00f3dik<\/td>\n<\/tr>\n<tr>\n<td>M\u00e9retek<\/td>\n<td>92 x 41 x 19 mm<\/td>\n<\/tr>\n<tr>\n<td>Csomagol\u00e1s<\/td>\n<td>10 db kijelz\u0151dobozbank\u00e9nt<\/td>\n<\/tr>\n<\/tbody>\n<\/table>\n<h3>\u00cdzkombinr\u00e1ci\u00f3k<\/h3>\n<p>Legjobb kombin\u00e1ci\u00f3k az els\u0151 besz\u00e1ll\u00edt\u00e1shoz: G\u00f6r\u00f6gdinnye J\u00e9g \u00e9s Sziv\u00e1rv\u00e1ny Cukorka (sz\u00e9les vonzer\u0151, b\u00e1rmely piacra biztons\u00e1gos) \u00e9s \u00c1fonya G\u00f6r\u00f6gdinnye \u00e9s Eper Mang\u00f3 (gy\u00fcm\u00f6lcs\u00f6s, kock\u00e1zatmentes).<\/p>\n<p><strong>Gy\u00fcm\u00f6lcs + j\u00e9g (biztos v\u00e1laszt\u00e1sok):<\/strong> G\u00f6r\u00f6gdinnye J\u00e9g \u00e9s Sziv\u00e1rv\u00e1ny Cukorka (a g\u00f6r\u00f6gdinnye j\u00e9g a legn\u00e9pszer\u0171bb eldobhat\u00f3 \u00edz Eur\u00f3p\u00e1ban, a sziv\u00e1rv\u00e1ny cukorka \u00e9des kontrasztot ad), \u00c1fonya G\u00f6r\u00f6gdinnye \u00e9s Eper Mang\u00f3 (tiszta gy\u00fcm\u00f6lcs p\u00e1ros, mindenhol m\u0171k\u00f6dik), Tripla Bogy\u00f3s J\u00e9g \u00e9s Fekete Ribiszke J\u00e9g (bogy\u00f3sban gazdag \u00e9s jeges \u2014 er\u0151s \u00c9szak- \u00e9s K\u00f6z\u00e9p-Eur\u00f3p\u00e1ban), \u0150szibarack Mang\u00f3 \u00e9s Savany\u00fa Alma (\u00e9des-savany\u00fa, kiegyens\u00falyozott kombin\u00e1ci\u00f3).<\/p>\n<p><strong>Tr\u00f3pusi + \u00e9des:<\/strong> Anan\u00e1sz K\u00f3kusz \u00e9s R\u00f3zsasz\u00edn Limon\u00e1d\u00e9 (tr\u00f3pusi-citrusos p\u00e1ros\u00edt\u00e1s, j\u00f3l fogy ny\u00e1ron \u00e9s a d\u00e9l-eur\u00f3pai piacokon), Eper Kivi \u00e9s Sz\u0151l\u0151 J\u00e9g (klasszikus gy\u00fcm\u00f6lcs kombin\u00e1ci\u00f3, a Sz\u0151l\u0151 J\u00e9g viszi ezt Spanyolorsz\u00e1gban \u00e9s Olaszorsz\u00e1gban), Fekete S\u00e1rk\u00e1ny J\u00e9g \u00e9s \u00c1fonya V\u00f6r\u00f6s\u00e1fonya (s\u00f6t\u00e9tebb gy\u00fcm\u00f6lcsprofil, tapasztalt vape-el\u0151ket vonz, akik kihagyj\u00e1k a cukorka-\u00e9des \u00edzeket).<\/p>\n<p><strong>Ital-ihlet\u00e9s\u0171:<\/strong> Red Bull \u00e9s Jeges K\u00e1v\u00e9 (a legmegosztobb kombin\u00e1ci\u00f3 a k\u00edn\u00e1latban \u2014 az energiaital \u00e9s k\u00e1v\u00e9 \u00edzeknek elk\u00f6telezett k\u00f6z\u00f6ns\u00e9g\u00fck van a fiatalabb v\u00e1s\u00e1rl\u00f3k \u00e9s az \u00e9jszakai piaci v\u00e1s\u00e1rl\u00f3k k\u00f6r\u00e9ben, de tesztelje el\u0151sz\u00f6r kis rendel\u00e9ssel, ha nem biztos a piac\u00e1ban).<\/p>\n<h3>Sz\u00e1ll\u00edt\u00e1s \u00e9s Rendel\u00e9s<\/h3>\n<p>Minim\u00e1lis rendel\u00e9s 10 darab, mennyis\u00e9gi kedvezm\u00e9nnyel 30+ \u00e9s 50+ darabt\u00f3l. Szabadon keverhet\u0151 \u00edzkembin\u00e1ci\u00f3k \u00e9s nikotiner\u0151ss\u00e9gek egy rendel\u00e9sen bel\u00fcl. Vegye figyelembe, hogy ez a modell csak 2% \u00e9s 5%-ban kaphat\u00f3 \u2014 ha piaca 0% nikotint ig\u00e9nyel, fontolja meg az <a href=\"https:\/\/holavape.com\/hu\/termek\/okso-magic-mirror-50k-eldobhato-vape-dupla-mesh-coil-nagykereskedes\/\">OKSO Magic Mirror 50K<\/a>-t vagy az <a href=\"https:\/\/holavape.com\/hu\/termek\/okso-shisha-hookah-mega-50k-eldobhato-vape-harmas-mesh-coil-nagykereskedes\/\">OKSO Shisha Hookah Mega 50K<\/a>-t, amelyek 0%\/2%\/3%\/5%-ot k\u00edn\u00e1lnak. Sz\u00e1ll\u00edt\u00e1s K\u00edn\u00e1b\u00f3l standard sz\u00e1ll\u00edt\u00e1si id\u0151kkel. 10 darabos kijelz\u0151dobozban csomagolva. Karton specifik\u00e1ci\u00f3k\u00e9rt \u00e9s sz\u00e1ll\u00edt\u00e1si becsl\u00e9sek\u00e9rt <a href=\"https:\/\/holavape.com\/hu\/kapcsolat\/\">l\u00e9pjen kapcsolatba nagykereskedelmi csapatunkkal<\/a>.<\/p>\n","protected":false},"excerpt":{"rendered":"<p>MRVI DF 40K 40,000 slukkot, eszk\u00f6z\u00f6nk\u00e9nt 2 \u00edzt, 40mL e-liquidet, dual mesh coil-t \u00e9s 850mAh \u00fajrat\u00f6lthet\u0151 akkumul\u00e1tort ad. Kompakt k\u00e9t\u00edzes opci\u00f3 8 kombin\u00e1ci\u00f3s st\u00edlussal \u00e9s letisztult \u00f6sszhat\u00e1ssal. \ud83d\udd27<\/p>\n","protected":false},"featured_media":17489,"comment_status":"open","ping_status":"closed","template":"","meta":[],"product_brand":[],"product_cat":[495,576,585,784],"product_tag":[],"class_list":{"0":"post-98107","1":"product","2":"type-product","3":"status-publish","4":"has-post-thumbnail","6":"product_cat-40000-szivas-eldobhato-vape-hu","7":"product_cat-dual-mesh-vape-ek-hu","8":"product_cat-dupla-izu-vape-ek-hu","9":"product_cat-mrvi-hu","11":"first","12":"instock","13":"shipping-taxable","14":"purchasable","15":"product-type-variable","16":"has-default-attributes"},"tiered_pricing_type":"fixed","tiered_pricing_fixed_rules":{"100":6.11000000000000031974423109204508364200592041015625,"200":5.4900000000000002131628207280300557613372802734375,"400":5.17999999999999971578290569595992565155029296875},"tiered_pricing_product_settings":{"layout":"default","base_unit_name":{"singular":null,"plural":null},"default_variation":null},"tiered_pricing_minimum_quantity":50,"tiered_pricing_roles_data":[],"tiered_pricing_percentage_rules":[],"tiered_pricing_maximum_quantity":null,"tiered_pricing_quantity_step":"10","_links":{"self":[{"href":"https:\/\/holavape.com\/hu\/wp-json\/wp\/v2\/product\/98107","targetHints":{"allow":["GET"]}}],"collection":[{"href":"https:\/\/holavape.com\/hu\/wp-json\/wp\/v2\/product"}],"about":[{"href":"https:\/\/holavape.com\/hu\/wp-json\/wp\/v2\/types\/product"}],"replies":[{"embeddable":true,"href":"https:\/\/holavape.com\/hu\/wp-json\/wp\/v2\/comments?post=98107"}],"wp:featuredmedia":[{"embeddable":true,"href":"https:\/\/holavape.com\/hu\/wp-json\/wp\/v2\/media\/17489"}],"wp:attachment":[{"href":"https:\/\/holavape.com\/hu\/wp-json\/wp\/v2\/media?parent=98107"}],"wp:term":[{"taxonomy":"product_brand","embeddable":true,"href":"https:\/\/holavape.com\/hu\/wp-json\/wp\/v2\/product_brand?post=98107"},{"taxonomy":"product_cat","embeddable":true,"href":"https:\/\/holavape.com\/hu\/wp-json\/wp\/v2\/product_cat?post=98107"},{"taxonomy":"product_tag","embeddable":true,"href":"https:\/\/holavape.com\/hu\/wp-json\/wp\/v2\/product_tag?post=98107"}],"curies":[{"name":"wp","href":"https:\/\/api.w.org\/{rel}","templated":true}]}}