{"id":98873,"date":"2025-07-07T07:38:46","date_gmt":"2025-07-07T07:38:46","guid":{"rendered":"https:\/\/holavape.com\/product\/bang-tornado-40k-eldobhato-vape-led-kijelzo-nagykeresk-edelem\/"},"modified":"2026-04-05T01:50:09","modified_gmt":"2026-04-05T01:50:09","slug":"bang-tornado-40k","status":"publish","type":"product","link":"https:\/\/holavape.com\/hu\/termek\/bang-tornado-40k\/","title":{"rendered":"Bang Tornado 40K Eldobhat\u00f3 Vape \u2014 LED Kijelz\u0151 Nagykeresk edelem"},"content":{"rendered":"<h2>Bang Tornado 40K \u2014 40 000 Szippant\u00e1sos Eldobhat\u00f3 Vape LED Kijelz\u0151vel<\/h2>\n<p>A Bang Tornado 40K egy egyetlen \u00edz\u0171 eldobhat\u00f3 vape, amely ak\u00e1r 40 000 szippant\u00e1st biztos\u00edt be\u00e9p\u00edtett LED szippant\u00e1ssz\u00e1ml\u00e1l\u00f3val. Kit\u00f6lti a r\u00e9st a bel\u00e9p\u0151 szint\u0171 20K-s eszk\u00f6z\u00f6k \u00e9s a nagyobb kapacit\u00e1s\u00fa modellek, p\u00e9ld\u00e1ul a <a href=\"https:\/\/holavape.com\/hu\/termek\/waspe-bar-60k\/\">WASPE Bar 60K<\/a> k\u00f6z\u00f6tt \u2014 k\u00f6z\u00e9pkateg\u00f3ri\u00e1s opci\u00f3t k\u00edn\u00e1lva az \u00fczleteknek, amely j\u00f3l fogy az \u00e1r\u00e9rz\u00e9keny piacokon Spanyolorsz\u00e1gban, N\u00e9metorsz\u00e1gban \u00e9s Hollandi\u00e1ban.<\/p>\n<p>12 \u00edz-v\u00e1laszt\u00e9kkal \u00e9s n\u00e9gy nikotiner\u0151ss\u00e9ggel, bele\u00e9rtve a 0%-os opci\u00f3t, lefedi az \u00fcgyf\u00e9l-preferenci\u00e1k teljes sk\u00e1l\u00e1j\u00e1t. A LED kijelz\u0151 hasznos funkci\u00f3 ebben az \u00e1rkateg\u00f3ri\u00e1ban \u2014 k\u00f6veti a szippant\u00e1sok sz\u00e1m\u00e1t, \u00edgy a felhaszn\u00e1l\u00f3k pontosan tudj\u00e1k, hol tartanak. Ha t\u00f6bb szippant\u00e1si szinten t\u00e1rol eldobhat\u00f3 vape-eket, a Bang Tornado 40K j\u00f3l m\u0171k\u00f6dik k\u00f6z\u00e9ppolcos opci\u00f3k\u00e9nt kompakt modellek, mint a <a href=\"https:\/\/holavape.com\/hu\/termek\/bang-box-50k-dupla-izu-eldobhato-vape-nagykereskedelem\/\">Bang Box 50K<\/a> vagy cs\u00facskateg\u00f3ri\u00e1s t\u00f6bb \u00edz\u0171 eszk\u00f6z\u00f6k, mint a <a href=\"https:\/\/holavape.com\/hu\/termek\/bang-box-160k-negy-izu-4-az-1-ben-eldobhato-vape-nagykereskedelem\/\">Bang Box 160K<\/a> mellett.<\/p>\n<table>\n<thead>\n<tr>\n<th>Specifik\u00e1ci\u00f3<\/th>\n<th>R\u00e9szlet<\/th>\n<\/tr>\n<\/thead>\n<tbody>\n<tr>\n<td>Szippant\u00e1sok sz\u00e1ma<\/td>\n<td>Ak\u00e1r 40 000<\/td>\n<\/tr>\n<tr>\n<td>\u00cdzek<\/td>\n<td>12 egyetlen \u00edz\u0171 opci\u00f3<\/td>\n<\/tr>\n<tr>\n<td>Nikotiner\u0151ss\u00e9gek<\/td>\n<td>0%, 2%, 3%, 5%<\/td>\n<\/tr>\n<tr>\n<td>Kijelz\u0151<\/td>\n<td>LED szippant\u00e1ssz\u00e1ml\u00e1l\u00f3<\/td>\n<\/tr>\n<tr>\n<td>T\u00edpus<\/td>\n<td>Eldobhat\u00f3, sz\u00edv\u00e1ssal aktiv\u00e1lt<\/td>\n<\/tr>\n<tr>\n<td>E-liquid kapacit\u00e1s<\/td>\n<td>A gy\u00e1rt\u00f3 nem adta meg \u2014 <a href=\"https:\/\/holavape.com\/hu\/kapcsolat\/\">l\u00e9pjen vel\u00fcnk kapcsolatba<\/a> a r\u00e9szletek\u00e9rt<\/td>\n<\/tr>\n<tr>\n<td>Akkumul\u00e1tor<\/td>\n<td>A gy\u00e1rt\u00f3 nem adta meg \u2014 <a href=\"https:\/\/holavape.com\/hu\/kapcsolat\/\">l\u00e9pjen vel\u00fcnk kapcsolatba<\/a> a r\u00e9szletek\u00e9rt<\/td>\n<\/tr>\n<\/tbody>\n<\/table>\n<h3>\u00cdzek<\/h3>\n<p>Leg\u00e9rt\u00e9kesebb term\u00e9kek, amelyeket el\u0151sz\u00f6r \u00e9rdemes rakt\u00e1rra venni: G\u00f6r\u00f6gdinnye, Jeges Barack, Eper G\u00f6r\u00f6gdinnye \u00e9s \u00c1fonya M\u00e1lna.<\/p>\n<p><strong>Jeges gy\u00fcm\u00f6lcs\u00f6k:<\/strong> Jeges Barack (\u00e9des barack mentol ut\u00f3\u00edzzel \u2014 \u00e1lland\u00f3 elad\u00f3), G\u00f6r\u00f6gdinnye (friss \u00e9s egyszer\u0171, mindig keresett eg\u00e9sz Eur\u00f3p\u00e1ban), Eper G\u00f6r\u00f6gdinnye (n\u00e9pszer\u0171 ny\u00e1ri kombin\u00e1ci\u00f3, gyorsan fogy Spanyolorsz\u00e1gban \u00e9s Franciaorsz\u00e1gban).<\/p>\n<p><strong>Bogy\u00f3s kever\u00e9kek:<\/strong> H\u00e1rmas Bogy\u00f3 (vegyes bogy\u00f3s sz\u00e9les vonzer\u0151vel), \u00c1fonya M\u00e1lna (cs\u00edp\u0151s \u00e9s \u00e9des \u2014 er\u0151s az \u00e9szak-eur\u00f3pai piacokon), \u00c1fonya Citrom (citrusos csavar, amely kit\u0171nik a szok\u00e1sos bogy\u00f3s k\u00edn\u00e1latb\u00f3l), \u00c1fonya Sz\u0151l\u0151 (s\u00f6t\u00e9tebb bogy\u00f3s \u00e9dess\u00e9g, er\u0151s N\u00e9metorsz\u00e1gban \u00e9s Hollandi\u00e1ban), Eper Kiwi (klasszikus p\u00e1ros\u00edt\u00e1s, stabil elad\u00f3 eg\u00e9sz \u00e9vben).<\/p>\n<p><strong>Gy\u00fcm\u00f6lcs \u00e9s egy\u00e9b:<\/strong> Dupla Alma (hagyom\u00e1nyos v\u00edzipipa \u00edz \u2014 k\u00fcl\u00f6n\u00f6sen n\u00e9pszer\u0171 a d\u00e9l- \u00e9s kelet-eur\u00f3pai piacokon), Mang\u00f3 Barack (tropikus, fiatalabb k\u00f6z\u00f6ns\u00e9get vonz), Love 66 (eg zotikus tropikus kever\u00e9k sz\u0171k k\u00f6vet\u0151b\u00e1zissal \u2014 tesztelje el\u0151sz\u00f6r kis rendel\u00e9ssel), Energiaital (energiaital \u00edz, amely fiatalabb k\u00f6z\u00f6ns\u00e9get c\u00e9loz \u2014 vagy j\u00f3l fogy, vagy \u00e1ll, piacf\u00fcgg\u0151).<\/p>\n<h3>Sz\u00e1ll\u00edt\u00e1s &amp; Rendel\u00e9s<\/h3>\n<p>A Bang Tornado 40K K\u00edn\u00e1b\u00f3l sz\u00e1ll\u00edtjuk, jellemz\u0151en 10\u201315 munkanap alatt \u00e9rkezik Eur\u00f3p\u00e1ba. A minim\u00e1lis rendel\u00e9si mennyis\u00e9g 10 darabt\u00f3l indul l\u00e9pcs\u0151z\u00f6tt \u00e1rakkal \u2014 mennyis\u00e9gi kedvezm\u00e9nyek 30+ darabt\u00f3l el\u00e9rhet\u0151k. Az \u00edzeket \u00e9s nikotiner\u0151ss\u00e9geket egyetlen rendel\u00e9sen bel\u00fcl keverh eti, \u00edgy k\u00f6nnyen tesztelheti a k\u00edn\u00e1latot an\u00e9lk\u00fcl, hogy t\u00fal sok at k\u00f6tne le egyetlen SKU-ra.<\/p>\n<p>Az EU-piacokon a 0% \u00e9s 2% a leggyakrabban rendelt nikotiner\u0151ss\u00e9g. A 3%-os \u00e9s 5%-os opci\u00f3k kev\u00e9sb\u00e9 szigo r\u00fa szab\u00e1lyoz\u00e1s\u00fa piacokon fogynak, de ellen\u0151rizze a helyi szab\u00e1lyokat, miel\u0151tt magasabb koncentr\u00e1ci\u00f3kat vesz rakt\u00e1rra. Ha hasonl\u00f3 kateg\u00f3ri\u00e1j\u00fa term\u00e9ket keres gyorsabb eur\u00f3pai sz\u00e1ll\u00edt\u00e1ssal, a <a href=\"https:\/\/holavape.com\/hu\/termek\/waspe-bar-60k\/\">WASPE Bar 60K<\/a> az EU-rakt\u00e1runkb\u00f3l sz\u00e1ll\u00edtjuk 5\u20137 napos k\u00e9zbes\u00edt\u00e9ssel eg\u00e9sz Eur\u00f3p\u00e1ban.<\/p>\n","protected":false},"excerpt":{"rendered":"<p>Bang Tornado 40K 40,000 slukkal, 12 \u00edzzel, LED slukksz\u00e1ml\u00e1l\u00f3val \u00e9s 0%\/2%\/3%\/5% nikotinopci\u00f3kkal marad egyszer\u0171. K\u00f6z\u00e9pkateg\u00f3ri\u00e1s v\u00e1laszt\u00e1s, amely sz\u00e9pen elf\u00e9r a bel\u00e9p\u0151 modellek \u00e9s a nagyobb kapacit\u00e1s\u00fa darabok k\u00f6z\u00f6tt. \u26a1<\/p>\n","protected":false},"featured_media":18290,"comment_status":"open","ping_status":"closed","template":"","meta":[],"product_brand":[],"product_cat":[495,738],"product_tag":[],"class_list":{"0":"post-98873","1":"product","2":"type-product","3":"status-publish","4":"has-post-thumbnail","6":"product_cat-40000-szivas-eldobhato-vape-hu","7":"product_cat-bang-hu","9":"first","10":"instock","11":"shipping-taxable","12":"purchasable","13":"product-type-variable","14":"has-default-attributes"},"tiered_pricing_type":"fixed","tiered_pricing_fixed_rules":{"30":8.1500000000000003552713678800500929355621337890625,"50":7.28000000000000024868995751603506505489349365234375,"100":6.54000000000000003552713678800500929355621337890625,"200":6.1699999999999999289457264239899814128875732421875,"400":5.61000000000000031974423109204508364200592041015625},"tiered_pricing_product_settings":{"layout":"default","base_unit_name":{"singular":null,"plural":null},"default_variation":null},"tiered_pricing_minimum_quantity":10,"tiered_pricing_roles_data":[],"tiered_pricing_percentage_rules":[],"tiered_pricing_maximum_quantity":null,"tiered_pricing_quantity_step":"10","_links":{"self":[{"href":"https:\/\/holavape.com\/hu\/wp-json\/wp\/v2\/product\/98873","targetHints":{"allow":["GET"]}}],"collection":[{"href":"https:\/\/holavape.com\/hu\/wp-json\/wp\/v2\/product"}],"about":[{"href":"https:\/\/holavape.com\/hu\/wp-json\/wp\/v2\/types\/product"}],"replies":[{"embeddable":true,"href":"https:\/\/holavape.com\/hu\/wp-json\/wp\/v2\/comments?post=98873"}],"wp:featuredmedia":[{"embeddable":true,"href":"https:\/\/holavape.com\/hu\/wp-json\/wp\/v2\/media\/18290"}],"wp:attachment":[{"href":"https:\/\/holavape.com\/hu\/wp-json\/wp\/v2\/media?parent=98873"}],"wp:term":[{"taxonomy":"product_brand","embeddable":true,"href":"https:\/\/holavape.com\/hu\/wp-json\/wp\/v2\/product_brand?post=98873"},{"taxonomy":"product_cat","embeddable":true,"href":"https:\/\/holavape.com\/hu\/wp-json\/wp\/v2\/product_cat?post=98873"},{"taxonomy":"product_tag","embeddable":true,"href":"https:\/\/holavape.com\/hu\/wp-json\/wp\/v2\/product_tag?post=98873"}],"curies":[{"name":"wp","href":"https:\/\/api.w.org\/{rel}","templated":true}]}}