{"id":104745,"date":"2025-06-27T08:53:25","date_gmt":"2025-06-27T08:53:25","guid":{"rendered":"https:\/\/holavape.com\/product\/bang-leader-80k\/"},"modified":"2026-04-05T02:00:35","modified_gmt":"2026-04-05T02:00:35","slug":"bang-leader-80k","status":"publish","type":"product","link":"https:\/\/holavape.com\/it\/prodotto\/bang-leader-80k\/","title":{"rendered":"Bang Leader 80K vape usa e getta 3 in 1 &#8211; 80.000 tiri per grossisti"},"content":{"rendered":"<h2>Bang Leader 80K \u2014 80.000 tiri Monouso Triplo Gusto<\/h2>\n<p>Bang Leader 80K racchiude tre gusti e 80.000 sbuffi in un&#8217;unica unit\u00e0 ricaricabile con bobine a doppia rete. Ci\u00f2 lo colloca al vertice della nostra gamma multigusto in termini di capacit\u00e0 grezza: solo il <a href=\"https:\/\/holavape.com\/it\/prodotto\/bang-king-250k\/\">Bang Re 250K<\/a> E <a href=\"https:\/\/holavape.com\/it\/prodotto\/bang-leader-stoll-300k-svapo-usa-e-getta-6-in-1-300k-tiri-allingrosso\/\">Bang Leader Stoccaggio 300K<\/a> offrono pi\u00f9 sbuffi e questi sono rispettivamente dispositivi 4 in 1 e 6 in 1. Per i negozi che desiderano specificamente un formato a triplo sapore, questa \u00e8 l&#8217;opzione con il tiro pi\u00f9 alto disponibile.<\/p>\n<p>Il marchio Bang gode di un solido riconoscimento nei mercati europei, in particolare in Spagna, Regno Unito, Germania e Francia. Bang Leader 80K funziona bene come prodotto di livello medio-alto insieme ai dispositivi a sapore singolo: offre ai clienti l&#8217;esperienza multisapore senza passare ai modelli 4 in 1 o 8 in 1 pi\u00f9 grandi (e pi\u00f9 costosi). La gamma di nicotina 0%\/2%\/3%\/5% la rende inoltre flessibile per diversi ambienti normativi.<\/p>\n<table>\n<thead>\n<tr>\n<th>Spec<\/th>\n<th>Dettaglio<\/th>\n<\/tr>\n<\/thead>\n<tbody>\n<tr>\n<td>tiri conteggio<\/td>\n<td>Fino a 80.000<\/td>\n<\/tr>\n<tr>\n<td>Sistema di sapori<\/td>\n<td>3-in-1 (cambio triplo sapore)<\/td>\n<\/tr>\n<tr>\n<td>Capacit\u00e0 dell&#8217;e-liquid<\/td>\n<td>Contattaci per i ml esatti per serbatoio<\/td>\n<\/tr>\n<tr>\n<td>Batteria<\/td>\n<td>Ricaricabile da 850 mAh (tipo C)<\/td>\n<\/tr>\n<tr>\n<td>Bobina<\/td>\n<td>Bobina a doppia rete<\/td>\n<\/tr>\n<tr>\n<td>Punti di forza della nicotina<\/td>\n<td>0%, 2%, 3%, 5%<\/td>\n<\/tr>\n<tr>\n<td>Confezione<\/td>\n<td>10 pezzi\/scatola<\/td>\n<\/tr>\n<\/tbody>\n<\/table>\n<h3>Set di aromi<\/h3>\n<p>Ogni unit\u00e0 viene fornita con tre gusti precaricati. I migliori set da immagazzinare per primi: Ghiaccio all&#8217;anguria + Mango alla fragola + Banana e Anguria alla fragola + Ghiaccio all&#8217;uva + Caramelle arcobaleno: entrambi si appoggiano a profili di frutta ghiacciata che sono venditori comprovati in tutta Europa.<\/p>\n<p><strong>Combinazioni frutta + ghiaccio (scommesse sicure):<\/strong> Ghiaccio all&#8217;anguria + Mango alla fragola + Banana: un set pulito e mainstream. Blueberry Ice + Black Dragon Ice + Mango Peach: la nota del frutto del drago aggiunge distinzione. Ghiaccio al mirtillo + Banana alla fragola + Frutti di bosco misti: set di frutti di bosco, ampio appeal. Kiwi Guava + Lychee Ice + Mango Peach Ananas &#8211; pesante tropicale, si muove bene nei mesi pi\u00f9 caldi e nei mercati dell&#8217;Europa meridionale.<\/p>\n<p><strong>Set di frutta mista e caramelle:<\/strong> Anguria alla fragola + Ghiaccio all&#8217;uva + Caramella arcobaleno: il ghiaccio all&#8217;uva \u00e8 il punto forte di questo set, particolarmente forte in Spagna e Italia. Mirtillo Anguria + Fragola Mango + Ribes nero: il ribes nero \u00e8 popolare nel Nord Europa. Lampone Mojito Pesca Ice + Fragola Anguria + Kiwi Frutto della passione Guava: la nota mojito fa risaltare questo set. Kiwi Fragola + Ghiaccio Alla Pesca + Cherry Cola: il sapore della Cherry Cola unisce i gusti fruttati e quelli ispirati alle bevande.<\/p>\n<p><strong>Set ispirati ai drink e pi\u00f9 audaci:<\/strong> Cola Ice + Mirtillo Lampone + Pesca Mango Anguria: il ghiaccio alla cola piace a un pubblico specifico, abbinalo a set pi\u00f9 sicuri. Red Bull + Mirtillo Anguria + Mela Pera: il gusto della bevanda energetica attira gli acquirenti pi\u00f9 giovani. Red Bull + Caramelle all&#8217;anguria + Gelato alla fragola: l&#8217;elemento dessert rende questo set pi\u00f9 di nicchia, prova prima in piccolo. Ghiaccio di avocado + lime al limone + lampone all&#8217;anguria: l&#8217;avocado \u00e8 un sapore insolito che sta guadagnando seguito in alcuni mercati, ma \u00e8 un rischio; azioni in modo conservativo.<\/p>\n<h3>Spedizione e ordinazione<\/h3>\n<p>Bang Leader 80K spedisce dalla Cina con tempi di consegna tipici di 10-15 giorni lavorativi verso destinazioni europee. L&#8217;ordine minimo \u00e8 di 10 unit\u00e0 con prezzi scaglionati da 30+ e 100+ quantit\u00e0: mescola set di aromi in un unico ordine. Le opzioni di nicotina includono 0%, 2%, 3% e 5%; per i mercati UE, 0% e 2% sono le scelte standard. Le opzioni del 3% e del 5% sono rilevanti per gli acquirenti del Regno Unito e per i mercati extra-UE dove sono consentite concentrazioni pi\u00f9 elevate: controlla le normative locali prima di effettuare lo stoccaggio. <a href=\"https:\/\/holavape.com\/it\/contattaci\/\">Contattaci<\/a> per l&#8217;esatta capacit\u00e0 di e-liquid per serbatoio, dimensioni del cartone e prezzo in volume.<\/p>\n","protected":false},"excerpt":{"rendered":"<p>Bang Leader 80K porta 80.000 puff, commutazione a triplo gusto, dual mesh coil e 12 combinazioni di gusto preimpostate con nicotina 0%\/2%\/3%\/5%. Confezionato da 10 pezzi per box, \u00e8 un 3-in-1 ad alta capacit\u00e0 che si muove bene all&#8217;ingrosso. \ud83e\udde9<\/p>\n","protected":false},"featured_media":456,"comment_status":"open","ping_status":"closed","template":"","meta":[],"product_brand":[],"product_cat":[734],"product_tag":[],"class_list":{"0":"post-104745","1":"product","2":"type-product","3":"status-publish","4":"has-post-thumbnail","6":"product_cat-bang-it","8":"first","9":"instock","10":"shipping-taxable","11":"purchasable","12":"product-type-variable","13":"has-default-attributes"},"tiered_pricing_type":"fixed","tiered_pricing_fixed_rules":{"30":7.4000000000000003552713678800500929355621337890625,"50":6.29000000000000003552713678800500929355621337890625,"100":5.42999999999999971578290569595992565155029296875,"200":5.05999999999999960920149533194489777088165283203125,"400":4.5},"tiered_pricing_product_settings":{"layout":"default","base_unit_name":{"singular":null,"plural":null},"default_variation":null},"tiered_pricing_minimum_quantity":10,"tiered_pricing_roles_data":[],"tiered_pricing_percentage_rules":[],"tiered_pricing_maximum_quantity":null,"tiered_pricing_quantity_step":"10","_links":{"self":[{"href":"https:\/\/holavape.com\/it\/wp-json\/wp\/v2\/product\/104745","targetHints":{"allow":["GET"]}}],"collection":[{"href":"https:\/\/holavape.com\/it\/wp-json\/wp\/v2\/product"}],"about":[{"href":"https:\/\/holavape.com\/it\/wp-json\/wp\/v2\/types\/product"}],"replies":[{"embeddable":true,"href":"https:\/\/holavape.com\/it\/wp-json\/wp\/v2\/comments?post=104745"}],"wp:featuredmedia":[{"embeddable":true,"href":"https:\/\/holavape.com\/it\/wp-json\/wp\/v2\/media\/456"}],"wp:attachment":[{"href":"https:\/\/holavape.com\/it\/wp-json\/wp\/v2\/media?parent=104745"}],"wp:term":[{"taxonomy":"product_brand","embeddable":true,"href":"https:\/\/holavape.com\/it\/wp-json\/wp\/v2\/product_brand?post=104745"},{"taxonomy":"product_cat","embeddable":true,"href":"https:\/\/holavape.com\/it\/wp-json\/wp\/v2\/product_cat?post=104745"},{"taxonomy":"product_tag","embeddable":true,"href":"https:\/\/holavape.com\/it\/wp-json\/wp\/v2\/product_tag?post=104745"}],"curies":[{"name":"wp","href":"https:\/\/api.w.org\/{rel}","templated":true}]}}