{"id":104895,"date":"2025-06-27T11:22:50","date_gmt":"2025-06-27T11:22:50","guid":{"rendered":"https:\/\/holavape.com\/product\/vopk-triple-60000\/"},"modified":"2026-04-05T01:59:59","modified_gmt":"2026-04-05T01:59:59","slug":"vopk-triple-60000","status":"publish","type":"product","link":"https:\/\/holavape.com\/it\/prodotto\/vopk-triple-60000\/","title":{"rendered":"Vopk Triple 60000 vape usa e getta 3 in 1 &#8211; tre gusti per grossisti"},"content":{"rendered":"<h2>Vopk Triplo 60000 \u2014 60.000 tiri Aroma 3 in 1 monouso<\/h2>\n<p>Vopk Triple 60000 mette tre serbatoi di aromi separati in un unico dispositivo, ciascuno con la propria bobina a rete. Ci\u00f2 significa che i clienti ottengono un vero e proprio cambio di sapore: non succo miscelato, ma tre profili distinti tra cui possono ruotare. \u00c8 un formato che sta guadagnando terreno nei mercati europei, in particolare in Spagna, Germania e Paesi Bassi, dove i negozi stanno cercando di immagazzinare meno SKU senza ridurre la variet\u00e0 di sapori.<\/p>\n<p>Con un totale di 60.000 sbuffi, si colloca nella stessa gamma di capacit\u00e0 dei modelli simili <a href=\"https:\/\/holavape.com\/it\/prodotto\/waspe-bar-60k\/\">WASPE Barra 60K<\/a> ma con l&#8217;aggiunta dell&#8217;angolo multi-sapore. Se il tuo negozio dispone gi\u00e0 di dispositivi 60K monogusto, Vopk Triple 60000 funziona bene come opzione step-up per i clienti che desiderano di pi\u00f9 da un&#8217;unit\u00e0. Compete anche con il <a href=\"https:\/\/holavape.com\/it\/prodotto\/bang-legend-geek-60k\/\">Bang Legend Geek 60K<\/a> sul conteggio dei puff, ma si differenzia con il formato a triplo sapore.<\/p>\n<table>\n<thead>\n<tr>\n<th>Spec<\/th>\n<th>Dettaglio<\/th>\n<\/tr>\n<\/thead>\n<tbody>\n<tr>\n<td>tiri conteggio<\/td>\n<td>Fino a 60.000<\/td>\n<\/tr>\n<tr>\n<td>Sistema di sapori<\/td>\n<td>3-in-1 (tre serbatoi separati)<\/td>\n<\/tr>\n<tr>\n<td>Capacit\u00e0 dell&#8217;e-liquid<\/td>\n<td>54 ml totali (18 ml per serbatoio)<\/td>\n<\/tr>\n<tr>\n<td>Batteria<\/td>\n<td>Ricaricabile da 650 mAh (tipo C)<\/td>\n<\/tr>\n<tr>\n<td>Bobina<\/td>\n<td>Bobine mesh triple da 0,9\u03a9<\/td>\n<\/tr>\n<tr>\n<td>Punti di forza della nicotina<\/td>\n<td>2%, 5%<\/td>\n<\/tr>\n<tr>\n<td>Display<\/td>\n<td>Schermo LED (livelli batteria e liquido elettronico)<\/td>\n<\/tr>\n<tr>\n<td>Confezione<\/td>\n<td>Contattaci per i dettagli sul cartone<\/td>\n<\/tr>\n<\/tbody>\n<\/table>\n<h3>Set di aromi<\/h3>\n<p>Ogni unit\u00e0 viene fornita con tre gusti precaricati. I migliori set da tenere in stock per primi: il set Ghiaccio all&#8217;anguria \/ Gelato triplo al melone \/ Gelato alla fragola e il set Ghiaccio all&#8217;uva \/ Kiwi alla fragola \/ Anguria Red Bull: si basano sui profili di frutta ghiacciata che vengono venduti costantemente in tutta Europa.<\/p>\n<p><strong>Set di frutta ghiacciata (scommesse sicure):<\/strong> Gelato all&#8217;anguria e gelato al triplo melone e gelato alla fragola: i classici frutti ghiacciati che si muovono in ogni mercato. Ghiaccio all&#8217;uva e fragole, kiwi e anguria Red Bull: il ghiaccio all&#8217;uva \u00e8 forte nell&#8217;Europa meridionale e il sapore Red Bull aggiunge variet\u00e0. Fragola, Anguria, Mirtillo, Lampone e Limone, Lime: un mix di frutta a tutto tondo con equilibrio di agrumi.<\/p>\n<p><strong>Allegati di frutta tropicale e mista:<\/strong> Fragola Banana &amp; Lampone Anguria &amp; Ananas Cocco: la nota di cocco conferisce a questo set un tocco estivo, si muove meglio nei mesi pi\u00f9 caldi. Kiwi Frutto della Passione &amp; Fragola Ciliegia &amp; Love 66 \u2014 Love 66 \u00e8 un classico sapore adiacente al tabacco, quindi questo set unisce i gusti fruttati e tradizionali. Double Apple Ice &amp; Tropical Fruit &amp; Strawberry Watermelon Bubblegum: Double Apple ha un pubblico dedicato, soprattutto nei mercati influenzati dallo shisha.<\/p>\n<p><strong>Set pi\u00f9 audaci\/ispirati ai drink:<\/strong> Ananas al mango acido e Red Bull Ghiaccio alla fragola e ribes nero: il ghiaccio al ribes nero \u00e8 sottovalutato nei mercati del Nord Europa. Banana Ananas e Red Bull Ghiaccio e Mango Fragola: i gusti delle bevande energetiche attirano gli acquirenti pi\u00f9 giovani, abbina questo set a quelli ad alto contenuto di frutta. Orsetto gommoso e coca cola alla fragola e vaniglia e zucchero filato ai mirtilli: il set di caramelle, che vale la pena provare prima in piccole quantit\u00e0.<\/p>\n<p><strong>Combinazione di bacche e frutta:<\/strong> Pesca Berry &amp; Blue Raspberry Ice &amp; Watermelon Peach Mango: il blue razz \u00e8 uno dei gusti di vaporizzatore usa e getta pi\u00f9 ricercati in Europa, rendendo questo set facile da vendere.<\/p>\n<h3>Spedizione e ordinazione<\/h3>\n<p>Vopk Triple 60000 spedizioni dalla Cina con tempi di consegna tipici di 10-15 giorni lavorativi verso destinazioni europee. L&#8217;ordine minimo \u00e8 di 10 unit\u00e0, con prezzi scaglionati da 30+ e 100+ quantit\u00e0: mescola set di aromi in un unico ordine. Le opzioni di nicotina sono al 2% e al 5%; per i mercati dell\u2019UE, il 2% \u00e8 lo stock pi\u00f9 sicuro poich\u00e9 diversi paesi limitano concentrazioni pi\u00f9 elevate ai sensi delle normative adiacenti al TPD. <a href=\"https:\/\/holavape.com\/it\/contattaci\/\">Contattaci<\/a> per le dimensioni e il peso esatti del cartone se hai bisogno di preventivi di trasporto.<\/p>\n","protected":false},"excerpt":{"rendered":"<p>Vopk Triple 60000 porta 60.000 puff, commutazione 3-in-1, triple mesh coil da 0.9\u03a9 e 54ml di e-liquid in un solo multi-gusto. Un modo pratico per offrire tre gusti senza aggiungere altri SKU. \ud83c\udf08<\/p>\n","protected":false},"featured_media":830,"comment_status":"open","ping_status":"closed","template":"","meta":[],"product_brand":[],"product_cat":[852],"product_tag":[],"class_list":{"0":"post-104895","1":"product","2":"type-product","3":"status-publish","4":"has-post-thumbnail","6":"product_cat-vopk-it","8":"first","9":"instock","10":"shipping-taxable","11":"purchasable","12":"product-type-variable","13":"has-default-attributes"},"tiered_pricing_type":"fixed","tiered_pricing_fixed_rules":{"30":7.9000000000000003552713678800500929355621337890625,"50":7.03000000000000024868995751603506505489349365234375,"100":6.29000000000000003552713678800500929355621337890625,"200":5.9199999999999999289457264239899814128875732421875,"400":4.62999999999999989341858963598497211933135986328125},"tiered_pricing_product_settings":{"layout":"default","base_unit_name":{"singular":null,"plural":null},"default_variation":null},"tiered_pricing_minimum_quantity":10,"tiered_pricing_roles_data":[],"tiered_pricing_percentage_rules":[],"tiered_pricing_maximum_quantity":null,"tiered_pricing_quantity_step":"10","_links":{"self":[{"href":"https:\/\/holavape.com\/it\/wp-json\/wp\/v2\/product\/104895","targetHints":{"allow":["GET"]}}],"collection":[{"href":"https:\/\/holavape.com\/it\/wp-json\/wp\/v2\/product"}],"about":[{"href":"https:\/\/holavape.com\/it\/wp-json\/wp\/v2\/types\/product"}],"replies":[{"embeddable":true,"href":"https:\/\/holavape.com\/it\/wp-json\/wp\/v2\/comments?post=104895"}],"wp:featuredmedia":[{"embeddable":true,"href":"https:\/\/holavape.com\/it\/wp-json\/wp\/v2\/media\/830"}],"wp:attachment":[{"href":"https:\/\/holavape.com\/it\/wp-json\/wp\/v2\/media?parent=104895"}],"wp:term":[{"taxonomy":"product_brand","embeddable":true,"href":"https:\/\/holavape.com\/it\/wp-json\/wp\/v2\/product_brand?post=104895"},{"taxonomy":"product_cat","embeddable":true,"href":"https:\/\/holavape.com\/it\/wp-json\/wp\/v2\/product_cat?post=104895"},{"taxonomy":"product_tag","embeddable":true,"href":"https:\/\/holavape.com\/it\/wp-json\/wp\/v2\/product_tag?post=104895"}],"curies":[{"name":"wp","href":"https:\/\/api.w.org\/{rel}","templated":true}]}}