{"id":114014,"date":"2025-07-07T07:37:36","date_gmt":"2025-07-07T07:37:36","guid":{"rendered":"https:\/\/holavape.com\/product\/poco-pt-12k\/"},"modified":"2026-04-05T01:59:14","modified_gmt":"2026-04-05T01:59:14","slug":"poco-pt-12k","status":"publish","type":"product","link":"https:\/\/holavape.com\/it\/prodotto\/poco-pt-12k\/","title":{"rendered":"POCO PT 12K Disposable Vape \u2014 Adjustable Airflow Wholesale"},"content":{"rendered":"<h2>POCO PT 12K \u2014 Flusso d&#8217;aria regolabile da 12.000 soffi monouso<\/h2>\n<p>POCO PT 12K \u00e8 un dispositivo usa e getta da 12.000 boccate con un serbatoio per e-liquid da 22 ml e flusso d&#8217;aria regolabile: leggermente pi\u00f9 succo della maggior parte dei dispositivi di questa gamma di boccate, il che significa che raggiunge effettivamente il numero di boccate nominale invece di asciugarsi presto. Il quadrante del flusso d&#8217;aria regolabile consente agli utenti finali di stringere o allentare l&#8217;aspirazione, rendendolo sufficientemente versatile sia per i vaporizzatori bocca-polmone che per i vapers polmonari diretti limitati.<\/p>\n<p>Questo modello si abbina bene con il <a href=\"https:\/\/holavape.com\/it\/prodotto\/poco-bl10000-vape-usa-e-getta-10-000-sbuffi-allingrosso\/\">POCO BL10000<\/a> come opzione incrementale nell&#8217;intervallo POCO. Se i tuoi clienti acquistano gi\u00e0 BL10000 e desiderano qualcosa con una capacit\u00e0 leggermente maggiore, PT 12K \u00e8 la naturale raccomandazione successiva. Inoltre compete direttamente con <a href=\"https:\/\/holavape.com\/it\/prodotto\/bang-king-12k\/\">Bang King 12K<\/a> allo stesso livello, offrendo ai negozi la possibilit\u00e0 di scegliere tra i due marchi. I distributori nei Paesi Bassi, in Francia e in Germania hanno ordinato ad entrambi di lasciare decidere al mercato.<\/p>\n<table>\n<thead>\n<tr>\n<th>Spec<\/th>\n<th>Dettaglio<\/th>\n<\/tr>\n<\/thead>\n<tbody>\n<tr>\n<td>Conteggio dei soffi<\/td>\n<td>Fino a 12.000<\/td>\n<\/tr>\n<tr>\n<td>Capacit\u00e0 dell&#8217;e-liquid<\/td>\n<td>22ml preriempito<\/td>\n<\/tr>\n<tr>\n<td>Batteria<\/td>\n<td>650mAh ricaricabile (USB-C)<\/td>\n<\/tr>\n<tr>\n<td>Flusso d&#8217;aria<\/td>\n<td>Regolabile<\/td>\n<\/tr>\n<tr>\n<td>Sistema di sapori<\/td>\n<td>Singolo sapore per dispositivo<\/td>\n<\/tr>\n<tr>\n<td>Gusti disponibili<\/td>\n<td>10<\/td>\n<\/tr>\n<\/tbody>\n<\/table>\n<h3>Sapori<\/h3>\n<p>I pi\u00f9 venduti da tenere in stock per primi: ghiaccio al mirtillo, anguria alla fragola, ghiaccio alla pesca e uva all&#8217;aloe.<\/p>\n<p><strong>Frutta ghiacciata:<\/strong> Blueberry Ice (top seller affidabile in tutti i mercati europei), Peach Ice e Strawberry Ice. Queste sono le scelte a basso rischio per qualsiasi primo ordine.<\/p>\n<p><strong>Miscele di frutta:<\/strong> Anguria alla fragola (preferita perenne), kiwi alla fragola, lampone al mirtillo e limonata alla pesca e ciliegia (agrumi, leggermente diversi dalle tipiche opzioni a base di frutti di bosco).<\/p>\n<p><strong>Altri profili:<\/strong> Aloe Grape (un sapore caratteristico POCO: l&#8217;aloe ammorbidisce l&#8217;uva e le conferisce un gusto caratteristico), Energy Drink (in stile Red Bull, fascia demografica pi\u00f9 giovane) e Black Ice Dragon Fruit Strawberry (miscela di dragonfruit ghiacciato, di nicchia ma ha i suoi fan).<\/p>\n<p>Con solo 10 gusti, la formazione \u00e8 focalizzata. Conserva prima la frutta ghiacciata e le miscele di pomacee, quindi aggiungi i gusti speciali in base alla tua base di clienti.<\/p>\n<h3>Spedizione e ordinazione<\/h3>\n<p>POCO PT 12K spedisce dalla Cina con consegna stimata in 10-15 giorni lavorativi verso le destinazioni europee. L&#8217;ordine minimo \u00e8 di 10 unit\u00e0 con prezzi scaglionati da 30+ e 100+ quantit\u00e0. \u00c8 possibile mescolare i gusti all&#8217;interno di un unico ordine.<\/p>\n<p>Se hai bisogno di indicazioni specifiche sul dosaggio della nicotina per il tuo mercato, <a href=\"https:\/\/holavape.com\/it\/contattaci\/\">contattaci<\/a> \u2014 possiamo consigliarvi quali punti di forza sono disponibili e cosa si muove meglio nel vostro paese.<\/p>\n","protected":false},"excerpt":{"rendered":"<p>POCO PT 12K porta 12.000 puff, 10 gusti, airflow regolabile e tank da 22ml in un corpo compatto. La batteria ricaricabile da 650mAh e la ricarica USB-C lo rendono una scelta pratica all&#8217;ingrosso. \u2699\ufe0f<\/p>\n","protected":false},"featured_media":1464,"comment_status":"open","ping_status":"closed","template":"","meta":[],"product_brand":[],"product_cat":[798,356,518,527,428,608,617,365,626,635,653,671,662,680,689,698,707,716,644,348],"product_tag":[],"class_list":{"0":"post-114014","1":"product","2":"type-product","3":"status-publish","4":"has-post-thumbnail","6":"product_cat-poco-it","7":"product_cat-tipi-di-vape-usa-e-getta-it","8":"product_cat-vape-con-molti-tiri-it","9":"product_cat-vape-ricaricabili-it","10":"product_cat-vape-usa-e-getta-12000-tiri-it","11":"product_cat-vape-usa-e-getta-in-austria-it","12":"product_cat-vape-usa-e-getta-in-belgio-it","13":"product_cat-vape-usa-e-getta-in-europa-it","14":"product_cat-vape-usa-e-getta-in-francia-it","15":"product_cat-vape-usa-e-getta-in-germania-it","16":"product_cat-vape-usa-e-getta-in-italia-it","17":"product_cat-vape-usa-e-getta-in-norvegia-it","18":"product_cat-vape-usa-e-getta-in-paesi-bassi-it","19":"product_cat-vape-usa-e-getta-in-polonia-it","20":"product_cat-vape-usa-e-getta-in-portogallo-it","21":"product_cat-vape-usa-e-getta-in-spagna-it","22":"product_cat-vape-usa-e-getta-in-svezia-it","23":"product_cat-vape-usa-e-getta-in-svizzera-it","24":"product_cat-vape-usa-e-getta-in-ungheria-it","25":"product_cat-vape-usa-e-getta-per-numero-di-tiri-it","27":"first","28":"instock","29":"shipping-taxable","30":"purchasable","31":"product-type-variable","32":"has-default-attributes"},"tiered_pricing_type":"fixed","tiered_pricing_fixed_rules":{"100":7.69000000000000039079850466805510222911834716796875,"400":7.160000000000000142108547152020037174224853515625,"1000":6.69000000000000039079850466805510222911834716796875},"tiered_pricing_product_settings":{"layout":"default","base_unit_name":{"singular":null,"plural":null},"default_variation":null},"tiered_pricing_minimum_quantity":50,"tiered_pricing_roles_data":[],"tiered_pricing_percentage_rules":[],"tiered_pricing_maximum_quantity":null,"tiered_pricing_quantity_step":"10","_links":{"self":[{"href":"https:\/\/holavape.com\/it\/wp-json\/wp\/v2\/product\/114014","targetHints":{"allow":["GET"]}}],"collection":[{"href":"https:\/\/holavape.com\/it\/wp-json\/wp\/v2\/product"}],"about":[{"href":"https:\/\/holavape.com\/it\/wp-json\/wp\/v2\/types\/product"}],"replies":[{"embeddable":true,"href":"https:\/\/holavape.com\/it\/wp-json\/wp\/v2\/comments?post=114014"}],"wp:featuredmedia":[{"embeddable":true,"href":"https:\/\/holavape.com\/it\/wp-json\/wp\/v2\/media\/1464"}],"wp:attachment":[{"href":"https:\/\/holavape.com\/it\/wp-json\/wp\/v2\/media?parent=114014"}],"wp:term":[{"taxonomy":"product_brand","embeddable":true,"href":"https:\/\/holavape.com\/it\/wp-json\/wp\/v2\/product_brand?post=114014"},{"taxonomy":"product_cat","embeddable":true,"href":"https:\/\/holavape.com\/it\/wp-json\/wp\/v2\/product_cat?post=114014"},{"taxonomy":"product_tag","embeddable":true,"href":"https:\/\/holavape.com\/it\/wp-json\/wp\/v2\/product_tag?post=114014"}],"curies":[{"name":"wp","href":"https:\/\/api.w.org\/{rel}","templated":true}]}}