{"id":126833,"date":"2026-04-17T06:39:45","date_gmt":"2026-04-17T06:39:45","guid":{"rendered":"https:\/\/holavape.com\/product\/mr-goodie-adjust-flavor-king-60k-disposable-vape\/"},"modified":"2026-04-21T08:10:06","modified_gmt":"2026-04-21T08:10:06","slug":"mr-goodie-adjust-flavor-king-60k-disposable-vape","status":"publish","type":"product","link":"https:\/\/holavape.com\/it\/prodotto\/mr-goodie-adjust-flavor-king-60k-disposable-vape\/","title":{"rendered":"Mr.Goodie Adjust Flavor King 60K | 60000 tiri, triple-cambio di gusto, vape usa e getta all&#8217;ingrosso"},"content":{"rendered":"<h2>Mr.Goodie Adjust Flavor King 60K Disposable Vape Panoramica<\/h2>\n<p>Mr.Goodie Adjust Flavor King 60K Disposable Vape \u00e8 un vaporizzatore usa e getta ad alta capacit\u00e0 creato per gli acquirenti all&#8217;ingrosso che necessitano di prestazioni pi\u00f9 durature in un formato semplice. Unisce 60.000 sbuffi e 10 gusti in un formato facile da posizionare sugli scaffali dei negozi al dettaglio e per gli ordini all&#8217;ingrosso.<\/p>\n<p>La gamma di gusti comprende 10 gusti, aiutando questo modello a adattarsi perfettamente agli assortimenti usa e getta di frutta, ghiaccio, caramelle e a profilo misto.<\/p>\n<h2>Punti salienti<\/h2>\n<ul>\n<li><strong>60.000 sbuffi<\/strong> per un formato del dispositivo pi\u00f9 duraturo<\/li>\n<li><strong>10 gusti<\/strong> per coprire una gamma di sapori pi\u00f9 ampia<\/li>\n<li><strong>2% \/ 5%<\/strong> opzioni di nicotina per soddisfare le diverse esigenze del mercato<\/li>\n<\/ul>\n<h2>Specifiche<\/h2>\n<table>\n<tbody>\n<tr>\n<td><strong>Nome del prodotto<\/strong><\/td>\n<td>Mr.Goodie Adjust Flavor King 60K Disposable Vape<\/td>\n<\/tr>\n<tr>\n<td><strong>Conteggio dei soffi<\/strong><\/td>\n<td>60.000 sbuffi<\/td>\n<\/tr>\n<tr>\n<td><strong>Opzioni di sapore<\/strong><\/td>\n<td>10 gusti<\/td>\n<\/tr>\n<tr>\n<td><strong>Forza della nicotina<\/strong><\/td>\n<td>2% \/ 5%<\/td>\n<\/tr>\n<\/tbody>\n<\/table>\n<h2>Opzioni di sapore<\/h2>\n<p>Le opzioni di gusto disponibili includono ghiaccio all&#8217;anguria e gomma da masticare e gomma da masticare all&#8217;anguria, ghiaccio alla pesca succosa e ghiaccio alla cola e ghiaccio alla pesca-cola, lampone blu e ciliegia al limone e lampone blu alla ciliegia e limone, fragola e anguria e fragola anguria, mela verde e uva e mela verde, limone e caramella arcobaleno e caramella arcobaleno al limone, Miami Mint e limone e menta al limone, ananas e cocco e ghiaccio energetico e bevanda energetica al cocco e altro ancora. Ci\u00f2 aiuta Mr.Goodie Adjustment Flavour King 60K ad adattarsi a un mix pi\u00f9 ampio di assortimenti di vaporizzatori usa e getta di frutta, ghiaccio, caramelle e dolci.<\/p>\n","protected":false},"excerpt":{"rendered":"<p>60000 tiri, triple-cambio di gusto \u2014 Mr.Goodie Adjust Flavor King 60K disponibile all&#8217;ingrosso da 10 unit\u00e0, ideale per negozi e rivenditori europei.<\/p>\n","protected":false},"featured_media":122837,"comment_status":"open","ping_status":"closed","template":"","meta":[],"product_brand":[],"product_cat":[771,635,653,680,698,644],"product_tag":[],"class_list":{"0":"post-126833","1":"product","2":"type-product","3":"status-publish","4":"has-post-thumbnail","6":"product_cat-mr-goodie-it","7":"product_cat-vape-usa-e-getta-in-germania-it","8":"product_cat-vape-usa-e-getta-in-italia-it","9":"product_cat-vape-usa-e-getta-in-polonia-it","10":"product_cat-vape-usa-e-getta-in-spagna-it","11":"product_cat-vape-usa-e-getta-in-ungheria-it","13":"first","14":"instock","15":"shipping-taxable","16":"purchasable","17":"product-type-variable","18":"has-default-attributes"},"tiered_pricing_type":"fixed","tiered_pricing_fixed_rules":[],"tiered_pricing_product_settings":{"layout":"default","base_unit_name":{"singular":null,"plural":null},"default_variation":null},"tiered_pricing_minimum_quantity":1000,"tiered_pricing_roles_data":[],"tiered_pricing_percentage_rules":[],"tiered_pricing_maximum_quantity":null,"tiered_pricing_quantity_step":"10","_links":{"self":[{"href":"https:\/\/holavape.com\/it\/wp-json\/wp\/v2\/product\/126833","targetHints":{"allow":["GET"]}}],"collection":[{"href":"https:\/\/holavape.com\/it\/wp-json\/wp\/v2\/product"}],"about":[{"href":"https:\/\/holavape.com\/it\/wp-json\/wp\/v2\/types\/product"}],"replies":[{"embeddable":true,"href":"https:\/\/holavape.com\/it\/wp-json\/wp\/v2\/comments?post=126833"}],"wp:featuredmedia":[{"embeddable":true,"href":"https:\/\/holavape.com\/it\/wp-json\/wp\/v2\/media\/122837"}],"wp:attachment":[{"href":"https:\/\/holavape.com\/it\/wp-json\/wp\/v2\/media?parent=126833"}],"wp:term":[{"taxonomy":"product_brand","embeddable":true,"href":"https:\/\/holavape.com\/it\/wp-json\/wp\/v2\/product_brand?post=126833"},{"taxonomy":"product_cat","embeddable":true,"href":"https:\/\/holavape.com\/it\/wp-json\/wp\/v2\/product_cat?post=126833"},{"taxonomy":"product_tag","embeddable":true,"href":"https:\/\/holavape.com\/it\/wp-json\/wp\/v2\/product_tag?post=126833"}],"curies":[{"name":"wp","href":"https:\/\/api.w.org\/{rel}","templated":true}]}}