{"id":126993,"date":"2026-04-17T06:42:31","date_gmt":"2026-04-17T06:42:31","guid":{"rendered":"https:\/\/holavape.com\/product\/qq-bang-180k-disposable-vape\/"},"modified":"2026-04-19T14:56:30","modified_gmt":"2026-04-19T14:56:30","slug":"qq-bang-180k-disposable-vape","status":"publish","type":"product","link":"https:\/\/holavape.com\/it\/prodotto\/qq-bang-180k-disposable-vape\/","title":{"rendered":"QQ Bang 180K vape usa e getta"},"content":{"rendered":"<h2>QQ Bang 180K Disposable Vape Panoramica<\/h2>\n<p>QQ Bang 180K Disposable Vape \u00e8 un vaporizzatore usa e getta multi-gusto creato per gli acquirenti all&#8217;ingrosso che necessitano di pi\u00f9 variet\u00e0 di sapori in un unico dispositivo. Combina 180.000 erogazioni, e-liquid da 60 ml e bobina a rete in un formato facile da posizionare per gli scaffali dei negozi al dettaglio e gli ordini all&#8217;ingrosso.<\/p>\n<p>La gamma di gusti comprende 13 gusti, aiutando questo modello a adattarsi perfettamente agli assortimenti usa e getta di frutta, ghiaccio, caramelle e a profilo misto.<\/p>\n<h2>Punti salienti<\/h2>\n<ul>\n<li><strong>180.000 sbuffi<\/strong> per un formato del dispositivo pi\u00f9 duraturo<\/li>\n<li><strong>Cambio di sapore 4 in 1<\/strong> per una maggiore variet\u00e0 senza SKU aggiuntivi<\/li>\n<li><strong>Liquido elettronico da 60 ml<\/strong> per supportare un numero maggiore di puff e un uso quotidiano pi\u00f9 lungo<\/li>\n<li><strong>bobina a rete<\/strong> per un sapore pi\u00f9 stabile e un vapore pi\u00f9 morbido<\/li>\n<li><strong>13 gusti<\/strong> per coprire una gamma di sapori pi\u00f9 ampia<\/li>\n<li><strong>2% \/ 5%<\/strong> opzioni di nicotina per soddisfare le diverse esigenze del mercato<\/li>\n<\/ul>\n<h2>Specifiche<\/h2>\n<table>\n<tbody>\n<tr>\n<td><strong>Nome del prodotto<\/strong><\/td>\n<td>QQ Bang 180K Disposable Vape<\/td>\n<\/tr>\n<tr>\n<td><strong>Conteggio dei soffi<\/strong><\/td>\n<td>180.000 sbuffi<\/td>\n<\/tr>\n<tr>\n<td><strong>Capacit\u00e0 dell&#8217;e-liquid<\/strong><\/td>\n<td>Liquido elettronico da 60 ml<\/td>\n<\/tr>\n<tr>\n<td><strong>Bobina<\/strong><\/td>\n<td>bobina a rete<\/td>\n<\/tr>\n<tr>\n<td><strong>Sistema di sapori<\/strong><\/td>\n<td>Cambio di sapore 4 in 1<\/td>\n<\/tr>\n<tr>\n<td><strong>Forza della nicotina<\/strong><\/td>\n<td>2% \/ 5%<\/td>\n<\/tr>\n<\/tbody>\n<\/table>\n<h2>Opzioni di sapore<\/h2>\n<p>Le opzioni di gusto disponibili includono Un sapore casuale (consegna veloce), Frutta tropicale \/ Pesca ghiacciata \/ Birilli \/ Fragola Anguria, Mango Pesca \/ Ghiaccio all&#8217;uva \/ Frutti di bosco misti \/ Mirtillo Red Bull, Ghiaccio anguria \/ Mela aloe \/ Lampone limone \/ Pesca mango anguria, Triplo mango \/ Mirtillo gelato \/ Ribes nero Ananas gelato \/ Pesca pera ghiaccio, Mirtillo Anguria \/ Ciliegia ghiaccio \/ Kiwi Frutto della passione Guava \/ Drago nero ghiaccio, Banana ghiaccio \/ Anguria Gomma da masticare \/ Uva al mirtillo \/ Aloe Mango Melone, Cappuccino \/ Ghiaccio all&#8217;ananas \/ Mirtillo Mirtillo Rosso Ciliegia \/ Anguria Dragon Fruit e altro ancora. Ci\u00f2 aiuta QQ Bang 180K a adattarsi a un mix pi\u00f9 ampio di assortimenti di vaporizzatori usa e getta di frutta, ghiaccio, caramelle e dolci.<\/p>\n","protected":false},"excerpt":{"rendered":"<p>QQ Bang 180000 offre 180.000 sbuffi, cambio di sapore 4 in 1, e-liquid da 60 ml e prestazioni della bobina a rete. Una valida scelta per i magazzini europei per gli acquirenti che desiderano pi\u00f9 variet\u00e0 in un unico dispositivo. \ud83c\udf08<\/p>\n","protected":false},"featured_media":122994,"comment_status":"open","ping_status":"closed","template":"","meta":[],"product_brand":[],"product_cat":[734,590,356,518,527,509,365,626,635,653,662,680,698,599],"product_tag":[934],"class_list":{"0":"post-126993","1":"product","2":"type-product","3":"status-publish","4":"has-post-thumbnail","6":"product_cat-bang-it","7":"product_cat-migliori-vape-usa-e-getta-it","8":"product_cat-tipi-di-vape-usa-e-getta-it","9":"product_cat-vape-con-molti-tiri-it","10":"product_cat-vape-ricaricabili-it","11":"product_cat-vape-usa-e-getta-100k-tiri-it","12":"product_cat-vape-usa-e-getta-in-europa-it","13":"product_cat-vape-usa-e-getta-in-francia-it","14":"product_cat-vape-usa-e-getta-in-germania-it","15":"product_cat-vape-usa-e-getta-in-italia-it","16":"product_cat-vape-usa-e-getta-in-paesi-bassi-it","17":"product_cat-vape-usa-e-getta-in-polonia-it","18":"product_cat-vape-usa-e-getta-in-spagna-it","19":"product_cat-vape-usa-e-getta-ricaricabili-economici-it","20":"product_tag-4-in-1-flavor-vape","22":"first","23":"instock","24":"shipping-taxable","25":"purchasable","26":"product-type-variable","27":"has-default-attributes"},"tiered_pricing_type":"fixed","tiered_pricing_fixed_rules":{"30":9.3800000000000007815970093361102044582366943359375,"50":7.79000000000000003552713678800500929355621337890625,"100":7.2599999999999997868371792719699442386627197265625,"200":6.5999999999999996447286321199499070644378662109375,"400":5.9900000000000002131628207280300557613372802734375},"tiered_pricing_product_settings":{"layout":"default","base_unit_name":{"singular":null,"plural":null},"default_variation":null},"tiered_pricing_minimum_quantity":10,"tiered_pricing_roles_data":[],"tiered_pricing_percentage_rules":[],"tiered_pricing_maximum_quantity":null,"tiered_pricing_quantity_step":"10","_links":{"self":[{"href":"https:\/\/holavape.com\/it\/wp-json\/wp\/v2\/product\/126993","targetHints":{"allow":["GET"]}}],"collection":[{"href":"https:\/\/holavape.com\/it\/wp-json\/wp\/v2\/product"}],"about":[{"href":"https:\/\/holavape.com\/it\/wp-json\/wp\/v2\/types\/product"}],"replies":[{"embeddable":true,"href":"https:\/\/holavape.com\/it\/wp-json\/wp\/v2\/comments?post=126993"}],"wp:featuredmedia":[{"embeddable":true,"href":"https:\/\/holavape.com\/it\/wp-json\/wp\/v2\/media\/122994"}],"wp:attachment":[{"href":"https:\/\/holavape.com\/it\/wp-json\/wp\/v2\/media?parent=126993"}],"wp:term":[{"taxonomy":"product_brand","embeddable":true,"href":"https:\/\/holavape.com\/it\/wp-json\/wp\/v2\/product_brand?post=126993"},{"taxonomy":"product_cat","embeddable":true,"href":"https:\/\/holavape.com\/it\/wp-json\/wp\/v2\/product_cat?post=126993"},{"taxonomy":"product_tag","embeddable":true,"href":"https:\/\/holavape.com\/it\/wp-json\/wp\/v2\/product_tag?post=126993"}],"curies":[{"name":"wp","href":"https:\/\/api.w.org\/{rel}","templated":true}]}}