{"id":127055,"date":"2026-04-17T06:40:29","date_gmt":"2026-04-17T06:40:29","guid":{"rendered":"https:\/\/holavape.com\/product\/waspe-40k-double-flavor-twins-disposable-vape\/"},"modified":"2026-04-21T08:10:06","modified_gmt":"2026-04-21T08:10:06","slug":"waspe-40k-double-flavor-twins-disposable-vape","status":"publish","type":"product","link":"https:\/\/holavape.com\/it\/prodotto\/waspe-40k-double-flavor-twins-disposable-vape\/","title":{"rendered":"WASPE 40K Double Flavor Twins | 40000 tiri, dual-cambio di gusto, doppio mesh, vape usa e getta all&#8217;ingrosso"},"content":{"rendered":"<h2>WASPE 40K Double Flavor Twins Disposable Vape Panoramica<\/h2>\n<p>WASPE 40K Double Flavor Twins Disposable Vape \u00e8 un vaporizzatore usa e getta multi-gusto creato per gli acquirenti all&#8217;ingrosso che necessitano di pi\u00f9 variet\u00e0 di sapori in un unico dispositivo. Combina 40.000 puff, e-liquid da 36 ml e bobine a doppia rete in un formato facile da posizionare per gli scaffali dei negozi al dettaglio e gli ordini all&#8217;ingrosso.<\/p>\n<p>La gamma di gusti comprende 18 gusti, aiutando questo modello a adattarsi perfettamente agli assortimenti usa e getta di frutta, ghiaccio, caramelle e a profilo misto.<\/p>\n<h2>Punti salienti<\/h2>\n<ul>\n<li><strong>40.000 sbuffi<\/strong> per un formato del dispositivo pi\u00f9 duraturo<\/li>\n<li><strong>Commutazione a doppio sapore<\/strong> per una maggiore variet\u00e0 senza SKU aggiuntivi<\/li>\n<li><strong>Liquido elettronico da 36 ml<\/strong> per supportare un numero maggiore di puff e un uso quotidiano pi\u00f9 lungo<\/li>\n<li><strong>bobine a doppia maglia<\/strong> per un sapore pi\u00f9 stabile e un vapore pi\u00f9 morbido<\/li>\n<li><strong>18 gusti<\/strong> per coprire una gamma di sapori pi\u00f9 ampia<\/li>\n<\/ul>\n<h2>Specifiche<\/h2>\n<table>\n<tbody>\n<tr>\n<td><strong>Nome del prodotto<\/strong><\/td>\n<td>WASPE 40K Double Flavor Twins Disposable Vape<\/td>\n<\/tr>\n<tr>\n<td><strong>Conteggio dei soffi<\/strong><\/td>\n<td>40.000 sbuffi<\/td>\n<\/tr>\n<tr>\n<td><strong>Capacit\u00e0 dell&#8217;e-liquid<\/strong><\/td>\n<td>Liquido elettronico da 36 ml<\/td>\n<\/tr>\n<tr>\n<td><strong>Bobina<\/strong><\/td>\n<td>bobine a doppia maglia<\/td>\n<\/tr>\n<tr>\n<td><strong>Sistema di sapori<\/strong><\/td>\n<td>commutazione a doppio sapore<\/td>\n<\/tr>\n<\/tbody>\n<\/table>\n<h2>Opzioni di sapore<\/h2>\n<p>Le opzioni di gusto disponibili includono ghiaccio all&#8217;anguria e limone lime, ghiaccio frizzante alla ciliegia e zucchero filato ai mirtilli, fragola, anguria e lampone ai mirtilli, ghiaccio alla pesca e ananas, mango e pesca, ghiaccio all&#8217;uva e kiwi alla fragola, frutti di bosco e doppio ghiaccio alla mela, limonata al lampone blu e gomma da masticare all&#8217;anguria, fragola, lampone, ciliegia e amore 666 e altro ancora. Ci\u00f2 aiuta i WASPE 40K Double Flavor Twins a adattarsi a un mix pi\u00f9 ampio di frutta, ghiaccio, caramelle e assortimenti di vaporizzatori usa e getta dal profilo dolce.<\/p>\n","protected":false},"excerpt":{"rendered":"<p>WASPE 40K Double Flavor Twins fa tornare i clienti: 40000 tiri, dual-cambio di gusto, doppio mesh. Disponibile all&#8217;ingrosso da 10 unit\u00e0.<\/p>\n","protected":false},"featured_media":122871,"comment_status":"open","ping_status":"closed","template":"","meta":[],"product_brand":[],"product_cat":[635,653,680,698,644,870],"product_tag":[1106],"class_list":{"0":"post-127055","1":"product","2":"type-product","3":"status-publish","4":"has-post-thumbnail","6":"product_cat-vape-usa-e-getta-in-germania-it","7":"product_cat-vape-usa-e-getta-in-italia-it","8":"product_cat-vape-usa-e-getta-in-polonia-it","9":"product_cat-vape-usa-e-getta-in-spagna-it","10":"product_cat-vape-usa-e-getta-in-ungheria-it","11":"product_cat-waspe-it","12":"product_tag-samples-for-trial-and-retail","14":"first","15":"instock","16":"shipping-taxable","17":"purchasable","18":"product-type-variable","19":"has-default-attributes"},"tiered_pricing_type":"fixed","tiered_pricing_fixed_rules":{"3":19.89999999999999857891452847979962825775146484375,"5":15.9000000000000003552713678800500929355621337890625},"tiered_pricing_product_settings":{"layout":"default","base_unit_name":{"singular":null,"plural":null},"default_variation":null},"tiered_pricing_minimum_quantity":null,"tiered_pricing_roles_data":[],"tiered_pricing_percentage_rules":[],"tiered_pricing_maximum_quantity":null,"tiered_pricing_quantity_step":null,"_links":{"self":[{"href":"https:\/\/holavape.com\/it\/wp-json\/wp\/v2\/product\/127055","targetHints":{"allow":["GET"]}}],"collection":[{"href":"https:\/\/holavape.com\/it\/wp-json\/wp\/v2\/product"}],"about":[{"href":"https:\/\/holavape.com\/it\/wp-json\/wp\/v2\/types\/product"}],"replies":[{"embeddable":true,"href":"https:\/\/holavape.com\/it\/wp-json\/wp\/v2\/comments?post=127055"}],"wp:featuredmedia":[{"embeddable":true,"href":"https:\/\/holavape.com\/it\/wp-json\/wp\/v2\/media\/122871"}],"wp:attachment":[{"href":"https:\/\/holavape.com\/it\/wp-json\/wp\/v2\/media?parent=127055"}],"wp:term":[{"taxonomy":"product_brand","embeddable":true,"href":"https:\/\/holavape.com\/it\/wp-json\/wp\/v2\/product_brand?post=127055"},{"taxonomy":"product_cat","embeddable":true,"href":"https:\/\/holavape.com\/it\/wp-json\/wp\/v2\/product_cat?post=127055"},{"taxonomy":"product_tag","embeddable":true,"href":"https:\/\/holavape.com\/it\/wp-json\/wp\/v2\/product_tag?post=127055"}],"curies":[{"name":"wp","href":"https:\/\/api.w.org\/{rel}","templated":true}]}}