{"id":127056,"date":"2026-04-17T06:41:08","date_gmt":"2026-04-17T06:41:08","guid":{"rendered":"https:\/\/holavape.com\/product\/happ-bar-gr100k-pro-disposable-vape\/"},"modified":"2026-04-21T08:10:06","modified_gmt":"2026-04-21T08:10:06","slug":"happ-bar-gr100k-pro-disposable-vape","status":"publish","type":"product","link":"https:\/\/holavape.com\/it\/prodotto\/happ-bar-gr100k-pro-disposable-vape\/","title":{"rendered":"Happ Bar GR100K Pro | 100000 tiri, 56ml e-liquid, resistenza mesh, 16 gusti, vape usa e getta all&#8217;ingrosso"},"content":{"rendered":"<h2>Happ Bar GR100K Pro Disposable Vape Panoramica<\/h2>\n<p>Happ Bar GR100K Pro Disposable Vape \u00e8 un vaporizzatore usa e getta ad alta capacit\u00e0 creato per gli acquirenti all&#8217;ingrosso che necessitano di prestazioni pi\u00f9 durature in un formato semplice. Combina 100.000 erogazioni, e-liquid da 56 ml e bobina a rete in un formato facile da posizionare per gli scaffali dei negozi al dettaglio e gli ordini all&#8217;ingrosso.<\/p>\n<p>La gamma di gusti comprende 16 gusti, aiutando questo modello a adattarsi perfettamente agli assortimenti usa e getta di frutta, ghiaccio, caramelle e a profilo misto.<\/p>\n<h2>Punti salienti<\/h2>\n<ul>\n<li><strong>100.000 sbuffi<\/strong> per un formato del dispositivo pi\u00f9 duraturo<\/li>\n<li><strong>Liquido elettronico da 56 ml<\/strong> per supportare un numero maggiore di puff e un uso quotidiano pi\u00f9 lungo<\/li>\n<li><strong>bobina a rete<\/strong> per un sapore pi\u00f9 stabile e un vapore pi\u00f9 morbido<\/li>\n<li><strong>16 gusti<\/strong> per coprire una gamma di sapori pi\u00f9 ampia<\/li>\n<li><strong>2% \/ 5%<\/strong> opzioni di nicotina per soddisfare le diverse esigenze del mercato<\/li>\n<\/ul>\n<h2>Specifiche<\/h2>\n<table>\n<tbody>\n<tr>\n<td><strong>Nome del prodotto<\/strong><\/td>\n<td>Happ Bar GR100K Pro Disposable Vape<\/td>\n<\/tr>\n<tr>\n<td><strong>Conteggio dei soffi<\/strong><\/td>\n<td>100.000 sbuffi<\/td>\n<\/tr>\n<tr>\n<td><strong>Capacit\u00e0 dell&#8217;e-liquid<\/strong><\/td>\n<td>Liquido elettronico da 56 ml<\/td>\n<\/tr>\n<tr>\n<td><strong>Bobina<\/strong><\/td>\n<td>bobina a rete<\/td>\n<\/tr>\n<tr>\n<td><strong>Opzioni di sapore<\/strong><\/td>\n<td>16 gusti<\/td>\n<\/tr>\n<tr>\n<td><strong>Forza della nicotina<\/strong><\/td>\n<td>2% \/ 5%<\/td>\n<\/tr>\n<\/tbody>\n<\/table>\n<h2>Opzioni di sapore<\/h2>\n<p>Le opzioni di gusto disponibili includono sapore misto casuale (consegna rapida), ghiaccio al cocco e melone, limonata rosa, grandine al limone, San Francisco, ghiaccio alla frutta tropicale, Blue Mountain, Love 66 e altro ancora. Ci\u00f2 aiuta Happ Bar GR100K Pro ad adattarsi a un mix pi\u00f9 ampio di assortimenti di vaporizzatori usa e getta di frutta, ghiaccio, caramelle e dolci.<\/p>\n","protected":false},"excerpt":{"rendered":"<p>Cerchi 100000 tiri? Happ Bar GR100K Pro consegna 56ml e-liquid e resistenza mesh. Disponibile all&#8217;ingrosso da 10 unit\u00e0.<\/p>\n","protected":false},"featured_media":122912,"comment_status":"open","ping_status":"closed","template":"","meta":[],"product_brand":[],"product_cat":[590,518,527,509,365,599],"product_tag":[223,229,230,252,1108,1109,1110,1111],"class_list":{"0":"post-127056","1":"product","2":"type-product","3":"status-publish","4":"has-post-thumbnail","6":"product_cat-migliori-vape-usa-e-getta-it","7":"product_cat-vape-con-molti-tiri-it","8":"product_cat-vape-ricaricabili-it","9":"product_cat-vape-usa-e-getta-100k-tiri-it","10":"product_cat-vape-usa-e-getta-in-europa-it","11":"product_cat-vape-usa-e-getta-ricaricabili-economici-it","12":"product_tag-100000-puffs-disposable-vape","13":"product_tag-100000-puffs-vape-wholesale","14":"product_tag-100k-disposable-vape","15":"product_tag-100k-puffs-vape","16":"product_tag-happ-bar","17":"product_tag-happ-bar-disposable-vape","18":"product_tag-happ-bar-gr100k-pro","19":"product_tag-rechargeable-100000-puff-disposable-vape","21":"first","22":"instock","23":"shipping-taxable","24":"purchasable","25":"product-type-variable","26":"has-default-attributes"},"tiered_pricing_type":"fixed","tiered_pricing_fixed_rules":{"100":7.38999999999999968025576890795491635799407958984375,"200":6.87000000000000010658141036401502788066864013671875,"400":6.61000000000000031974423109204508364200592041015625},"tiered_pricing_product_settings":{"layout":"default","base_unit_name":{"singular":null,"plural":null},"default_variation":null},"tiered_pricing_minimum_quantity":50,"tiered_pricing_roles_data":[],"tiered_pricing_percentage_rules":[],"tiered_pricing_maximum_quantity":null,"tiered_pricing_quantity_step":"10","_links":{"self":[{"href":"https:\/\/holavape.com\/it\/wp-json\/wp\/v2\/product\/127056","targetHints":{"allow":["GET"]}}],"collection":[{"href":"https:\/\/holavape.com\/it\/wp-json\/wp\/v2\/product"}],"about":[{"href":"https:\/\/holavape.com\/it\/wp-json\/wp\/v2\/types\/product"}],"replies":[{"embeddable":true,"href":"https:\/\/holavape.com\/it\/wp-json\/wp\/v2\/comments?post=127056"}],"wp:featuredmedia":[{"embeddable":true,"href":"https:\/\/holavape.com\/it\/wp-json\/wp\/v2\/media\/122912"}],"wp:attachment":[{"href":"https:\/\/holavape.com\/it\/wp-json\/wp\/v2\/media?parent=127056"}],"wp:term":[{"taxonomy":"product_brand","embeddable":true,"href":"https:\/\/holavape.com\/it\/wp-json\/wp\/v2\/product_brand?post=127056"},{"taxonomy":"product_cat","embeddable":true,"href":"https:\/\/holavape.com\/it\/wp-json\/wp\/v2\/product_cat?post=127056"},{"taxonomy":"product_tag","embeddable":true,"href":"https:\/\/holavape.com\/it\/wp-json\/wp\/v2\/product_tag?post=127056"}],"curies":[{"name":"wp","href":"https:\/\/api.w.org\/{rel}","templated":true}]}}