{"id":127205,"date":"2026-04-17T06:44:25","date_gmt":"2026-04-17T06:44:25","guid":{"rendered":"https:\/\/holavape.com\/product\/bang-qq-100k-disposable-vape\/"},"modified":"2026-04-19T14:52:19","modified_gmt":"2026-04-19T14:52:19","slug":"bang-qq-100k-disposable-vape","status":"publish","type":"product","link":"https:\/\/holavape.com\/it\/prodotto\/bang-qq-100k-disposable-vape\/","title":{"rendered":"Bang QQ 100K vape usa e getta"},"content":{"rendered":"<h2>Bang QQ 100K Disposable Vape Panoramica<\/h2>\n<p>Bang QQ 100K Disposable Vape \u00e8 un vaporizzatore usa e getta ad alta capacit\u00e0 creato per gli acquirenti all&#8217;ingrosso che necessitano di prestazioni pi\u00f9 durature in un formato semplice. Combina 100.000 sbuffi, bobina mesh da 1,0 ohm e batteria da 650 mAh in un formato facile da posizionare per scaffali al dettaglio e ordini all&#8217;ingrosso.<\/p>\n<p>La gamma di gusti comprende 12 gusti, aiutando questo modello a adattarsi perfettamente agli assortimenti usa e getta di frutta, ghiaccio, caramelle e a profilo misto.<\/p>\n<h2>Punti salienti<\/h2>\n<ul>\n<li><strong>100.000 sbuffi<\/strong> per un formato del dispositivo pi\u00f9 duraturo<\/li>\n<li><strong>Bobina a rete da 1,0 ohm<\/strong> per un sapore pi\u00f9 stabile e un vapore pi\u00f9 morbido<\/li>\n<li><strong>Batteria da 650 mAh con Type-C ricaricabile<\/strong> per una comoda ricarica<\/li>\n<li><strong>12 gusti<\/strong> per coprire una gamma di sapori pi\u00f9 ampia<\/li>\n<li><strong>0% \/ 2% \/ 5%<\/strong> opzioni di nicotina per soddisfare le diverse esigenze del mercato<\/li>\n<\/ul>\n<h2>Specifiche<\/h2>\n<table>\n<tbody>\n<tr>\n<td><strong>Nome del prodotto<\/strong><\/td>\n<td>Bang QQ 100K Disposable Vape<\/td>\n<\/tr>\n<tr>\n<td><strong>Conteggio dei soffi<\/strong><\/td>\n<td>100.000 sbuffi<\/td>\n<\/tr>\n<tr>\n<td><strong>Batteria<\/strong><\/td>\n<td>Batteria da 650 mAh<\/td>\n<\/tr>\n<tr>\n<td><strong>Ricarica<\/strong><\/td>\n<td>Type-C ricaricabile<\/td>\n<\/tr>\n<tr>\n<td><strong>Bobina<\/strong><\/td>\n<td>Bobina a rete da 1,0 ohm<\/td>\n<\/tr>\n<tr>\n<td><strong>Opzioni di sapore<\/strong><\/td>\n<td>12 gusti<\/td>\n<\/tr>\n<tr>\n<td><strong>Forza della nicotina<\/strong><\/td>\n<td>0% \/ 2% \/ 5%<\/td>\n<\/tr>\n<\/tbody>\n<\/table>\n<h2>Opzioni di sapore<\/h2>\n<p>Le opzioni di gusto disponibili includono ghiaccio alla pesca, ghiaccio all&#8217;anguria, frutta mista, anguria al mango e pesca, mamba alla fragola, lampone al mirtillo, ghiaccio all&#8217;uva, uva alla mela e altro ancora. Ci\u00f2 aiuta Bang QQ 100K ad adattarsi a un mix pi\u00f9 ampio di frutta, ghiaccio, caramelle e assortimenti di vaporizzatori usa e getta dal profilo dolce.<\/p>\n","protected":false},"excerpt":{"rendered":"<p>Bang QQ 100K eroga 100.000 sbuffi, bobina mesh da 1,0 ohm, batteria ricaricabile Type-C da 650 mAh e 12 gusti. Una valida scelta per i magazzini europei per gli acquirenti che desiderano prestazioni pi\u00f9 durature in un formato semplice. \ud83d\udc8e<\/p>\n","protected":false},"featured_media":123158,"comment_status":"open","ping_status":"closed","template":"","meta":[],"product_brand":[],"product_cat":[734,590,518,509,365,599],"product_tag":[1126,1127,216,222,1116],"class_list":{"0":"post-127205","1":"product","2":"type-product","3":"status-publish","4":"has-post-thumbnail","6":"product_cat-bang-it","7":"product_cat-migliori-vape-usa-e-getta-it","8":"product_cat-vape-con-molti-tiri-it","9":"product_cat-vape-usa-e-getta-100k-tiri-it","10":"product_cat-vape-usa-e-getta-in-europa-it","11":"product_cat-vape-usa-e-getta-ricaricabili-economici-it","12":"product_tag-bang-qq-100k","13":"product_tag-bang-qq-100k-disposable-vape","14":"product_tag-bang-vape","15":"product_tag-bang-vape-wholesale","16":"product_tag-qq-bang","18":"first","19":"instock","20":"shipping-taxable","21":"purchasable","22":"product-type-variable","23":"has-default-attributes"},"tiered_pricing_type":"fixed","tiered_pricing_fixed_rules":{"30":7.4000000000000003552713678800500929355621337890625,"50":6.339999999999999857891452847979962825775146484375,"100":5.80999999999999960920149533194489777088165283203125,"200":5.54999999999999982236431605997495353221893310546875,"400":4.82000000000000028421709430404007434844970703125},"tiered_pricing_product_settings":{"layout":"default","base_unit_name":{"singular":null,"plural":null},"default_variation":null},"tiered_pricing_minimum_quantity":10,"tiered_pricing_roles_data":[],"tiered_pricing_percentage_rules":[],"tiered_pricing_maximum_quantity":null,"tiered_pricing_quantity_step":"10","_links":{"self":[{"href":"https:\/\/holavape.com\/it\/wp-json\/wp\/v2\/product\/127205","targetHints":{"allow":["GET"]}}],"collection":[{"href":"https:\/\/holavape.com\/it\/wp-json\/wp\/v2\/product"}],"about":[{"href":"https:\/\/holavape.com\/it\/wp-json\/wp\/v2\/types\/product"}],"replies":[{"embeddable":true,"href":"https:\/\/holavape.com\/it\/wp-json\/wp\/v2\/comments?post=127205"}],"wp:featuredmedia":[{"embeddable":true,"href":"https:\/\/holavape.com\/it\/wp-json\/wp\/v2\/media\/123158"}],"wp:attachment":[{"href":"https:\/\/holavape.com\/it\/wp-json\/wp\/v2\/media?parent=127205"}],"wp:term":[{"taxonomy":"product_brand","embeddable":true,"href":"https:\/\/holavape.com\/it\/wp-json\/wp\/v2\/product_brand?post=127205"},{"taxonomy":"product_cat","embeddable":true,"href":"https:\/\/holavape.com\/it\/wp-json\/wp\/v2\/product_cat?post=127205"},{"taxonomy":"product_tag","embeddable":true,"href":"https:\/\/holavape.com\/it\/wp-json\/wp\/v2\/product_tag?post=127205"}],"curies":[{"name":"wp","href":"https:\/\/api.w.org\/{rel}","templated":true}]}}