{"id":162403,"date":"2026-04-17T06:36:24","date_gmt":"2026-04-17T06:36:24","guid":{"rendered":"https:\/\/holavape.com\/product\/vapsolo-triple-30k-disposable-vape\/"},"modified":"2026-04-21T08:10:16","modified_gmt":"2026-04-21T08:10:16","slug":"vapsolo-triple-30k-disposable-vape","status":"publish","type":"product","link":"https:\/\/holavape.com\/it\/prodotto\/vapsolo-triple-30k-disposable-vape\/","title":{"rendered":"VOZOL Rave 40K | 40000 tiri, doppie resistenze mesh, 18 gusti, 5% nicotina, vape usa e getta all&#8217;ingrosso"},"content":{"rendered":"<h2>Vapsolo Triple 30K Disposable Vape Panoramica<\/h2>\n<p>Vapsolo Triple 30K Disposable Vape \u00e8 un vaporizzatore usa e getta multi-gusto creato per gli acquirenti all&#8217;ingrosso che necessitano di pi\u00f9 variet\u00e0 di sapori in un unico dispositivo. Combina 30.000 svapate, e-liquid da 36 ml e schermo LCD in un formato facile da posizionare per gli scaffali dei negozi al dettaglio e gli ordini all&#8217;ingrosso.<\/p>\n<p>La gamma di gusti comprende 10 gusti, aiutando questo modello a adattarsi perfettamente agli assortimenti usa e getta di frutta, ghiaccio, caramelle e a profilo misto.<\/p>\n<h2>Punti salienti<\/h2>\n<ul>\n<li><strong>30.000 sbuffi<\/strong> per un formato del dispositivo pi\u00f9 duraturo<\/li>\n<li><strong>Cambio di sapore 3 in 1<\/strong> per una maggiore variet\u00e0 senza SKU aggiuntivi<\/li>\n<li><strong>Liquido elettronico da 36 ml<\/strong> per supportare un numero maggiore di puff e un uso quotidiano pi\u00f9 lungo<\/li>\n<li><strong>Schermo LCD<\/strong> in modo che gli utenti possano controllare pi\u00f9 facilmente lo stato dei dispositivi chiave<\/li>\n<li><strong>10 gusti<\/strong> per coprire una gamma di sapori pi\u00f9 ampia<\/li>\n<\/ul>\n<h2>Specifiche<\/h2>\n<table>\n<tbody>\n<tr>\n<td><strong>Nome del prodotto<\/strong><\/td>\n<td>Vapsolo Triple 30K Disposable Vape<\/td>\n<\/tr>\n<tr>\n<td><strong>Conteggio dei soffi<\/strong><\/td>\n<td>30.000 sbuffi<\/td>\n<\/tr>\n<tr>\n<td><strong>Capacit\u00e0 dell&#8217;e-liquid<\/strong><\/td>\n<td>Liquido elettronico da 36 ml<\/td>\n<\/tr>\n<tr>\n<td><strong>In carica<\/strong><\/td>\n<td>Ricaricabile<\/td>\n<\/tr>\n<tr>\n<td><strong>Display<\/strong><\/td>\n<td>Schermo LCD<\/td>\n<\/tr>\n<tr>\n<td><strong>Sistema di sapori<\/strong><\/td>\n<td>Cambio di sapore 3 in 1<\/td>\n<\/tr>\n<\/tbody>\n<\/table>\n<h2>Opzioni di sapore<\/h2>\n<p>Le opzioni di gusto disponibili includono Anguria ghiacciata e Red Bull e fragola kiwi, Limone lime e fragola Anguria e mirtillo ghiacciato, Fragola banana e lampone Anguria e limone lime, Fragola kiwi e mango acido Ananas e Red Bull, Frutta tropicale e fragola Anguria e limone pesca, Ananas cocco e fragola Banana e lampone blu, Fragola lampone e triplo melone e ananas mango acido, Lampone, anguria e lampone blu Mango Pesca e Fragola Kiwi e altro ancora. Ci\u00f2 aiuta Vapsolo Triple 30K a adattarsi a un mix pi\u00f9 ampio di assortimenti di vaporizzatori usa e getta di frutta, ghiaccio, caramelle e dolci.<\/p>\n","protected":false},"excerpt":{"rendered":"<p>Da ordini di 10 unit\u00e0, VOZOL Rave 40K offre 40000 tiri, doppie resistenze mesh, 18 gusti \u2014 pensato per negozi e rivenditori UE.<\/p>\n","protected":false},"featured_media":122588,"comment_status":"open","ping_status":"closed","template":"","meta":[],"product_brand":[],"product_cat":[482],"product_tag":[],"class_list":{"0":"post-162403","1":"product","2":"type-product","3":"status-publish","4":"has-post-thumbnail","6":"product_cat-vape-usa-e-getta-30000-tiri-it","8":"first","9":"instock","10":"shipping-taxable","11":"purchasable","12":"product-type-variable","13":"has-default-attributes"},"tiered_pricing_type":"fixed","tiered_pricing_fixed_rules":{"2000":7.6500000000000003552713678800500929355621337890625},"tiered_pricing_product_settings":{"layout":"default","base_unit_name":{"singular":null,"plural":null},"default_variation":null},"tiered_pricing_minimum_quantity":1000,"tiered_pricing_roles_data":[],"tiered_pricing_percentage_rules":[],"tiered_pricing_maximum_quantity":null,"tiered_pricing_quantity_step":"10","_links":{"self":[{"href":"https:\/\/holavape.com\/it\/wp-json\/wp\/v2\/product\/162403","targetHints":{"allow":["GET"]}}],"collection":[{"href":"https:\/\/holavape.com\/it\/wp-json\/wp\/v2\/product"}],"about":[{"href":"https:\/\/holavape.com\/it\/wp-json\/wp\/v2\/types\/product"}],"replies":[{"embeddable":true,"href":"https:\/\/holavape.com\/it\/wp-json\/wp\/v2\/comments?post=162403"}],"wp:featuredmedia":[{"embeddable":true,"href":"https:\/\/holavape.com\/it\/wp-json\/wp\/v2\/media\/122588"}],"wp:attachment":[{"href":"https:\/\/holavape.com\/it\/wp-json\/wp\/v2\/media?parent=162403"}],"wp:term":[{"taxonomy":"product_brand","embeddable":true,"href":"https:\/\/holavape.com\/it\/wp-json\/wp\/v2\/product_brand?post=162403"},{"taxonomy":"product_cat","embeddable":true,"href":"https:\/\/holavape.com\/it\/wp-json\/wp\/v2\/product_cat?post=162403"},{"taxonomy":"product_tag","embeddable":true,"href":"https:\/\/holavape.com\/it\/wp-json\/wp\/v2\/product_tag?post=162403"}],"curies":[{"name":"wp","href":"https:\/\/api.w.org\/{rel}","templated":true}]}}