{"id":60674,"date":"2025-09-11T12:59:33","date_gmt":"2025-09-11T12:59:33","guid":{"rendered":"https:\/\/holavape.com\/product\/bangbox-80k-vape-usa-e-getta-3-in-1-triplo-gusto-ingrosso\/"},"modified":"2026-04-05T01:56:09","modified_gmt":"2026-04-05T01:56:09","slug":"bangbox-80k","status":"publish","type":"product","link":"https:\/\/holavape.com\/it\/prodotto\/bangbox-80k\/","title":{"rendered":"BANGBOX 80K Vape Usa e Getta 3-in-1 \u2014 Triplo Gusto Ingrosso"},"content":{"rendered":"<h2>BANGBOX 80K \u2014 Vape Usa e Getta 80.000 Tiri Triplo Gusto<\/h2>\n<p>BANGBOX 80K offre 80.000 tiri da 3 pod di gusti intercambiabili in un unico dispositivo con 60ml di e-liquid, una resistenza triple-mesh e un display LED che mostra i livelli di batteria ed e-liquid. Si vende bene in Spagna, Germania e Francia come opzione multi-gusto di medie dimensioni, pi\u00f9 facile da spiegare ai clienti finali rispetto ai modelli 5-in-1 o 6-in-1.<\/p>\n<p>Con un prezzo inferiore rispetto ai dispositivi multi-gusto pi\u00f9 grandi come il <a href=\"https:\/\/holavape.com\/it\/prodotto\/bang-legend-120k\/\">Bang Legend 120K<\/a> o il <a href=\"https:\/\/holavape.com\/it\/prodotto\/fihp-120k-6-in-1\/\">FiHP 120K 6-in-1<\/a>, BANGBOX 80K funziona come trampolino per i clienti che provano il multi-gusto per la prima volta. Tre gusti offrono abbastanza variet\u00e0 senza essere eccessivi, e gli 80.000 tiri significano che non torneranno presto per una sostituzione.<\/p>\n<table>\n<thead>\n<tr>\n<th>Specifica<\/th>\n<th>Dettaglio<\/th>\n<\/tr>\n<\/thead>\n<tbody>\n<tr>\n<td>Numero di tiri<\/td>\n<td>Fino a 80.000<\/td>\n<\/tr>\n<tr>\n<td>Sistema di gusti<\/td>\n<td>Pod triplo gusto 3-in-1<\/td>\n<\/tr>\n<tr>\n<td>Capacit\u00e0 e-liquid<\/td>\n<td>60ml pre-riempito<\/td>\n<\/tr>\n<tr>\n<td>Batteria<\/td>\n<td>850mAh (17350 cobalto puro, scarica 5A)<\/td>\n<\/tr>\n<tr>\n<td>Ricarica<\/td>\n<td>Ricarica rapida USB Type-C<\/td>\n<\/tr>\n<tr>\n<td>Resistenza<\/td>\n<td>Resistenza triple-mesh 0,8\u03a9<\/td>\n<\/tr>\n<tr>\n<td>Nicotina<\/td>\n<td>0% \/ 2% \/ 3% \/ 5%<\/td>\n<\/tr>\n<tr>\n<td>Display<\/td>\n<td>Indicatori di livello batteria ed e-liquid<\/td>\n<\/tr>\n<tr>\n<td>Confezione<\/td>\n<td>Pronta per l&#8217;ingrosso (contattateci per i dettagli delle scatole)<\/td>\n<\/tr>\n<\/tbody>\n<\/table>\n<h3>Set di Gusti<\/h3>\n<p>Migliori set da avere per primi: Anguria Ghiacciata \/ Red Bull \/ Fragola Kiwi e Anguria Ghiacciata \/ Gelato alla Fragola \/ Triplo Melone \u2014 entrambi includono Anguria Ghiacciata, che si classifica costantemente come il gusto usa e getta pi\u00f9 venduto in tutta Europa.<\/p>\n<p><strong>Combinazioni frutta + ghiaccio (scommesse sicure):<\/strong> Anguria Ghiacciata \/ Red Bull \/ Fragola Kiwi, Anguria Ghiacciata \/ Gelato alla Fragola \/ Triplo Melone, Ananas Cocco \/ Fragola Ghiacciata \/ Blue Razz Ghiacciato, Lime Limone \/ Mango Pesca Anguria \/ Mirtillo Ghiacciato.<\/p>\n<p><strong>Frutti di bosco e tropicali intensi:<\/strong> Triplo Frutti di Bosco Ghiacciati \/ Mango Pesca \/ Fragola Kiwi, Fragola Ghiacciata \/ Fragola Anguria \/ Ananas Mango Pesca, Frutto Tropicale \/ Fragola Anguria \/ Limone Pesca, Fragola Kiwi \/ Mango Ananas Aspro \/ Fragola Red Bull.<\/p>\n<p><strong>Pi\u00f9 audaci e di nicchia:<\/strong> Fragola Vaniglia Cola \/ Mela Verde Lampone Aspro \/ Lime Limone, Doppia Uva \/ Fragola Mango \/ Mirtillo Lampone Aspro Ghiacciato, Soda Limone Cola \/ Anguria Gomma da Masticare \/ Drago Nero Ghiacciato \u2014 questi includono gusti ispirati a bevande e caramelle che piacciono ai compratori pi\u00f9 giovani ma possono essere pi\u00f9 lenti nei mercati tradizionali. Testate prima in piccole quantit\u00e0.<\/p>\n<p><strong>Combinazione iniziale pi\u00f9 sicura:<\/strong> Fragola Banana \/ Lampone Anguria \/ Love 666 \u2014 un set versatile con un mix di frutta, un frutto di bosco e Love 666 (un profilo caramella dolce che vende meglio di quanto il nome suggerisca).<\/p>\n<h3>Spedizione e Ordini<\/h3>\n<p>BANGBOX 80K viene spedito dalla Cina con tempi di consegna stimati di 10\u201320 giorni lavorativi. La quantit\u00e0 minima d&#8217;ordine \u00e8 di 10 unit\u00e0 con sconti volume a partire da 30 unit\u00e0. Potete mixare diversi set di gusti in un unico ordine.<\/p>\n<p>Le opzioni di nicotina includono 0%, 2%, 3% e 5%. L&#8217;opzione 0% vale la pena averla in magazzino se servite mercati con regolamentazioni severe sulla nicotina o clienti che vogliono l&#8217;esperienza gustativa senza nicotina. Per la maggior parte dei mercati UE, il 2% \u00e8 l&#8217;ordine standard \u2014 verificate le normative locali per il 3% e il 5%. Contattateci tramite la nostra <a href=\"https:\/\/holavape.com\/it\/contattaci\/\">pagina contatti<\/a> per preventivi di spedizione e dimensioni dei cartoni.<\/p>\n","protected":false},"excerpt":{"rendered":"<p>BANGBOX 80K offre fino a 80.000 puff, 3 gusti commutabili, 60mL di e-liquid e una triple mesh coil da 0.8\u03a9. Un 3-in-1 equilibrato per i negozi che vogliono variet\u00e0 senza saltare ai formati multi-tank pi\u00f9 grandi. \ud83c\udfaf<\/p>\n","protected":false},"featured_media":14000,"comment_status":"open","ping_status":"closed","template":"","meta":[],"product_brand":[],"product_cat":[734,383],"product_tag":[],"class_list":{"0":"post-60674","1":"product","2":"type-product","3":"status-publish","4":"has-post-thumbnail","6":"product_cat-bang-it","7":"product_cat-nuovo-it","9":"first","10":"instock","11":"shipping-taxable","12":"purchasable","13":"product-type-variable","14":"has-default-attributes"},"tiered_pricing_type":"fixed","tiered_pricing_fixed_rules":{"30":8.6400000000000005684341886080801486968994140625,"50":6.910000000000000142108547152020037174224853515625,"100":6.6699999999999999289457264239899814128875732421875,"200":6.04999999999999982236431605997495353221893310546875,"400":5.7400000000000002131628207280300557613372802734375},"tiered_pricing_product_settings":{"layout":"default","base_unit_name":{"singular":null,"plural":null},"default_variation":null},"tiered_pricing_minimum_quantity":10,"tiered_pricing_roles_data":[],"tiered_pricing_percentage_rules":[],"tiered_pricing_maximum_quantity":null,"tiered_pricing_quantity_step":"10","_links":{"self":[{"href":"https:\/\/holavape.com\/it\/wp-json\/wp\/v2\/product\/60674","targetHints":{"allow":["GET"]}}],"collection":[{"href":"https:\/\/holavape.com\/it\/wp-json\/wp\/v2\/product"}],"about":[{"href":"https:\/\/holavape.com\/it\/wp-json\/wp\/v2\/types\/product"}],"replies":[{"embeddable":true,"href":"https:\/\/holavape.com\/it\/wp-json\/wp\/v2\/comments?post=60674"}],"wp:featuredmedia":[{"embeddable":true,"href":"https:\/\/holavape.com\/it\/wp-json\/wp\/v2\/media\/14000"}],"wp:attachment":[{"href":"https:\/\/holavape.com\/it\/wp-json\/wp\/v2\/media?parent=60674"}],"wp:term":[{"taxonomy":"product_brand","embeddable":true,"href":"https:\/\/holavape.com\/it\/wp-json\/wp\/v2\/product_brand?post=60674"},{"taxonomy":"product_cat","embeddable":true,"href":"https:\/\/holavape.com\/it\/wp-json\/wp\/v2\/product_cat?post=60674"},{"taxonomy":"product_tag","embeddable":true,"href":"https:\/\/holavape.com\/it\/wp-json\/wp\/v2\/product_tag?post=60674"}],"curies":[{"name":"wp","href":"https:\/\/api.w.org\/{rel}","templated":true}]}}