{"id":99919,"date":"2025-07-07T07:38:16","date_gmt":"2025-07-07T07:38:16","guid":{"rendered":"https:\/\/holavape.com\/product\/vape-usa-e-getta-mystery-box-confezione-da-10-allingrosso\/"},"modified":"2026-04-05T01:58:23","modified_gmt":"2026-04-05T01:58:23","slug":"disposable-vape-mystery-box","status":"publish","type":"product","link":"https:\/\/holavape.com\/it\/prodotto\/disposable-vape-mystery-box\/","title":{"rendered":"Vape Usa e Getta Mystery Box \u2014 Confezione da 10 all\u2019Ingrosso"},"content":{"rendered":"<h2>Vape Usa e Getta Mystery Box \u2014 10 Dispositivi Assortiti<\/h2>\n<p>La Mystery Box \u00e8 una confezione di 10 vape usa e getta assortite dal nostro catalogo attuale. Ogni scatola include un mix di marche, modelli, conteggi di tiri e gusti \u2014 non saprai esattamente quali dispositivi riceverai, ma sono tutti prodotti che vendiamo e teniamo attivamente in magazzino. Considerala come un campionario: un modo per testare pi\u00f9 linee di prodotti senza effettuare ordini all\u2019ingrosso separati per ciascuna.<\/p>\n<p>Funziona bene per due tipi di acquirenti. Primo, i nuovi proprietari di negozi che vogliono provare una gamma di prodotti prima di decidere cosa tenere regolarmente in magazzino \u2014 invece di indovinare quali modelli venderanno nel tuo mercato, acquisisci esperienza pratica con diversi dispositivi. Secondo, i negozi gi\u00e0 avviati che vogliono offrire ai clienti un\u2019opzione \u201cmystery\u201d o \u201cpacco a sorpresa\u201d per chi apprezza l\u2019elemento sorpresa. \u00c8 anche un modo pratico per gestire la variet\u00e0 di prodotti se gestisci un box in abbonamento o un bar di degustazione vape.<\/p>\n<table>\n<thead>\n<tr>\n<th>Specifica<\/th>\n<th>Dettaglio<\/th>\n<\/tr>\n<\/thead>\n<tbody>\n<tr>\n<td>Contenuto<\/td>\n<td>10 dispositivi vape usa e getta<\/td>\n<\/tr>\n<tr>\n<td>Marche<\/td>\n<td>Miste \u2014 dal catalogo attuale (Bang, WASPE, JNR, Fizzy e altre)<\/td>\n<\/tr>\n<tr>\n<td>Modelli<\/td>\n<td>Conteggi di tiri e formati vari<\/td>\n<\/tr>\n<tr>\n<td>Gusti<\/td>\n<td>Selezione casuale \u2014 variet\u00e0 garantita<\/td>\n<\/tr>\n<tr>\n<td>Nicotina<\/td>\n<td>Mix di gradazioni disponibili (tipicamente 2% e 5%)<\/td>\n<\/tr>\n<tr>\n<td>Condizione<\/td>\n<td>Tutti nuovi, sigillati, pronti per la vendita<\/td>\n<\/tr>\n<\/tbody>\n<\/table>\n<h3>Cosa aspettarsi<\/h3>\n<p>Ogni scatola viene assemblata con ci\u00f2 che abbiamo attivamente in magazzino, quindi il contenuto cambia nel tempo. Potresti ricevere un mix di modelli ad alto numero di tiri come il <a href=\"https:\/\/holavape.com\/it\/prodotto\/bang-tornado-40k-sigaretta-elettronica-usa-e-getta-display-led-ingrosso\/\">Bang Tornado 40K<\/a> accanto a opzioni di fascia media come il <a href=\"https:\/\/holavape.com\/it\/prodotto\/fizzy-nova-20k-vape-usa-e-getta-doppia-modalita-ingrosso\/\">Fizzy Nova 20K<\/a>, pi\u00f9 alcuni dispositivi compatti monogusto. La variet\u00e0 \u00e8 lo scopo \u2014 \u00e8 una panoramica di ci\u00f2 che attualmente si muove nel mercato all\u2019ingrosso europeo.<\/p>\n<p>Alcune note pratiche: non puoi scegliere marche, modelli o gusti specifici (per quello ci sono gli ordini di prodotti individuali). Se hai forti preferenze o restrizioni \u2014 ad esempio, hai bisogno solo di 0% di nicotina, o non puoi vendere certi marchi nel tuo mercato \u2014 <a href=\"https:\/\/holavape.com\/it\/contattaci\/\">contattaci<\/a> prima di ordinare e faremo del nostro meglio per venire incontro alle tue esigenze. Ma per impostazione predefinita, \u00e8 un vero mix casuale.<\/p>\n<h3>A chi \u00e8 destinato<\/h3>\n<p>Proprietari di negozi che esplorano il mercato: se stai aprendo un nuovo negozio o ti affacci per la prima volta nel mondo delle vape usa e getta, una mystery box ti offre variet\u00e0 di prodotti per valutare a cosa rispondono i tuoi clienti locali. \u00c8 meno rischioso che ordinare 30+ unit\u00e0 di un singolo modello che non hai ancora testato.<\/p>\n<p>Rivenditori di pacchi variet\u00e0: alcuni negozi e venditori online offrono mystery box come categoria di prodotto \u2014 i clienti pagano un prezzo fisso e ricevono un assortimento a sorpresa. Se questo \u00e8 il tuo modello di business, la nostra mystery box ti fornisce inventario pronto all\u2019uso.<\/p>\n<p>Uso personale e regali: non tutti gli acquirenti sono proprietari di negozi. Se vuoi semplicemente provare un sacco di vape usa e getta diverse senza ricercare ogni singolo dispositivo, questa \u00e8 la strada pi\u00f9 semplice.<\/p>\n<h3>Spedizione &amp; Ordini<\/h3>\n<p>La Mystery Box viene spedita dalla Cina con consegna standard di 10\u201315 giorni lavorativi in Europa. Sono disponibili sconti sui volumi se desideri ordinare pi\u00f9 scatole. Ogni scatola contiene 10 dispositivi, tutti nuovi e sigillati nella confezione originale per la vendita al dettaglio.<\/p>\n<p>Se dopo aver provato la mystery box trovi modelli specifici che vorresti tenere regolarmente in magazzino, puoi effettuare ordini all\u2019ingrosso mirati per quei prodotti individualmente con il nostro MOQ standard e prezzi a scaglioni. La mystery box \u00e8 spesso un buon primo ordine prima di impegnarsi con quantit\u00e0 maggiori di SKU specifici.<\/p>\n","protected":false},"excerpt":{"rendered":"<p>Disposable Vape Mystery Box d\u00e0 10 dispositivi assortiti presi dallo stock attuale, con marchi, modelli e gusti misti. Un modo a basso rischio per testare la gamma o aggiungere pacchetti assortiti agli ordini all&#8217;ingrosso. \ud83c\udf81<\/p>\n","protected":false},"featured_media":18716,"comment_status":"open","ping_status":"closed","template":"","meta":[],"product_brand":[],"product_cat":[365],"product_tag":[],"class_list":{"0":"post-99919","1":"product","2":"type-product","3":"status-publish","4":"has-post-thumbnail","6":"product_cat-vape-usa-e-getta-in-europa-it","8":"first","9":"instock","10":"sale","11":"shipping-taxable","12":"purchasable","13":"product-type-simple"},"tiered_pricing_type":"fixed","tiered_pricing_fixed_rules":[],"tiered_pricing_product_settings":{"layout":"default","base_unit_name":{"singular":null,"plural":null},"default_variation":null},"tiered_pricing_minimum_quantity":null,"tiered_pricing_roles_data":[],"tiered_pricing_percentage_rules":[],"tiered_pricing_maximum_quantity":null,"tiered_pricing_quantity_step":null,"_links":{"self":[{"href":"https:\/\/holavape.com\/it\/wp-json\/wp\/v2\/product\/99919","targetHints":{"allow":["GET"]}}],"collection":[{"href":"https:\/\/holavape.com\/it\/wp-json\/wp\/v2\/product"}],"about":[{"href":"https:\/\/holavape.com\/it\/wp-json\/wp\/v2\/types\/product"}],"replies":[{"embeddable":true,"href":"https:\/\/holavape.com\/it\/wp-json\/wp\/v2\/comments?post=99919"}],"wp:featuredmedia":[{"embeddable":true,"href":"https:\/\/holavape.com\/it\/wp-json\/wp\/v2\/media\/18716"}],"wp:attachment":[{"href":"https:\/\/holavape.com\/it\/wp-json\/wp\/v2\/media?parent=99919"}],"wp:term":[{"taxonomy":"product_brand","embeddable":true,"href":"https:\/\/holavape.com\/it\/wp-json\/wp\/v2\/product_brand?post=99919"},{"taxonomy":"product_cat","embeddable":true,"href":"https:\/\/holavape.com\/it\/wp-json\/wp\/v2\/product_cat?post=99919"},{"taxonomy":"product_tag","embeddable":true,"href":"https:\/\/holavape.com\/it\/wp-json\/wp\/v2\/product_tag?post=99919"}],"curies":[{"name":"wp","href":"https:\/\/api.w.org\/{rel}","templated":true}]}}