{"id":9149,"date":"2026-03-20T14:26:30","date_gmt":"2026-03-20T14:26:30","guid":{"rendered":"https:\/\/holavape.com\/opinie-klientow\/"},"modified":"2026-03-20T14:26:30","modified_gmt":"2026-03-20T14:26:30","slug":"opinie-klientow","status":"publish","type":"page","link":"https:\/\/holavape.com\/pl\/opinie-klientow\/","title":{"rendered":"Opinie klient\u00f3w"},"content":{"rendered":"<p>\u2b50\u2b50\u2b50\u2b50\u2b50<br \/>\n&#8222;Szybka wysy\u0142ka i niesamowite smaki!&#8221;<br \/>\n&#8222;Zam\u00f3wi\u0142am zestaw i by\u0142am szczerze zaskoczona, jak szybko dotar\u0142. Ka\u017cdy vape, kt\u00f3rego spr\u00f3bowa\u0142am, by\u0142 g\u0142adki i pe\u0142en smaku. Zdecydowanie m\u00f3j nowy ulubiony sklep!&#8221;<br \/>\n\u2014 Melissa T., Floryda<\/p>\n<p>\u2b50\u2b50\u2b50\u2b50\u2b50<br \/>\n&#8222;Najwy\u017cszej klasy obs\u0142uga klienta&#8221;<br \/>\n&#8222;Mia\u0142em pytanie dotycz\u0105ce mojego zam\u00f3wienia, a zesp\u00f3\u0142 wsparcia odpowiedzia\u0142 w ci\u0105gu kilku minut. Super pomocni i przyja\u017ani \u2014 to rzadko\u015b\u0107 w dzisiejszych czasach!&#8221;<br \/>\n\u2014 Jason R., Kalifornia<\/p>\n<p>\u2b50\u2b50\u2b50\u2b50\u2b50<br \/>\n&#8222;Tak wiele marek do wyboru&#8221;<br \/>\n&#8222;Uwielbiam mie\u0107 wyb\u00f3r, a Hola Vape naprawd\u0119 dostarcza. Znalaz\u0142am tu ekskluzywne smaki, kt\u00f3rych nie mog\u0142am znale\u017a\u0107 nigdzie indziej. Gor\u0105co polecam r\u00f3wnie\u017c dla kupuj\u0105cych hurtowo.&#8221;<br \/>\n\u2014 Natalie M., Teksas<\/p>\n<p>\u2b50\u2b50\u2b50\u2b50\u2b50<br \/>\n&#8222;\u015awietne ceny, oryginalne produkty&#8221;<br \/>\n&#8222;Mia\u0142em z\u0142e do\u015bwiadczenia z podr\u00f3bkami z innych stron, ale wszystko, co dosta\u0142em od Hola Vape, jest autentyczne i ta\u0144sze ni\u017c w wi\u0119kszo\u015bci miejsc. Jestem pod wra\u017ceniem.&#8221;<br \/>\n\u2014 Ahmed D., Nowy Jork<\/p>\n<p>\u2b50\u2b50\u2b50\u2b50\u2b50<br \/>\n&#8222;D\u0142ugotrwa\u0142e i satysfakcjonuj\u0105ce&#8221;<br \/>\n&#8222;Jednorazowy vape na 20 000 zaci\u0105gni\u0119\u0107, kt\u00f3ry kupi\u0142em, dzia\u0142a wiecznie i nadal smakuje jak nowy. Bez wyciek\u00f3w, bez wadliwych sztuk \u2014 po prostu sta\u0142a jako\u015b\u0107. Na pewno zam\u00f3wi\u0119 ponownie.&#8221;<br \/>\n\u2014 Sophie L., Illinois<\/p>\n<p>&#8230;&#8230;<\/p>\n<hr \/>\n<p><em><a href=\"https:\/\/holavape.com\/pl\/sklep\/\">Wejd\u017a do sklepu<\/a><\/em><\/p>\n","protected":false},"excerpt":{"rendered":"<p>\u2b50\u2b50\u2b50\u2b50\u2b50 &#8222;Szybka wysy\u0142ka i niesamowite smaki!&#8221; &#8222;Zam\u00f3wi\u0142am zestaw i by\u0142am szczerze zaskoczona, jak szybko dotar\u0142. Ka\u017cdy vape, kt\u00f3rego spr\u00f3bowa\u0142am, by\u0142 g\u0142adki i pe\u0142en smaku. Zdecydowanie m\u00f3j nowy ulubiony sklep!&#8221; \u2014 Melissa T., Floryda \u2b50\u2b50\u2b50\u2b50\u2b50 &#8222;Najwy\u017cszej klasy obs\u0142uga klienta&#8221; &#8222;Mia\u0142em pytanie dotycz\u0105ce mojego zam\u00f3wienia, a zesp\u00f3\u0142 wsparcia odpowiedzia\u0142 w ci\u0105gu kilku minut. Super pomocni i przyja\u017ani [&#8230;]\n","protected":false},"author":1,"featured_media":0,"parent":0,"menu_order":0,"comment_status":"closed","ping_status":"closed","template":"","meta":{"footnotes":""},"class_list":["post-9149","page","type-page","status-publish","hentry"],"_links":{"self":[{"href":"https:\/\/holavape.com\/pl\/wp-json\/wp\/v2\/pages\/9149","targetHints":{"allow":["GET"]}}],"collection":[{"href":"https:\/\/holavape.com\/pl\/wp-json\/wp\/v2\/pages"}],"about":[{"href":"https:\/\/holavape.com\/pl\/wp-json\/wp\/v2\/types\/page"}],"author":[{"embeddable":true,"href":"https:\/\/holavape.com\/pl\/wp-json\/wp\/v2\/users\/1"}],"replies":[{"embeddable":true,"href":"https:\/\/holavape.com\/pl\/wp-json\/wp\/v2\/comments?post=9149"}],"version-history":[{"count":0,"href":"https:\/\/holavape.com\/pl\/wp-json\/wp\/v2\/pages\/9149\/revisions"}],"wp:attachment":[{"href":"https:\/\/holavape.com\/pl\/wp-json\/wp\/v2\/media?parent=9149"}],"curies":[{"name":"wp","href":"https:\/\/api.w.org\/{rel}","templated":true}]}}