{"id":105339,"date":"2025-06-27T08:53:25","date_gmt":"2025-06-27T08:53:25","guid":{"rendered":"https:\/\/holavape.com\/product\/bang-leader-80k\/"},"modified":"2026-04-05T02:25:06","modified_gmt":"2026-04-05T02:25:06","slug":"bang-leader-80k","status":"publish","type":"product","link":"https:\/\/holavape.com\/pl\/produkt\/bang-leader-80k\/","title":{"rendered":"Bang Leader 80K jednorazowy vape 3 w 1 &#8211; 80 000 zaci\u0105gni\u0119\u0107 do sprzeda\u017cy hurtowej"},"content":{"rendered":"<h2>Bang Leader 80K \u2014 80 000 zaciagniec Jednorazowe opakowanie o potr\u00f3jnym smaku<\/h2>\n<p>Bang Leader 80K zawiera trzy smaki i 80 000 zaci\u0105gni\u0119\u0107 w jednym urz\u0105dzeniu wielokrotnego \u0142adowania z podw\u00f3jn\u0105 cewk\u0105 siatkow\u0105. To plasuje go na szczycie naszej oferty produkt\u00f3w wielosmakowych pod wzgl\u0119dem surowej pojemno\u015bci \u2013 tylko <a href=\"https:\/\/holavape.com\/pl\/produkt\/bang-king-250k\/\">Bang King 250 tys<\/a> I <a href=\"https:\/\/holavape.com\/pl\/produkt\/bang-leader-stoll-300k-jednorazowy-vape-6-w-1-300k-zaciagniec-hurtowo\/\">Bang Leader Stojak 300 tys<\/a> oferuj\u0105 wi\u0119cej zaci\u0105gni\u0119\u0107, a s\u0105 to odpowiednio urz\u0105dzenia 4 w 1 i 6 w 1. W przypadku sklep\u00f3w, kt\u00f3re chc\u0105 mie\u0107 w szczeg\u00f3lno\u015bci format o potr\u00f3jnym smaku, jest to dost\u0119pna opcja o najwy\u017cszym zaci\u0105gni\u0119ciu.<\/p>\n<p>Marka Bang cieszy si\u0119 du\u017cym uznaniem na rynkach europejskich, szczeg\u00f3lnie w Hiszpanii, Wielkiej Brytanii, Niemczech i Francji. Bang Leader 80K sprawdza si\u0119 jako produkt \u015bredniej i wy\u017cszej p\u00f3\u0142ki wraz z urz\u0105dzeniami jednosmakowymi \u2014 zapewnia klientom mo\u017cliwo\u015b\u0107 korzystania z wielu smak\u00f3w bez konieczno\u015bci przechodzenia na wi\u0119ksze (i dro\u017csze) modele 4 w 1 lub 8 w 1. Zakres nikotyny 0%\/2%\/3%\/5% zapewnia r\u00f3wnie\u017c elastyczno\u015b\u0107 w przypadku r\u00f3\u017cnych \u015brodowisk regulacyjnych.<\/p>\n<table>\n<thead>\n<tr>\n<th>Spec<\/th>\n<th>Szczeg\u00f3\u0142<\/th>\n<\/tr>\n<\/thead>\n<tbody>\n<tr>\n<td>Liczba zaciagniec<\/td>\n<td>Do 80 tys<\/td>\n<\/tr>\n<tr>\n<td>System smakowy<\/td>\n<td>3 w 1 (potr\u00f3jne prze\u0142\u0105czanie smak\u00f3w)<\/td>\n<\/tr>\n<tr>\n<td>Pojemno\u015b\u0107 e-cieczy<\/td>\n<td>Skontaktuj si\u0119 z nami, aby uzyska\u0107 dok\u0142adne informacje w ml na zbiornik<\/td>\n<\/tr>\n<tr>\n<td>Bateria<\/td>\n<td>Akumulator 850 m Ah (typ C)<\/td>\n<\/tr>\n<tr>\n<td>Cewka<\/td>\n<td>Cewka z podw\u00f3jn\u0105 siatk\u0105<\/td>\n<\/tr>\n<tr>\n<td>Mocne strony nikotyny<\/td>\n<td>0%, 2%, 3%, 5%<\/td>\n<\/tr>\n<tr>\n<td>Opakowanie<\/td>\n<td>10 szt.\/opakowanie<\/td>\n<\/tr>\n<\/tbody>\n<\/table>\n<h3>Zestawy smakowe<\/h3>\n<p>Ka\u017cda jednostka ma fabrycznie za\u0142adowane trzy smaki. Najlepsze zestawy, kt\u00f3re nale\u017cy najpierw umie\u015bci\u0107 w magazynie: l\u00f3d arbuzowy + truskawka mango + banan i arbuz truskawkowy + l\u00f3d winogronowy + t\u0119czowe cukierki \u2014 oba oparte na mro\u017conych owocach, kt\u00f3re sprzedaj\u0105 si\u0119 w ca\u0142ej Europie.<\/p>\n<p><strong>Kombinacje Owoce + Lody (bezpieczne zak\u0142ady):<\/strong> Arbuzowy l\u00f3d + Truskawka Mango + Banan \u2014 czysty, mainstreamowy zestaw. L\u00f3d jagodowy + l\u00f3d czarnego smoka + brzoskwinia mango \u2014 nuta smoczego owocu dodaje wyr\u00f3\u017cnienia. Blueberry Ice + Strawberry Banana + Mixed Berries \u2014 zestaw sk\u0142adaj\u0105cy si\u0119 wy\u0142\u0105cznie z jag\u00f3d, o szerokim zastosowaniu. Kiwi Gujawa + L\u00f3d Liczi + Ananas Mango Peach \u2014 ci\u0119\u017cki tropikalny, dobrze radzi sobie w cieplejszych miesi\u0105cach i na rynkach Europy Po\u0142udniowej.<\/p>\n<p><strong>Mieszane zestawy owoc\u00f3w i s\u0142odyczy:<\/strong> Strawberry Watermelon + Grape Ice + Rainbow Candy \u2014 l\u00f3d winogronowy stanowi podstaw\u0119 tego zestawu, szczeg\u00f3lnie mocny w Hiszpanii i W\u0142oszech. Jagoda Arbuz + Truskawka Mango + Czarna Porzeczka \u2014 czarna porzeczka jest popularna w Europie P\u00f3\u0142nocnej. Malinowy Mojito Brzoskwiniowy + Truskawkowy Arbuz + Kiwi Marakuja Gujawa \u2014 nuta mojito wyr\u00f3\u017cnia ten zestaw. Strawberry Kiwi + Peach Ice + Cherry Cola \u2014 smak wi\u015bniowej coli \u0142\u0105czy w sobie smaki owocowe i inspirowane napojem.<\/p>\n<p><strong>Zestawy inspirowane drinkami i odwa\u017cniejsze:<\/strong> Cola Ice + Bor\u00f3wka Malina + Peach Mango Arbuz \u2014 l\u00f3d cola przemawia do okre\u015blonej grupy odbiorc\u00f3w, \u0142\u0105cz go z bezpieczniejszymi zestawami. Red Bull + Jagoda Arbuz + Jab\u0142ko Gruszka \u2014 smak napoju energetycznego przyci\u0105ga m\u0142odszych nabywc\u00f3w. Red Bull + Arbuzowe cukierki b\u0105belkowe + Lody truskawkowe \u2014 element deserowy sprawia, \u017ce \u200b\u200bten zestaw jest bardziej niszowy, najpierw przetestuj na ma\u0142\u0105 skal\u0119. Awokado L\u00f3d + Cytryna Limonka + Arbuz Malina \u2014 awokado to niezwyk\u0142y smak, kt\u00f3ry zyskuje zwolennik\u00f3w na niekt\u00f3rych rynkach, ale jest ryzykowny; zapasy konserwatywnie.<\/p>\n<h3>Wysy\u0142ka i zamawianie<\/h3>\n<p>Bang Leader 80K wysy\u0142ane s\u0105 z Chin z typowym czasem realizacji wynosz\u0105cym 10-15 dni roboczych do miejsc docelowych w Europie. Minimalne zam\u00f3wienie to 10 sztuk z wielopoziomowymi cenami w ilo\u015bciach powy\u017cej 30 i 100 \u2014 mieszaj zestawy smakowe w ramach jednego zam\u00f3wienia. Opcje nikotyny obejmuj\u0105 0%, 2%, 3% i 5%; na rynkach UE standardowe stawki to 0% i 2%. Opcje 3% i 5% s\u0105 istotne dla nabywc\u00f3w z Wielkiej Brytanii i rynk\u00f3w poza UE, gdzie dozwolone s\u0105 wy\u017csze st\u0119\u017cenia \u2014 przed rozpocz\u0119ciem magazynowania sprawd\u017a lokalne przepisy. <a href=\"https:\/\/holavape.com\/pl\/kontakt\/\">Skontaktuj si\u0119 z nami<\/a> aby pozna\u0107 dok\u0142adn\u0105 pojemno\u015b\u0107 e-liquidu na zbiornik, wymiary kartonu i ceny hurtowe.<\/p>\n","protected":false},"excerpt":{"rendered":"<p>Bang Leader 80K oferuje 80 000 zaci\u0105gni\u0119\u0107, prze\u0142\u0105czanie trzech smak\u00f3w, podw\u00f3jne mesh coils i 12 gotowych kombinacji smakowych w nikotynie 0% \/ 2% \/ 3% \/ 5%. Pakowany po 10 sztuk, jest wysokopojemnym modelem 3-in-1, kt\u00f3ry dobrze rotuje w hurcie. \ud83e\udde9<\/p>\n","protected":false},"featured_media":456,"comment_status":"open","ping_status":"closed","template":"","meta":[],"product_brand":[],"product_cat":[735],"product_tag":[],"class_list":{"0":"post-105339","1":"product","2":"type-product","3":"status-publish","4":"has-post-thumbnail","6":"product_cat-bang-pl","8":"first","9":"instock","10":"shipping-taxable","11":"purchasable","12":"product-type-variable","13":"has-default-attributes"},"tiered_pricing_type":"fixed","tiered_pricing_fixed_rules":{"30":7.4000000000000003552713678800500929355621337890625,"50":6.29000000000000003552713678800500929355621337890625,"100":5.42999999999999971578290569595992565155029296875,"200":5.05999999999999960920149533194489777088165283203125,"400":4.5},"tiered_pricing_product_settings":{"layout":"default","base_unit_name":{"singular":null,"plural":null},"default_variation":null},"tiered_pricing_minimum_quantity":10,"tiered_pricing_roles_data":[],"tiered_pricing_percentage_rules":[],"tiered_pricing_maximum_quantity":null,"tiered_pricing_quantity_step":"10","_links":{"self":[{"href":"https:\/\/holavape.com\/pl\/wp-json\/wp\/v2\/product\/105339","targetHints":{"allow":["GET"]}}],"collection":[{"href":"https:\/\/holavape.com\/pl\/wp-json\/wp\/v2\/product"}],"about":[{"href":"https:\/\/holavape.com\/pl\/wp-json\/wp\/v2\/types\/product"}],"replies":[{"embeddable":true,"href":"https:\/\/holavape.com\/pl\/wp-json\/wp\/v2\/comments?post=105339"}],"wp:featuredmedia":[{"embeddable":true,"href":"https:\/\/holavape.com\/pl\/wp-json\/wp\/v2\/media\/456"}],"wp:attachment":[{"href":"https:\/\/holavape.com\/pl\/wp-json\/wp\/v2\/media?parent=105339"}],"wp:term":[{"taxonomy":"product_brand","embeddable":true,"href":"https:\/\/holavape.com\/pl\/wp-json\/wp\/v2\/product_brand?post=105339"},{"taxonomy":"product_cat","embeddable":true,"href":"https:\/\/holavape.com\/pl\/wp-json\/wp\/v2\/product_cat?post=105339"},{"taxonomy":"product_tag","embeddable":true,"href":"https:\/\/holavape.com\/pl\/wp-json\/wp\/v2\/product_tag?post=105339"}],"curies":[{"name":"wp","href":"https:\/\/api.w.org\/{rel}","templated":true}]}}