{"id":107356,"date":"2025-06-27T09:17:11","date_gmt":"2025-06-27T09:17:11","guid":{"rendered":"https:\/\/holavape.com\/product\/fumot-randm-tornado-30000\/"},"modified":"2026-04-05T02:24:52","modified_gmt":"2026-04-05T02:24:52","slug":"fumot-randm-tornado-30000","status":"publish","type":"product","link":"https:\/\/holavape.com\/pl\/produkt\/fumot-randm-tornado-30000\/","title":{"rendered":"Fumot RandM Tornado 30000 jednorazowy vape do sprzeda\u017cy hurtowej"},"content":{"rendered":"<h2>Fumot Rand M Tornado 30000 \u2014 30 000 zaciagniec Jednorazowe z diodami LED<\/h2>\n<p>Fumot Rand M Tornado 30000 jest cz\u0119\u015bci\u0105 linii Rand M Tornado, jednej z bardziej rozpoznawalnych marek jednorazowych waporyzator\u00f3w w Europie. Nazwa Tornado jest w obiegu od kilku lat, a ten model 30K plasuje si\u0119 w g\u00f3rnej cz\u0119\u015bci asortymentu. Przy 30 000 zaci\u0105gni\u0119\u0107 i 30 ml e-liquidu, oferuje solidn\u0105 pojemno\u015b\u0107 jak na urz\u0105dzenie o jednym smaku. Reaguj\u0105ce na muzyk\u0119 diody LED to charakterystyczna cecha Rand M, kt\u00f3ra nadaje urz\u0105dzeniu atrakcyjny wygl\u0105d na p\u00f3\u0142ce \u2014 reaguj\u0105 na d\u017awi\u0119ki otoczenia, kt\u00f3re klienci zwykle zauwa\u017caj\u0105 w sklepie.<\/p>\n<p>Je\u015bli w Twoim sklepie znajduj\u0105 si\u0119 ju\u017c produkty Rand M, jest to naturalny dodatek. Je\u015bli nie, warto wiedzie\u0107, \u017ce Rand M ma istniej\u0105c\u0105 baz\u0119 klient\u00f3w w Wielkiej Brytanii, Hiszpanii, Niemczech i Holandii, kt\u00f3rzy wyszukuj\u0105 mark\u0119 po nazwie. W por\u00f3wnaniu do innych urz\u0105dze\u0144 30K, takich jak <a href=\"https:\/\/holavape.com\/pl\/produkt\/vapme-digital-30000\/\">VAPME Cyfrowy 30000<\/a>Tornado oferuje wi\u0119cej e-liquidu (30 ml w por\u00f3wnaniu do 20 ml) i szerszy wyb\u00f3r smak\u00f3w, chocia\u017c brakuje mu specyficznego dla MTL smaku, kt\u00f3ry zapewnia VAPME. Dla sklep\u00f3w poszukuj\u0105cych alternatywy o wi\u0119kszej wydajno\u015bci, <a href=\"https:\/\/holavape.com\/pl\/produkt\/waspe-bar-60k\/\">WASPE Bar 60K<\/a> podwaja liczb\u0119 zaci\u0105gni\u0119\u0107 w tym samym formacie o jednym smaku.<\/p>\n<table>\n<thead>\n<tr>\n<th>Spec<\/th>\n<th>Szczeg\u00f3\u0142<\/th>\n<\/tr>\n<\/thead>\n<tbody>\n<tr>\n<td>Liczba zaciagniec<\/td>\n<td>Do 30 tys<\/td>\n<\/tr>\n<tr>\n<td>Pojemno\u015b\u0107 e-cieczy<\/td>\n<td>30ml<\/td>\n<\/tr>\n<tr>\n<td>Bateria<\/td>\n<td>Akumulator 600 m Ah (typ C)<\/td>\n<\/tr>\n<tr>\n<td>Cewka<\/td>\n<td>Cewka siatkowa 1,0 \u03a9<\/td>\n<\/tr>\n<tr>\n<td>Mocne strony nikotyny<\/td>\n<td>2%, 5%<\/td>\n<\/tr>\n<tr>\n<td>\u015awiat\u0142a LED<\/td>\n<td>Reaguj\u0105cy na muzyk\u0119<\/td>\n<\/tr>\n<tr>\n<td>Opakowanie<\/td>\n<td>Skontaktuj si\u0119 z nami, aby uzyska\u0107 szczeg\u00f3\u0142owe informacje na temat kartonu<\/td>\n<\/tr>\n<\/tbody>\n<\/table>\n<h3>Smaki<\/h3>\n<p>Bestsellery w ofercie w pierwszej kolejno\u015bci: Strawberry Ice, Watermelon Ice (na niekt\u00f3rych rynkach wymienione jako Lush Ice), Blue Raspberry Ice i Grape Ice \u2014 te cztery czynniki nap\u0119dzaj\u0105 wolumen sprzeda\u017cy na rynkach europejskich.<\/p>\n<p><strong>Owoce mro\u017cone (bezpieczne zak\u0142ady):<\/strong> L\u00f3d truskawkowy, l\u00f3d z niebieskich malin, l\u00f3d jagodowy, l\u00f3d winogronowy (szczeg\u00f3lnie mocny w Europie Po\u0142udniowej), l\u00f3d wi\u015bniowy, l\u00f3d brzoskwiniowy, l\u00f3d ananasowy, l\u00f3d bananowy, l\u00f3d Lush (na bazie arbuza, bardzo popularny). Powinny one stanowi\u0107 rdze\u0144 ka\u017cdego pierwszego zam\u00f3wienia.<\/p>\n<p><strong>Mieszanki owocowe:<\/strong> Jagoda Malina, Jagoda Kwa\u015bna Malina (kwa\u015bna nuta dodaje wyr\u00f3\u017cnienia), Truskawkowy Arbuz, Truskawkowy Banan, Truskawkowe Winogrono, Jagoda Brzoskwiniowa, Brzoskwiniowy Ananas Mango, Kiwi Marakuja (profil tropikalny, dobrze porusza si\u0119 w cieplejszych miesi\u0105cach), Triple Mango, Mieszane Jagody, Ice Pop.<\/p>\n<p><strong>Inspirowane napojami i specjalno\u015bci\u0105:<\/strong> Cherry Cola, Cola Ice (obie atrakcyjne dla entuzjast\u00f3w coli), Pink Lemonade, Vimto (bardzo popularne szczeg\u00f3lnie w Wielkiej Brytanii \u2013 prawie nieznane gdzie indziej, dostarczane selektywnie). Kr\u0119gle (profil cukierk\u00f3w, m\u0142odsza grupa demograficzna). Cool Mint i Black Ice to opcje zawieraj\u0105ce mentol dla by\u0142ych palaczy. Dr Blue to niebieski smak w stylu slushy, kt\u00f3ry ma zwolennik\u00f3w.<\/p>\n<p><strong>Odwa\u017cniejsze profile:<\/strong> Double Apple (silna pozycja na rynkach wp\u0142ywowych sziszy w Europie Po\u0142udniowej i \u015arodkowej), Love 66 (ciep\u0142a nuta tytoniu, przemawiaj\u0105ca do u\u017cytkownik\u00f3w preferuj\u0105cych MTL).<\/p>\n<h3>Wysy\u0142ka i zamawianie<\/h3>\n<p>Fumot Rand M Tornado 30000 statk\u00f3w z Chin z typowym czasem realizacji 10-15 dni roboczych do miejsc docelowych w Europie. Minimalne zam\u00f3wienie to 10 sztuk, przy wi\u0119kszych ilo\u015bciach ceny wielopoziomowe \u2014 swobodnie mieszaj smaki w ramach jednego zam\u00f3wienia. Opcje nikotyny to 2% i 5%; na rynkach UE standardow\u0105 stawk\u0105 hurtow\u0105 jest 2%. Sprawd\u017a lokalne przepisy TPD przed magazynowaniem 5% w krajach, w kt\u00f3rych przekracza to dozwolone limity. <a href=\"https:\/\/holavape.com\/pl\/kontakt\/\">Skontaktuj si\u0119 z nami<\/a> w celu uzyskania specyfikacji kartonu, cen hurtowych i ofert frachtu.<\/p>\n","protected":false},"excerpt":{"rendered":"<p>Fumot RandM Tornado 30000 dostarcza 30 000 zaci\u0105gni\u0119\u0107, 30ml e-liquidu, 30 smak\u00f3w i \u015bwiat\u0142a LED reaguj\u0105ce na muzyk\u0119 w znanym formacie RandM. Dost\u0119pny w nikotynie 2% i 5%, to mocny zak\u0142ad hurtowy na rynek europejski. \ud83c\udfb6<\/p>\n","protected":false},"featured_media":470,"comment_status":"open","ping_status":"closed","template":"","meta":[],"product_brand":[],"product_cat":[808],"product_tag":[],"class_list":{"0":"post-107356","1":"product","2":"type-product","3":"status-publish","4":"has-post-thumbnail","6":"product_cat-randm-pl","8":"first","9":"instock","10":"shipping-taxable","11":"purchasable","12":"product-type-variable","13":"has-default-attributes"},"tiered_pricing_type":"fixed","tiered_pricing_fixed_rules":{"30":8.1500000000000003552713678800500929355621337890625,"50":7.03000000000000024868995751603506505489349365234375,"100":6.29000000000000003552713678800500929355621337890625,"200":5.9199999999999999289457264239899814128875732421875,"400":5.37000000000000010658141036401502788066864013671875},"tiered_pricing_product_settings":{"layout":"default","base_unit_name":{"singular":null,"plural":null},"default_variation":null},"tiered_pricing_minimum_quantity":10,"tiered_pricing_roles_data":[],"tiered_pricing_percentage_rules":[],"tiered_pricing_maximum_quantity":null,"tiered_pricing_quantity_step":"10","_links":{"self":[{"href":"https:\/\/holavape.com\/pl\/wp-json\/wp\/v2\/product\/107356","targetHints":{"allow":["GET"]}}],"collection":[{"href":"https:\/\/holavape.com\/pl\/wp-json\/wp\/v2\/product"}],"about":[{"href":"https:\/\/holavape.com\/pl\/wp-json\/wp\/v2\/types\/product"}],"replies":[{"embeddable":true,"href":"https:\/\/holavape.com\/pl\/wp-json\/wp\/v2\/comments?post=107356"}],"wp:featuredmedia":[{"embeddable":true,"href":"https:\/\/holavape.com\/pl\/wp-json\/wp\/v2\/media\/470"}],"wp:attachment":[{"href":"https:\/\/holavape.com\/pl\/wp-json\/wp\/v2\/media?parent=107356"}],"wp:term":[{"taxonomy":"product_brand","embeddable":true,"href":"https:\/\/holavape.com\/pl\/wp-json\/wp\/v2\/product_brand?post=107356"},{"taxonomy":"product_cat","embeddable":true,"href":"https:\/\/holavape.com\/pl\/wp-json\/wp\/v2\/product_cat?post=107356"},{"taxonomy":"product_tag","embeddable":true,"href":"https:\/\/holavape.com\/pl\/wp-json\/wp\/v2\/product_tag?post=107356"}],"curies":[{"name":"wp","href":"https:\/\/api.w.org\/{rel}","templated":true}]}}