{"id":108500,"date":"2025-06-27T09:50:40","date_gmt":"2025-06-27T09:50:40","guid":{"rendered":"https:\/\/holavape.com\/product\/vapme-digital-30000\/"},"modified":"2026-04-05T02:24:36","modified_gmt":"2026-04-05T02:24:36","slug":"vapme-digital-30000","status":"publish","type":"product","link":"https:\/\/holavape.com\/pl\/produkt\/vapme-digital-30000\/","title":{"rendered":"VAPME Digital 30000 MTL jednorazowy vape &#8211; wysoka zawarto\u015b\u0107 nikotyny do sprzeda\u017cy hurtowej"},"content":{"rendered":"<h2>VAPME Cyfrowy 30000 \u2014 30 000 zaciagniec MTL Jednorazowy<\/h2>\n<p>VAPME Digital 30000 to dedykowany jednorazowy aparat usta-p\u0142uco, kt\u00f3ry odr\u00f3\u017cnia go od wi\u0119kszo\u015bci dost\u0119pnych na rynku urz\u0105dze\u0144 o wysokim zaci\u0105gni\u0119ciu, przeznaczonych do bezpo\u015brednich trafie\u0144 w p\u0142uca. Cewka z siatk\u0105 o oporno\u015bci 0,6 \u03a9 i cia\u015bniejszy naci\u0105g na\u015bladuj\u0105 wra\u017cenie tradycyjnego papierosa lub systemu kapsu\u0142ek, co czyni go dobr\u0105 opcj\u0105 dla sklep\u00f3w obs\u0142uguj\u0105cych klient\u00f3w odchodz\u0105cych od palenia lub preferuj\u0105cych bardziej ograniczony przep\u0142yw powietrza. Jest to sta\u0142y sprzedawca na rynkach takich jak Francja, Niemcy i Wielka Brytania, gdzie preferencje dotycz\u0105ce MTL pozostaj\u0105 du\u017ce.<\/p>\n<p>Przy 30 000 zaci\u0105gni\u0119\u0107 i 20 ml e-liquidu plasuje si\u0119 w \u015brednim zakresie pod wzgl\u0119dem pojemno\u015bci. Nie konkuruje pod wzgl\u0119dem liczby zaci\u0105gni\u0119\u0107 z ponad 60 tys. urz\u0105dze\u0144 takich jak <a href=\"https:\/\/holavape.com\/pl\/produkt\/waspe-bar-60k\/\">WASPE Bar 60K<\/a> lub jednostki wielosmakowe, takie jak <a href=\"https:\/\/holavape.com\/pl\/produkt\/vopk-triple-60000\/\">Vopk Potr\u00f3jny 60000<\/a>, ale nie musi \u2014 jego nisz\u0105 jest nabywca MTL, kt\u00f3ry przedk\u0142ada styl pobierania i dostarczanie nikotyny nad sam\u0105 pojemno\u015b\u0107. Opcje o wysokiej zawarto\u015bci nikotyny (do 15%) sprawiaj\u0105, \u017ce jest ona odpowiednia r\u00f3wnie\u017c dla rynk\u00f3w poza UE, gdzie dozwolone s\u0105 wy\u017csze st\u0119\u017cenia.<\/p>\n<table>\n<thead>\n<tr>\n<th>Spec<\/th>\n<th>Szczeg\u00f3\u0142<\/th>\n<\/tr>\n<\/thead>\n<tbody>\n<tr>\n<td>Liczba zaciagniec<\/td>\n<td>Do 30 tys<\/td>\n<\/tr>\n<tr>\n<td>Narysuj styl<\/td>\n<td>MTL (usta-p\u0142uco)<\/td>\n<\/tr>\n<tr>\n<td>Pojemno\u015b\u0107 e-cieczy<\/td>\n<td>20ml<\/td>\n<\/tr>\n<tr>\n<td>Bateria<\/td>\n<td>Akumulator 850 m Ah (typ C)<\/td>\n<\/tr>\n<tr>\n<td>Cewka<\/td>\n<td>Cewka siatkowa 0,6 \u03a9<\/td>\n<\/tr>\n<tr>\n<td>Mocne strony nikotyny<\/td>\n<td>0%, 12%, 13%, 15%<\/td>\n<\/tr>\n<tr>\n<td>Opakowanie<\/td>\n<td>Skontaktuj si\u0119 z nami, aby uzyska\u0107 szczeg\u00f3\u0142owe informacje na temat kartonu<\/td>\n<\/tr>\n<\/tbody>\n<\/table>\n<h3>Smaki<\/h3>\n<p>Najlepiej sprzedaj\u0105ce si\u0119 produkty w pierwszej kolejno\u015bci: Watermelon Ice, Strawberry Ice i Blueberry Raspberry \u2014 to bezpieczne produkty, kt\u00f3re sprawdzaj\u0105 si\u0119 niezale\u017cnie od rynku. Cherry Ice sprawdza si\u0119 r\u00f3wnie\u017c dobrze w Europie P\u00f3\u0142nocnej.<\/p>\n<p><strong>Owoce mro\u017cone:<\/strong> Watermelon Ice (najpopularniejszy jednorazowy smak vape w Europie), Strawberry Ice, Cherry Ice, Peach Ice \u2014 proste profile mro\u017cone, kt\u00f3re dzia\u0142aj\u0105 z MTL. Powinny one stanowi\u0107 wi\u0119kszo\u015b\u0107 ka\u017cdego pierwszego zam\u00f3wienia.<\/p>\n<p><strong>Mieszanki owocowe:<\/strong> Jagoda Malina (po\u0142\u0105czenie jag\u00f3d, kt\u00f3re cieszy si\u0119 du\u017cym zainteresowaniem), Truskawka Kiwi, Truskawkowe Winogrono, Kiwi Marakuja Gujawa (tropikalna z nut\u0105 gujawy, dobrze sprawdza si\u0119 w Europie Po\u0142udniowej).<\/p>\n<p><strong>Inspirowane napojami i specjalno\u015bci\u0105:<\/strong> Truskawkowy Red Bull i nap\u00f3j energetyczny \u2014 smaki napoj\u00f3w energetycznych s\u0105 m\u0142odsze, ale sprzedaj\u0105 si\u0119 niezmiennie. Lady Killa i Love 66 to starsze nazwy smak\u00f3w, kt\u00f3re maj\u0105 oddanych fan\u00f3w; Love 66 ma lekko tytoniowe ciep\u0142o, kt\u00f3re u\u017cytkownicy MTL zwykle doceniaj\u0105.<\/p>\n<h3>Wysy\u0142ka i zamawianie<\/h3>\n<p>VAPME Digital 30000 wysy\u0142a przesy\u0142ki z Chin z szacowanym czasem realizacji do miejsc w Europie wynosz\u0105cym 10\u201315 dni roboczych. Minimalne zam\u00f3wienie to 10 sztuk, a ceny poziom\u00f3w wynosz\u0105 30+ i 100+ \u2014 smaki mo\u017cna miesza\u0107 w ramach jednego zam\u00f3wienia. Zakres nikotyny w tym modelu jest nietypowy: 0%, 12%, 13% i 15%. Dla rynk\u00f3w UE 0% jest najbezpieczniejszym zapasem, poniewa\u017c te wy\u017csze st\u0119\u017cenia przekraczaj\u0105 standardowe limity TPD w wi\u0119kszo\u015bci kraj\u00f3w UE. Je\u015bli Twoi klienci dzia\u0142aj\u0105 na rynkach, gdzie dozwolona jest wy\u017csza zawarto\u015b\u0107 nikotyny (Wielka Brytania, Bliski Wsch\u00f3d, cz\u0119\u015bci Azji), opcje 12-15% daj\u0105 temu urz\u0105dzeniu siln\u0105 przewag\u0119 nad konkurencj\u0105 ograniczon\u0105 do 2-5%. <a href=\"https:\/\/holavape.com\/pl\/kontakt\/\">Skontaktuj si\u0119 z nami<\/a> aby uzyska\u0107 dok\u0142adne specyfikacje kartonu i szczeg\u00f3\u0142y oferty frachtowej.<\/p>\n","protected":false},"excerpt":{"rendered":"<p>VAPME Digital 30000 oferuje 30 000 zaci\u0105gni\u0119\u0107, grza\u0142k\u0119 mesh 0.6\u03a9 i zaci\u0105g MTL stworzony dla u\u017cytkownik\u00f3w preferuj\u0105cych ten styl. W opcjach nikotyny 0% \/ 12% \/ 13% \/ 15% oraz 12 smakach dobrze trafia w wy\u017csze nisze nikotynowe. \ud83c\udfaf<\/p>\n","protected":false},"featured_media":795,"comment_status":"open","ping_status":"closed","template":"","meta":[],"product_brand":[],"product_cat":[844],"product_tag":[],"class_list":{"0":"post-108500","1":"product","2":"type-product","3":"status-publish","4":"has-post-thumbnail","6":"product_cat-vapme-pl","8":"first","9":"instock","10":"shipping-taxable","11":"purchasable","12":"product-type-variable","13":"has-default-attributes"},"tiered_pricing_type":"fixed","tiered_pricing_fixed_rules":{"30":8.7599999999999997868371792719699442386627197265625,"50":7.03000000000000024868995751603506505489349365234375,"100":6.4199999999999999289457264239899814128875732421875,"200":6.04999999999999982236431605997495353221893310546875,"400":5.61000000000000031974423109204508364200592041015625},"tiered_pricing_product_settings":{"layout":"default","base_unit_name":{"singular":null,"plural":null},"default_variation":null},"tiered_pricing_minimum_quantity":10,"tiered_pricing_roles_data":[],"tiered_pricing_percentage_rules":[],"tiered_pricing_maximum_quantity":null,"tiered_pricing_quantity_step":"10","_links":{"self":[{"href":"https:\/\/holavape.com\/pl\/wp-json\/wp\/v2\/product\/108500","targetHints":{"allow":["GET"]}}],"collection":[{"href":"https:\/\/holavape.com\/pl\/wp-json\/wp\/v2\/product"}],"about":[{"href":"https:\/\/holavape.com\/pl\/wp-json\/wp\/v2\/types\/product"}],"replies":[{"embeddable":true,"href":"https:\/\/holavape.com\/pl\/wp-json\/wp\/v2\/comments?post=108500"}],"wp:featuredmedia":[{"embeddable":true,"href":"https:\/\/holavape.com\/pl\/wp-json\/wp\/v2\/media\/795"}],"wp:attachment":[{"href":"https:\/\/holavape.com\/pl\/wp-json\/wp\/v2\/media?parent=108500"}],"wp:term":[{"taxonomy":"product_brand","embeddable":true,"href":"https:\/\/holavape.com\/pl\/wp-json\/wp\/v2\/product_brand?post=108500"},{"taxonomy":"product_cat","embeddable":true,"href":"https:\/\/holavape.com\/pl\/wp-json\/wp\/v2\/product_cat?post=108500"},{"taxonomy":"product_tag","embeddable":true,"href":"https:\/\/holavape.com\/pl\/wp-json\/wp\/v2\/product_tag?post=108500"}],"curies":[{"name":"wp","href":"https:\/\/api.w.org\/{rel}","templated":true}]}}