{"id":111689,"date":"2025-07-07T07:37:45","date_gmt":"2025-07-07T07:37:45","guid":{"rendered":"https:\/\/holavape.com\/product\/bang-box-20k\/"},"modified":"2026-04-05T02:23:11","modified_gmt":"2026-04-05T02:23:11","slug":"bang-box-20k","status":"publish","type":"product","link":"https:\/\/holavape.com\/pl\/produkt\/bang-box-20k\/","title":{"rendered":"Bang Box 20K jednorazowy vape \u2014 cewka siatkowa 35ml hurt"},"content":{"rendered":"<h2>Bang Box 20K \u2014 20 000 zaciagniec Jednorazowe opakowanie o du\u017cej pojemno\u015bci<\/h2>\n<p>Bang Box 20K mie\u015bci 35 ml e-liquidu w urz\u0105dzeniu na 20 000 zaci\u0105gni\u0119\u0107 \u2014 czyli znacznie wi\u0119cej p\u0142ynu ni\u017c wi\u0119kszo\u015b\u0107 konkurent\u00f3w w tej gamie zaci\u0105gni\u0119\u0107 ( <a href=\"https:\/\/holavape.com\/pl\/produkt\/vapme-20k-crystal-jednorazowy-e-papieros-z-podwojnym-smakiem-hurt\/\">Kryszta\u0142 Vapme 20K<\/a> ma 20ml dla por\u00f3wnania). Ponadgabarytowy zbiornik oznacza g\u0119stsz\u0105 par\u0119 i bardziej sp\u00f3jne dostarczanie smaku przez ca\u0142y okres u\u017cytkowania urz\u0105dzenia. W po\u0142\u0105czeniu z akumulatorem o pojemno\u015bci 850 m Ah i cewk\u0105 siatkow\u0105 jest przeznaczony dla ci\u0119\u017cszych u\u017cytkownik\u00f3w, kt\u00f3rzy szybko korzystaj\u0105 z materia\u0142\u00f3w jednorazowych. Dobrze sprzedaje si\u0119 w Hiszpanii, Niemczech i Holandii, szczeg\u00f3lnie w\u015br\u00f3d kupuj\u0105cych, dla kt\u00f3rych pojemno\u015b\u0107 p\u0142ynu jest wa\u017cniejsza od rozmiaru urz\u0105dzenia.<\/p>\n<p>Dla dystrybutor\u00f3w: Bang to jedna z najbardziej rozpoznawalnych marek jednorazowych waporyzator\u00f3w w Europie, a Box 20K to podstawowy model z wysokim zaci\u0105gni\u0119ciem. Je\u015bli masz ju\u017c produkty Bang, takie jak <a href=\"https:\/\/holavape.com\/pl\/produkt\/bang-box-50k-jednorazowy-vape-o-dwoch-smakach-sprzedaz-hurtowa\/\">Bang Box 50 tys<\/a> Lub <a href=\"https:\/\/holavape.com\/pl\/produkt\/bang-king-250k\/\">Bang King 250 tys<\/a>, to uzupe\u0142nia doln\u0105 cz\u0119\u015b\u0107 asortymentu Bang. Ju\u017c sama rozpoznawalno\u015b\u0107 marki u\u0142atwia przenoszenie w por\u00f3wnaniu z mniej znanymi urz\u0105dzeniami 20K, a zbiornik o pojemno\u015bci 35 ml zapewnia konkretn\u0105 specyfikacj\u0119, kt\u00f3r\u0105 klienci mog\u0105 por\u00f3wna\u0107.<\/p>\n<table>\n<thead>\n<tr>\n<th>Spec<\/th>\n<th>Szczeg\u00f3\u0142<\/th>\n<\/tr>\n<\/thead>\n<tbody>\n<tr>\n<td>Liczba zaciagniec<\/td>\n<td>Do 20 tys<\/td>\n<\/tr>\n<tr>\n<td>Pojemno\u015b\u0107 e-cieczy<\/td>\n<td>35ml<\/td>\n<\/tr>\n<tr>\n<td>Bateria<\/td>\n<td>Akumulator 850 m Ah (typ C)<\/td>\n<\/tr>\n<tr>\n<td>Cewka<\/td>\n<td>Cewka siatkowa<\/td>\n<\/tr>\n<tr>\n<td>Mocne strony nikotyny<\/td>\n<td>0%, 2%, 3%, 5%<\/td>\n<\/tr>\n<tr>\n<td>Opcje smakowe<\/td>\n<td>12 pojedynczych smak\u00f3w<\/td>\n<\/tr>\n<tr>\n<td>Opakowanie<\/td>\n<td>Skontaktuj si\u0119 z nami w sprawie ilo\u015bci pude\u0142ek\/karton\u00f3w<\/td>\n<\/tr>\n<\/tbody>\n<\/table>\n<h3>Smaki \u2014 co najpierw zaopatrzy\u0107<\/h3>\n<p>Bestsellery na pocz\u0105tek: l\u00f3d arbuzowy, l\u00f3d malinowy, l\u00f3d winogronowy i kiwi truskawkowe. Te cztery obejmuj\u0105 najszerszy zakres preferencji klient\u00f3w i s\u0105 bezpieczne dla ka\u017cdego rynku europejskiego.<\/p>\n<p><strong>Owoce mro\u017cone (najwi\u0119ksze zmiany):<\/strong> Watermelon Ice (najlepiej sprzedaj\u0105cy si\u0119 jednorazowy smak w Europie \u2014 najwi\u0119cej zapas\u00f3w), Blue Raspberry Ice (s\u0142odka tarta z mentolem, niezawodnie popularna), Grape Ice (szczeg\u00f3lnie mocny w Europie Po\u0142udniowej \u2014 Hiszpania, W\u0142ochy, Portugalia), Mango On Ice (tropikalny z mentolowym kopni\u0119ciem, dobry sprzedawca w ciep\u0142e dni), Banana Ice (g\u0142adki i kremowy, polaryzuj\u0105cy, ale silnie powracaj\u0105cy kupuj\u0105cy).<\/p>\n<p><strong>Mieszanki owocowe (bez lodu):<\/strong> Strawberry Kiwi (s\u0142odki i zr\u00f3wnowa\u017cony, najlepszy wyb\u00f3r dla klient\u00f3w, kt\u00f3rzy nie lubi\u0105 mentolu), Strawberry Watermelon (podobny wygl\u0105d, nieco s\u0142odszy), Kiwi Passion Fruit Guava (tropikalne trio \u2014 pikantne i z\u0142o\u017cone, dobre dla os\u00f3b poszukuj\u0105cych r\u00f3\u017cnorodno\u015bci), Mango Peach (\u0142agodny tropikalny, \u0142atwa pierwsza pr\u00f3ba dla nowych vaper\u00f3w).<\/p>\n<p><strong>Odwa\u017cniejsze opcje:<\/strong> Raspberry Watermelon (mocny jagodowy, lekko cierpki \u2014 solidny produkt \u015bredniej klasy), Blueberry Sour Raspberry Ice (kwa\u015bny cukierek spotyka si\u0119 z lodem jagodowym \u2014 m\u0142odsza grupa demograficzna, nale\u017cy przetestowa\u0107 przed obfitym zaopatrzeniem), Mr. Blue (zastrze\u017cona mieszanka niebieskich jag\u00f3d \u2014 tajemniczy smak, kt\u00f3rego niekt\u00f3rzy klienci szczeg\u00f3lnie poszukuj\u0105).<\/p>\n<h3>Zamawianie i wysy\u0142ka<\/h3>\n<p>Bang Box 20K jest wysy\u0142any z Chin, a dostawa do Europy szacuje si\u0119 na 10\u201315 dni roboczych. MOQ zaczyna si\u0119 od 10 jednostek z wielopoziomowymi cenami od 30+ i 100+ jednostek. Mieszaj dowolnie smaki i moce nikotyny w jednym zam\u00f3wieniu \u2014 bez minimalnej kwoty na SKU.<\/p>\n<p>Dost\u0119pne s\u0105 wszystkie cztery moce nikotyny (0%\/2%\/3%\/5%). Na rynkach UE wi\u0119kszo\u015b\u0107 zam\u00f3wie\u0144 stanowi\u0105 0% i 2%. Opcja 0% jest warta zaopatrzenia, je\u015bli obs\u0142ugujesz rynki z ograniczeniami nikotynowymi lub klient\u00f3w, kt\u00f3rzy chc\u0105 ust\u0105pi\u0107. Wy\u017csze st\u0119\u017cenia (3% i 5%) nale\u017cy sprawdzi\u0107 pod k\u0105tem lokalnych przepis\u00f3w przed zam\u00f3wieniem wi\u0119kszej ilo\u015bci.<\/p>\n<p>W przypadku wymiar\u00f3w kartonu, wagi przesy\u0142ki i cen hurtowych powy\u017cej 100 sztuk, <a href=\"https:\/\/holavape.com\/pl\/kontakt\/\">skontaktuj si\u0119 z naszym zespo\u0142em hurtowni<\/a>.<\/p>\n","protected":false},"excerpt":{"rendered":"<p>Bang Box 20K pakuje 20 000 zaci\u0105gni\u0119\u0107, 35mL e-liquidu, grza\u0142k\u0119 mesh, \u0142adowalny akumulator 850mAh i 12 smak\u00f3w w nikotynie 0%\/2%\/3%\/5%. Pojemny model jednosmakowy z mocn\u0105 warto\u015bci\u0105 dla kupuj\u0105cych hurtowych. \ud83d\udd0b<\/p>\n","protected":false},"featured_media":1596,"comment_status":"open","ping_status":"closed","template":"","meta":[],"product_brand":[],"product_cat":[735,609,618,366,627,699,663,636,672,681,690,717,708,645,654,349,465,357,519,564,528],"product_tag":[],"class_list":{"0":"post-111689","1":"product","2":"type-product","3":"status-publish","4":"has-post-thumbnail","6":"product_cat-bang-pl","7":"product_cat-jednorazowe-vape-w-austria-pl","8":"product_cat-jednorazowe-vape-w-belgia-pl","9":"product_cat-jednorazowe-vape-w-europie-pl","10":"product_cat-jednorazowe-vape-w-francja-pl","11":"product_cat-jednorazowe-vape-w-hiszpania-pl","12":"product_cat-jednorazowe-vape-w-holandia-pl","13":"product_cat-jednorazowe-vape-w-niemcy-pl","14":"product_cat-jednorazowe-vape-w-norwegia-pl","15":"product_cat-jednorazowe-vape-w-polska-pl","16":"product_cat-jednorazowe-vape-w-portugalia-pl","17":"product_cat-jednorazowe-vape-w-szwajcaria-pl","18":"product_cat-jednorazowe-vape-w-szwecja-pl","19":"product_cat-jednorazowe-vape-w-wegry-pl","20":"product_cat-jednorazowe-vape-w-wlochy-pl","21":"product_cat-jednorazowe-vape-wg-liczby-zaciagniec-pl","22":"product_cat-jednorazowy-vape-20000-zaciagniec-pl","23":"product_cat-typy-jednorazowych-vape-pl","24":"product_cat-vape-z-duza-liczba-zaciagniec-pl","25":"product_cat-vape-z-inteligentnym-ekranem-pl","26":"product_cat-vape-z-ladowaniem-pl","28":"first","29":"instock","30":"shipping-taxable","31":"purchasable","32":"product-type-variable","33":"has-default-attributes"},"tiered_pricing_type":"fixed","tiered_pricing_fixed_rules":{"30":6.4199999999999999289457264239899814128875732421875,"50":5.42999999999999971578290569595992565155029296875,"100":4.69000000000000039079850466805510222911834716796875,"200":4.32000000000000028421709430404007434844970703125,"400":3.7599999999999997868371792719699442386627197265625},"tiered_pricing_product_settings":{"layout":"default","base_unit_name":{"singular":null,"plural":null},"default_variation":null},"tiered_pricing_minimum_quantity":10,"tiered_pricing_roles_data":[],"tiered_pricing_percentage_rules":[],"tiered_pricing_maximum_quantity":null,"tiered_pricing_quantity_step":"10","_links":{"self":[{"href":"https:\/\/holavape.com\/pl\/wp-json\/wp\/v2\/product\/111689","targetHints":{"allow":["GET"]}}],"collection":[{"href":"https:\/\/holavape.com\/pl\/wp-json\/wp\/v2\/product"}],"about":[{"href":"https:\/\/holavape.com\/pl\/wp-json\/wp\/v2\/types\/product"}],"replies":[{"embeddable":true,"href":"https:\/\/holavape.com\/pl\/wp-json\/wp\/v2\/comments?post=111689"}],"wp:featuredmedia":[{"embeddable":true,"href":"https:\/\/holavape.com\/pl\/wp-json\/wp\/v2\/media\/1596"}],"wp:attachment":[{"href":"https:\/\/holavape.com\/pl\/wp-json\/wp\/v2\/media?parent=111689"}],"wp:term":[{"taxonomy":"product_brand","embeddable":true,"href":"https:\/\/holavape.com\/pl\/wp-json\/wp\/v2\/product_brand?post=111689"},{"taxonomy":"product_cat","embeddable":true,"href":"https:\/\/holavape.com\/pl\/wp-json\/wp\/v2\/product_cat?post=111689"},{"taxonomy":"product_tag","embeddable":true,"href":"https:\/\/holavape.com\/pl\/wp-json\/wp\/v2\/product_tag?post=111689"}],"curies":[{"name":"wp","href":"https:\/\/api.w.org\/{rel}","templated":true}]}}