{"id":114501,"date":"2025-07-07T07:37:36","date_gmt":"2025-07-07T07:37:36","guid":{"rendered":"https:\/\/holavape.com\/product\/bang-king-20k-jednorazowy-vape-sprzedaz-hurtowa-wyswietlaczy-led\/"},"modified":"2026-04-05T02:23:41","modified_gmt":"2026-04-05T02:23:41","slug":"bang-king-20k","status":"publish","type":"product","link":"https:\/\/holavape.com\/pl\/produkt\/bang-king-20k\/","title":{"rendered":"Bang King 20K Jednorazowy Vape \u2014 sprzeda\u017c hurtowa wy\u015bwietlaczy LED"},"content":{"rendered":"<h2>Bang King 20K \u2014 Jednorazowy wy\u015bwietlacz LED o pojemno\u015bci 20 000 szt<\/h2>\n<p>Bang King 20K wype\u0142nia luk\u0119 pomi\u0119dzy podstawowymi urz\u0105dzeniami 12 tys. a wysokozaci\u0105gni\u0119tymi urz\u0105dzeniami o wielu smakach. Dzi\u0119ki 20 000 zaci\u0105gni\u0119\u0107 ze zbiornika o pojemno\u015bci 25 ml i wy\u015bwietlaczowi LED pokazuj\u0105cemu pozosta\u0142\u0105 liczb\u0119 zaci\u0105gni\u0119\u0107 i poziom na\u0142adowania baterii, zapewnia u\u017cytkownikom ko\u0144cowym bardziej \u015bwiadome wra\u017cenia z wapowania. Ekran LED jest zalet\u0105 w sklepach detalicznych \u2014 klienci mog\u0105 dok\u0142adnie zobaczy\u0107, ile \u017cycia pozosta\u0142o w urz\u0105dzeniu, co zmniejsza ryzyko pojawienia si\u0119 pytania \u201eczy to co\u015b umar\u0142o?\u201d zwroty, z kt\u00f3rymi w\u0142a\u015bciciele sklep\u00f3w maj\u0105 do czynienia w przypadku modeli bez ekranu.<\/p>\n<p>Model ten cieszy si\u0119 popularno\u015bci\u0105 w\u015br\u00f3d dystrybutor\u00f3w w Hiszpanii, Niemczech i Polsce, kt\u00f3rzy oferuj\u0105 pe\u0142n\u0105 gam\u0119 Bang King. Siedzi pomi\u0119dzy <a href=\"https:\/\/holavape.com\/pl\/produkt\/bang-king-12k\/\">Bang King 12K<\/a> (ni\u017csza cena, brak ekranu) i <a href=\"https:\/\/holavape.com\/pl\/produkt\/bang-king-250k\/\">Bang King 250K<\/a> (flagowy multismak). Dla sklep\u00f3w, kt\u00f3re chc\u0105 zaopatrzy\u0107 si\u0119 w kompletny asortyment produkt\u00f3w Bang bez przeskakiwania od razu do poziomu ponad 100 tys., jest to logiczny \u015brodkowy krok.<\/p>\n<table>\n<thead>\n<tr>\n<th>Spec<\/th>\n<th>Szczeg\u00f3\u0142<\/th>\n<\/tr>\n<\/thead>\n<tbody>\n<tr>\n<td>Liczba zaci\u0105gni\u0119\u0107<\/td>\n<td>Do 20 tys<\/td>\n<\/tr>\n<tr>\n<td>Pojemno\u015b\u0107 e-cieczy<\/td>\n<td>25 ml wst\u0119pnie nape\u0142nione<\/td>\n<\/tr>\n<tr>\n<td>Bateria<\/td>\n<td>Akumulator 650 mAh (USB-C)<\/td>\n<\/tr>\n<tr>\n<td>Wy\u015bwietlacz<\/td>\n<td>Ekran LED (liczba zaci\u0105gni\u0119\u0107 + bateria)<\/td>\n<\/tr>\n<tr>\n<td>Mocne strony nikotyny<\/td>\n<td>0%, 2%, 3%, 5%<\/td>\n<\/tr>\n<tr>\n<td>System smakowy<\/td>\n<td>Jeden smak na urz\u0105dzenie<\/td>\n<\/tr>\n<tr>\n<td>Dost\u0119pne smaki<\/td>\n<td>17<\/td>\n<\/tr>\n<\/tbody>\n<\/table>\n<h3>Smaki<\/h3>\n<p>Bestsellery dost\u0119pne w pierwszej kolejno\u015bci: l\u00f3d jagodowy, l\u00f3d winogronowy, arbuz i arbuz truskawkowy.<\/p>\n<p><strong>Owoce mro\u017cone:<\/strong> Lody jagodowe, lody winogronowe (szczeg\u00f3lnie mocne w Europie Po\u0142udniowej) i lody brzoskwiniowe. Te trzy produkty to najbezpieczniejszy wyb\u00f3r na ka\u017cdym rynku europejskim.<\/p>\n<p><strong>Mieszanki owocowe:<\/strong> Arbuz truskawkowy, kiwi truskawkowy, mango truskawkowe, liczi truskawkowe, arbuz malinowy, malina jagodowa, arbuz jagodowy i arbuz mango brzoskwiniowy. Tutaj jest du\u017cy wyb\u00f3r \u2014 zacznij od truskawkowego arbuza i truskawkowego kiwi, a nast\u0119pnie rozszerzaj w zale\u017cno\u015bci od tego, jakie ruchy si\u0119 poruszaj\u0105.<\/p>\n<p><strong>Inne profile:<\/strong> Mi\u0119ta (czysty mentol, sta\u0142y produkt dla by\u0142ych palaczy), Double Apple (inspirowany szisz\u0105, popularny w spo\u0142eczno\u015bciach Bliskiego Wschodu i Europy Po\u0142udniowej), Arbuz (bez lodu, proste owoce), Red Bull (o smaku napoju energetycznego, m\u0142odsi nabywcy) i Mieszane Owoce (og\u00f3lna mieszanka owocowa \u2013 przyzwoity smak zast\u0119pczy).<\/p>\n<p>Poniewa\u017c dost\u0119pnych jest 17 smak\u00f3w, nie pr\u00f3buj zamawia\u0107 ich wszystkich przy pierwszym zam\u00f3wieniu. Zacznij od 6\u20138 mro\u017conych owoc\u00f3w i najlepszych mieszanek owocowych, a nast\u0119pnie przetestuj odwa\u017cniejsze profile w ma\u0142ych ilo\u015bciach.<\/p>\n<h3>Wysy\u0142ka i zamawianie<\/h3>\n<p>Bang King 20K statki z Chin z szacowanym czasem realizacji do Europy wynosz\u0105cym 10\u201315 dni roboczych. Minimalne zam\u00f3wienie to 10 jednostek, lepsze ceny na poziomach 30+ i 100+. Smaki i moce nikotyny mo\u017cna dowolnie miesza\u0107 w ramach zam\u00f3wienia.<\/p>\n<p>0% i 2% to standardowe stawki na rynkach UE. Dost\u0119pne s\u0105 opcje 3% i 5%, ale sprawd\u017a lokalne przepisy \u2014 wiele kraj\u00f3w UE ogranicza zawarto\u015b\u0107 nikotyny w sprzeda\u017cy detalicznej. <a href=\"https:\/\/holavape.com\/pl\/kontakt\/\">Skontaktuj si\u0119<\/a> je\u015bli potrzebujesz pomocy w zbudowaniu pierwszego zam\u00f3wienia lub wyborze mocnych stron dla swojego rynku.<\/p>\n","protected":false},"excerpt":{"rendered":"<p>Bang King 20K \u0142\u0105czy 20 000 zaci\u0105gni\u0119\u0107, 17 smak\u00f3w, ekran LED i zbiornik 25ml z \u0142adowalnym akumulatorem 650mAh. Wbudowany licznik zaci\u0105gni\u0119\u0107 daje mu bardziej premium odczucie w klasie 20K. \ud83d\udd25<\/p>\n","protected":false},"featured_media":1476,"comment_status":"open","ping_status":"closed","template":"","meta":[],"product_brand":[],"product_cat":[735,555,573,609,618,366,627,699,663,636,672,681,690,717,708,645,654,349,465,357,519,564,528],"product_tag":[],"class_list":{"0":"post-114501","1":"product","2":"type-product","3":"status-publish","4":"has-post-thumbnail","6":"product_cat-bang-pl","7":"product_cat-cyfrowe-box-vape-pl","8":"product_cat-dual-mesh-vape-pl","9":"product_cat-jednorazowe-vape-w-austria-pl","10":"product_cat-jednorazowe-vape-w-belgia-pl","11":"product_cat-jednorazowe-vape-w-europie-pl","12":"product_cat-jednorazowe-vape-w-francja-pl","13":"product_cat-jednorazowe-vape-w-hiszpania-pl","14":"product_cat-jednorazowe-vape-w-holandia-pl","15":"product_cat-jednorazowe-vape-w-niemcy-pl","16":"product_cat-jednorazowe-vape-w-norwegia-pl","17":"product_cat-jednorazowe-vape-w-polska-pl","18":"product_cat-jednorazowe-vape-w-portugalia-pl","19":"product_cat-jednorazowe-vape-w-szwajcaria-pl","20":"product_cat-jednorazowe-vape-w-szwecja-pl","21":"product_cat-jednorazowe-vape-w-wegry-pl","22":"product_cat-jednorazowe-vape-w-wlochy-pl","23":"product_cat-jednorazowe-vape-wg-liczby-zaciagniec-pl","24":"product_cat-jednorazowy-vape-20000-zaciagniec-pl","25":"product_cat-typy-jednorazowych-vape-pl","26":"product_cat-vape-z-duza-liczba-zaciagniec-pl","27":"product_cat-vape-z-inteligentnym-ekranem-pl","28":"product_cat-vape-z-ladowaniem-pl","30":"first","31":"instock","32":"shipping-taxable","33":"purchasable","34":"product-type-variable","35":"has-default-attributes"},"tiered_pricing_type":"fixed","tiered_pricing_fixed_rules":{"30":6.29000000000000003552713678800500929355621337890625,"50":5.42999999999999971578290569595992565155029296875,"100":4.69000000000000039079850466805510222911834716796875,"200":4.44000000000000039079850466805510222911834716796875,"400":3.890000000000000124344978758017532527446746826171875},"tiered_pricing_product_settings":{"layout":"default","base_unit_name":{"singular":null,"plural":null},"default_variation":null},"tiered_pricing_minimum_quantity":10,"tiered_pricing_roles_data":[],"tiered_pricing_percentage_rules":[],"tiered_pricing_maximum_quantity":null,"tiered_pricing_quantity_step":"10","_links":{"self":[{"href":"https:\/\/holavape.com\/pl\/wp-json\/wp\/v2\/product\/114501","targetHints":{"allow":["GET"]}}],"collection":[{"href":"https:\/\/holavape.com\/pl\/wp-json\/wp\/v2\/product"}],"about":[{"href":"https:\/\/holavape.com\/pl\/wp-json\/wp\/v2\/types\/product"}],"replies":[{"embeddable":true,"href":"https:\/\/holavape.com\/pl\/wp-json\/wp\/v2\/comments?post=114501"}],"wp:featuredmedia":[{"embeddable":true,"href":"https:\/\/holavape.com\/pl\/wp-json\/wp\/v2\/media\/1476"}],"wp:attachment":[{"href":"https:\/\/holavape.com\/pl\/wp-json\/wp\/v2\/media?parent=114501"}],"wp:term":[{"taxonomy":"product_brand","embeddable":true,"href":"https:\/\/holavape.com\/pl\/wp-json\/wp\/v2\/product_brand?post=114501"},{"taxonomy":"product_cat","embeddable":true,"href":"https:\/\/holavape.com\/pl\/wp-json\/wp\/v2\/product_cat?post=114501"},{"taxonomy":"product_tag","embeddable":true,"href":"https:\/\/holavape.com\/pl\/wp-json\/wp\/v2\/product_tag?post=114501"}],"curies":[{"name":"wp","href":"https:\/\/api.w.org\/{rel}","templated":true}]}}