{"id":116583,"date":"2025-07-07T07:37:27","date_gmt":"2025-07-07T07:37:27","guid":{"rendered":"https:\/\/holavape.com\/product\/jnr-falcon-x-18k-jednorazowy-vape-sprzedaz-hurtowa-z-podwojna-siatka\/"},"modified":"2026-04-05T02:24:07","modified_gmt":"2026-04-05T02:24:07","slug":"jnr-falcon-x-18k","status":"publish","type":"product","link":"https:\/\/holavape.com\/pl\/produkt\/jnr-falcon-x-18k\/","title":{"rendered":"JNR Falcon X 18K Jednorazowy Vape \u2014 sprzeda\u017c hurtowa z podw\u00f3jn\u0105 siatk\u0105"},"content":{"rendered":"<h2>JNR Falcon X 18K \u2014 Jednorazowa cewka z podw\u00f3jn\u0105 siatk\u0105 o pojemno\u015bci 18 000 zaci\u0105gni\u0119\u0107<\/h2>\n<p>JNR Falcon X 18K znajduje si\u0119 w idealnym miejscu dla odbiorc\u00f3w hurtowych w ca\u0142ej Europie \u2014 liczba zaci\u0105gni\u0119\u0107 jest wystarczaj\u0105co wysoka, aby mo\u017cna by\u0142o odnie\u015b\u0107 wra\u017cenie, \u017ce jest to krok w g\u00f3r\u0119 w stosunku do urz\u0105dze\u0144 za 10\u201312 tys., ale cena jest znacznie ni\u017csza od flagowc\u00f3w o warto\u015bci ponad 30 tys. Sprzedaje si\u0119 konsekwentnie w Hiszpanii, Niemczech i Holandii, gdzie sklepy oferuj\u0105 go jako niezawodn\u0105 opcj\u0119 \u015bredniego poziomu, kt\u00f3rej nie trzeba wiele wyja\u015bnia\u0107 przy kasie.<\/p>\n<p>Tym, co odr\u00f3\u017cnia go od innych wyrob\u00f3w jednorazowego u\u017cytku 15\u201320 tys., jest system podw\u00f3jnej cewki siatkowej, kt\u00f3ry utrzymuje sp\u00f3jny smak od pierwszego do ostatniego zaci\u0105gni\u0119cia \u2014 cz\u0119sta skarga w przypadku urz\u0105dze\u0144 z pojedyncz\u0105 cewk\u0105 w tym zakresie zaci\u0105gni\u0119\u0107. Je\u015bli masz ju\u017c modele z wy\u017cszej p\u00f3\u0142ki, takie jak <a href=\"\/product\/bang-king-30000\/\">Bang King 30K<\/a> Lub <a href=\"https:\/\/holavape.com\/pl\/produkt\/bang-king-50000\/\">Bang King 50000<\/a>, Falcon X 18K \u0142adnie wype\u0142nia luk\u0119 pod nimi jako ta\u0144szy sterownik do codziennego u\u017cytku.<\/p>\n<table>\n<thead>\n<tr>\n<th>Spec<\/th>\n<th>Szczeg\u00f3\u0142<\/th>\n<\/tr>\n<\/thead>\n<tbody>\n<tr>\n<td>Liczba zaci\u0105gni\u0119\u0107<\/td>\n<td>Do 18 tys<\/td>\n<\/tr>\n<tr>\n<td>Pojemno\u015b\u0107 e-cieczy<\/td>\n<td>24 ml wst\u0119pnie nape\u0142nione<\/td>\n<\/tr>\n<tr>\n<td>Bateria<\/td>\n<td>Akumulator 950 mAh (typ C)<\/td>\n<\/tr>\n<tr>\n<td>Cewka<\/td>\n<td>Cewka z podw\u00f3jn\u0105 siatk\u0105<\/td>\n<\/tr>\n<tr>\n<td>Si\u0142a nikotyny<\/td>\n<td>2%<\/td>\n<\/tr>\n<tr>\n<td>Smaki<\/td>\n<td>29<\/td>\n<\/tr>\n<tr>\n<td>Wy\u015bwietlacz<\/td>\n<td>Cyfrowy ekran (bateria + licznik zaci\u0105gni\u0119\u0107)<\/td>\n<\/tr>\n<tr>\n<td>Przep\u0142yw powietrza<\/td>\n<td>Nastawny<\/td>\n<\/tr>\n<tr>\n<td>Opakowanie<\/td>\n<td>Skontaktuj si\u0119 z nami, aby uzyska\u0107 szczeg\u00f3\u0142owe informacje na temat pude\u0142ka\/kartonu<\/td>\n<\/tr>\n<\/tbody>\n<\/table>\n<h3>Smaki \u2014 29 opcji, zacznij od tych<\/h3>\n<p>Bestsellery dost\u0119pne w pierwszej kolejno\u015bci: l\u00f3d arbuzowy, l\u00f3d Blue Razz, l\u00f3d winogronowy i l\u00f3d arbuzowy truskawkowy. Te cztery obejmuj\u0105 najszerszy zakres preferencji klient\u00f3w i dobrze radz\u0105 sobie na rynkach europejskich.<\/p>\n<p>Owoce mro\u017cone: l\u00f3d arbuzowy (bestseller na prawie ka\u017cdym rynku), l\u00f3d Blue Razz, l\u00f3d winogronowy (szczeg\u00f3lnie popularny w Europie Po\u0142udniowej), l\u00f3d arbuzowy kiwi, l\u00f3d truskawkowy, l\u00f3d brzoskwiniowy, l\u00f3d kwa\u015bny jab\u0142kowy, l\u00f3d wi\u015bniowy, l\u00f3d bananowy. Stanowi\u0105 one bezpieczny rdze\u0144 \u2014 wi\u0119kszo\u015b\u0107 sklep\u00f3w b\u0119dzie chcia\u0142a mie\u0107 co najmniej 5\u20136 takich produkt\u00f3w na zmian\u0119.<\/p>\n<p>Jagody i mieszanki: Mieszane jagody, Berry Burst, Jagoda Malina, Jagoda Malina Wi\u015bnia, Wi\u015bnia Jagoda, Blue Razz Cherry, Jagoda Kiwi. Smaki jagodowe sprzedaj\u0105 si\u0119 niezmiennie, szczeg\u00f3lnie w ch\u0142odniejszych miesi\u0105cach. W tej grupie wyr\u00f3\u017cnia si\u0119 Bor\u00f3wka Malina.<\/p>\n<p>Tropikalne i s\u0142odkie: truskawkowe kiwi, truskawkowo-bananowe, marakuja kiwi, arbuzowa guma balonowa, bia\u0142a brzoskwiniowa razz, potr\u00f3jny melon, arbuzowe liczi, Mr.Blue. Bardziej odwa\u017cne profile \u2014 Strawberry Kiwi i Triple Melon to najbezpieczniejsze typy. Arbuz Lychee dobrze radzi sobie z klientami, kt\u00f3rzy znaj\u0105 ju\u017c smaki liczi.<\/p>\n<p>Odwa\u017cniejsze typy: Cherry Cola (niszowa, ale lojalna grupa fan\u00f3w), Cherry Watermelon Freeze (silniejsze uderzenie mentolowe), Skittles (smak cukierkowy \u2013 m\u0142odsza grupa demograficzna, najpierw przetestuj przy ma\u0142ym zam\u00f3wieniu), Cool Mint (czysty mentol, zawsze na rynku).<\/p>\n<h3>Zamawianie i wysy\u0142ka<\/h3>\n<p>JNR Falcon X 18K statki z Chin ze standardowym czasem realizacji do Europy w ci\u0105gu 10\u201315 dni roboczych, w zale\u017cno\u015bci od miejsca docelowego. Minimalne zam\u00f3wienie to 10 sztuk, istnieje mo\u017cliwo\u015b\u0107 miksowania smak\u00f3w w ramach jednego zam\u00f3wienia. Ceny hurtowe rozpoczynaj\u0105 si\u0119 od 30+ jednostek, z wi\u0119kszymi rabatami przy 100+. <a href=\"https:\/\/holavape.com\/pl\/kontakt\/\">Skontaktuj si\u0119 z nami<\/a> aby uzyska\u0107 dok\u0142adn\u0105 wag\u0119 i wymiary kartonu, je\u015bli potrzebujesz wyceny frachtu.<\/p>\n<p>Model ten dost\u0119pny jest wy\u0142\u0105cznie w wersji z 2% nikotyn\u0105. Je\u015bli Tw\u00f3j rynek potrzebuje opcji 0% lub 5%, sprawd\u017a <a href=\"\/product\/randm-tornado-15000\/\">RandM Tornado 15K<\/a> kt\u00f3ry oferuje 0%, 2%, 3% i 5% w podobnym zakresie zaci\u0105gni\u0119\u0107. Na rynkach UE najcz\u0119\u015bciej zamawiana jest si\u0142a 2%, kt\u00f3ra spe\u0142nia wi\u0119kszo\u015b\u0107 lokalnych przepis\u00f3w, ale zawsze sprawdzaj wymagania dla swojego konkretnego kraju.<\/p>\n","protected":false},"excerpt":{"rendered":"<p>JNR Falcon X 18K oferuje 18 000 zaci\u0105gni\u0119\u0107, podw\u00f3jne mesh coils, zbiornik 24ml i 29 smak\u00f3w w nikotynie 2%. Cyfrowy wy\u015bwietlacz i szeroki wyb\u00f3r smak\u00f3w sprawiaj\u0105, \u017ce \u0142atwo sprzedaje si\u0119 przy ladzie. \u26a1<\/p>\n","protected":false},"featured_media":1732,"comment_status":"open","ping_status":"closed","template":"","meta":[],"product_brand":[],"product_cat":[546,555,573,609,618,366,627,699,663,636,672,681,690,717,708,645,654,349,456,763,357,519,564,528],"product_tag":[],"class_list":{"0":"post-116583","1":"product","2":"type-product","3":"status-publish","4":"has-post-thumbnail","6":"product_cat-crystal-vapes-pl","7":"product_cat-cyfrowe-box-vape-pl","8":"product_cat-dual-mesh-vape-pl","9":"product_cat-jednorazowe-vape-w-austria-pl","10":"product_cat-jednorazowe-vape-w-belgia-pl","11":"product_cat-jednorazowe-vape-w-europie-pl","12":"product_cat-jednorazowe-vape-w-francja-pl","13":"product_cat-jednorazowe-vape-w-hiszpania-pl","14":"product_cat-jednorazowe-vape-w-holandia-pl","15":"product_cat-jednorazowe-vape-w-niemcy-pl","16":"product_cat-jednorazowe-vape-w-norwegia-pl","17":"product_cat-jednorazowe-vape-w-polska-pl","18":"product_cat-jednorazowe-vape-w-portugalia-pl","19":"product_cat-jednorazowe-vape-w-szwajcaria-pl","20":"product_cat-jednorazowe-vape-w-szwecja-pl","21":"product_cat-jednorazowe-vape-w-wegry-pl","22":"product_cat-jednorazowe-vape-w-wlochy-pl","23":"product_cat-jednorazowe-vape-wg-liczby-zaciagniec-pl","24":"product_cat-jednorazowy-vape-18000-zaciagniec-pl","25":"product_cat-jnr-pl","26":"product_cat-typy-jednorazowych-vape-pl","27":"product_cat-vape-z-duza-liczba-zaciagniec-pl","28":"product_cat-vape-z-inteligentnym-ekranem-pl","29":"product_cat-vape-z-ladowaniem-pl","31":"first","32":"instock","33":"shipping-taxable","34":"purchasable","35":"product-type-variable","36":"has-default-attributes"},"tiered_pricing_type":"fixed","tiered_pricing_fixed_rules":{"30":8.269999999999999573674358543939888477325439453125,"50":7.160000000000000142108547152020037174224853515625,"100":6.4199999999999999289457264239899814128875732421875,"200":6.04999999999999982236431605997495353221893310546875,"400":5.4900000000000002131628207280300557613372802734375},"tiered_pricing_product_settings":{"layout":"default","base_unit_name":{"singular":null,"plural":null},"default_variation":null},"tiered_pricing_minimum_quantity":10,"tiered_pricing_roles_data":[],"tiered_pricing_percentage_rules":[],"tiered_pricing_maximum_quantity":null,"tiered_pricing_quantity_step":"10","_links":{"self":[{"href":"https:\/\/holavape.com\/pl\/wp-json\/wp\/v2\/product\/116583","targetHints":{"allow":["GET"]}}],"collection":[{"href":"https:\/\/holavape.com\/pl\/wp-json\/wp\/v2\/product"}],"about":[{"href":"https:\/\/holavape.com\/pl\/wp-json\/wp\/v2\/types\/product"}],"replies":[{"embeddable":true,"href":"https:\/\/holavape.com\/pl\/wp-json\/wp\/v2\/comments?post=116583"}],"wp:featuredmedia":[{"embeddable":true,"href":"https:\/\/holavape.com\/pl\/wp-json\/wp\/v2\/media\/1732"}],"wp:attachment":[{"href":"https:\/\/holavape.com\/pl\/wp-json\/wp\/v2\/media?parent=116583"}],"wp:term":[{"taxonomy":"product_brand","embeddable":true,"href":"https:\/\/holavape.com\/pl\/wp-json\/wp\/v2\/product_brand?post=116583"},{"taxonomy":"product_cat","embeddable":true,"href":"https:\/\/holavape.com\/pl\/wp-json\/wp\/v2\/product_cat?post=116583"},{"taxonomy":"product_tag","embeddable":true,"href":"https:\/\/holavape.com\/pl\/wp-json\/wp\/v2\/product_tag?post=116583"}],"curies":[{"name":"wp","href":"https:\/\/api.w.org\/{rel}","templated":true}]}}