{"id":117504,"date":"2025-07-07T07:37:27","date_gmt":"2025-07-07T07:37:27","guid":{"rendered":"https:\/\/holavape.com\/product\/vapme-crystal-7000-jednorazowy-e-papieros-sprzedaz-hurtowa-0-nikotyny\/"},"modified":"2026-04-05T02:23:59","modified_gmt":"2026-04-05T02:23:59","slug":"vapme-crystal-7000","status":"publish","type":"product","link":"https:\/\/holavape.com\/pl\/produkt\/vapme-crystal-7000\/","title":{"rendered":"VAPME Crystal 7000 Jednorazowy e-papieros \u2014 sprzeda\u017c hurtowa 0% nikotyny"},"content":{"rendered":"<h2>VAPME Crystal 7000 \u2014 Kompaktowe opakowanie jednorazowe 7000 Puff z opcj\u0105 0%<\/h2>\n<p>VAPME Crystal 7000 to kompaktowy jednorazowy pojemnik w kszta\u0142cie kryszta\u0142u, kt\u00f3ry wype\u0142nia wa\u017cn\u0105 luk\u0119 w ka\u017cdej ofercie hurtowej: podstawowy automat z zawarto\u015bci\u0105 0% nikotyny. Przy 7000 zaci\u0105gni\u0119\u0107 ze zbiornikiem o pojemno\u015bci 14 ml i cewk\u0105 o oczku 0,8 \u03a9 nie pr\u00f3buje konkurowa\u0107 pod wzgl\u0119dem liczby zaci\u0105gni\u0119\u0107 z wi\u0119kszymi urz\u0105dzeniami \u2014 zamiast tego konkuruje pod wzgl\u0119dem dost\u0119pno\u015bci, atrakcyjno\u015bci na p\u00f3\u0142ce oraz faktu, \u017ce zawiera 0%, 2% i 5% nikotyny. Opcja 0% zyskuje coraz wi\u0119ksze znaczenie na rynkach UE, gdzie stale ro\u015bnie popyt na produkty niezawieraj\u0105ce nikotyny, zw\u0142aszcza w Holandii, Niemczech i Skandynawii.<\/p>\n<p>Dla w\u0142a\u015bcicieli sklep\u00f3w tworz\u0105cych asortyment: jest to niedroga opcja, kt\u00f3r\u0105 mo\u017cna zabra\u0107 ze sob\u0105 i zabra\u0107 ze sob\u0105 wraz z modelami o wi\u0119kszej pojemno\u015bci, takimi jak <a href=\"https:\/\/holavape.com\/pl\/produkt\/mrvi-15k-jednorazowy-vape-z-podwojna-siateczka-sprzedaz-hurtowa\/\">MRVI 15K<\/a> Lub <a href=\"https:\/\/holavape.com\/pl\/produkt\/randm-digital-box-12k-jednorazowy-vape-sprzedaz-hurtowa-50-smakow\/\">RandM Digital Box 12K<\/a>. Kryszta\u0142owy wygl\u0105d dobrze prezentuje si\u0119 na wystawie, cena jest przyst\u0119pna, a 30 opcji smakowych daje klientom du\u017cy wyb\u00f3r bez przyt\u0142aczania zapas\u00f3w.<\/p>\n<table>\n<thead>\n<tr>\n<th>Spec<\/th>\n<th>Szczeg\u00f3\u0142<\/th>\n<\/tr>\n<\/thead>\n<tbody>\n<tr>\n<td>Liczba zaci\u0105gni\u0119\u0107<\/td>\n<td>Do 7 tys<\/td>\n<\/tr>\n<tr>\n<td>Pojemno\u015b\u0107 e-cieczy<\/td>\n<td>14ml<\/td>\n<\/tr>\n<tr>\n<td>Bateria<\/td>\n<td>Akumulator 650 mAh (typ C)<\/td>\n<\/tr>\n<tr>\n<td>Cewka<\/td>\n<td>Cewka siatkowa 0,8 \u03a9<\/td>\n<\/tr>\n<tr>\n<td>Mocne strony nikotyny<\/td>\n<td>0%, 2%, 5%<\/td>\n<\/tr>\n<tr>\n<td>Projekt<\/td>\n<td>Korpus w stylu kryszta\u0142u<\/td>\n<\/tr>\n<tr>\n<td>Opcje smakowe<\/td>\n<td>30<\/td>\n<\/tr>\n<\/tbody>\n<\/table>\n<h3>Smaki \u2014 co przechowywa\u0107<\/h3>\n<p>Bestsellery w magazynie w pierwszej kolejno\u015bci: l\u00f3d arbuzowy, l\u00f3d truskawkowy, kiwi marakuja z gujaw\u0105 i l\u00f3d mieszany z jagodami. To najbezpieczniejsze produkty pierwszego zam\u00f3wienia na rynkach europejskich.<\/p>\n<p><strong>Owoce mro\u017cone (bezpieczne zak\u0142ady):<\/strong> L\u00f3d arbuzowy (zawsze bestseller), l\u00f3d truskawkowy, l\u00f3d wi\u015bniowy, l\u00f3d brzoskwiniowy, l\u00f3d z czarnej porzeczki (silny w Europie P\u00f3\u0142nocnej), l\u00f3d mieszany jagodowy, l\u00f3d arbuzowy i kiwi. To Twoje ulubione smaki, kt\u00f3re stale zmieniaj\u0105 kolejno\u015b\u0107.<\/p>\n<p><strong>Owoce tropikalne\/mieszane:<\/strong> Kiwi Passionfruit Guava (jedna z najpopularniejszych obecnie mieszanek tropikalnych w Europie), Passionfruit Melon Ice, Triple Mango, Peach Mango Ananas, Strawberry Mango, Tropical Fruit Punch. Zr\u00f3b 2-3 sztuki dla odmiany \u2014 jednym z nich powinna by\u0107 kiwi, marakuja, gujawa.<\/p>\n<p><strong>Mieszanki jagodowe \/ cukierkowe:<\/strong> Malina jagodowa, jagoda winogronowa, guma balonowa z arbuza truskawkowego, cukierek truskawkowo-malinowy, jagoda wi\u015bniowa, jagoda \u017curawinowa wi\u015bnia, winogrono truskawkowe. S\u0142odycze i cukierki \u2014 te produkty s\u0105 atrakcyjne dla m\u0142odszych grup demograficznych i klient\u00f3w przechodz\u0105cych z system\u00f3w kapsu\u0142ek o smaku cukierk\u00f3w.<\/p>\n<p><strong>Nap\u00f3j \/ deser \/ odwa\u017cne:<\/strong> Nap\u00f3j energetyczny (w stylu Red Bull, m\u0142odsza publiczno\u015b\u0107), Cherry Cola (znajomy smak, niszowy, ale lojalny), Blue Razz Lemonade, Lemon Lime, Mr Blue (mieszanka niebieskich malin), Banana Ice, Strawberry Banana, Double Apple (inspirowana szisz\u0105, silna w spo\u0142eczno\u015bciach na Bliskim Wschodzie i w Turcji w Europie), Mint (czysty mentol, ma\u0142e, ale sta\u0142e zapotrzebowanie).<\/p>\n<h3>Wysy\u0142ka i zamawianie<\/h3>\n<p>VAPME Crystal 7000 statki z Chin, kt\u00f3rych szacowany czas realizacji wynosi 10\u201318 dni roboczych do miejsc docelowych w Europie. Minimalne zam\u00f3wienie to 10 jednostek, a ceny warstwowe wynosz\u0105 30+ i 100+ jednostek. W ramach jednego zam\u00f3wienia mo\u017cna dowolnie miesza\u0107 smaki i moce nikotyny.<\/p>\n<p>Opcja 0% nikotyny sprawia, \u017ce \u200b\u200bjest to szczeg\u00f3lnie istotne w przypadku rynk\u00f3w UE, gdzie produkty niezawieraj\u0105ce nikotyny napotykaj\u0105 mniej przeszk\u00f3d regulacyjnych. 2% to og\u00f3lnie najpopularniejsza si\u0142a, a 0% szybko zyskuje na popularno\u015bci \u2014 rozwa\u017c zaopatrzenie si\u0119 w oba, je\u015bli pozwala na to Tw\u00f3j rynek. 5% jest dost\u0119pne dla rynk\u00f3w, kt\u00f3re dopuszczaj\u0105 wy\u017csze st\u0119\u017cenia nikotyny.<\/p>\n<p>Potrzebujesz porady w zakresie budowania asortymentu startowego? <a href=\"https:\/\/holavape.com\/pl\/kontakt\/\">Skontaktuj si\u0119<\/a> \u2014 mo\u017cemy poleci\u0107 mieszank\u0119 smakow\u0105 dostosowan\u0105 do Twojego rynku docelowego.<\/p>\n","protected":false},"excerpt":{"rendered":"<p>VAPME Crystal 7000 daje 7 000 zaci\u0105gni\u0119\u0107, 30 smak\u00f3w, grza\u0142k\u0119 mesh 0.8\u03a9 i 14ml e-liquidu w kompaktowej kryszta\u0142owej obudowie. Z opcjami nikotyny 0% \/ 2% \/ 5% to mocny model startowy dla p\u00f3\u0142ek nastawionych na UE. \ud83d\udca0<\/p>\n","protected":false},"featured_media":1413,"comment_status":"open","ping_status":"closed","template":"","meta":[],"product_brand":[],"product_cat":[546,609,618,366,627,699,663,636,672,681,690,717,708,645,654,349,402,357,519,528,844],"product_tag":[],"class_list":{"0":"post-117504","1":"product","2":"type-product","3":"status-publish","4":"has-post-thumbnail","6":"product_cat-crystal-vapes-pl","7":"product_cat-jednorazowe-vape-w-austria-pl","8":"product_cat-jednorazowe-vape-w-belgia-pl","9":"product_cat-jednorazowe-vape-w-europie-pl","10":"product_cat-jednorazowe-vape-w-francja-pl","11":"product_cat-jednorazowe-vape-w-hiszpania-pl","12":"product_cat-jednorazowe-vape-w-holandia-pl","13":"product_cat-jednorazowe-vape-w-niemcy-pl","14":"product_cat-jednorazowe-vape-w-norwegia-pl","15":"product_cat-jednorazowe-vape-w-polska-pl","16":"product_cat-jednorazowe-vape-w-portugalia-pl","17":"product_cat-jednorazowe-vape-w-szwajcaria-pl","18":"product_cat-jednorazowe-vape-w-szwecja-pl","19":"product_cat-jednorazowe-vape-w-wegry-pl","20":"product_cat-jednorazowe-vape-w-wlochy-pl","21":"product_cat-jednorazowe-vape-wg-liczby-zaciagniec-pl","22":"product_cat-jednorazowy-vape-8000-zaciagniec-pl","23":"product_cat-typy-jednorazowych-vape-pl","24":"product_cat-vape-z-duza-liczba-zaciagniec-pl","25":"product_cat-vape-z-ladowaniem-pl","26":"product_cat-vapme-pl","28":"first","29":"instock","30":"shipping-taxable","31":"purchasable","32":"product-type-variable","33":"has-default-attributes"},"tiered_pricing_type":"fixed","tiered_pricing_fixed_rules":{"30":5.12000000000000010658141036401502788066864013671875,"50":4.12999999999999989341858963598497211933135986328125,"100":3.54000000000000003552713678800500929355621337890625,"200":3.359999999999999875655021241982467472553253173828125,"400":2.95999999999999996447286321199499070644378662109375},"tiered_pricing_product_settings":{"layout":"default","base_unit_name":{"singular":null,"plural":null},"default_variation":null},"tiered_pricing_minimum_quantity":10,"tiered_pricing_roles_data":[],"tiered_pricing_percentage_rules":[],"tiered_pricing_maximum_quantity":null,"tiered_pricing_quantity_step":"10","_links":{"self":[{"href":"https:\/\/holavape.com\/pl\/wp-json\/wp\/v2\/product\/117504","targetHints":{"allow":["GET"]}}],"collection":[{"href":"https:\/\/holavape.com\/pl\/wp-json\/wp\/v2\/product"}],"about":[{"href":"https:\/\/holavape.com\/pl\/wp-json\/wp\/v2\/types\/product"}],"replies":[{"embeddable":true,"href":"https:\/\/holavape.com\/pl\/wp-json\/wp\/v2\/comments?post=117504"}],"wp:featuredmedia":[{"embeddable":true,"href":"https:\/\/holavape.com\/pl\/wp-json\/wp\/v2\/media\/1413"}],"wp:attachment":[{"href":"https:\/\/holavape.com\/pl\/wp-json\/wp\/v2\/media?parent=117504"}],"wp:term":[{"taxonomy":"product_brand","embeddable":true,"href":"https:\/\/holavape.com\/pl\/wp-json\/wp\/v2\/product_brand?post=117504"},{"taxonomy":"product_cat","embeddable":true,"href":"https:\/\/holavape.com\/pl\/wp-json\/wp\/v2\/product_cat?post=117504"},{"taxonomy":"product_tag","embeddable":true,"href":"https:\/\/holavape.com\/pl\/wp-json\/wp\/v2\/product_tag?post=117504"}],"curies":[{"name":"wp","href":"https:\/\/api.w.org\/{rel}","templated":true}]}}