{"id":127623,"date":"2026-04-17T06:39:45","date_gmt":"2026-04-17T06:39:45","guid":{"rendered":"https:\/\/holavape.com\/product\/mr-goodie-adjust-flavor-king-60k-disposable-vape\/"},"modified":"2026-04-21T08:27:21","modified_gmt":"2026-04-21T08:27:21","slug":"mr-goodie-adjust-flavor-king-60k-disposable-vape","status":"publish","type":"product","link":"https:\/\/holavape.com\/pl\/produkt\/mr-goodie-adjust-flavor-king-60k-disposable-vape\/","title":{"rendered":"Mr.Goodie Adjust Flavor King 60K | 60000 buch\u00f3w, triple-prze\u0142\u0105czanie smak\u00f3w, jednorazowy vape hurt"},"content":{"rendered":"<h2>Mr.Goodie Adjust Flavor King 60K Disposable Vape Przegl\u0105d<\/h2>\n<p>Mr.Goodie Adjust Flavor King 60K Disposable Vape to jednorazowy waporyzator o du\u017cej pojemno\u015bci, przeznaczony dla odbiorc\u00f3w hurtowych, kt\u00f3rzy potrzebuj\u0105 d\u0142ugotrwa\u0142ej wydajno\u015bci w prostym formacie. \u0141\u0105czy w sobie 60 000 ptysi\u00f3w i 10 smak\u00f3w w formacie, kt\u00f3ry mo\u017cna \u0142atwo ustawi\u0107 na p\u00f3\u0142kach sklepowych i w przypadku zam\u00f3wie\u0144 masowych.<\/p>\n<p>Linia smak\u00f3w obejmuje 10 smak\u00f3w, dzi\u0119ki czemu model ten doskonale pasuje do asortymentu jednorazowego u\u017cytku z owocami, lodem, s\u0142odyczami i mieszanym profilem.<\/p>\n<h2>Najwa\u017cniejsze informacje<\/h2>\n<ul>\n<li><strong>60 000 zaci\u0105gni\u0119\u0107<\/strong> dla trwalszego formatu urz\u0105dzenia<\/li>\n<li><strong>10 smak\u00f3w<\/strong> aby obj\u0105\u0107 szersz\u0105 gam\u0119 smak\u00f3w<\/li>\n<li><strong>2% \/ 5%<\/strong> opcje nikotynowe dostosowane do r\u00f3\u017cnych potrzeb rynku<\/li>\n<\/ul>\n<h2>Dane techniczne<\/h2>\n<table>\n<tbody>\n<tr>\n<td><strong>Nazwa produktu<\/strong><\/td>\n<td>Mr.Goodie Adjust Flavor King 60K Disposable Vape<\/td>\n<\/tr>\n<tr>\n<td><strong>Liczba puf\u00f3w<\/strong><\/td>\n<td>60 000 zaci\u0105gni\u0119\u0107<\/td>\n<\/tr>\n<tr>\n<td><strong>Opcje smakowe<\/strong><\/td>\n<td>10 smak\u00f3w<\/td>\n<\/tr>\n<tr>\n<td><strong>Si\u0142a nikotyny<\/strong><\/td>\n<td>2% \/ 5%<\/td>\n<\/tr>\n<\/tbody>\n<\/table>\n<h2>Opcje smakowe<\/h2>\n<p>Dost\u0119pne opcje smakowe obejmuj\u0105 l\u00f3d arbuzowy i gum\u0119 balonow\u0105 i gum\u0119 balonow\u0105 arbuz, soczysty l\u00f3d brzoskwiniowy i l\u00f3d cola i l\u00f3d brzoskwiniowy, niebiesk\u0105 malin\u0119 i wi\u015bni\u0119 cytryn\u0119 i niebiesk\u0105 malin\u0119 wi\u015bni\u0119 cytryn\u0119, truskawk\u0119 i arbuz i truskawk\u0119 arbuz, zielone jab\u0142ko i winogrona i zielone jab\u0142ko winogrono, cytrynowo-t\u0119czowe cukierki i cytrynowe t\u0119czowe cukierki, miami mi\u0119towo-cytrynowo-cytrynowo-mi\u0119towe, ananasowo-kokosowe i energetyczne Nap\u00f3j energetyzuj\u0105cy lodowo-kokosowy i nie tylko. Dzi\u0119ki temu Mr.Goodie Apply Flavour King 60K pasuje do szerszej gamy jednorazowych vape\u00f3w z owocami, lodem, s\u0142odyczami i s\u0142odkim profilem.<\/p>\n","protected":false},"excerpt":{"rendered":"<p>60000 buch\u00f3w, triple-prze\u0142\u0105czanie smak\u00f3w \u2014 Mr.Goodie Adjust Flavor King 60K dost\u0119pny w hurcie od 10 sztuk, idealny dla sklep\u00f3w i reseller\u00f3w w UE.<\/p>\n","protected":false},"featured_media":122837,"comment_status":"open","ping_status":"closed","template":"","meta":[],"product_brand":[],"product_cat":[699,636,681,645,654,772],"product_tag":[],"class_list":{"0":"post-127623","1":"product","2":"type-product","3":"status-publish","4":"has-post-thumbnail","6":"product_cat-jednorazowe-vape-w-hiszpania-pl","7":"product_cat-jednorazowe-vape-w-niemcy-pl","8":"product_cat-jednorazowe-vape-w-polska-pl","9":"product_cat-jednorazowe-vape-w-wegry-pl","10":"product_cat-jednorazowe-vape-w-wlochy-pl","11":"product_cat-mr-goodie-pl","13":"first","14":"instock","15":"shipping-taxable","16":"purchasable","17":"product-type-variable","18":"has-default-attributes"},"tiered_pricing_type":"fixed","tiered_pricing_fixed_rules":[],"tiered_pricing_product_settings":{"layout":"default","base_unit_name":{"singular":null,"plural":null},"default_variation":null},"tiered_pricing_minimum_quantity":1000,"tiered_pricing_roles_data":[],"tiered_pricing_percentage_rules":[],"tiered_pricing_maximum_quantity":null,"tiered_pricing_quantity_step":"10","_links":{"self":[{"href":"https:\/\/holavape.com\/pl\/wp-json\/wp\/v2\/product\/127623","targetHints":{"allow":["GET"]}}],"collection":[{"href":"https:\/\/holavape.com\/pl\/wp-json\/wp\/v2\/product"}],"about":[{"href":"https:\/\/holavape.com\/pl\/wp-json\/wp\/v2\/types\/product"}],"replies":[{"embeddable":true,"href":"https:\/\/holavape.com\/pl\/wp-json\/wp\/v2\/comments?post=127623"}],"wp:featuredmedia":[{"embeddable":true,"href":"https:\/\/holavape.com\/pl\/wp-json\/wp\/v2\/media\/122837"}],"wp:attachment":[{"href":"https:\/\/holavape.com\/pl\/wp-json\/wp\/v2\/media?parent=127623"}],"wp:term":[{"taxonomy":"product_brand","embeddable":true,"href":"https:\/\/holavape.com\/pl\/wp-json\/wp\/v2\/product_brand?post=127623"},{"taxonomy":"product_cat","embeddable":true,"href":"https:\/\/holavape.com\/pl\/wp-json\/wp\/v2\/product_cat?post=127623"},{"taxonomy":"product_tag","embeddable":true,"href":"https:\/\/holavape.com\/pl\/wp-json\/wp\/v2\/product_tag?post=127623"}],"curies":[{"name":"wp","href":"https:\/\/api.w.org\/{rel}","templated":true}]}}