{"id":129431,"date":"2026-04-17T06:38:38","date_gmt":"2026-04-17T06:38:38","guid":{"rendered":"https:\/\/holavape.com\/product\/jnr-falcon-pro-28k-disposable-vape\/"},"modified":"2026-04-30T11:23:19","modified_gmt":"2026-04-30T11:23:19","slug":"jnr-falcon-pro-28k-disposable-vape","status":"publish","type":"product","link":"https:\/\/holavape.com\/pl\/produkt\/jnr-falcon-pro-28k-disposable-vape\/","title":{"rendered":"JNR Falcon Pro 28K | 28000 buch\u00f3w, 21 smaki, 2% nikotyna, grza\u0142ka mesh, jednorazowy vape hurt"},"content":{"rendered":"<h2>JNR Falcon Pro 28K Jednorazowy vape Przegl\u0105d<\/h2>\n<p>JNR Falcon Pro 28K Jednorazowy vape to jednorazowy waporyzator przeznaczony dla odbiorc\u00f3w hurtowych, kt\u00f3rzy potrzebuj\u0105 prostego kodu SKU z praktycznymi specyfikacjami. \u0141\u0105czy w sobie 28 000 ptysi\u00f3w i 20 smak\u00f3w w formacie \u0142atwym do umieszczenia na p\u00f3\u0142kach sklepowych i w przypadku zam\u00f3wie\u0144 masowych.<\/p>\n<p>Linia smak\u00f3w obejmuje 20 smak\u00f3w, dzi\u0119ki czemu model ten doskonale pasuje do asortymentu jednorazowego u\u017cytku z owocami, lodem, s\u0142odyczami i mieszanym profilem.<\/p>\n<h2>Najwa\u017cniejsze informacje<\/h2>\n<ul>\n<li><strong>28 000 zaci\u0105gni\u0119\u0107<\/strong> dla trwalszego formatu urz\u0105dzenia<\/li>\n<li><strong>20 smak\u00f3w<\/strong> aby obj\u0105\u0107 szersz\u0105 gam\u0119 smak\u00f3w<\/li>\n<li><strong>2%<\/strong> opcje nikotynowe dostosowane do r\u00f3\u017cnych potrzeb rynku<\/li>\n<\/ul>\n<h2>Dane techniczne<\/h2>\n<table>\n<tbody>\n<tr>\n<td><strong>Nazwa produktu<\/strong><\/td>\n<td>JNR Falcon Pro 28K Jednorazowy vape<\/td>\n<\/tr>\n<tr>\n<td><strong>Liczba puf\u00f3w<\/strong><\/td>\n<td>28 000 zaci\u0105gni\u0119\u0107<\/td>\n<\/tr>\n<tr>\n<td><strong>Opcje smakowe<\/strong><\/td>\n<td>20 smak\u00f3w<\/td>\n<\/tr>\n<tr>\n<td><strong>Si\u0142a nikotyny<\/strong><\/td>\n<td>2%<\/td>\n<\/tr>\n<\/tbody>\n<\/table>\n<h2>Opcje smakowe<\/h2>\n<p>Dost\u0119pne opcje smakowe obejmuj\u0105 truskawkowy l\u00f3d, wi\u015bniow\u0105 col\u0119, arbuzowy l\u00f3d, niebiesk\u0105 malinow\u0105 wi\u015bni\u0119, truskawkowe kiwi, soczyste brzoskwinie, jagodowy l\u00f3d, mieszane jagody i inne. Pomaga to JNR Falcon Pro 28K dopasowa\u0107 si\u0119 do szerszej gamy jednorazowych vape\u00f3w z owocami, lodem, s\u0142odyczami i s\u0142odkim profilem.<\/p>\n","protected":false},"excerpt":{"rendered":"<p>Zape\u0142nij p\u00f3\u0142ki z JNR Falcon Pro 28K \u2014 28000 buch\u00f3w, 21 smaki, 2% nikotyna. Dost\u0119pny w hurcie od 10 sztuk.<\/p>\n","protected":false},"featured_media":122743,"comment_status":"open","ping_status":"closed","template":"","meta":[],"product_brand":[],"product_cat":[699,636,681,645,654,763],"product_tag":[],"class_list":{"0":"post-129431","1":"product","2":"type-product","3":"status-publish","4":"has-post-thumbnail","6":"product_cat-jednorazowe-vape-w-hiszpania-pl","7":"product_cat-jednorazowe-vape-w-niemcy-pl","8":"product_cat-jednorazowe-vape-w-polska-pl","9":"product_cat-jednorazowe-vape-w-wegry-pl","10":"product_cat-jednorazowe-vape-w-wlochy-pl","11":"product_cat-jnr-pl","13":"first","14":"instock","15":"shipping-taxable","16":"purchasable","17":"product-type-variable","18":"has-default-attributes"},"tiered_pricing_type":"fixed","tiered_pricing_fixed_rules":[],"tiered_pricing_product_settings":{"layout":"default","base_unit_name":{"singular":null,"plural":null},"default_variation":null},"tiered_pricing_minimum_quantity":1000,"tiered_pricing_roles_data":[],"tiered_pricing_percentage_rules":[],"tiered_pricing_maximum_quantity":null,"tiered_pricing_quantity_step":"10","_links":{"self":[{"href":"https:\/\/holavape.com\/pl\/wp-json\/wp\/v2\/product\/129431","targetHints":{"allow":["GET"]}}],"collection":[{"href":"https:\/\/holavape.com\/pl\/wp-json\/wp\/v2\/product"}],"about":[{"href":"https:\/\/holavape.com\/pl\/wp-json\/wp\/v2\/types\/product"}],"replies":[{"embeddable":true,"href":"https:\/\/holavape.com\/pl\/wp-json\/wp\/v2\/comments?post=129431"}],"wp:featuredmedia":[{"embeddable":true,"href":"https:\/\/holavape.com\/pl\/wp-json\/wp\/v2\/media\/122743"}],"wp:attachment":[{"href":"https:\/\/holavape.com\/pl\/wp-json\/wp\/v2\/media?parent=129431"}],"wp:term":[{"taxonomy":"product_brand","embeddable":true,"href":"https:\/\/holavape.com\/pl\/wp-json\/wp\/v2\/product_brand?post=129431"},{"taxonomy":"product_cat","embeddable":true,"href":"https:\/\/holavape.com\/pl\/wp-json\/wp\/v2\/product_cat?post=129431"},{"taxonomy":"product_tag","embeddable":true,"href":"https:\/\/holavape.com\/pl\/wp-json\/wp\/v2\/product_tag?post=129431"}],"curies":[{"name":"wp","href":"https:\/\/api.w.org\/{rel}","templated":true}]}}