{"id":130739,"date":"2026-04-17T06:29:17","date_gmt":"2026-04-17T06:29:17","guid":{"rendered":"https:\/\/holavape.com\/product\/vapsolo-twins-20k-disposable-vape\/"},"modified":"2026-04-19T15:20:19","modified_gmt":"2026-04-19T15:20:19","slug":"vapsolo-twins-20k-disposable-vape","status":"publish","type":"product","link":"https:\/\/holavape.com\/pl\/produkt\/vapsolo-twins-20k-disposable-vape\/","title":{"rendered":"Vapsolo Twins 20K jednorazowy vape"},"content":{"rendered":"<h2>Vapsolo Twins 20K Disposable Vape Przegl\u0105d<\/h2>\n<p>Vapsolo Twins 20K Disposable Vape to jednorazowy waporyzator z ekranem, stworzony dla odbiorc\u00f3w hurtowych, kt\u00f3rzy potrzebuj\u0105 bardziej luksusowego wygl\u0105du i widocznego statusu urz\u0105dzenia. \u0141\u0105czy w sobie 20 000 dawek, 25 ml e-p\u0142ynu i wy\u015bwietlacz w formacie, kt\u00f3ry mo\u017cna \u0142atwo ustawi\u0107 na p\u00f3\u0142kach detalicznych i przy zam\u00f3wieniach hurtowych.<\/p>\n<p>Og\u00f3lny zestaw specyfikacji zapewnia przejrzysto\u015b\u0107 pozycjonowania: praktyczne funkcje, przejrzysta oprawa produktu i \u0142atwe dopasowanie do codziennych asortyment\u00f3w hurtowych.<\/p>\n<h2>Najwa\u017cniejsze informacje<\/h2>\n<ul>\n<li><strong>20 000 zaci\u0105gni\u0119\u0107<\/strong> dla trwalszego formatu urz\u0105dzenia<\/li>\n<li><strong>25ml e-p\u0142ynu<\/strong> aby wspiera\u0107 wi\u0119ksz\u0105 liczb\u0119 zaci\u0105gni\u0119\u0107 i d\u0142u\u017csze codzienne u\u017cytkowanie<\/li>\n<li><strong>wy\u015bwietlanie ekranu<\/strong> dzi\u0119ki czemu u\u017cytkownicy mog\u0105 \u0142atwiej sprawdza\u0107 stan kluczowych urz\u0105dze\u0144<\/li>\n<li><strong>2%<\/strong> opcje nikotynowe dostosowane do r\u00f3\u017cnych potrzeb rynku<\/li>\n<\/ul>\n<h2>Dane techniczne<\/h2>\n<table>\n<tbody>\n<tr>\n<td><strong>Nazwa produktu<\/strong><\/td>\n<td>Vapsolo Twins 20K Disposable Vape<\/td>\n<\/tr>\n<tr>\n<td><strong>Liczba puf\u00f3w<\/strong><\/td>\n<td>20 000 zaci\u0105gni\u0119\u0107<\/td>\n<\/tr>\n<tr>\n<td><strong>Pojemno\u015b\u0107 e-cieczy<\/strong><\/td>\n<td>25ml e-p\u0142ynu<\/td>\n<\/tr>\n<tr>\n<td><strong>Wy\u015bwietlacz<\/strong><\/td>\n<td>wy\u015bwietlanie ekranu<\/td>\n<\/tr>\n<tr>\n<td><strong>Si\u0142a nikotyny<\/strong><\/td>\n<td>2%<\/td>\n<\/tr>\n<\/tbody>\n<\/table>\n","protected":false},"excerpt":{"rendered":"<p>Vapsolo Twins 20000 puff\u00f3w oferuje 20 000 zaci\u0105gni\u0119\u0107, prze\u0142\u0105czanie dw\u00f3ch smak\u00f3w, 25 ml e-liquidu i wy\u015bwietlacz na ekranie. Elastyczny wyb\u00f3r wielu smak\u00f3w dla sklep\u00f3w, kt\u00f3re chc\u0105 wi\u0119kszej r\u00f3\u017cnorodno\u015bci w jednym urz\u0105dzeniu. \ud83c\udf08<\/p>\n","protected":false},"featured_media":122078,"comment_status":"open","ping_status":"closed","template":"","meta":[],"product_brand":[],"product_cat":[555,609,618,366,627,699,663,636,672,681,690,717,708,645,654,349,465,357,582,519,564,528],"product_tag":[],"class_list":{"0":"post-130739","1":"product","2":"type-product","3":"status-publish","4":"has-post-thumbnail","6":"product_cat-cyfrowe-box-vape-pl","7":"product_cat-jednorazowe-vape-w-austria-pl","8":"product_cat-jednorazowe-vape-w-belgia-pl","9":"product_cat-jednorazowe-vape-w-europie-pl","10":"product_cat-jednorazowe-vape-w-francja-pl","11":"product_cat-jednorazowe-vape-w-hiszpania-pl","12":"product_cat-jednorazowe-vape-w-holandia-pl","13":"product_cat-jednorazowe-vape-w-niemcy-pl","14":"product_cat-jednorazowe-vape-w-norwegia-pl","15":"product_cat-jednorazowe-vape-w-polska-pl","16":"product_cat-jednorazowe-vape-w-portugalia-pl","17":"product_cat-jednorazowe-vape-w-szwajcaria-pl","18":"product_cat-jednorazowe-vape-w-szwecja-pl","19":"product_cat-jednorazowe-vape-w-wegry-pl","20":"product_cat-jednorazowe-vape-w-wlochy-pl","21":"product_cat-jednorazowe-vape-wg-liczby-zaciagniec-pl","22":"product_cat-jednorazowy-vape-20000-zaciagniec-pl","23":"product_cat-typy-jednorazowych-vape-pl","24":"product_cat-vape-podwojny-smak-pl","25":"product_cat-vape-z-duza-liczba-zaciagniec-pl","26":"product_cat-vape-z-inteligentnym-ekranem-pl","27":"product_cat-vape-z-ladowaniem-pl","29":"first","30":"instock","31":"shipping-taxable","32":"purchasable","33":"product-type-variable","34":"has-default-attributes"},"tiered_pricing_type":"fixed","tiered_pricing_fixed_rules":{"2000":7.589999999999999857891452847979962825775146484375},"tiered_pricing_product_settings":{"layout":"default","base_unit_name":{"singular":null,"plural":null},"default_variation":null},"tiered_pricing_minimum_quantity":1000,"tiered_pricing_roles_data":[],"tiered_pricing_percentage_rules":[],"tiered_pricing_maximum_quantity":null,"tiered_pricing_quantity_step":"10","_links":{"self":[{"href":"https:\/\/holavape.com\/pl\/wp-json\/wp\/v2\/product\/130739","targetHints":{"allow":["GET"]}}],"collection":[{"href":"https:\/\/holavape.com\/pl\/wp-json\/wp\/v2\/product"}],"about":[{"href":"https:\/\/holavape.com\/pl\/wp-json\/wp\/v2\/types\/product"}],"replies":[{"embeddable":true,"href":"https:\/\/holavape.com\/pl\/wp-json\/wp\/v2\/comments?post=130739"}],"wp:featuredmedia":[{"embeddable":true,"href":"https:\/\/holavape.com\/pl\/wp-json\/wp\/v2\/media\/122078"}],"wp:attachment":[{"href":"https:\/\/holavape.com\/pl\/wp-json\/wp\/v2\/media?parent=130739"}],"wp:term":[{"taxonomy":"product_brand","embeddable":true,"href":"https:\/\/holavape.com\/pl\/wp-json\/wp\/v2\/product_brand?post=130739"},{"taxonomy":"product_cat","embeddable":true,"href":"https:\/\/holavape.com\/pl\/wp-json\/wp\/v2\/product_cat?post=130739"},{"taxonomy":"product_tag","embeddable":true,"href":"https:\/\/holavape.com\/pl\/wp-json\/wp\/v2\/product_tag?post=130739"}],"curies":[{"name":"wp","href":"https:\/\/api.w.org\/{rel}","templated":true}]}}