{"id":151558,"date":"2026-04-17T06:35:21","date_gmt":"2026-04-17T06:35:21","guid":{"rendered":"https:\/\/holavape.com\/product\/gazzbar-rocket-20k-disposable-vape\/"},"modified":"2026-04-19T15:07:00","modified_gmt":"2026-04-19T15:07:00","slug":"gazzbar-rocket-20k-disposable-vape","status":"publish","type":"product","link":"https:\/\/holavape.com\/pl\/produkt\/gazzbar-rocket-20k-disposable-vape\/","title":{"rendered":"Gazzbar Rocket 20K jednorazowy vape"},"content":{"rendered":"<h2>Gazzbar Rocket 20K Disposable Vape Przegl\u0105d<\/h2>\n<p>Gazzbar Rocket 20K Disposable Vape to jednorazowy waporyzator przeznaczony dla odbiorc\u00f3w hurtowych, kt\u00f3rzy potrzebuj\u0105 prostego kodu SKU z praktycznymi specyfikacjami. \u0141\u0105czy w sobie 20 000 ptysi\u00f3w i 14 smak\u00f3w w formacie, kt\u00f3ry mo\u017cna \u0142atwo ustawi\u0107 na p\u00f3\u0142kach sklepowych i w przypadku zam\u00f3wie\u0144 masowych.<\/p>\n<p>Linia smak\u00f3w obejmuje 14 smak\u00f3w, dzi\u0119ki czemu model ten doskonale pasuje do asortymentu jednorazowego u\u017cytku z owocami, lodem, s\u0142odyczami i mieszanym profilem.<\/p>\n<h2>Najwa\u017cniejsze informacje<\/h2>\n<ul>\n<li><strong>20 000 zaci\u0105gni\u0119\u0107<\/strong> dla trwalszego formatu urz\u0105dzenia<\/li>\n<li><strong>14 smak\u00f3w<\/strong> aby obj\u0105\u0107 szersz\u0105 gam\u0119 smak\u00f3w<\/li>\n<li><strong>5%<\/strong> opcje nikotynowe dostosowane do r\u00f3\u017cnych potrzeb rynku<\/li>\n<\/ul>\n<h2>Dane techniczne<\/h2>\n<table>\n<tbody>\n<tr>\n<td><strong>Nazwa produktu<\/strong><\/td>\n<td>Gazzbar Rocket 20K Disposable Vape<\/td>\n<\/tr>\n<tr>\n<td><strong>Liczba puf\u00f3w<\/strong><\/td>\n<td>20 000 zaci\u0105gni\u0119\u0107<\/td>\n<\/tr>\n<tr>\n<td><strong>\u0141adowanie<\/strong><\/td>\n<td>Mo\u017cliwo\u015b\u0107 \u0142adowania<\/td>\n<\/tr>\n<tr>\n<td><strong>Opcje smakowe<\/strong><\/td>\n<td>14 smak\u00f3w<\/td>\n<\/tr>\n<tr>\n<td><strong>Si\u0142a nikotyny<\/strong><\/td>\n<td>5%<\/td>\n<\/tr>\n<\/tbody>\n<\/table>\n<h2>Opcje smakowe<\/h2>\n<p>Dost\u0119pne opcje smakowe obejmuj\u0105 bia\u0142y \u017celkowy l\u00f3d, truskawkowy kiwi, niebieski l\u00f3d malinowy, truskawkowy banan, kwa\u015bne jab\u0142ko lodowe, truskawkowe mango, jagodowy l\u00f3d, tropikaln\u0105 t\u0119cz\u0119 i inne. Dzi\u0119ki temu Gazzbar Rocket 20K pasuje do szerszej gamy jednorazowych vape\u00f3w z owocami, lodem, s\u0142odyczami i s\u0142odkim profilem.<\/p>\n","protected":false},"excerpt":{"rendered":"<p>Gazzbar Rocket 20000 Puffs \u0142\u0105czy w sobie 20 000 ptysi\u00f3w i 14 smak\u00f3w. Niezawodny, gotowy na p\u00f3\u0142k\u0119 wyb\u00f3r dla szybko zbywalnych asortyment\u00f3w jednorazowych vape\u00f3w. \u26a1<\/p>\n","protected":false},"featured_media":122565,"comment_status":"open","ping_status":"closed","template":"","meta":[],"product_brand":[],"product_cat":[465],"product_tag":[],"class_list":{"0":"post-151558","1":"product","2":"type-product","3":"status-publish","4":"has-post-thumbnail","6":"product_cat-jednorazowy-vape-20000-zaciagniec-pl","8":"first","9":"instock","10":"shipping-taxable","11":"purchasable","12":"product-type-variable","13":"has-default-attributes"},"tiered_pricing_type":"fixed","tiered_pricing_fixed_rules":[],"tiered_pricing_product_settings":{"layout":"default","base_unit_name":{"singular":null,"plural":null},"default_variation":null},"tiered_pricing_minimum_quantity":1000,"tiered_pricing_roles_data":[],"tiered_pricing_percentage_rules":[],"tiered_pricing_maximum_quantity":null,"tiered_pricing_quantity_step":"10","_links":{"self":[{"href":"https:\/\/holavape.com\/pl\/wp-json\/wp\/v2\/product\/151558","targetHints":{"allow":["GET"]}}],"collection":[{"href":"https:\/\/holavape.com\/pl\/wp-json\/wp\/v2\/product"}],"about":[{"href":"https:\/\/holavape.com\/pl\/wp-json\/wp\/v2\/types\/product"}],"replies":[{"embeddable":true,"href":"https:\/\/holavape.com\/pl\/wp-json\/wp\/v2\/comments?post=151558"}],"wp:featuredmedia":[{"embeddable":true,"href":"https:\/\/holavape.com\/pl\/wp-json\/wp\/v2\/media\/122565"}],"wp:attachment":[{"href":"https:\/\/holavape.com\/pl\/wp-json\/wp\/v2\/media?parent=151558"}],"wp:term":[{"taxonomy":"product_brand","embeddable":true,"href":"https:\/\/holavape.com\/pl\/wp-json\/wp\/v2\/product_brand?post=151558"},{"taxonomy":"product_cat","embeddable":true,"href":"https:\/\/holavape.com\/pl\/wp-json\/wp\/v2\/product_cat?post=151558"},{"taxonomy":"product_tag","embeddable":true,"href":"https:\/\/holavape.com\/pl\/wp-json\/wp\/v2\/product_tag?post=151558"}],"curies":[{"name":"wp","href":"https:\/\/api.w.org\/{rel}","templated":true}]}}