{"id":52613,"date":"2026-03-12T04:24:39","date_gmt":"2026-03-12T04:24:39","guid":{"rendered":"https:\/\/holavape.com\/product\/uzy-tornado-20k-jednorazowy-vape-28ml-mega-tank-hurtownia\/"},"modified":"2026-04-05T02:19:58","modified_gmt":"2026-04-05T02:19:58","slug":"uzy-tornado-20k","status":"publish","type":"product","link":"https:\/\/holavape.com\/pl\/produkt\/uzy-tornado-20k\/","title":{"rendered":"UZY Tornado 20K Jednorazowy Vape \u2014 28ml Mega Tank Hurtownia"},"content":{"rendered":"<h2>UZY Tornado 20K \u2014 20 000 Zaci\u0105gni\u0119\u0107 Mega Tank Jednorazowy Vape<\/h2>\n<p>UZY Tornado 20K wyr\u00f3\u017cnia si\u0119 w ofercie UZY z jednego powodu: zbiornik na 28ml e-liquidu. To najwi\u0119ksza pojemno\u015b\u0107 zbiornika w\u015br\u00f3d wszystkich jednosmakowych modeli UZY, zapewniaj\u0105ca d\u0142u\u017csz\u0105 \u017cywotno\u015b\u0107 mi\u0119dzy \u0142adowaniami i bogatsze doznania smakowe przez ca\u0142e 20 000 zaci\u0105gni\u0119\u0107. Dobrze sprzedaje si\u0119 w Niemczech, na W\u0119grzech, w Polsce i Hiszpanii \u2014 rynkach, gdzie czterostopniowa oferta nikotynowa (0%\/2%\/3%\/5%) odpowiada zr\u00f3\u017cnicowanym preferencjom kupuj\u0105cych.<\/p>\n<p>Dla w\u0142a\u015bcicieli sklep\u00f3w i dystrybutor\u00f3w: Tornado 20K plasuje si\u0119 cenowo i wydajno\u015bciowo pomi\u0119dzy <a href=\"https:\/\/holavape.com\/pl\/produkt\/uzy-bang-digital-15k\/\">UZY Bang Digital 15K<\/a> (15 000 zaci\u0105gni\u0119\u0107, 20ml) a bardziej zaawansowanymi urz\u0105dzeniami wielosmakowymi. Dzieli t\u0119 sam\u0105 ofert\u0119 12 smak\u00f3w i opcji nikotynowych co Bang Digital 15K \u2014 je\u015bli Twoi klienci ju\u017c kupuj\u0105 jedno, drugie to \u0142atwa dosprzeda\u017c. Wi\u0119kszy zbiornik i wy\u017csza liczba zaci\u0105gni\u0119\u0107 uzasadniaj\u0105 nieco wy\u017csz\u0105 cen\u0119 detaliczn\u0105 przy zachowaniu konkurencyjnych koszt\u00f3w hurtowych.<\/p>\n<table>\n<thead>\n<tr>\n<th>Specyfikacja<\/th>\n<th>Szczeg\u00f3\u0142y<\/th>\n<\/tr>\n<\/thead>\n<tbody>\n<tr>\n<td>Liczba zaci\u0105gni\u0119\u0107<\/td>\n<td>Do 20 000<\/td>\n<\/tr>\n<tr>\n<td>Pojemno\u015b\u0107 e-liquidu<\/td>\n<td>28ml<\/td>\n<\/tr>\n<tr>\n<td>Bateria<\/td>\n<td>850mAh \u0142adowalna (Type-C)<\/td>\n<\/tr>\n<tr>\n<td>Grza\u0142ka<\/td>\n<td>Mesh coil<\/td>\n<\/tr>\n<tr>\n<td>Moce nikotynowe<\/td>\n<td>0%, 2%, 3%, 5%<\/td>\n<\/tr>\n<tr>\n<td>Wy\u015bwietlacz<\/td>\n<td>LED wska\u017anik baterii i e-liquidu<\/td>\n<\/tr>\n<tr>\n<td>Dost\u0119pne smaki<\/td>\n<td>12 smak\u00f3w<\/td>\n<\/tr>\n<\/tbody>\n<\/table>\n<h3>Dost\u0119pne Smaki<\/h3>\n<p>Te same 12 smak\u00f3w co UZY Bang Digital 15K \u2014 wszystkie owocowe z opcjami lodowymi i \u0142agodnymi. Wi\u0119kszy zbiornik 28ml oznacza, \u017ce smaki pozostaj\u0105 pe\u0142niejsze na d\u0142u\u017cej, szczeg\u00f3lnie profile lodowe, gdzie konsystencja mentolu ma znaczenie przez ca\u0142y czas u\u017cytkowania urz\u0105dzenia.<\/p>\n<p><strong>Bestsellery do pierwszego zam\u00f3wienia:<\/strong> Arbuz Lodowy, Winogrono Lodowe, Bor\u00f3wka Lodowa i Brzoskwinia Mango Ananas. Te cztery smaki pokrywaj\u0105 najszerszy zakres preferencji klient\u00f3w na rynkach europejskich.<\/p>\n<p><strong>Lodowe owoce:<\/strong> Arbuz Lodowy (sta\u0142y topseller w ca\u0142ej Europie), Bor\u00f3wka Lodowa, Winogrono Lodowe (szczeg\u00f3lnie silne w Europie Po\u0142udniowej i Niemczech), Brzoskwinia Lodowa, Potr\u00f3jne Mango Lodowe (warstwowe mango z ch\u0142odzeniem \u2014 ulubione przy powt\u00f3rnych zakupach).<\/p>\n<p><strong>\u0141agodne \/ tropikalne:<\/strong> Truskawka Arbuz (bez lodu, szerokie zainteresowanie), Brzoskwinia Mango Ananas (tropikalne trio \u2014 mocny letni hit), Kiwi Marakuja, Truskawka Kiwi, Bor\u00f3wka Malina.<\/p>\n<p><strong>Odwa\u017cniejsze \/ inspirowane napojami:<\/strong> MR Blue (tajemnicza mieszanka jagodowa \u2014 zamawiaj ostro\u017cnie przy pierwszym zam\u00f3wieniu), Red Energy Lodowy (smak napoju energetycznego, m\u0142odsza grupa docelowa, silny w Hiszpanii i W\u0142oszech).<\/p>\n<h3>Wysy\u0142ka i Zam\u00f3wienia<\/h3>\n<p>UZY Tornado 20K wysy\u0142amy z Chin ze standardowym czasem dostawy 10-15 dni roboczych do Europy. Minimalne zam\u00f3wienie to 10 sztuk z pe\u0142n\u0105 elastyczno\u015bci\u0105 mieszania smak\u00f3w i mocy nikotynowych w jednym zam\u00f3wieniu. Rabaty ilo\u015bciowe od 30 sztuk \u2014 <a href=\"https:\/\/holavape.com\/pl\/kontakt\/\">skontaktuj si\u0119 z nami<\/a> w sprawie cen progowych na wi\u0119ksze ilo\u015bci.<\/p>\n<p>Oferta nikotynowa 0%\/2%\/3%\/5% czyni ten produkt jednym z najbardziej wszechstronnych w naszym katalogu pod k\u0105tem zgodno\u015bci z UE. Wi\u0119kszo\u015b\u0107 europejskich nabywc\u00f3w zamawia 0% i 2%, a opcja 3% wype\u0142nia luk\u0119, kt\u00f3r\u0105 oferuje niewiele innych urz\u0105dze\u0144 w naszym katalogu. Sprawd\u017a lokalne przepisy TPD dotycz\u0105ce 5% \u2014 niekt\u00f3re rynki wymagaj\u0105 dodatkowej dokumentacji. Je\u015bli szukasz tej samej elastyczno\u015bci nikotynowej w formacie wielosmakowym, sprawd\u017a <a href=\"https:\/\/holavape.com\/pl\/produkt\/stag-bar-4-in-1-80k\/\">Stag Bar 4-in-1 80K<\/a> (tylko w 2%) lub <a href=\"https:\/\/holavape.com\/pl\/produkt\/uzy-6-in-1-150k\/\">UZY 6-in-1 150K<\/a> (0%\/2%\/5%).<\/p>\n","protected":false},"excerpt":{"rendered":"<p>UZY Tornado 20K pakuje do 20 000 zaci\u0105gni\u0119\u0107, 12 smak\u00f3w, zbiornik 28mL i \u0142adowalny akumulator 850mAh Type-C. Mocny model warto\u015bciowy dla kupuj\u0105cych, kt\u00f3rzy chc\u0105 wi\u0119kszej pojemno\u015bci w kompaktowym urz\u0105dzeniu. \ud83d\udd0b<\/p>\n","protected":false},"featured_media":12912,"comment_status":"open","ping_status":"closed","template":"","meta":[],"product_brand":[],"product_cat":[699,636,681,645,654,465,835],"product_tag":[],"class_list":{"0":"post-52613","1":"product","2":"type-product","3":"status-publish","4":"has-post-thumbnail","6":"product_cat-jednorazowe-vape-w-hiszpania-pl","7":"product_cat-jednorazowe-vape-w-niemcy-pl","8":"product_cat-jednorazowe-vape-w-polska-pl","9":"product_cat-jednorazowe-vape-w-wegry-pl","10":"product_cat-jednorazowe-vape-w-wlochy-pl","11":"product_cat-jednorazowy-vape-20000-zaciagniec-pl","12":"product_cat-uzy-pl","14":"first","15":"instock","16":"shipping-taxable","17":"purchasable","18":"product-type-variable","19":"has-default-attributes"},"tiered_pricing_type":"fixed","tiered_pricing_fixed_rules":{"30":7.28000000000000024868995751603506505489349365234375,"50":5.92999999999999971578290569595992565155029296875,"100":5.45999999999999996447286321199499070644378662109375,"200":5.160000000000000142108547152020037174224853515625,"400":4.13999999999999968025576890795491635799407958984375},"tiered_pricing_product_settings":{"layout":"default","base_unit_name":{"singular":null,"plural":null},"default_variation":null},"tiered_pricing_minimum_quantity":10,"tiered_pricing_roles_data":[],"tiered_pricing_percentage_rules":[],"tiered_pricing_maximum_quantity":null,"tiered_pricing_quantity_step":"10","_links":{"self":[{"href":"https:\/\/holavape.com\/pl\/wp-json\/wp\/v2\/product\/52613","targetHints":{"allow":["GET"]}}],"collection":[{"href":"https:\/\/holavape.com\/pl\/wp-json\/wp\/v2\/product"}],"about":[{"href":"https:\/\/holavape.com\/pl\/wp-json\/wp\/v2\/types\/product"}],"replies":[{"embeddable":true,"href":"https:\/\/holavape.com\/pl\/wp-json\/wp\/v2\/comments?post=52613"}],"wp:featuredmedia":[{"embeddable":true,"href":"https:\/\/holavape.com\/pl\/wp-json\/wp\/v2\/media\/12912"}],"wp:attachment":[{"href":"https:\/\/holavape.com\/pl\/wp-json\/wp\/v2\/media?parent=52613"}],"wp:term":[{"taxonomy":"product_brand","embeddable":true,"href":"https:\/\/holavape.com\/pl\/wp-json\/wp\/v2\/product_brand?post=52613"},{"taxonomy":"product_cat","embeddable":true,"href":"https:\/\/holavape.com\/pl\/wp-json\/wp\/v2\/product_cat?post=52613"},{"taxonomy":"product_tag","embeddable":true,"href":"https:\/\/holavape.com\/pl\/wp-json\/wp\/v2\/product_tag?post=52613"}],"curies":[{"name":"wp","href":"https:\/\/api.w.org\/{rel}","templated":true}]}}