{"id":60676,"date":"2025-09-11T12:59:33","date_gmt":"2025-09-11T12:59:33","guid":{"rendered":"https:\/\/holavape.com\/product\/bangbox-80k-jednorazowy-vape-3-w-1-potrojny-smak-hurt\/"},"modified":"2026-04-05T02:20:37","modified_gmt":"2026-04-05T02:20:37","slug":"bangbox-80k","status":"publish","type":"product","link":"https:\/\/holavape.com\/pl\/produkt\/bangbox-80k\/","title":{"rendered":"BANGBOX 80K Jednorazowy Vape 3-w-1 \u2014 Potr\u00f3jny Smak Hurt"},"content":{"rendered":"<h2>BANGBOX 80K \u2014 80 000 Zaci\u0105gni\u0119\u0107 Potr\u00f3jny Smak Jednorazowy Vape<\/h2>\n<p>BANGBOX 80K zapewnia 80 000 zaci\u0105gni\u0119\u0107 z 3 prze\u0142\u0105czalnych kapsu\u0142ek smakowych w jednym urz\u0105dzeniu z 60ml e-liquidu, potr\u00f3jn\u0105 grza\u0142k\u0105 mesh i wy\u015bwietlaczem LED pokazuj\u0105cym poziom baterii i e-liquidu. Dobrze sprzedaje si\u0119 w Hiszpanii, Niemczech i Francji jako \u015bredniej wielko\u015bci opcja wielosmakowa, \u0142atwiejsza do wyt\u0142umaczenia klientom ko\u0144cowym ni\u017c modele 5-w-1 czy 6-w-1.<\/p>\n<p>Ta\u0144szy od wi\u0119kszych urz\u0105dze\u0144 wielosmakowych takich jak <a href=\"https:\/\/holavape.com\/pl\/produkt\/bang-legend-120k\/\">Bang Legend 120K<\/a> czy <a href=\"https:\/\/holavape.com\/pl\/produkt\/fihp-120k-6-in-1\/\">FiHP 120K 6-w-1<\/a>, BANGBOX 80K s\u0142u\u017cy jako pierwszy krok dla klient\u00f3w pr\u00f3buj\u0105cych wielosmakowych opcji po raz pierwszy. Trzy smaki daj\u0105 wystarczaj\u0105c\u0105 r\u00f3\u017cnorodno\u015b\u0107 bez przyt\u0142aczania, a 80 000 zaci\u0105gni\u0119\u0107 oznacza, \u017ce nie wr\u00f3c\u0105 szybko po zamiennik.<\/p>\n<table>\n<thead>\n<tr>\n<th>Specyfikacja<\/th>\n<th>Szczeg\u00f3\u0142y<\/th>\n<\/tr>\n<\/thead>\n<tbody>\n<tr>\n<td>Liczba zaci\u0105gni\u0119\u0107<\/td>\n<td>Do 80 000<\/td>\n<\/tr>\n<tr>\n<td>System smakowy<\/td>\n<td>Potr\u00f3jne kapsu\u0142ki smakowe 3-w-1<\/td>\n<\/tr>\n<tr>\n<td>Pojemno\u015b\u0107 e-liquidu<\/td>\n<td>60ml wst\u0119pnie nape\u0142nione<\/td>\n<\/tr>\n<tr>\n<td>Bateria<\/td>\n<td>850mAh (17350 czysty kobalt, roz\u0142adowanie 5A)<\/td>\n<\/tr>\n<tr>\n<td>\u0141adowanie<\/td>\n<td>Szybkie \u0142adowanie USB Type-C<\/td>\n<\/tr>\n<tr>\n<td>Grza\u0142ka<\/td>\n<td>Potr\u00f3jna grza\u0142ka mesh 0,8\u03a9<\/td>\n<\/tr>\n<tr>\n<td>Nikotyna<\/td>\n<td>0% \/ 2% \/ 3% \/ 5%<\/td>\n<\/tr>\n<tr>\n<td>Wy\u015bwietlacz<\/td>\n<td>Wska\u017aniki poziomu baterii i e-liquidu<\/td>\n<\/tr>\n<tr>\n<td>Opakowanie<\/td>\n<td>Gotowe do hurtu (skontaktuj si\u0119 z nami po szczeg\u00f3\u0142y dotycz\u0105ce karton\u00f3w)<\/td>\n<\/tr>\n<\/tbody>\n<\/table>\n<h3>Zestawy Smakowe<\/h3>\n<p>Najlepsze zestawy do pierwszego zam\u00f3wienia: Arbuz Lodowy \/ Red Bull \/ Truskawka Kiwi oraz Arbuz Lodowy \/ Lody Truskawkowe \/ Potr\u00f3jny Melon \u2014 oba zawieraj\u0105 Arbuz Lodowy, kt\u00f3ry konsekwentnie zajmuje pierwsze miejsce w\u015br\u00f3d najlepiej sprzedaj\u0105cych si\u0119 smak\u00f3w jednorazowych w ca\u0142ej Europie.<\/p>\n<p><strong>Kombinacje owocowe + lodowe (pewniaki):<\/strong> Arbuz Lodowy \/ Red Bull \/ Truskawka Kiwi, Arbuz Lodowy \/ Lody Truskawkowe \/ Potr\u00f3jny Melon, Ananas Kokos \/ Truskawka Lodowa \/ Blue Razz Lodowy, Limonka Cytryna \/ Mango Brzoskwinia Arbuz \/ Bor\u00f3wka Lodowa.<\/p>\n<p><strong>Jagodowe i tropikalne:<\/strong> Potr\u00f3jne Jagody Lodowe \/ Mango Brzoskwinia \/ Truskawka Kiwi, Truskawka Lodowa \/ Truskawka Arbuz \/ Ananas Mango Brzoskwinia, Owoc Tropikalny \/ Truskawka Arbuz \/ Cytryna Brzoskwinia, Truskawka Kiwi \/ Kwa\u015bne Mango Ananas \/ Truskawka Red Bull.<\/p>\n<p><strong>Odwa\u017cniejsze i bardziej niszowe:<\/strong> Truskawka Wanilia Cola \/ Kwa\u015bne Jab\u0142ko Malina \/ Limonka Cytryna, Podw\u00f3jne Winogrono \/ Truskawka Mango \/ Bor\u00f3wka Kwa\u015bna Malina Lodowa, Cytrynowa Cola Soda \/ Arbuz Guma do \u017bucia \/ Czarny Smok Lodowy \u2014 zawieraj\u0105 smaki inspirowane napojami i cukierkami, kt\u00f3re dobrze sprzedaj\u0105 si\u0119 w\u015br\u00f3d m\u0142odszych kupuj\u0105cych, ale mog\u0105 by\u0107 wolniejsze na tradycyjnych rynkach. Najpierw przetestuj ma\u0142\u0105 parti\u0119.<\/p>\n<p><strong>Bezpieczniejsza kombinacja na start:<\/strong> Truskawka Banan \/ Malina Arbuz \/ Love 666 \u2014 wszechstronny zestaw z miksem owocowym, jagod\u0105 i Love 666 (s\u0142odki profil cukierkowy, kt\u00f3ry sprzedaje si\u0119 lepiej ni\u017c sugerowa\u0142aby nazwa).<\/p>\n<h3>Wysy\u0142ka i Zamawianie<\/h3>\n<p>BANGBOX 80K jest wysy\u0142any z Chin z szacowanym czasem dostawy 10\u201320 dni roboczych. Minimalna ilo\u015b\u0107 zam\u00f3wienia to 10 sztuk ze zni\u017ckami ilo\u015bciowymi od 30 sztuk. Mo\u017cesz miesza\u0107 r\u00f3\u017cne zestawy smakowe w jednym zam\u00f3wieniu.<\/p>\n<p>Opcje nikotyny obejmuj\u0105 0%, 2%, 3% i 5%. Opcja 0% jest warta posiadania na stanie, je\u015bli obs\u0142ugujesz rynki ze \u015bcis\u0142ymi regulacjami nikotynowymi lub klient\u00f3w, kt\u00f3rzy chc\u0105 do\u015bwiadczenia smakowego bez nikotyny. Na wi\u0119kszo\u015bci rynk\u00f3w UE 2% to standardowe zam\u00f3wienie \u2014 sprawd\u017a lokalne przepisy dla 3% i 5%. Skontaktuj si\u0119 z nami przez nasz\u0105 <a href=\"https:\/\/holavape.com\/pl\/kontakt\/\">stron\u0119 kontaktow\u0105<\/a> po wyceny frachtowe i wymiary karton\u00f3w.<\/p>\n","protected":false},"excerpt":{"rendered":"<p>BANGBOX 80K 3-in-1 daje do 80 000 zaci\u0105gni\u0119\u0107, 3 prze\u0142\u0105czane smaki, 60mL e-liquidu i potr\u00f3jn\u0105 grza\u0142k\u0119 mesh 0.8\u03a9. Zr\u00f3wnowa\u017cony model 3-in-1 dla sklep\u00f3w, kt\u00f3re chc\u0105 r\u00f3\u017cnorodno\u015bci bez przechodzenia do wi\u0119kszych uk\u0142ad\u00f3w z wieloma zbiornikami. \ud83c\udfaf<\/p>\n","protected":false},"featured_media":14026,"comment_status":"open","ping_status":"closed","template":"","meta":[],"product_brand":[],"product_cat":[735,384],"product_tag":[],"class_list":{"0":"post-60676","1":"product","2":"type-product","3":"status-publish","4":"has-post-thumbnail","6":"product_cat-bang-pl","7":"product_cat-nowosc-pl","9":"first","10":"instock","11":"shipping-taxable","12":"purchasable","13":"product-type-variable","14":"has-default-attributes"},"tiered_pricing_type":"fixed","tiered_pricing_fixed_rules":{"30":8.6400000000000005684341886080801486968994140625,"50":6.910000000000000142108547152020037174224853515625,"100":6.6699999999999999289457264239899814128875732421875,"200":6.04999999999999982236431605997495353221893310546875,"400":5.7400000000000002131628207280300557613372802734375},"tiered_pricing_product_settings":{"layout":"default","base_unit_name":{"singular":null,"plural":null},"default_variation":null},"tiered_pricing_minimum_quantity":10,"tiered_pricing_roles_data":[],"tiered_pricing_percentage_rules":[],"tiered_pricing_maximum_quantity":null,"tiered_pricing_quantity_step":"10","_links":{"self":[{"href":"https:\/\/holavape.com\/pl\/wp-json\/wp\/v2\/product\/60676","targetHints":{"allow":["GET"]}}],"collection":[{"href":"https:\/\/holavape.com\/pl\/wp-json\/wp\/v2\/product"}],"about":[{"href":"https:\/\/holavape.com\/pl\/wp-json\/wp\/v2\/types\/product"}],"replies":[{"embeddable":true,"href":"https:\/\/holavape.com\/pl\/wp-json\/wp\/v2\/comments?post=60676"}],"wp:featuredmedia":[{"embeddable":true,"href":"https:\/\/holavape.com\/pl\/wp-json\/wp\/v2\/media\/14026"}],"wp:attachment":[{"href":"https:\/\/holavape.com\/pl\/wp-json\/wp\/v2\/media?parent=60676"}],"wp:term":[{"taxonomy":"product_brand","embeddable":true,"href":"https:\/\/holavape.com\/pl\/wp-json\/wp\/v2\/product_brand?post=60676"},{"taxonomy":"product_cat","embeddable":true,"href":"https:\/\/holavape.com\/pl\/wp-json\/wp\/v2\/product_cat?post=60676"},{"taxonomy":"product_tag","embeddable":true,"href":"https:\/\/holavape.com\/pl\/wp-json\/wp\/v2\/product_tag?post=60676"}],"curies":[{"name":"wp","href":"https:\/\/api.w.org\/{rel}","templated":true}]}}