{"id":75360,"date":"2025-07-07T07:37:26","date_gmt":"2025-07-07T07:37:26","guid":{"rendered":"https:\/\/holavape.com\/product\/bang-king-30k-jednorazowy-vape-o-podwojnym-smaku-hurt\/"},"modified":"2026-04-05T02:24:21","modified_gmt":"2026-04-05T02:24:21","slug":"bang-king-30k","status":"publish","type":"product","link":"https:\/\/holavape.com\/pl\/produkt\/bang-king-30k\/","title":{"rendered":"Bang King 30K Jednorazowy Vape o Podw\u00f3jnym Smaku \u2014 Hurt"},"content":{"rendered":"<h2>Bang King 30K \u2014 30 000 Zaciagni\u0119\u0107 Jednorazowy Vape o Podw\u00f3jnym Smaku<\/h2>\n<p>Bang King 30K przejmuje koncepcj\u0119 podw\u00f3jnego smaku, kt\u00f3ra uczyni\u0142a <a href=\"https:\/\/holavape.com\/pl\/produkt\/bang-king-50000-jednorazowy-vape-podwojny-smak-50k-zaciagniec-hurt\/\">Bang King 50000<\/a> popularnym i oferuje j\u0105 w bardziej dost\u0119pnym formacie 30K zaciagni\u0119\u0107. Ka\u017cde urz\u0105dzenie ma dwa oddzielne zbiorniki smakowe, mi\u0119dzy kt\u00f3rymi u\u017cytkownicy mog\u0105 si\u0119 prze\u0142\u0105cza\u0107, co oznacza, \u017ce jedno urz\u0105dzenie zast\u0119puje dwa jednosmakowe. Sklepy w Hiszpanii, Niemczech i Francji przyj\u0119\u0142y to jako \u015bredni\u0105 opcj\u0119 podw\u00f3jnego smaku \u2014 cena jest poni\u017cej modelu 50K, ale wci\u0105\u017c oferuje nowo\u015b\u0107, kt\u00f3ra interesuje klient\u00f3w.<\/p>\n<p>Wy\u015bwietlacz LED pokazuje poziom baterii i licznik zaciagni\u0119\u0107, co kupuj\u0105cy przy ladzie doceniaj\u0105, bo widzieli dok\u0142adnie, na jakim etapie s\u0105. Z 12 kombinacjami smak\u00f3w i czterema mocami nikotyny (0%, 2%, 3%, 5%) pokrywa przyzwoity zakres preferencji. Je\u015bli szukasz jednosmakowego urz\u0105dzenia w tym zakresie zaciagni\u0119\u0107, sprawd\u017a <a href=\"https:\/\/holavape.com\/pl\/produkt\/jnr-falcon-x-18k-jednorazowy-vape-sprzedaz-hurtowa-z-podwojna-siatka\/\">JNR Falcon X 18K<\/a> lub <a href=\"https:\/\/holavape.com\/pl\/produkt\/randm-tornado-15k-jednorazowy-vape-40-smakow-hurt\/\">RandM Tornado 15K<\/a>.<\/p>\n<table>\n<thead>\n<tr>\n<th>Specyfikacja<\/th>\n<th>Szczeg\u00f3\u0142<\/th>\n<\/tr>\n<\/thead>\n<tbody>\n<tr>\n<td>Liczba zaciagni\u0119\u0107<\/td>\n<td>Do 30 000<\/td>\n<\/tr>\n<tr>\n<td>System smakowy<\/td>\n<td>Podw\u00f3jny smak (2 zbiorniki na urz\u0105dzenie)<\/td>\n<\/tr>\n<tr>\n<td>Moce nikotyny<\/td>\n<td>0%, 2%, 3%, 5%<\/td>\n<\/tr>\n<tr>\n<td>Wy\u015bwietlacz<\/td>\n<td>LED (bateria + licznik zaciagni\u0119\u0107)<\/td>\n<\/tr>\n<tr>\n<td>Kombinacje smak\u00f3w<\/td>\n<td>12<\/td>\n<\/tr>\n<tr>\n<td>Opakowanie<\/td>\n<td>Skontaktuj si\u0119 z nami po szczeg\u00f3\u0142y dotycz\u0105ce pude\u0142ka\/kartonu<\/td>\n<\/tr>\n<\/tbody>\n<\/table>\n<h3>Kombinacje Smak\u00f3w \u2014 12 Zestaw\u00f3w Podw\u00f3jnego Smaku<\/h3>\n<p>Najlepsze kombinacje do pierwszego zaopatrzenia: Arbuz Lodowy &#038; Jagoda Mi\u0119towa, Truskawka Arbuz &#038; Kiwi Marakuja Guawa, oraz Jagoda Malina &#038; Brzoskwinia Mango Arbuz. Te trzy \u0142\u0105cz\u0105 sprawdzony bestseller z czym\u015b bardziej interesuj\u0105cym, co idealnie sprawdza si\u0119 w formacie podw\u00f3jnego smaku.<\/p>\n<p>Kombinacje owocowo-lodowe (bezpieczne wybory): Arbuz Lodowy &#038; Jagoda Mi\u0119towa, Arbuz Lodowy &#038; Truskawka i Mango, Truskawka i Arbuz &#038; Winogrono Lodowe, Truskawka Arbuz &#038; Kiwi Marakuja Guawa. Wszystkie opieraj\u0105 si\u0119 na arbuzie lub truskawce \u2014 dw\u00f3ch najbardziej niezawodnych rodzinach smak\u00f3w na rynkach europejskich. Zacznij swoje pierwsze zam\u00f3wienie tutaj.<\/p>\n<p>Zestawy jagodowe: Jagoda Lodowa &#038; Czarny Smok Lodowy, Jagoda Lodowa &#038; Truskawka i Banan, Jagoda Malina &#038; Brzoskwinia Mango Arbuz, Jagoda Malina &#038; Mieszanka Owoc\u00f3w Tropikalnych. Jagoda dominuje we wszystkich czterech. Nazwa &#8222;Mieszanka Owoc\u00f3w Tropikalnych&#8221; jest nietypowa, ale to tropikalna mieszanka \u2014 warto wyt\u0142umaczy\u0107 klientom, kt\u00f3rzy pytaj\u0105.<\/p>\n<p>Nap\u00f3j energetyczny i odwa\u017cne: Red Bull &#038; Jagoda Arbuz, Red Bull &#038; Arbuz Cukierek Balonowy. Smaki napoj\u00f3w energetycznych przyci\u0105gaj\u0105 m\u0142odsz\u0105 grup\u0119 \u2014 zam\u00f3w pocz\u0105tkowo ma\u0142o, chyba \u017ce Tw\u00f3j sklep ju\u017c dobrze sprzedaje jednoraz\u00f3wki w stylu napoj\u00f3w energetycznych.<\/p>\n<p>Owocowe i tropikalne: Truskawka Kiwi &#038; Brzoskwinia Lodowa, Truskawka Kiwi &#038; Kwa\u015bne Jab\u0142ko Malina. Czyste profile owocowe po obu stronach, bez smak\u00f3w s\u0142odyczowych czy napojowych \u2014 te dobrze sprawdzaj\u0105 si\u0119 na rynkach preferuj\u0105cych proste owocowe vape.<\/p>\n<h3>Zamawianie i Wysy\u0142ka<\/h3>\n<p>Bang King 30K jest wysy\u0142any z Chin ze standardowym czasem dostawy 10\u201315 dni roboczych do Europy. Minimalne zam\u00f3wienie to 10 sztuk, a mo\u017cesz miesza\u0107 kombinacje i moce nikotyny w ramach jednego zam\u00f3wienia. Ceny hurtowe zaczynaj\u0105 si\u0119 od 30+ sztuk. <a href=\"https:\/\/holavape.com\/pl\/kontakt\/\">Skontaktuj si\u0119 z nami<\/a> po specyfikacje karton\u00f3w i wyceny transportu.<\/p>\n<p>Cztery moce nikotyny s\u0105 dost\u0119pne: 0%, 2%, 3% i 5%. Na rynkach UE 0% i 2% pokrywaj\u0105 wi\u0119kszo\u015b\u0107 popytu \u2014 sprawd\u017a lokalne przepisy przed zam\u00f3wieniem wy\u017cszych mocy. Opcja 0% jest coraz popularniejsza w\u015br\u00f3d klient\u00f3w, kt\u00f3rzy ciesz\u0105 si\u0119 smakiem i rytuaem bez nikotyny.<\/p>\n","protected":false},"excerpt":{"rendered":"<p>Bang King 30K dostarcza 30 000 zaci\u0105gni\u0119\u0107, dwusmakowe prze\u0142\u0105czanie, ekran LED i 12 kombinacji smakowych w nikotynie 0% \/ 2% \/ 3% \/ 5%. Mocny model dwusmakowy dla sklep\u00f3w, kt\u00f3re chc\u0105 wi\u0119cej warto\u015bci w jednym urz\u0105dzeniu. \ud83d\udd00<\/p>\n","protected":false},"featured_media":22250,"comment_status":"open","ping_status":"closed","template":"","meta":[],"product_brand":[],"product_cat":[735,555,609,618,366,627,699,663,636,672,681,690,717,708,645,654,349,483,357,582,519,564,528],"product_tag":[],"class_list":{"0":"post-75360","1":"product","2":"type-product","3":"status-publish","4":"has-post-thumbnail","6":"product_cat-bang-pl","7":"product_cat-cyfrowe-box-vape-pl","8":"product_cat-jednorazowe-vape-w-austria-pl","9":"product_cat-jednorazowe-vape-w-belgia-pl","10":"product_cat-jednorazowe-vape-w-europie-pl","11":"product_cat-jednorazowe-vape-w-francja-pl","12":"product_cat-jednorazowe-vape-w-hiszpania-pl","13":"product_cat-jednorazowe-vape-w-holandia-pl","14":"product_cat-jednorazowe-vape-w-niemcy-pl","15":"product_cat-jednorazowe-vape-w-norwegia-pl","16":"product_cat-jednorazowe-vape-w-polska-pl","17":"product_cat-jednorazowe-vape-w-portugalia-pl","18":"product_cat-jednorazowe-vape-w-szwajcaria-pl","19":"product_cat-jednorazowe-vape-w-szwecja-pl","20":"product_cat-jednorazowe-vape-w-wegry-pl","21":"product_cat-jednorazowe-vape-w-wlochy-pl","22":"product_cat-jednorazowe-vape-wg-liczby-zaciagniec-pl","23":"product_cat-jednorazowy-vape-30000-zaciagniec-pl","24":"product_cat-typy-jednorazowych-vape-pl","25":"product_cat-vape-podwojny-smak-pl","26":"product_cat-vape-z-duza-liczba-zaciagniec-pl","27":"product_cat-vape-z-inteligentnym-ekranem-pl","28":"product_cat-vape-z-ladowaniem-pl","30":"first","31":"instock","32":"shipping-taxable","33":"purchasable","34":"product-type-variable","35":"has-default-attributes"},"tiered_pricing_type":"fixed","tiered_pricing_fixed_rules":{"30":6.8499999999999996447286321199499070644378662109375,"50":5.7400000000000002131628207280300557613372802734375,"100":4.87000000000000010658141036401502788066864013671875,"200":4.5,"400":3.95000000000000017763568394002504646778106689453125},"tiered_pricing_product_settings":{"layout":"default","base_unit_name":{"singular":null,"plural":null},"default_variation":null},"tiered_pricing_minimum_quantity":10,"tiered_pricing_roles_data":[],"tiered_pricing_percentage_rules":[],"tiered_pricing_maximum_quantity":null,"tiered_pricing_quantity_step":"10","_links":{"self":[{"href":"https:\/\/holavape.com\/pl\/wp-json\/wp\/v2\/product\/75360","targetHints":{"allow":["GET"]}}],"collection":[{"href":"https:\/\/holavape.com\/pl\/wp-json\/wp\/v2\/product"}],"about":[{"href":"https:\/\/holavape.com\/pl\/wp-json\/wp\/v2\/types\/product"}],"replies":[{"embeddable":true,"href":"https:\/\/holavape.com\/pl\/wp-json\/wp\/v2\/comments?post=75360"}],"wp:featuredmedia":[{"embeddable":true,"href":"https:\/\/holavape.com\/pl\/wp-json\/wp\/v2\/media\/22250"}],"wp:attachment":[{"href":"https:\/\/holavape.com\/pl\/wp-json\/wp\/v2\/media?parent=75360"}],"wp:term":[{"taxonomy":"product_brand","embeddable":true,"href":"https:\/\/holavape.com\/pl\/wp-json\/wp\/v2\/product_brand?post=75360"},{"taxonomy":"product_cat","embeddable":true,"href":"https:\/\/holavape.com\/pl\/wp-json\/wp\/v2\/product_cat?post=75360"},{"taxonomy":"product_tag","embeddable":true,"href":"https:\/\/holavape.com\/pl\/wp-json\/wp\/v2\/product_tag?post=75360"}],"curies":[{"name":"wp","href":"https:\/\/api.w.org\/{rel}","templated":true}]}}