{"id":87531,"date":"2025-07-07T07:46:55","date_gmt":"2025-07-07T07:46:55","guid":{"rendered":"https:\/\/holavape.com\/product\/mrvi-twins-32k-jednorazowy-vape-o-podwojnym-smaku-hurt\/"},"modified":"2026-04-05T02:22:08","modified_gmt":"2026-04-05T02:22:08","slug":"mrvi-twins-32k","status":"publish","type":"product","link":"https:\/\/holavape.com\/pl\/produkt\/mrvi-twins-32k\/","title":{"rendered":"MRVI Twins 32K Jednorazowy Vape o Podw\u00f3jnym Smaku \u2014 Hurt"},"content":{"rendered":"<h2>MRVI Twins 32K \u2014 32 000 Zacie\u0107 Jednorazowy Vape o Podw\u00f3jnym Smaku<\/h2>\n<p>MRVI Twins 32K to jednorazowy vape z prze\u0142\u0105czanym podw\u00f3jnym smakiem, 40ml e-liquidu podzielonym na dwie komory i podw\u00f3jnym systemem mesh coil. Kryszta\u0142owo przejrzysta obudowa i inteligentny ekran nadaj\u0105 mu elegancki wygl\u0105d w sklepie. Z 32 000 zaci\u0119ciami plasuje si\u0119 poni\u017cej <a href=\"https:\/\/holavape.com\/pl\/produkt\/uwin-crystal-twins-40k\/\">Uwin Crystal Twins 40K<\/a> pod wzgl\u0119dem liczby zaci\u0119\u0107, ale kompensuje to wi\u0119ksz\u0105 pojemno\u015bci\u0105 40ml e-liquidu i starannie dobranym menu smak\u00f3w opartym na sprawdzonych europejskich faworytach.<\/p>\n<p>MRVI jako marka zbudowa\u0142a lojalne grono klient\u00f3w na rynkach po\u0142udniowej i zachodniej Europy \u2014 sklepy, kt\u00f3re ju\u017c sprzedaj\u0105 produkty MRVI, uznaj\u0105 Twins 32K za \u0142atwy dodatek do oferty. Dla sklep\u00f3w nowych w marce sprawdza si\u0119 jako urz\u0105dzenie wej\u015bciowe z podw\u00f3jnym smakiem obok opcji o wi\u0119kszej pojemno\u015bci, takich jak <a href=\"https:\/\/holavape.com\/pl\/produkt\/bangbox-80k\/\">BANGBOX 80K<\/a> lub modele o potr\u00f3jnym smaku, takie jak <a href=\"https:\/\/holavape.com\/pl\/produkt\/mrvi-growing-60k-3t-spin-jednorazowy-vape-potrojny-smak-hurt\/\">MRVI Growing 60K<\/a>.<\/p>\n<table>\n<thead>\n<tr>\n<th>Specyfikacja<\/th>\n<th>Szczeg\u00f3\u0142<\/th>\n<\/tr>\n<\/thead>\n<tbody>\n<tr>\n<td>Liczba zaci\u0119\u0107<\/td>\n<td>Do 32 000<\/td>\n<\/tr>\n<tr>\n<td>System smak\u00f3w<\/td>\n<td>Prze\u0142\u0105czany podw\u00f3jny smak (2 smaki na urz\u0105dzenie)<\/td>\n<\/tr>\n<tr>\n<td>Pojemno\u015b\u0107 e-liquidu<\/td>\n<td>\u0141\u0105cznie 40ml<\/td>\n<\/tr>\n<tr>\n<td>Bateria<\/td>\n<td>650mAh \u0142adowalna (Type-C)<\/td>\n<\/tr>\n<tr>\n<td>Grza\u0142ka<\/td>\n<td>Podw\u00f3jny mesh coil<\/td>\n<\/tr>\n<tr>\n<td>St\u0119\u017cenia nikotyny<\/td>\n<td>2%, 5%<\/td>\n<\/tr>\n<tr>\n<td>Wy\u015bwietlacz<\/td>\n<td>Inteligentny ekran \u2014 poziom baterii i e-liquidu<\/td>\n<\/tr>\n<tr>\n<td>Obudowa<\/td>\n<td>Kryszta\u0142owo przejrzysty design<\/td>\n<\/tr>\n<tr>\n<td>Opakowanie<\/td>\n<td>10 sztuk w opakowaniu<\/td>\n<\/tr>\n<\/tbody>\n<\/table>\n<h3>Kombinacje Smak\u00f3w \u2014 10 Zestaw\u00f3w Podw\u00f3jnych Smak\u00f3w<\/h3>\n<p>Najlepsze zestawy do pierwszego zakupu: Lodowy Arbuz \/ Mieszanka Jagodowa, Lodowa Jagoda \/ Lodowe Czerwone Jab\u0142ko i Truskawka Arbuz \/ \u017burawina Winogrono \u2014 obejmuj\u0105 one najpopularniejsze profile i s\u0105 niezawodnymi bestsellerami na rynkach europejskich.<\/p>\n<p><strong>Owoc + l\u00f3d (bezpieczne wybory):<\/strong> Lodowy Arbuz \/ Mieszanka Jagodowa, Lodowa Jagoda \/ Lodowe Czerwone Jab\u0142ko, Potr\u00f3jny Melon \/ Lodowy Lizak, Lodowy Ananas \/ Lodowe Winogrono \u2014 lodowe kombinacje owocowe stanowi\u0105 podstaw\u0119 ka\u017cdego zam\u00f3wienia jednorazowych vape w Europie. Lodowy Arbuz (arbuz mentolowy) nale\u017cy do top 3 smak\u00f3w na niemal ka\u017cdym rynku.<\/p>\n<p><strong>Mieszanki jagodowe i owocowe:<\/strong> Truskawka Arbuz \/ \u017burawina Winogrono, Lodowa Truskawka \/ T\u0119czowa Kropla, Lodowy Banan \/ Truskawka Kiwi \u2014 \u017burawina Winogrono wnosi co\u015b innego do asortymentu zdominowanego przez standardowe mieszanki jagodowe, a T\u0119czowa Kropla przyci\u0105ga klient\u00f3w preferuj\u0105cych cukierkowe profile smakowe.<\/p>\n<p><strong>Odwa\u017cniejsze i inspirowane napojami:<\/strong> Lodowa Brzoskwinia \/ Red Bull, Mango Slush \/ Pomara\u0144czowy Lody \u015amietankowe, Musuj\u0105ca Wi\u015bnia \/ Lodowa Niebieska Malina \u2014 Red Bull i Pomara\u0144czowy Lody \u015amietankowe to smaki nowatorskie, kt\u00f3re dobrze trafiaj\u0105 do m\u0142odszych nabywc\u00f3w. Mango Slush to mocny wyb\u00f3r na miesi\u0105ce letnie. Przetestuj Musuj\u0105c\u0105 Wi\u015bni\u0119 w ma\u0142ej ilo\u015bci, je\u015bli Tw\u00f3j rynek jest bardziej tradycyjny.<\/p>\n<h3>Wysy\u0142ka i Zamawianie<\/h3>\n<p>MRVI Twins 32K jest wysy\u0142any z Chin z typowym czasem dostawy 10\u201318 dni roboczych do destynacji europejskich. MOQ wynosi 10 sztuk, z cenami hurtowymi dost\u0119pnymi od 30+ i 100+ sztuk. Kombinacje smak\u00f3w i st\u0119\u017cenia nikotyny mog\u0105 by\u0107 mieszane w ramach jednego zam\u00f3wienia.<\/p>\n<p>Nale\u017cy pami\u0119ta\u0107, \u017ce ten model jest dost\u0119pny tylko w wariantach 2% i 5% nikotyny \u2014 brak opcji 0% lub 3%. Je\u015bli Tw\u00f3j rynek wymaga produkt\u00f3w beznikotynowych, rozwa\u017c po\u0142\u0105czenie z <a href=\"https:\/\/holavape.com\/pl\/produkt\/uwin-crystal-twins-40k\/\">Uwin Crystal Twins 40K<\/a>, kt\u00f3ry oferuje r\u00f3wnie\u017c opcje 0% i 3%. W przypadku 5% nikotyny sprawd\u017a lokalne przepisy przed z\u0142o\u017ceniem zam\u00f3wienia \u2014 kilka kraj\u00f3w UE ogranicza sprzeda\u017c detaliczn\u0105 powy\u017cej okre\u015blonych prog\u00f3w nikotyny. Wyceny wysy\u0142ek hurtowych i specyfikacje karton\u00f3w dost\u0119pne na naszej <a href=\"https:\/\/holavape.com\/pl\/kontakt\/\">stronie kontaktowej<\/a>.<\/p>\n","protected":false},"excerpt":{"rendered":"<p>MRVI Twins 32K \u0142\u0105czy 32 000 zaci\u0105gni\u0119\u0107, 10 dwusmakowych kombinacji, podw\u00f3jn\u0105 grza\u0142k\u0119 mesh i 40mL e-liquidu w kryszta\u0142owej obudowie ze smart screenem. Sprytny, warto\u015bciowy model dwusmakowy dla sklep\u00f3w, kt\u00f3re chc\u0105 r\u00f3\u017cnorodno\u015bci bez skoku do wy\u017cszej liczby zaci\u0105gni\u0119\u0107. \ud83d\udd37<\/p>\n","protected":false},"featured_media":15620,"comment_status":"open","ping_status":"closed","template":"","meta":[],"product_brand":[],"product_cat":[781],"product_tag":[],"class_list":{"0":"post-87531","1":"product","2":"type-product","3":"status-publish","4":"has-post-thumbnail","6":"product_cat-mrvi-pl","8":"first","9":"instock","10":"shipping-taxable","11":"purchasable","12":"product-type-variable","13":"has-default-attributes"},"tiered_pricing_type":"fixed","tiered_pricing_fixed_rules":{"100":5.61000000000000031974423109204508364200592041015625,"200":5.2400000000000002131628207280300557613372802734375,"400":4.80999999999999960920149533194489777088165283203125},"tiered_pricing_product_settings":{"layout":"default","base_unit_name":{"singular":null,"plural":null},"default_variation":null},"tiered_pricing_minimum_quantity":50,"tiered_pricing_roles_data":[],"tiered_pricing_percentage_rules":[],"tiered_pricing_maximum_quantity":null,"tiered_pricing_quantity_step":"10","_links":{"self":[{"href":"https:\/\/holavape.com\/pl\/wp-json\/wp\/v2\/product\/87531","targetHints":{"allow":["GET"]}}],"collection":[{"href":"https:\/\/holavape.com\/pl\/wp-json\/wp\/v2\/product"}],"about":[{"href":"https:\/\/holavape.com\/pl\/wp-json\/wp\/v2\/types\/product"}],"replies":[{"embeddable":true,"href":"https:\/\/holavape.com\/pl\/wp-json\/wp\/v2\/comments?post=87531"}],"wp:featuredmedia":[{"embeddable":true,"href":"https:\/\/holavape.com\/pl\/wp-json\/wp\/v2\/media\/15620"}],"wp:attachment":[{"href":"https:\/\/holavape.com\/pl\/wp-json\/wp\/v2\/media?parent=87531"}],"wp:term":[{"taxonomy":"product_brand","embeddable":true,"href":"https:\/\/holavape.com\/pl\/wp-json\/wp\/v2\/product_brand?post=87531"},{"taxonomy":"product_cat","embeddable":true,"href":"https:\/\/holavape.com\/pl\/wp-json\/wp\/v2\/product_cat?post=87531"},{"taxonomy":"product_tag","embeddable":true,"href":"https:\/\/holavape.com\/pl\/wp-json\/wp\/v2\/product_tag?post=87531"}],"curies":[{"name":"wp","href":"https:\/\/api.w.org\/{rel}","templated":true}]}}