{"id":8965,"date":"2025-07-16T02:18:45","date_gmt":"2025-07-16T02:18:45","guid":{"rendered":"https:\/\/holavape.com\/sobre-nos\/"},"modified":"2026-03-20T12:59:03","modified_gmt":"2026-03-20T12:59:03","slug":"sobre-nos","status":"publish","type":"page","link":"https:\/\/holavape.com\/pt\/sobre-nos\/","title":{"rendered":"Sobre n\u00f3s"},"content":{"rendered":"\n  <div class=\"banner has-hover\" id=\"banner-2096820406\">\n          <div class=\"banner-inner fill\">\n        <div class=\"banner-bg fill\" >\n            <img loading=\"lazy\" decoding=\"async\" width=\"1200\" height=\"300\" src=\"https:\/\/i0.wp.com\/holavape.com\/wp-content\/uploads\/2025\/07\/image-pel-230824-rechargedisposable-banner.jpg?fit=1200%2C300&amp;ssl=1\" class=\"bg attachment-2048x2048 size-2048x2048\" alt=\"\" title=\"\">                                    \n                    <\/div>\n\t\t\n        <div class=\"banner-layers container\">\n            <div class=\"fill banner-link\"><\/div>            \n   <div id=\"text-box-846559990\" class=\"text-box banner-layer x50 md-x50 lg-x50 y50 md-y50 lg-y50 res-text\">\n                                <div class=\"text-box-content text dark\">\n              \n              <div class=\"text-inner text-center\">\n                  \n<h1 class=\"uppercase\"><strong>Sobre a Hola Vape<\/strong><\/h1>\n<p>A sua fonte de confian\u00e7a para os melhores vapes descart\u00e1veis, ofertas imperd\u00edveis e os \u00faltimos lan\u00e7amentos.<\/p>\n              <\/div>\n           <\/div>\n                            \n<style>\n#text-box-846559990 {\n  width: 60%;\n}\n#text-box-846559990 .text-box-content {\n  font-size: 100%;\n}\n<\/style>\n    <\/div>\n \n        <\/div>\n      <\/div>\n\n            \n<style>\n#banner-2096820406 {\n  padding-top: 400px;\n}\n<\/style>\n  <\/div>\n\n\n\n\t<section class=\"section\" id=\"section_1313446321\">\n\t\t<div class=\"section-bg fill\" >\n\t\t\t\t\t\t\t\t\t\n\t\t\t\n\n\t\t<\/div>\n\n\t\t\n\n\t\t<div class=\"section-content relative\">\n\t\t\t\n<div class=\"row\"  id=\"row-627498578\">\n\n\t<div id=\"col-1214272283\" class=\"col small-12 large-12\"  >\n\t\t\t\t<div class=\"col-inner\" style=\"background-color:rgb(255,255,255);\" >\n\t\t\t\n\t\t\t\n<div class=\"text-center\"><div class=\"is-divider divider clearfix\" style=\"margin-top:10px;margin-bottom:10px;background-color:rgba(0, 0, 0, 0.16);\"><\/div><\/div>\n<div class=\"row align-center\"  id=\"row-735975964\">\n\n\t<div id=\"col-1817270896\" class=\"col medium-9 small-10 large-7\"  >\n\t\t\t\t<div class=\"col-inner text-center\"  >\n\t\t\t\n\t\t\t\n<h2>Potenciando a sua experi\u00eancia vape em todo o mundo.<\/h2>\n<p>A Hola Vape \u00e9 um fornecedor global de vapes descart\u00e1veis de alta qualidade a pre\u00e7os de atacado imbat\u00edveis. Com paix\u00e3o por sabor, inova\u00e7\u00e3o e fiabilidade, conectamos vapers e retalhistas a marcas de confian\u00e7a e produtos exclusivos. A nossa equipa dedica-se a envios r\u00e1pidos, atendimento \u00e1gil e uma experi\u00eancia de compra perfeita \u2014 para que possa concentrar-se no que realmente importa.<\/p>\n\t\t<\/div>\n\t\t\t\t\n<style>\n#col-1817270896 > .col-inner {\n  margin: 20px 0px 20px 0px;\n}\n<\/style>\n\t<\/div>\n\n\t\n<\/div>\n\t\t<\/div>\n\t\t\t\t\n<style>\n#col-1214272283 > .col-inner {\n  padding: 50px 0px 0px 0px;\n  margin: -70px 0px 0px 0px;\n}\n<\/style>\n\t<\/div>\n\n\t\n\n<style>\n#row-627498578 > .col > .col-inner {\n  border-radius: 20px;\n}\n<\/style>\n<\/div>\n<div class=\"row\"  id=\"row-1126004126\">\n\n\t<div id=\"col-1714068707\" class=\"col medium-6 small-12 large-6\"  >\n\t\t\t\t<div class=\"col-inner\"  >\n\t\t\t\n\t\t\t\n\n  <div class=\"banner has-hover is-full-height\" id=\"banner-1773816866\">\n          <div class=\"banner-inner fill\">\n        <div class=\"banner-bg fill\" >\n                                                \n                    <\/div>\n\t\t\n        <div class=\"banner-layers container\">\n            <div class=\"fill banner-link\"><\/div>            \n   <div id=\"text-box-953040824\" class=\"text-box banner-layer x50 md-x50 lg-x50 y50 md-y50 lg-y50 res-text\">\n                                <div class=\"text-box-content text dark\">\n              \n              <div class=\"text-inner text-center\">\n                  \n              <\/div>\n           <\/div>\n                            \n<style>\n#text-box-953040824 {\n  width: 60%;\n}\n#text-box-953040824 .text-box-content {\n  font-size: 100%;\n}\n<\/style>\n    <\/div>\n \n        <\/div>\n      <\/div>\n\n            \n<style>\n#banner-1773816866 {\n  padding-top: 100%;\n}\n<\/style>\n  <\/div>\n\n\n\t\t<\/div>\n\t\t\t\t\n<style>\n#col-1714068707 > .col-inner {\n  padding: 15px 15px 15px 15px;\n}\n<\/style>\n\t<\/div>\n\n\t\n\n\t<div id=\"col-740166770\" class=\"col medium-6 small-12 large-6\"  >\n\t\t\t\t<div class=\"col-inner text-center\"  >\n\t\t\t\n\t\t\t\n<h3>Por que escolher a Hola Vape?<\/h3>\n<p>Na Hola Vape, acreditamos que cada vaper merece acesso a produtos premium sem pagar a mais. \u00c9 por isso que fazemos parcerias diretas com os fabricantes mais confi\u00e1veis da ind\u00fastria para oferecer dispositivos de alta qualidade e sabores excepcionais a pre\u00e7os que fazem sentido. Quer seja um entusiasta individual \u00e0 procura do pr\u00f3ximo sabor favorito ou um retalhista a expandir as suas prateleiras \u2014 temos o que precisa.<\/p>\n\t\t<\/div>\n\t\t\t\t\n<style>\n#col-740166770 > .col-inner {\n  max-width: 580px;\n}\n<\/style>\n\t<\/div>\n\n\t\n<\/div>\n\t\t<\/div>\n\n\t\t\n<style>\n#section_1313446321 {\n  padding-top: 30px;\n  padding-bottom: 30px;\n}\n<\/style>\n\t<\/section>\n\t\n\n\t<section class=\"section\" id=\"section_1051984696\">\n\t\t<div class=\"section-bg fill\" >\n\t\t\t\t\t\t\t\t\t\n\t\t\t\n\n\t\t<\/div>\n\n\t\t\n\n\t\t<div class=\"section-content relative\">\n\t\t\t\n<div class=\"row align-center\"  id=\"row-716688093\">\n\n\t<div id=\"col-1346314181\" class=\"col medium-10 small-12 large-8\"  >\n\t\t\t\t<div class=\"col-inner text-center\"  >\n\t\t\t\n\t\t\t\n<h2>Dedicados \u00e0 qualidade e consist\u00eancia.<\/h2>\n<p>De sabores intensos a designs elegantes, a Hola Vape traz-lhe dispositivos de alto desempenho em que os utilizadores de todo o mundo confiam. Servimos tanto indiv\u00edduos como retalhistas com o mesmo cuidado, oferecendo cumprimento r\u00e1pido, suporte especializado e valor imbat\u00edvel. Quer esteja a reabastecer prateleiras ou a explorar novos sabores, a Hola Vape tem a solu\u00e7\u00e3o.<\/p>\n\t\t<\/div>\n\t\t\t\t\t<\/div>\n\n\t\n<\/div>\n<div class=\"row align-center\"  id=\"row-464028250\">\n\n\t<div id=\"col-507806653\" class=\"col medium-11 small-12 large-10\"  >\n\t\t\t\t<div class=\"col-inner\"  >\n\t\t\t\n\t\t\t\n<div class=\"row row-large align-middle\"  id=\"row-2127660811\">\n\n\t<div id=\"col-1354824823\" class=\"col medium-4 small-12 large-6\"  >\n\t\t\t\t<div class=\"col-inner\"  >\n\t\t\t\n\t\t\t\n\n  <div class=\"banner has-hover\" id=\"banner-1563256348\">\n          <div class=\"banner-inner fill\">\n        <div class=\"banner-bg fill\" >\n            <img loading=\"lazy\" decoding=\"async\" width=\"1020\" height=\"1020\" src=\"https:\/\/i0.wp.com\/holavape.com\/wp-content\/uploads\/2025\/07\/%E5%8F%A3%E5%91%B3%E5%9B%BE6.jpg?fit=1020%2C1020&amp;ssl=1\" class=\"bg attachment-large size-large\" alt=\"\" title=\"\">                                    \n                    <\/div>\n\t\t\n        <div class=\"banner-layers container\">\n            <div class=\"fill banner-link\"><\/div>            \n   <div id=\"text-box-2016431809\" class=\"text-box banner-layer x50 md-x50 lg-x50 y50 md-y50 lg-y50 res-text\">\n                                <div class=\"text-box-content text dark\">\n              \n              <div class=\"text-inner text-center\">\n                  \n              <\/div>\n           <\/div>\n                            \n<style>\n#text-box-2016431809 {\n  width: 60%;\n}\n#text-box-2016431809 .text-box-content {\n  font-size: 100%;\n}\n@media (min-width:550px) {\n  #text-box-2016431809 {\n    width: 60%;\n  }\n}\n<\/style>\n    <\/div>\n \n        <\/div>\n      <\/div>\n\n            \n<style>\n#banner-1563256348 {\n  padding-top: 300px;\n}\n@media (min-width:550px) {\n  #banner-1563256348 {\n    padding-top: 99.99%;\n  }\n}\n<\/style>\n  <\/div>\n\n\n\t\t<\/div>\n\t\t\t\t\t<\/div>\n\n\t\n\n\t<div id=\"col-1247868620\" class=\"col medium-8 small-12 large-6\"  >\n\t\t\t\t<div class=\"col-inner\"  >\n\t\t\t\n\t\t\t\n<h3>Experi\u00eancia de confian\u00e7a aliada \u00e0 inova\u00e7\u00e3o de ponta<\/h3>\n<p>Explore dispositivos avan\u00e7ados como o Waspe 60K 3-em-1, projetado para desempenho e versatilidade. Com anos de experi\u00eancia na ind\u00fastria, a nossa equipa seleciona cada produto para garantir a melhor experi\u00eancia de vape poss\u00edvel. De entusiastas casuais a retalhistas profissionais, fornecemos solu\u00e7\u00f5es que superam expectativas.<\/p>\n\t\t<\/div>\n\t\t\t\t\t<\/div>\n\n\t\n<\/div>\n\t\t<\/div>\n\t\t\t\t\t<\/div>\n\n\t\n<\/div>\n\t\t<\/div>\n\n\t\t\n<style>\n#section_1051984696 {\n  padding-top: 60px;\n  padding-bottom: 60px;\n  background-color: rgb(240,240,240);\n}\n<\/style>\n\t<\/section>\n\t\n","protected":false},"excerpt":{"rendered":"","protected":false},"author":1,"featured_media":0,"parent":0,"menu_order":0,"comment_status":"closed","ping_status":"closed","template":"page-transparent-header-light.php","meta":{"footnotes":""},"class_list":["post-8965","page","type-page","status-publish","hentry"],"_links":{"self":[{"href":"https:\/\/holavape.com\/pt\/wp-json\/wp\/v2\/pages\/8965","targetHints":{"allow":["GET"]}}],"collection":[{"href":"https:\/\/holavape.com\/pt\/wp-json\/wp\/v2\/pages"}],"about":[{"href":"https:\/\/holavape.com\/pt\/wp-json\/wp\/v2\/types\/page"}],"author":[{"embeddable":true,"href":"https:\/\/holavape.com\/pt\/wp-json\/wp\/v2\/users\/1"}],"replies":[{"embeddable":true,"href":"https:\/\/holavape.com\/pt\/wp-json\/wp\/v2\/comments?post=8965"}],"version-history":[{"count":5,"href":"https:\/\/holavape.com\/pt\/wp-json\/wp\/v2\/pages\/8965\/revisions"}],"predecessor-version":[{"id":8971,"href":"https:\/\/holavape.com\/pt\/wp-json\/wp\/v2\/pages\/8965\/revisions\/8971"}],"wp:attachment":[{"href":"https:\/\/holavape.com\/pt\/wp-json\/wp\/v2\/media?parent=8965"}],"curies":[{"name":"wp","href":"https:\/\/api.w.org\/{rel}","templated":true}]}}