{"id":113137,"date":"2025-07-07T07:37:38","date_gmt":"2025-07-07T07:37:38","guid":{"rendered":"https:\/\/holavape.com\/product\/bang-king-12k\/"},"modified":"2026-04-05T02:31:33","modified_gmt":"2026-04-05T02:31:33","slug":"bang-king-12k","status":"publish","type":"product","link":"https:\/\/holavape.com\/pt\/produto\/bang-king-12k\/","title":{"rendered":"Bang King 12K Disposable Vape \u2014 12,000 Puffs Wholesale"},"content":{"rendered":"<h2>Bang King 12K \u2014 12.000 bobinas de malha puff descart\u00e1veis<\/h2>\n<p>Bang King 12K est\u00e1 no ponto ideal de gama m\u00e9dia: baforadas suficientes para durar sem o volume de um dispositivo de 20K ou mais e com pre\u00e7o para mover em volume. Tem sido uma escolha fi\u00e1vel para os propriet\u00e1rios de lojas na Alemanha, Espanha e Holanda que desejam um descart\u00e1vel da marca Bang a um pre\u00e7o mais baixo do que os modelos maiores. A bobina de malha de 1,1\u03a9 oferece um sabor limpo do dep\u00f3sito de e-l\u00edquido de 20ml, e a bateria recarreg\u00e1vel de 650mAh mant\u00e9m-no cheio.<\/p>\n<p>Se j\u00e1 carrega dispositivos Bang de maior pot\u00eancia, como <a href=\"https:\/\/holavape.com\/pt\/produto\/bang-king-250k\/\">Bang King 250K<\/a> ou <a href=\"https:\/\/holavape.com\/pt\/produto\/bang-box-160k-vape-descartavel-4-em-1-de-quatro-sabores-atacado\/\">Bang Box 160K<\/a>, esta torna-se uma op\u00e7\u00e3o mais acess\u00edvel para os clientes que n\u00e3o necessitam de trocar v\u00e1rios sabores ou grandes quantidades de puffs. Tamb\u00e9m funciona bem com modelos POCO como <a href=\"https:\/\/holavape.com\/pt\/produto\/poco-bl10000-vape-descartavel-10-000-baforadas-no-atacado\/\">POCO BL10000<\/a> para dar aos compradores a escolha entre marcas na gama de 10-12K puff.<\/p>\n<table>\n<thead>\n<tr>\n<th>Especifica\u00e7\u00f5es<\/th>\n<th>Detalhe<\/th>\n<\/tr>\n<\/thead>\n<tbody>\n<tr>\n<td>Contagem de sopros<\/td>\n<td>At\u00e9 12.000<\/td>\n<\/tr>\n<tr>\n<td>Capacidade de e-l\u00edquido<\/td>\n<td>20ml pr\u00e9-cheio<\/td>\n<\/tr>\n<tr>\n<td>Bateria<\/td>\n<td>650mAh recarreg\u00e1vel (USB-C)<\/td>\n<\/tr>\n<tr>\n<td>Bobina<\/td>\n<td>bobina de malha 1,1\u03a9<\/td>\n<\/tr>\n<tr>\n<td>Pontos fortes da nicotina<\/td>\n<td>0%, 2%, 3%, 5%<\/td>\n<\/tr>\n<tr>\n<td>Sistema de sabores<\/td>\n<td>Sabor \u00fanico por dispositivo<\/td>\n<\/tr>\n<tr>\n<td>Sabores dispon\u00edveis<\/td>\n<td>12<\/td>\n<\/tr>\n<\/tbody>\n<\/table>\n<h3>Sabores<\/h3>\n<p>Os mais vendidos para abastecer primeiro: Gelo de melancia, Gelo de mirtilo, Gelo de framboesa azul e Melancia de morango.<\/p>\n<p><strong>Frutas geladas:<\/strong> Watermelon Ice (o sabor descart\u00e1vel mais popular em toda a Europa), Blueberry Ice, Blue Raspberry Ice e Black Dragon Ice (drag\u00e3o com mentol &#8211; nicho, mas tem seguidores).<\/p>\n<p><strong>Misturas de frutas:<\/strong> Melancia Morango, Banana Morango, Melancia Manga P\u00eassego, Kiwi Morango e Goiaba Kiwi Maracuj\u00e1. Estes s\u00e3o sabores interm\u00e9dios seguros que vendem de forma consistente, sem se destacarem.<\/p>\n<p><strong>Escolhas mais ousadas:<\/strong> Sour Apple Raspberry (perfil azedo, atrai grupos demogr\u00e1ficos mais jovens), Watermelon Bubble Gum (doce, teste pequeno primeiro) e Strawberry Juice (simples morango de nota \u00fanica).<\/p>\n<p>Para um primeiro pedido opte pelas frutas geladas mais Melancia Morango. Escolha op\u00e7\u00f5es mais ousadas depois de saber o que os seus clientes locais preferem.<\/p>\n<h3>Envio e encomenda<\/h3>\n<p>Bang King 12K envia a partir da China com prazos de entrega t\u00edpicos de 10 a 15 dias \u00fateis para destinos europeus. O pedido m\u00ednimo \u00e9 de 10 unidades, com pre\u00e7os diferenciados de 30+ e 100+ unidades. Pode misturar sabores e dosagens de nicotina num \u00fanico pedido.<\/p>\n<p>Para os mercados da UE, 0% e 2% s\u00e3o os pontos fortes mais solicitados. Se planeia ter em stock 3% ou 5%, verifique primeiro os regulamentos locais sobre a nicotina \u2013 v\u00e1rios pa\u00edses da UE restringem as vendas acima dos 2%. <a href=\"https:\/\/holavape.com\/pt\/contato\/\">Contate-nos<\/a> se necessita de orienta\u00e7\u00e3o sobre quais os pontos fortes a solicitar para o seu mercado.<\/p>\n","protected":false},"excerpt":{"rendered":"<p>Bang King 12K oferece 12,000 puffs, 12 sabores, uma bateria recarreg\u00e1vel de 1,1\u03a9 mesh coil e 650mAh num formato compacto. Dispon\u00edvel em 0%\/2%\/3%\/5% de nicotina, \u00e9 uma op\u00e7\u00e3o interm\u00e9dia f\u00e1cil de repor. \u26a1<\/p>\n","protected":false},"featured_media":1512,"comment_status":"open","ping_status":"closed","template":"","meta":[],"product_brand":[],"product_cat":[1035,947,999,963,998,1003,1004,1002,1005,1006,1007,1008,1009,1010,1011,1012,1013,1014,1015,1000],"product_tag":[],"class_list":{"0":"post-113137","1":"product","2":"type-product","3":"status-publish","4":"has-post-thumbnail","6":"product_cat-12000-puffs-disposable-vape","7":"product_cat-bang","8":"product_cat-big-puffs-vapes","9":"product_cat-diferentes-contagens-baforadas-vapes-descartaveis","10":"product_cat-disposable-vape-types","11":"product_cat-disposable-vapes-in-austria","12":"product_cat-disposable-vapes-in-belgium","13":"product_cat-disposable-vapes-in-europe","14":"product_cat-disposable-vapes-in-france","15":"product_cat-disposable-vapes-in-germany","16":"product_cat-disposable-vapes-in-hungary","17":"product_cat-disposable-vapes-in-ltaly","18":"product_cat-disposable-vapes-in-netherlands","19":"product_cat-disposable-vapes-in-norway","20":"product_cat-disposable-vapes-in-poland","21":"product_cat-disposable-vapes-in-portugal","22":"product_cat-disposable-vapes-in-spain","23":"product_cat-disposable-vapes-in-sweden","24":"product_cat-disposable-vapes-in-switzerland","25":"product_cat-rechargeable-vapes","27":"first","28":"instock","29":"shipping-taxable","30":"purchasable","31":"product-type-variable","32":"has-default-attributes"},"tiered_pricing_type":"fixed","tiered_pricing_fixed_rules":{"30":6.9900000000000002131628207280300557613372802734375,"50":6.29000000000000003552713678800500929355621337890625,"100":5.88999999999999968025576890795491635799407958984375,"200":5.38999999999999968025576890795491635799407958984375,"400":4.88999999999999968025576890795491635799407958984375},"tiered_pricing_product_settings":{"layout":"default","base_unit_name":{"singular":null,"plural":null},"default_variation":null},"tiered_pricing_minimum_quantity":10,"tiered_pricing_roles_data":[],"tiered_pricing_percentage_rules":[],"tiered_pricing_maximum_quantity":null,"tiered_pricing_quantity_step":"10","_links":{"self":[{"href":"https:\/\/holavape.com\/pt\/wp-json\/wp\/v2\/product\/113137","targetHints":{"allow":["GET"]}}],"collection":[{"href":"https:\/\/holavape.com\/pt\/wp-json\/wp\/v2\/product"}],"about":[{"href":"https:\/\/holavape.com\/pt\/wp-json\/wp\/v2\/types\/product"}],"replies":[{"embeddable":true,"href":"https:\/\/holavape.com\/pt\/wp-json\/wp\/v2\/comments?post=113137"}],"wp:featuredmedia":[{"embeddable":true,"href":"https:\/\/holavape.com\/pt\/wp-json\/wp\/v2\/media\/1512"}],"wp:attachment":[{"href":"https:\/\/holavape.com\/pt\/wp-json\/wp\/v2\/media?parent=113137"}],"wp:term":[{"taxonomy":"product_brand","embeddable":true,"href":"https:\/\/holavape.com\/pt\/wp-json\/wp\/v2\/product_brand?post=113137"},{"taxonomy":"product_cat","embeddable":true,"href":"https:\/\/holavape.com\/pt\/wp-json\/wp\/v2\/product_cat?post=113137"},{"taxonomy":"product_tag","embeddable":true,"href":"https:\/\/holavape.com\/pt\/wp-json\/wp\/v2\/product_tag?post=113137"}],"curies":[{"name":"wp","href":"https:\/\/api.w.org\/{rel}","templated":true}]}}