{"id":128070,"date":"2026-04-17T06:39:45","date_gmt":"2026-04-17T06:39:45","guid":{"rendered":"https:\/\/holavape.com\/product\/mr-goodie-adjust-flavor-king-60k-disposable-vape\/"},"modified":"2026-04-21T08:15:56","modified_gmt":"2026-04-21T08:15:56","slug":"mr-goodie-adjust-flavor-king-60k-disposable-vape","status":"publish","type":"product","link":"https:\/\/holavape.com\/pt\/produto\/mr-goodie-adjust-flavor-king-60k-disposable-vape\/","title":{"rendered":"Mr.Goodie Adjust Flavor King 60K | 60000 puffs, triple-troca de sabor, vape descart\u00e1vel por atacado"},"content":{"rendered":"<h2>Mr.Goodie Adjust Flavor King 60K Disposable Vape Vis\u00e3o geral<\/h2>\n<p>Mr.Goodie Adjust Flavor King 60K Disposable Vape \u00e9 um vape descart\u00e1vel de alta capacidade desenvolvido para compradores grossistas que necessitam de um desempenho mais duradouro num formato simples. Combina 60.000 folhados e 10 sabores num formato f\u00e1cil de posicionar nas prateleiras do retalho e encomendas em grandes quantidades.<\/p>\n<p>A linha de sabores abrange 10 sabores, ajudando este modelo a encaixar-se perfeitamente em frutas, gelo, doces e sortimentos descart\u00e1veis \u200b\u200bde perfis mistos.<\/p>\n<h2>Principais destaques<\/h2>\n<ul>\n<li><strong>60.000 baforadas<\/strong> para um formato de dispositivo mais duradouro<\/li>\n<li><strong>10 sabores<\/strong> para cobrir uma linha mais ampla de sabores<\/li>\n<li><strong>2% \/ 5%<\/strong> op\u00e7\u00f5es de nicotina para satisfazer as diferentes necessidades do mercado<\/li>\n<\/ul>\n<h2>Especifica\u00e7\u00f5es<\/h2>\n<table>\n<tbody>\n<tr>\n<td><strong>Nome do produto<\/strong><\/td>\n<td>Mr.Goodie Adjust Flavor King 60K Disposable Vape<\/td>\n<\/tr>\n<tr>\n<td><strong>Contagem de sopros<\/strong><\/td>\n<td>60.000 baforadas<\/td>\n<\/tr>\n<tr>\n<td><strong>Op\u00e7\u00f5es de sabores<\/strong><\/td>\n<td>10 sabores<\/td>\n<\/tr>\n<tr>\n<td><strong>For\u00e7a da Nicotina<\/strong><\/td>\n<td>2% \/ 5%<\/td>\n<\/tr>\n<\/tbody>\n<\/table>\n<h2>Op\u00e7\u00f5es de sabores<\/h2>\n<p>As op\u00e7\u00f5es de sabores dispon\u00edveis incluem gelado de melancia e pastilha el\u00e1stica e pastilha el\u00e1stica de melancia, gelo de p\u00eassego suculento e gelo de cola e gelo de cola de p\u00eassego, framboesa azul e cereja lim\u00e3o e framboesa azul cereja lim\u00e3o, morango e melancia e melancia e melancia de morango, ma\u00e7\u00e3 verde e uva e uva de ma\u00e7\u00e3 verde, Lim\u00e3o e doces arco-\u00edris e doces arco-\u00edris de lim\u00e3o, hortel\u00e3 de Miami e lim\u00e3o e hortel\u00e3 de lim\u00e3o, coco de anan\u00e1s e gelo energ\u00e9tico e bebida energ\u00e9tica de coco e muito mais. Isto ajuda o Mr.Goodie Adjust Flavor King 60K a adequar-se a uma mistura mais ampla de frutas, gelo, doces e variedades de vapor descart\u00e1veis \u200b\u200bcom perfil doce.<\/p>\n","protected":false},"excerpt":{"rendered":"<p>60000 puffs, triple-troca de sabor \u2014 Mr.Goodie Adjust Flavor King 60K dispon\u00edvel por atacado a partir de 10 unidades, ideal para lojas e revendedores.<\/p>\n","protected":false},"featured_media":122837,"comment_status":"open","ping_status":"closed","template":"","meta":[],"product_brand":[],"product_cat":[1006,1013,1007,1008,1011],"product_tag":[],"class_list":{"0":"post-128070","1":"product","2":"type-product","3":"status-publish","4":"has-post-thumbnail","6":"product_cat-vapes-descartaveis-na-alemanha","7":"product_cat-vapes-descartaveis-na-espanha","8":"product_cat-vapes-descartaveis-na-hungria","9":"product_cat-vapes-descartaveis-na-italia","10":"product_cat-vapes-descartaveis-na-polonia","12":"first","13":"instock","14":"shipping-taxable","15":"purchasable","16":"product-type-variable","17":"has-default-attributes"},"tiered_pricing_type":"fixed","tiered_pricing_fixed_rules":[],"tiered_pricing_product_settings":{"layout":"default","base_unit_name":{"singular":null,"plural":null},"default_variation":null},"tiered_pricing_minimum_quantity":1000,"tiered_pricing_roles_data":[],"tiered_pricing_percentage_rules":[],"tiered_pricing_maximum_quantity":null,"tiered_pricing_quantity_step":"10","_links":{"self":[{"href":"https:\/\/holavape.com\/pt\/wp-json\/wp\/v2\/product\/128070","targetHints":{"allow":["GET"]}}],"collection":[{"href":"https:\/\/holavape.com\/pt\/wp-json\/wp\/v2\/product"}],"about":[{"href":"https:\/\/holavape.com\/pt\/wp-json\/wp\/v2\/types\/product"}],"replies":[{"embeddable":true,"href":"https:\/\/holavape.com\/pt\/wp-json\/wp\/v2\/comments?post=128070"}],"wp:featuredmedia":[{"embeddable":true,"href":"https:\/\/holavape.com\/pt\/wp-json\/wp\/v2\/media\/122837"}],"wp:attachment":[{"href":"https:\/\/holavape.com\/pt\/wp-json\/wp\/v2\/media?parent=128070"}],"wp:term":[{"taxonomy":"product_brand","embeddable":true,"href":"https:\/\/holavape.com\/pt\/wp-json\/wp\/v2\/product_brand?post=128070"},{"taxonomy":"product_cat","embeddable":true,"href":"https:\/\/holavape.com\/pt\/wp-json\/wp\/v2\/product_cat?post=128070"},{"taxonomy":"product_tag","embeddable":true,"href":"https:\/\/holavape.com\/pt\/wp-json\/wp\/v2\/product_tag?post=128070"}],"curies":[{"name":"wp","href":"https:\/\/api.w.org\/{rel}","templated":true}]}}