{"id":128343,"date":"2026-04-17T06:42:08","date_gmt":"2026-04-17T06:42:08","guid":{"rendered":"https:\/\/holavape.com\/product\/happ-bar-mt50k-disposable-vape\/"},"modified":"2026-04-19T14:57:55","modified_gmt":"2026-04-19T14:57:55","slug":"happ-bar-mt50k-disposable-vape","status":"publish","type":"product","link":"https:\/\/holavape.com\/pt\/produto\/happ-bar-mt50k-disposable-vape\/","title":{"rendered":"Happ Bar MT50K vape descartavel"},"content":{"rendered":"<h2>Happ Bar MT50K Disposable Vape Vis\u00e3o geral<\/h2>\n<p>Happ Bar MT50K Disposable Vape \u00e9 um vaporizador descart\u00e1vel equipado com ecr\u00e3, desenvolvido para compradores grossistas que necessitam de uma sensa\u00e7\u00e3o mais premium com o estatuto de dispositivo vis\u00edvel. Combina 50.000 baforadas, e-l\u00edquido de 45mL e ecr\u00e3 LCD num formato f\u00e1cil de posicionar para prateleiras de retalho e encomendas em grandes quantidades.<\/p>\n<p>A linha de sabores abrange 16 sabores, ajudando este modelo a encaixar-se perfeitamente em frutas, gelo, doces e sortimentos descart\u00e1veis \u200b\u200bde perfis mistos.<\/p>\n<h2>Principais destaques<\/h2>\n<ul>\n<li><strong>50.000 baforadas<\/strong> para um formato de dispositivo mais duradouro<\/li>\n<li><strong>45mL de e-l\u00edquido<\/strong> para suportar uma maior contagem de inala\u00e7\u00f5es e um uso di\u00e1rio mais prolongado<\/li>\n<li><strong>Ecr\u00e3 LCD<\/strong> para que os utilizadores possam verificar o estado dos principais dispositivos com mais facilidade<\/li>\n<li><strong>16 sabores<\/strong> para cobrir uma linha mais ampla de sabores<\/li>\n<li><strong>2% \/ 5%<\/strong> op\u00e7\u00f5es de nicotina para satisfazer as diferentes necessidades do mercado<\/li>\n<\/ul>\n<h2>Especifica\u00e7\u00f5es<\/h2>\n<table>\n<tbody>\n<tr>\n<td><strong>Nome do produto<\/strong><\/td>\n<td>Happ Bar MT50K Disposable Vape<\/td>\n<\/tr>\n<tr>\n<td><strong>Contagem de sopros<\/strong><\/td>\n<td>50.000 baforadas<\/td>\n<\/tr>\n<tr>\n<td><strong>Capacidade de e-l\u00edquido<\/strong><\/td>\n<td>45mL de e-l\u00edquido<\/td>\n<\/tr>\n<tr>\n<td><strong>Ecr\u00e3<\/strong><\/td>\n<td>Ecr\u00e3 LCD<\/td>\n<\/tr>\n<tr>\n<td><strong>Op\u00e7\u00f5es de sabores<\/strong><\/td>\n<td>16 sabores<\/td>\n<\/tr>\n<tr>\n<td><strong>For\u00e7a da Nicotina<\/strong><\/td>\n<td>2% \/ 5%<\/td>\n<\/tr>\n<\/tbody>\n<\/table>\n<h2>Op\u00e7\u00f5es de sabores<\/h2>\n<p>As op\u00e7\u00f5es de sabores dispon\u00edveis incluem Sabor Misto Aleat\u00f3rio (entrega r\u00e1pida), Gelo de Morango, Kiwi de Morango, Gelo de Morango Azul, Gelo de Melancia, Rum de Lim\u00e3o e Coco com Anan\u00e1s, Morango Drag\u00e3o Negro, Bomba de Cereja e muito mais. Isto ajuda o Happ Bar MT50K a acomodar uma mistura mais ampla de frutas, gelo, doces e variedades de vapor descart\u00e1veis \u200b\u200bcom perfil doce.<\/p>\n","protected":false},"excerpt":{"rendered":"<p>Happ Bar MT50000 embala 50.000 baforadas, 45mL de e-l\u00edquido, ecr\u00e3 LCD e 15 sabores. Uma op\u00e7\u00e3o de ecr\u00e3 inteligente para os compradores que desejam uma sensa\u00e7\u00e3o mais premium no balc\u00e3o. \u26a1<\/p>\n","protected":false},"featured_media":122953,"comment_status":"open","ping_status":"closed","template":"","meta":[],"product_brand":[],"product_cat":[998,1026,1028,999,1006,1013,1002,1005,1008,1011,1009,1000],"product_tag":[967],"class_list":{"0":"post-128343","1":"product","2":"type-product","3":"status-publish","4":"has-post-thumbnail","6":"product_cat-tipos-de-vapes-descartaveis","7":"product_cat-vapes-box-digitais","8":"product_cat-vapes-com-tela-inteligente","9":"product_cat-vapes-de-muitas-baforadas","10":"product_cat-vapes-descartaveis-na-alemanha","11":"product_cat-vapes-descartaveis-na-espanha","12":"product_cat-vapes-descartaveis-na-europa","13":"product_cat-vapes-descartaveis-na-franca","14":"product_cat-vapes-descartaveis-na-italia","15":"product_cat-vapes-descartaveis-na-polonia","16":"product_cat-vapes-descartaveis-nos-paises-baixos","17":"product_cat-vapes-recarregaveis","18":"product_tag-atacado-vapes-descartaveis-grandes-quantidades","20":"first","21":"instock","22":"shipping-taxable","23":"purchasable","24":"product-type-variable","25":"has-default-attributes"},"tiered_pricing_type":"fixed","tiered_pricing_fixed_rules":{"100":6.96999999999999975131004248396493494510650634765625,"200":6.480000000000000426325641456060111522674560546875,"400":6.21999999999999975131004248396493494510650634765625},"tiered_pricing_product_settings":{"layout":"default","base_unit_name":{"singular":null,"plural":null},"default_variation":null},"tiered_pricing_minimum_quantity":50,"tiered_pricing_roles_data":[],"tiered_pricing_percentage_rules":[],"tiered_pricing_maximum_quantity":null,"tiered_pricing_quantity_step":"10","_links":{"self":[{"href":"https:\/\/holavape.com\/pt\/wp-json\/wp\/v2\/product\/128343","targetHints":{"allow":["GET"]}}],"collection":[{"href":"https:\/\/holavape.com\/pt\/wp-json\/wp\/v2\/product"}],"about":[{"href":"https:\/\/holavape.com\/pt\/wp-json\/wp\/v2\/types\/product"}],"replies":[{"embeddable":true,"href":"https:\/\/holavape.com\/pt\/wp-json\/wp\/v2\/comments?post=128343"}],"wp:featuredmedia":[{"embeddable":true,"href":"https:\/\/holavape.com\/pt\/wp-json\/wp\/v2\/media\/122953"}],"wp:attachment":[{"href":"https:\/\/holavape.com\/pt\/wp-json\/wp\/v2\/media?parent=128343"}],"wp:term":[{"taxonomy":"product_brand","embeddable":true,"href":"https:\/\/holavape.com\/pt\/wp-json\/wp\/v2\/product_brand?post=128343"},{"taxonomy":"product_cat","embeddable":true,"href":"https:\/\/holavape.com\/pt\/wp-json\/wp\/v2\/product_cat?post=128343"},{"taxonomy":"product_tag","embeddable":true,"href":"https:\/\/holavape.com\/pt\/wp-json\/wp\/v2\/product_tag?post=128343"}],"curies":[{"name":"wp","href":"https:\/\/api.w.org\/{rel}","templated":true}]}}