{"id":131071,"date":"2026-04-17T06:37:46","date_gmt":"2026-04-17T06:37:46","guid":{"rendered":"https:\/\/holavape.com\/product\/vozol-star-40k-disposable-vape\/"},"modified":"2026-04-21T08:16:05","modified_gmt":"2026-04-21T08:16:05","slug":"vozol-star-40k-disposable-vape","status":"publish","type":"product","link":"https:\/\/holavape.com\/pt\/produto\/vozol-star-40k-disposable-vape\/","title":{"rendered":"VOZOL Star 40K | 40000 puffs, 17 sabores, duplo modo, 1000mAh bateria, vape descart\u00e1vel por atacado"},"content":{"rendered":"<h2>VOZOL Star 40K Disposable Vape Vis\u00e3o geral<\/h2>\n<p>VOZOL Star 40K Disposable Vape \u00e9 um vape descart\u00e1vel desenvolvido para compradores grossistas que necessitam de um SKU simples com especifica\u00e7\u00f5es pr\u00e1ticas. Combina 40.000 inala\u00e7\u00f5es, bateria de 1.000 mAh e 16 sabores num formato f\u00e1cil de posicionar para prateleiras de retalho e encomendas em grandes quantidades.<\/p>\n<p>A linha de sabores abrange 16 sabores, ajudando este modelo a encaixar-se perfeitamente em frutas, gelo, doces e sortimentos descart\u00e1veis \u200b\u200bde perfis mistos.<\/p>\n<h2>Principais destaques<\/h2>\n<ul>\n<li><strong>40.000 baforadas<\/strong> para um formato de dispositivo mais duradouro<\/li>\n<li><strong>Bateria de 1000mAh<\/strong> para um uso di\u00e1rio mais fi\u00e1vel<\/li>\n<li><strong>16 sabores<\/strong> para cobrir uma linha mais ampla de sabores<\/li>\n<li><strong>5%<\/strong> op\u00e7\u00f5es de nicotina para satisfazer as diferentes necessidades do mercado<\/li>\n<\/ul>\n<h2>Especifica\u00e7\u00f5es<\/h2>\n<table>\n<tbody>\n<tr>\n<td><strong>Nome do produto<\/strong><\/td>\n<td>VOZOL Star 40K Disposable Vape<\/td>\n<\/tr>\n<tr>\n<td><strong>Contagem de sopros<\/strong><\/td>\n<td>40.000 baforadas<\/td>\n<\/tr>\n<tr>\n<td><strong>Bateria<\/strong><\/td>\n<td>Bateria de 1000mAh<\/td>\n<\/tr>\n<tr>\n<td><strong>Op\u00e7\u00f5es de sabores<\/strong><\/td>\n<td>16 sabores<\/td>\n<\/tr>\n<tr>\n<td><strong>For\u00e7a da Nicotina<\/strong><\/td>\n<td>5%<\/td>\n<\/tr>\n<\/tbody>\n<\/table>\n<h2>Op\u00e7\u00f5es de sabores<\/h2>\n<p>As op\u00e7\u00f5es de sabores dispon\u00edveis incluem Grape Ice, Manga P\u00eassego, Peach Berry, Mango Ice, Juciy Peach, Miami Mint, Lichia Laranja Maracuj\u00e1, Morango Banana e muito mais. Isto ajuda o VOZOL Star 40K a acomodar uma mistura mais ampla de frutas, gelo, doces e variedades de vapor descart\u00e1veis \u200b\u200bcom perfil doce.<\/p>\n","protected":false},"excerpt":{"rendered":"<p>Procuras 40000 puffs? VOZOL Star 40K entrega 17 sabores e duplo modo. Dispon\u00edvel por atacado a partir de 10 unidades.<\/p>\n","protected":false},"featured_media":122670,"comment_status":"open","ping_status":"closed","template":"","meta":[],"product_brand":[],"product_cat":[1093,1094,205],"product_tag":[],"class_list":{"0":"post-131071","1":"product","2":"type-product","3":"status-publish","4":"has-post-thumbnail","6":"product_cat-new-h","7":"product_cat-new-r","8":"product_cat-vozol","10":"first","11":"instock","12":"shipping-taxable","13":"purchasable","14":"product-type-variable","15":"has-default-attributes"},"tiered_pricing_type":"fixed","tiered_pricing_fixed_rules":{"30":10.3699999999999992184029906638897955417633056640625,"50":9.199999999999999289457264239899814128875732421875,"100":8.8100000000000004973799150320701301097869873046875,"200":8.6899999999999995026200849679298698902130126953125,"400":8.300000000000000710542735760100185871124267578125},"tiered_pricing_product_settings":{"layout":"default","base_unit_name":{"singular":null,"plural":null},"default_variation":null},"tiered_pricing_minimum_quantity":10,"tiered_pricing_roles_data":[],"tiered_pricing_percentage_rules":[],"tiered_pricing_maximum_quantity":null,"tiered_pricing_quantity_step":"10","_links":{"self":[{"href":"https:\/\/holavape.com\/pt\/wp-json\/wp\/v2\/product\/131071","targetHints":{"allow":["GET"]}}],"collection":[{"href":"https:\/\/holavape.com\/pt\/wp-json\/wp\/v2\/product"}],"about":[{"href":"https:\/\/holavape.com\/pt\/wp-json\/wp\/v2\/types\/product"}],"replies":[{"embeddable":true,"href":"https:\/\/holavape.com\/pt\/wp-json\/wp\/v2\/comments?post=131071"}],"wp:featuredmedia":[{"embeddable":true,"href":"https:\/\/holavape.com\/pt\/wp-json\/wp\/v2\/media\/122670"}],"wp:attachment":[{"href":"https:\/\/holavape.com\/pt\/wp-json\/wp\/v2\/media?parent=131071"}],"wp:term":[{"taxonomy":"product_brand","embeddable":true,"href":"https:\/\/holavape.com\/pt\/wp-json\/wp\/v2\/product_brand?post=131071"},{"taxonomy":"product_cat","embeddable":true,"href":"https:\/\/holavape.com\/pt\/wp-json\/wp\/v2\/product_cat?post=131071"},{"taxonomy":"product_tag","embeddable":true,"href":"https:\/\/holavape.com\/pt\/wp-json\/wp\/v2\/product_tag?post=131071"}],"curies":[{"name":"wp","href":"https:\/\/api.w.org\/{rel}","templated":true}]}}