{"id":131326,"date":"2026-04-17T06:38:07","date_gmt":"2026-04-17T06:38:07","guid":{"rendered":"https:\/\/holavape.com\/product\/vozol-gear-shisha-25k-2\/"},"modified":"2026-04-21T08:16:05","modified_gmt":"2026-04-21T08:16:05","slug":"vozol-gear-shisha-25k-2","status":"publish","type":"product","link":"https:\/\/holavape.com\/pt\/produto\/vozol-gear-shisha-25k-2\/","title":{"rendered":"VOZOL GEAR SHISHA 25K | 25000 puffs, mesh duplo, ecr\u00e3 inteligente, estilo shisha, vape descart\u00e1vel por atacado"},"content":{"rendered":"<h2>VOZOL GEAR SHISHA 25K Vis\u00e3o geral<\/h2>\n<p>VOZOL GEAR SHISHA 25K \u00e9 um vape descart\u00e1vel estilo shisha desenvolvido para compradores grossistas que necessitam de uma op\u00e7\u00e3o estilo cachimbo de \u00e1gua com um apelo de sabor mais amplo. Combina 25.000 baforadas, bobinas de malha dupla e ecr\u00e3 inteligente num formato f\u00e1cil de posicionar para prateleiras de retalho e encomendas em grandes quantidades.<\/p>\n<p>A linha de sabores abrange 21 sabores, ajudando este modelo a encaixar-se perfeitamente em frutas, gelo, doces e sortimentos descart\u00e1veis \u200b\u200bde perfis mistos.<\/p>\n<h2>Principais destaques<\/h2>\n<ul>\n<li><strong>25.000 baforadas<\/strong> para um formato de dispositivo mais duradouro<\/li>\n<li><strong>bobinas de malha dupla<\/strong> para uma sa\u00edda de sabor mais constante e vapor mais suave<\/li>\n<li><strong>tela inteligente<\/strong> para que os utilizadores possam verificar o estado dos principais dispositivos com mais facilidade<\/li>\n<li><strong>21 sabores<\/strong> para cobrir uma linha mais ampla de sabores<\/li>\n<li><strong>5%<\/strong> op\u00e7\u00f5es de nicotina para satisfazer as diferentes necessidades do mercado<\/li>\n<\/ul>\n<h2>Especifica\u00e7\u00f5es<\/h2>\n<table>\n<tbody>\n<tr>\n<td><strong>Nome do produto<\/strong><\/td>\n<td>VOZOL GEAR SHISHA 25K<\/td>\n<\/tr>\n<tr>\n<td><strong>Contagem de sopros<\/strong><\/td>\n<td>25.000 baforadas<\/td>\n<\/tr>\n<tr>\n<td><strong>Bobina<\/strong><\/td>\n<td>bobinas de malha dupla<\/td>\n<\/tr>\n<tr>\n<td><strong>Ecr\u00e3<\/strong><\/td>\n<td>tela inteligente<\/td>\n<\/tr>\n<tr>\n<td><strong>Op\u00e7\u00f5es de sabores<\/strong><\/td>\n<td>21 sabores<\/td>\n<\/tr>\n<tr>\n<td><strong>For\u00e7a da Nicotina<\/strong><\/td>\n<td>5%<\/td>\n<\/tr>\n<\/tbody>\n<\/table>\n<h2>Op\u00e7\u00f5es de sabores<\/h2>\n<p>As op\u00e7\u00f5es de sabores dispon\u00edveis incluem Duas Ma\u00e7\u00e3s, Gelo de Melancia, Manga Congelada, Manga P\u00eassego, Gelo de Mirtilo, Lim\u00e3o Perfume, Gelo de Framboesa Azul, Gelo de Uva e muito mais. Isto ajuda a VOZOL GEAR SHISHA 25K a acomodar uma mistura mais ampla de frutas, gelo, doces e variedades de vapor descart\u00e1veis \u200b\u200bcom perfil doce.<\/p>\n","protected":false},"excerpt":{"rendered":"<p>Adiciona VOZOL GEAR SHISHA 25K ao teu cat\u00e1logo: 25000 puffs, mesh duplo, ecr\u00e3 inteligente. Pedidos por atacado a partir de 10 unidades.<\/p>\n","protected":false},"featured_media":122689,"comment_status":"open","ping_status":"closed","template":"","meta":[],"product_brand":[],"product_cat":[1093,1094,205],"product_tag":[],"class_list":{"0":"post-131326","1":"product","2":"type-product","3":"status-publish","4":"has-post-thumbnail","6":"product_cat-new-h","7":"product_cat-new-r","8":"product_cat-vozol","10":"first","11":"instock","12":"shipping-taxable","13":"purchasable","14":"product-type-variable","15":"has-default-attributes"},"tiered_pricing_type":"fixed","tiered_pricing_fixed_rules":{"2000":6.71999999999999975131004248396493494510650634765625},"tiered_pricing_product_settings":{"layout":"default","base_unit_name":{"singular":null,"plural":null},"default_variation":null},"tiered_pricing_minimum_quantity":1000,"tiered_pricing_roles_data":[],"tiered_pricing_percentage_rules":[],"tiered_pricing_maximum_quantity":null,"tiered_pricing_quantity_step":"100","_links":{"self":[{"href":"https:\/\/holavape.com\/pt\/wp-json\/wp\/v2\/product\/131326","targetHints":{"allow":["GET"]}}],"collection":[{"href":"https:\/\/holavape.com\/pt\/wp-json\/wp\/v2\/product"}],"about":[{"href":"https:\/\/holavape.com\/pt\/wp-json\/wp\/v2\/types\/product"}],"replies":[{"embeddable":true,"href":"https:\/\/holavape.com\/pt\/wp-json\/wp\/v2\/comments?post=131326"}],"wp:featuredmedia":[{"embeddable":true,"href":"https:\/\/holavape.com\/pt\/wp-json\/wp\/v2\/media\/122689"}],"wp:attachment":[{"href":"https:\/\/holavape.com\/pt\/wp-json\/wp\/v2\/media?parent=131326"}],"wp:term":[{"taxonomy":"product_brand","embeddable":true,"href":"https:\/\/holavape.com\/pt\/wp-json\/wp\/v2\/product_brand?post=131326"},{"taxonomy":"product_cat","embeddable":true,"href":"https:\/\/holavape.com\/pt\/wp-json\/wp\/v2\/product_cat?post=131326"},{"taxonomy":"product_tag","embeddable":true,"href":"https:\/\/holavape.com\/pt\/wp-json\/wp\/v2\/product_tag?post=131326"}],"curies":[{"name":"wp","href":"https:\/\/api.w.org\/{rel}","templated":true}]}}