{"id":133509,"date":"2026-04-17T06:32:15","date_gmt":"2026-04-17T06:32:15","guid":{"rendered":"https:\/\/holavape.com\/product\/waspe-40k-twins-disposable-vape\/"},"modified":"2026-04-19T15:16:23","modified_gmt":"2026-04-19T15:16:23","slug":"waspe-40k-twins-disposable-vape","status":"publish","type":"product","link":"https:\/\/holavape.com\/pt\/produto\/waspe-40k-twins-disposable-vape\/","title":{"rendered":"WASPE 40K Twins vape descartavel"},"content":{"rendered":"<h2>WASPE 40K Twins Disposable Vape Vis\u00e3o geral<\/h2>\n<p>WASPE 40K Twins Disposable Vape \u00e9 um vaporizador descart\u00e1vel com v\u00e1rios sabores desenvolvido para compradores grossistas que necessitam de mais variedade de sabores num \u00fanico dispositivo. Combina 40.000 baforadas, 36mL de e-l\u00edquido e bobinas de malha dupla num formato que \u00e9 f\u00e1cil de posicionar para prateleiras de retalho e encomendas em grandes quantidades.<\/p>\n<p>A vers\u00e3o predefinida de 2% \u00e9 armazenada no nosso armaz\u00e9m na UE para uma entrega mais r\u00e1pida em toda a Europa, o que torna mais f\u00e1cil apoiar o reabastecimento grossista mais r\u00e1pido.<\/p>\n<h2>Principais destaques<\/h2>\n<ul>\n<li><strong>40.000 baforadas<\/strong> para um formato de dispositivo mais duradouro<\/li>\n<li><strong>Troca de sabor duplo<\/strong> para mais variedade sem SKUs extra<\/li>\n<li><strong>36mL de e-l\u00edquido<\/strong> para suportar uma maior contagem de inala\u00e7\u00f5es e um uso di\u00e1rio mais prolongado<\/li>\n<li><strong>bobinas de malha dupla<\/strong> para uma sa\u00edda de sabor mais constante e vapor mais suave<\/li>\n<li><strong>21 sabores<\/strong> para cobrir uma linha mais ampla de sabores<\/li>\n<li><strong>0% \/ 2% \/ 5%<\/strong> op\u00e7\u00f5es de nicotina para satisfazer as diferentes necessidades do mercado<\/li>\n<\/ul>\n<h2>Especifica\u00e7\u00f5es<\/h2>\n<table>\n<tbody>\n<tr>\n<td><strong>Nome do produto<\/strong><\/td>\n<td>WASPE 40K Twins Disposable Vape<\/td>\n<\/tr>\n<tr>\n<td><strong>Contagem de sopros<\/strong><\/td>\n<td>40.000 baforadas<\/td>\n<\/tr>\n<tr>\n<td><strong>Capacidade de e-l\u00edquido<\/strong><\/td>\n<td>36mL de e-l\u00edquido<\/td>\n<\/tr>\n<tr>\n<td><strong>Bobina<\/strong><\/td>\n<td>bobinas de malha dupla<\/td>\n<\/tr>\n<tr>\n<td><strong>Sistema de sabores<\/strong><\/td>\n<td>comuta\u00e7\u00e3o de sabor duplo<\/td>\n<\/tr>\n<tr>\n<td><strong>For\u00e7a da Nicotina<\/strong><\/td>\n<td>0% \/ 2% \/ 5%<\/td>\n<\/tr>\n<\/tbody>\n<\/table>\n<h2>Op\u00e7\u00f5es de sabores<\/h2>\n<p>As op\u00e7\u00f5es de sabores dispon\u00edveis incluem sabores mistos aleat\u00f3rios, gelo de melancia e lim\u00e3o e lim\u00e3o, gelo de cereja efervescente e algod\u00e3o doce de mirtilo, melancia de morango e framboesa de mirtilo, gelo de Red Bull e manga de morango, gelo de p\u00eassego e p\u00eassego de manga de anan\u00e1s, gelo de uva e kiwi de morango, frutas mistas e gelo de ma\u00e7\u00e3 duplo e muito mais. Isto ajuda o WASPE 40K Twins a acomodar uma mistura mais ampla de frutas, gelo, doces e variedades de vapor descart\u00e1veis \u200b\u200bcom perfil doce.<\/p>\n","protected":false},"excerpt":{"rendered":"<p>WASPE 40K Double Flavor Twins 40.000 baforadas embala 40.000 baforadas, troca de sabor duplo, e-l\u00edquido de 36mL e bobinas de malha dupla. Uma forte escolha de armaz\u00e9m da UE para compradores que desejam mais variedade num \u00fanico dispositivo. \ud83c\udf08<\/p>\n","protected":false},"featured_media":122439,"comment_status":"open","ping_status":"closed","template":"","meta":[],"product_brand":[],"product_cat":[998,1078,1026,1028,999,1012,1006,1003,1004,1013,1002,1005,1007,1008,1010,1011,1014,1015,1009,963,1000,1070],"product_tag":[165,1100,1101,1102,1103,1104],"class_list":{"0":"post-133509","1":"product","2":"type-product","3":"status-publish","4":"has-post-thumbnail","6":"product_cat-tipos-de-vapes-descartaveis","7":"product_cat-vape-descartavel-40000-baforadas","8":"product_cat-vapes-box-digitais","9":"product_cat-vapes-com-tela-inteligente","10":"product_cat-vapes-de-muitas-baforadas","11":"product_cat-vapes-descartaveis-em-portugal","12":"product_cat-vapes-descartaveis-na-alemanha","13":"product_cat-vapes-descartaveis-na-austria","14":"product_cat-vapes-descartaveis-na-belgica","15":"product_cat-vapes-descartaveis-na-espanha","16":"product_cat-vapes-descartaveis-na-europa","17":"product_cat-vapes-descartaveis-na-franca","18":"product_cat-vapes-descartaveis-na-hungria","19":"product_cat-vapes-descartaveis-na-italia","20":"product_cat-vapes-descartaveis-na-noruega","21":"product_cat-vapes-descartaveis-na-polonia","22":"product_cat-vapes-descartaveis-na-suecia","23":"product_cat-vapes-descartaveis-na-suica","24":"product_cat-vapes-descartaveis-nos-paises-baixos","25":"product_cat-vapes-descartaveis-por-numero-de-baforadas","26":"product_cat-vapes-recarregaveis","27":"product_cat-waspe","28":"product_tag-best-disposable-vapes","29":"product_tag-disposable-vape-in-europe","30":"product_tag-screen-vape","31":"product_tag-vape-suppliers","32":"product_tag-wholesale-vapes","33":"product_tag-wholesale-vapor","35":"first","36":"instock","37":"shipping-taxable","38":"purchasable","39":"product-type-variable","40":"has-default-attributes"},"tiered_pricing_type":"fixed","tiered_pricing_fixed_rules":{"30":8.230000000000000426325641456060111522674560546875,"50":7.12999999999999989341858963598497211933135986328125,"100":6.61000000000000031974423109204508364200592041015625,"200":6.21999999999999975131004248396493494510650634765625,"400":5.63999999999999968025576890795491635799407958984375},"tiered_pricing_product_settings":{"layout":"default","base_unit_name":{"singular":null,"plural":null},"default_variation":null},"tiered_pricing_minimum_quantity":10,"tiered_pricing_roles_data":[],"tiered_pricing_percentage_rules":[],"tiered_pricing_maximum_quantity":null,"tiered_pricing_quantity_step":"10","_links":{"self":[{"href":"https:\/\/holavape.com\/pt\/wp-json\/wp\/v2\/product\/133509","targetHints":{"allow":["GET"]}}],"collection":[{"href":"https:\/\/holavape.com\/pt\/wp-json\/wp\/v2\/product"}],"about":[{"href":"https:\/\/holavape.com\/pt\/wp-json\/wp\/v2\/types\/product"}],"replies":[{"embeddable":true,"href":"https:\/\/holavape.com\/pt\/wp-json\/wp\/v2\/comments?post=133509"}],"wp:featuredmedia":[{"embeddable":true,"href":"https:\/\/holavape.com\/pt\/wp-json\/wp\/v2\/media\/122439"}],"wp:attachment":[{"href":"https:\/\/holavape.com\/pt\/wp-json\/wp\/v2\/media?parent=133509"}],"wp:term":[{"taxonomy":"product_brand","embeddable":true,"href":"https:\/\/holavape.com\/pt\/wp-json\/wp\/v2\/product_brand?post=133509"},{"taxonomy":"product_cat","embeddable":true,"href":"https:\/\/holavape.com\/pt\/wp-json\/wp\/v2\/product_cat?post=133509"},{"taxonomy":"product_tag","embeddable":true,"href":"https:\/\/holavape.com\/pt\/wp-json\/wp\/v2\/product_tag?post=133509"}],"curies":[{"name":"wp","href":"https:\/\/api.w.org\/{rel}","templated":true}]}}