{"id":149888,"date":"2026-04-17T06:14:34","date_gmt":"2026-04-17T06:14:34","guid":{"rendered":"https:\/\/holavape.com\/product\/fumot-randm-tornado-pro-9k-disposable-vape\/"},"modified":"2026-04-21T08:16:45","modified_gmt":"2026-04-21T08:16:45","slug":"fumot-randm-tornado-pro-9k-disposable-vape","status":"publish","type":"product","link":"https:\/\/holavape.com\/pt\/produto\/fumot-randm-tornado-pro-9k-disposable-vape\/","title":{"rendered":"FUMOT RandM Tornado Pro 9K | 9000 puffs, 54 sabores, 18ml e-l\u00edquido, 850mAh, vape descart\u00e1vel por atacado"},"content":{"rendered":"<h2>FUMOT RandM Tornado Pro 9K Disposable Vape Vis\u00e3o geral<\/h2>\n<p>FUMOT RandM Tornado Pro 9K Disposable Vape \u00e9 um vape descart\u00e1vel compacto desenvolvido para compradores grossistas que necessitam de um SKU compacto de n\u00edvel b\u00e1sico com f\u00e1cil rotatividade. Combina 9.000 inala\u00e7\u00f5es, e-l\u00edquido de 18mL e bateria de 850mAh num formato que \u00e9 f\u00e1cil de posicionar para prateleiras de retalho e encomendas em grandes quantidades.<\/p>\n<p>A linha de sabores abrange 53 sabores, ajudando este modelo a encaixar-se perfeitamente em frutas, gelo, doces e sortimentos descart\u00e1veis \u200b\u200bde perfis mistos.<\/p>\n<h2>Principais destaques<\/h2>\n<ul>\n<li><strong>9.000 baforadas<\/strong> para um formato de dispositivo mais duradouro<\/li>\n<li><strong>18mL de e-l\u00edquido<\/strong> para suportar uma maior contagem de inala\u00e7\u00f5es e um uso di\u00e1rio mais prolongado<\/li>\n<li><strong>Bateria de 850mAh<\/strong> para um uso di\u00e1rio mais fi\u00e1vel<\/li>\n<li><strong>53 sabores<\/strong> para cobrir uma linha mais ampla de sabores<\/li>\n<li><strong>2% \/ 5%<\/strong> op\u00e7\u00f5es de nicotina para satisfazer as diferentes necessidades do mercado<\/li>\n<\/ul>\n<h2>Especifica\u00e7\u00f5es<\/h2>\n<table>\n<tbody>\n<tr>\n<td><strong>Nome do produto<\/strong><\/td>\n<td>FUMOT RandM Tornado Pro 9K Disposable Vape<\/td>\n<\/tr>\n<tr>\n<td><strong>Contagem de sopros<\/strong><\/td>\n<td>9.000 baforadas<\/td>\n<\/tr>\n<tr>\n<td><strong>Capacidade de e-l\u00edquido<\/strong><\/td>\n<td>18mL de e-l\u00edquido<\/td>\n<\/tr>\n<tr>\n<td><strong>Bateria<\/strong><\/td>\n<td>Bateria de 850mAh<\/td>\n<\/tr>\n<tr>\n<td><strong>Op\u00e7\u00f5es de sabores<\/strong><\/td>\n<td>53 sabores<\/td>\n<\/tr>\n<tr>\n<td><strong>For\u00e7a da Nicotina<\/strong><\/td>\n<td>2% \/ 5%<\/td>\n<\/tr>\n<\/tbody>\n<\/table>\n<h2>Op\u00e7\u00f5es de sabores<\/h2>\n<p>As op\u00e7\u00f5es de sabores dispon\u00edveis incluem Blueberry Raspberry, Mr Blue, Strawberry Watermelon, Orange Soda, Watermelon Bubble Gum, Rainbow Candy, Pink Lemonade, Peachy Mango Pineapple e muito mais. Isto ajuda o FUMOT RandM Tornado Pro 9K a adequar-se a uma mistura mais ampla de frutas, gelo, doces e variedades de vapor descart\u00e1veis \u200b\u200bcom perfil doce.<\/p>\n","protected":false},"excerpt":{"rendered":"<p>Enche as tuas prateleiras com FUMOT RandM Tornado Pro 9K \u2014 9000 puffs, 54 sabores, 18ml e-l\u00edquido. Dispon\u00edvel por atacado a partir de 10 unidades.<\/p>\n","protected":false},"featured_media":121092,"comment_status":"open","ping_status":"closed","template":"","meta":[],"product_brand":[],"product_cat":[1017,998,1033,1028,999,1012,1006,1003,1004,1013,1002,1005,1007,1008,1010,1011,1014,1015,1009,963,1000],"product_tag":[],"class_list":{"0":"post-149888","1":"product","2":"type-product","3":"status-publish","4":"has-post-thumbnail","6":"product_cat-randm","7":"product_cat-tipos-de-vapes-descartaveis","8":"product_cat-vape-descartavel-9000-baforadas","9":"product_cat-vapes-com-tela-inteligente","10":"product_cat-vapes-de-muitas-baforadas","11":"product_cat-vapes-descartaveis-em-portugal","12":"product_cat-vapes-descartaveis-na-alemanha","13":"product_cat-vapes-descartaveis-na-austria","14":"product_cat-vapes-descartaveis-na-belgica","15":"product_cat-vapes-descartaveis-na-espanha","16":"product_cat-vapes-descartaveis-na-europa","17":"product_cat-vapes-descartaveis-na-franca","18":"product_cat-vapes-descartaveis-na-hungria","19":"product_cat-vapes-descartaveis-na-italia","20":"product_cat-vapes-descartaveis-na-noruega","21":"product_cat-vapes-descartaveis-na-polonia","22":"product_cat-vapes-descartaveis-na-suecia","23":"product_cat-vapes-descartaveis-na-suica","24":"product_cat-vapes-descartaveis-nos-paises-baixos","25":"product_cat-vapes-descartaveis-por-numero-de-baforadas","26":"product_cat-vapes-recarregaveis","28":"first","29":"instock","30":"shipping-taxable","31":"purchasable","32":"product-type-variable","33":"has-default-attributes"},"tiered_pricing_type":"fixed","tiered_pricing_fixed_rules":{"2000":7.29999999999999982236431605997495353221893310546875},"tiered_pricing_product_settings":{"layout":"default","base_unit_name":{"singular":null,"plural":null},"default_variation":null},"tiered_pricing_minimum_quantity":1000,"tiered_pricing_roles_data":[],"tiered_pricing_percentage_rules":[],"tiered_pricing_maximum_quantity":null,"tiered_pricing_quantity_step":"10","_links":{"self":[{"href":"https:\/\/holavape.com\/pt\/wp-json\/wp\/v2\/product\/149888","targetHints":{"allow":["GET"]}}],"collection":[{"href":"https:\/\/holavape.com\/pt\/wp-json\/wp\/v2\/product"}],"about":[{"href":"https:\/\/holavape.com\/pt\/wp-json\/wp\/v2\/types\/product"}],"replies":[{"embeddable":true,"href":"https:\/\/holavape.com\/pt\/wp-json\/wp\/v2\/comments?post=149888"}],"wp:featuredmedia":[{"embeddable":true,"href":"https:\/\/holavape.com\/pt\/wp-json\/wp\/v2\/media\/121092"}],"wp:attachment":[{"href":"https:\/\/holavape.com\/pt\/wp-json\/wp\/v2\/media?parent=149888"}],"wp:term":[{"taxonomy":"product_brand","embeddable":true,"href":"https:\/\/holavape.com\/pt\/wp-json\/wp\/v2\/product_brand?post=149888"},{"taxonomy":"product_cat","embeddable":true,"href":"https:\/\/holavape.com\/pt\/wp-json\/wp\/v2\/product_cat?post=149888"},{"taxonomy":"product_tag","embeddable":true,"href":"https:\/\/holavape.com\/pt\/wp-json\/wp\/v2\/product_tag?post=149888"}],"curies":[{"name":"wp","href":"https:\/\/api.w.org\/{rel}","templated":true}]}}