{"id":151616,"date":"2026-04-17T06:35:21","date_gmt":"2026-04-17T06:35:21","guid":{"rendered":"https:\/\/holavape.com\/product\/gazzbar-rocket-20k-disposable-vape\/"},"modified":"2026-04-19T15:07:05","modified_gmt":"2026-04-19T15:07:05","slug":"gazzbar-rocket-20k-disposable-vape","status":"publish","type":"product","link":"https:\/\/holavape.com\/pt\/produto\/gazzbar-rocket-20k-disposable-vape\/","title":{"rendered":"Gazzbar Rocket 20K vape descartavel"},"content":{"rendered":"<h2>Gazzbar Rocket 20K Disposable Vape Vis\u00e3o geral<\/h2>\n<p>Gazzbar Rocket 20K Disposable Vape \u00e9 um vape descart\u00e1vel desenvolvido para compradores grossistas que necessitam de um SKU simples com especifica\u00e7\u00f5es pr\u00e1ticas. Combina 20.000 folhados e 14 sabores num formato f\u00e1cil de posicionar nas prateleiras do retalho e encomendas em grandes quantidades.<\/p>\n<p>A linha de sabores abrange 14 sabores, ajudando este modelo a encaixar-se perfeitamente em frutas, gelo, doces e sortimentos descart\u00e1veis \u200b\u200bde perfis mistos.<\/p>\n<h2>Principais destaques<\/h2>\n<ul>\n<li><strong>20.000 baforadas<\/strong> para um formato de dispositivo mais duradouro<\/li>\n<li><strong>14 sabores<\/strong> para cobrir uma linha mais ampla de sabores<\/li>\n<li><strong>5%<\/strong> op\u00e7\u00f5es de nicotina para satisfazer as diferentes necessidades do mercado<\/li>\n<\/ul>\n<h2>Especifica\u00e7\u00f5es<\/h2>\n<table>\n<tbody>\n<tr>\n<td><strong>Nome do produto<\/strong><\/td>\n<td>Gazzbar Rocket 20K Disposable Vape<\/td>\n<\/tr>\n<tr>\n<td><strong>Contagem de sopros<\/strong><\/td>\n<td>20.000 baforadas<\/td>\n<\/tr>\n<tr>\n<td><strong>Carregando<\/strong><\/td>\n<td>Recarreg\u00e1vel<\/td>\n<\/tr>\n<tr>\n<td><strong>Op\u00e7\u00f5es de sabores<\/strong><\/td>\n<td>14 sabores<\/td>\n<\/tr>\n<tr>\n<td><strong>For\u00e7a da Nicotina<\/strong><\/td>\n<td>5%<\/td>\n<\/tr>\n<\/tbody>\n<\/table>\n<h2>Op\u00e7\u00f5es de sabores<\/h2>\n<p>As op\u00e7\u00f5es de sabores dispon\u00edveis incluem Gelo de goma branca, Kiwi de morango, Gelo de framboesa azul, Banana de morango, Gelo de ma\u00e7\u00e3 azeda, Manga de morango, Gelo de mirtilo, Explos\u00e3o de arco-\u00edris tropical e muito mais. Isto ajuda o Gazzbar Rocket 20K a acomodar uma mistura mais ampla de frutas, gelo, doces e variedades de vapor descart\u00e1veis \u200b\u200bcom perfil doce.<\/p>\n","protected":false},"excerpt":{"rendered":"<p>Gazzbar Rocket 20000 Puffs combina 20.000 puffs e 14 sabores. Uma escolha fi\u00e1vel e pronta para a prateleira para variedades de vape descart\u00e1veis \u200b\u200bde movimenta\u00e7\u00e3o r\u00e1pida. \u26a1<\/p>\n","protected":false},"featured_media":122565,"comment_status":"open","ping_status":"closed","template":"","meta":[],"product_brand":[],"product_cat":[1025],"product_tag":[],"class_list":{"0":"post-151616","1":"product","2":"type-product","3":"status-publish","4":"has-post-thumbnail","6":"product_cat-vape-descartavel-20000-baforadas","8":"first","9":"instock","10":"shipping-taxable","11":"purchasable","12":"product-type-variable","13":"has-default-attributes"},"tiered_pricing_type":"fixed","tiered_pricing_fixed_rules":[],"tiered_pricing_product_settings":{"layout":"default","base_unit_name":{"singular":null,"plural":null},"default_variation":null},"tiered_pricing_minimum_quantity":1000,"tiered_pricing_roles_data":[],"tiered_pricing_percentage_rules":[],"tiered_pricing_maximum_quantity":null,"tiered_pricing_quantity_step":"10","_links":{"self":[{"href":"https:\/\/holavape.com\/pt\/wp-json\/wp\/v2\/product\/151616","targetHints":{"allow":["GET"]}}],"collection":[{"href":"https:\/\/holavape.com\/pt\/wp-json\/wp\/v2\/product"}],"about":[{"href":"https:\/\/holavape.com\/pt\/wp-json\/wp\/v2\/types\/product"}],"replies":[{"embeddable":true,"href":"https:\/\/holavape.com\/pt\/wp-json\/wp\/v2\/comments?post=151616"}],"wp:featuredmedia":[{"embeddable":true,"href":"https:\/\/holavape.com\/pt\/wp-json\/wp\/v2\/media\/122565"}],"wp:attachment":[{"href":"https:\/\/holavape.com\/pt\/wp-json\/wp\/v2\/media?parent=151616"}],"wp:term":[{"taxonomy":"product_brand","embeddable":true,"href":"https:\/\/holavape.com\/pt\/wp-json\/wp\/v2\/product_brand?post=151616"},{"taxonomy":"product_cat","embeddable":true,"href":"https:\/\/holavape.com\/pt\/wp-json\/wp\/v2\/product_cat?post=151616"},{"taxonomy":"product_tag","embeddable":true,"href":"https:\/\/holavape.com\/pt\/wp-json\/wp\/v2\/product_tag?post=151616"}],"curies":[{"name":"wp","href":"https:\/\/api.w.org\/{rel}","templated":true}]}}