{"id":154042,"date":"2026-04-17T06:21:07","date_gmt":"2026-04-17T06:21:07","guid":{"rendered":"https:\/\/holavape.com\/product\/aivono-mini-boxx-600-disposable-vape\/"},"modified":"2026-04-21T08:16:23","modified_gmt":"2026-04-21T08:16:23","slug":"aivono-mini-boxx-600-disposable-vape","status":"publish","type":"product","link":"https:\/\/holavape.com\/pt\/produto\/aivono-mini-boxx-600-disposable-vape\/","title":{"rendered":"AIVONO Mini Boxx 600 | 600 puffs, 2ml e-l\u00edquido, 1.2\u03a9 mesh, Type-C, 11 sabores, vape descart\u00e1vel por atacado"},"content":{"rendered":"<h2>AIVONO Mini Boxx 600 Disposable Vape Vis\u00e3o geral<\/h2>\n<p>AIVONO Mini Boxx 600 Disposable Vape \u00e9 um vape descart\u00e1vel compacto desenvolvido para compradores grossistas que necessitam de um SKU compacto de n\u00edvel b\u00e1sico com f\u00e1cil rotatividade. Combina 600 baforadas, 2mL de e-l\u00edquido e bobina de malha de 1,2 ohm num formato que \u00e9 f\u00e1cil de posicionar para prateleiras de retalho e encomendas em grandes quantidades.<\/p>\n<p>A linha de sabores abrange 10 sabores, ajudando este modelo a encaixar-se perfeitamente em frutas, gelo, doces e sortimentos descart\u00e1veis \u200b\u200bde perfis mistos.<\/p>\n<h2>Principais destaques<\/h2>\n<ul>\n<li><strong>600 baforadas<\/strong> para um formato de dispositivo mais duradouro<\/li>\n<li><strong>2mL de e-l\u00edquido<\/strong> para suportar uma maior contagem de inala\u00e7\u00f5es e um uso di\u00e1rio mais prolongado<\/li>\n<li><strong>Bobina de malha de 1,2 ohm<\/strong> para uma sa\u00edda de sabor mais constante e vapor mais suave<\/li>\n<li><strong>Bateria de 400mAh com Type-C recarreg\u00e1vel<\/strong> para recarga conveniente<\/li>\n<li><strong>10 sabores<\/strong> para cobrir uma linha mais ampla de sabores<\/li>\n<li><strong>0% \/ 2% \/ 5%<\/strong> op\u00e7\u00f5es de nicotina para satisfazer as diferentes necessidades do mercado<\/li>\n<\/ul>\n<h2>Especifica\u00e7\u00f5es<\/h2>\n<table>\n<tbody>\n<tr>\n<td><strong>Nome do produto<\/strong><\/td>\n<td>AIVONO Mini Boxx 600 Disposable Vape<\/td>\n<\/tr>\n<tr>\n<td><strong>Contagem de sopros<\/strong><\/td>\n<td>600 baforadas<\/td>\n<\/tr>\n<tr>\n<td><strong>Capacidade de e-l\u00edquido<\/strong><\/td>\n<td>2mL de e-l\u00edquido<\/td>\n<\/tr>\n<tr>\n<td><strong>Bateria<\/strong><\/td>\n<td>Bateria de 400mAh<\/td>\n<\/tr>\n<tr>\n<td><strong>Carregando<\/strong><\/td>\n<td>Type-C recarreg\u00e1vel<\/td>\n<\/tr>\n<tr>\n<td><strong>Bobina<\/strong><\/td>\n<td>Bobina de malha de 1,2 ohm<\/td>\n<\/tr>\n<tr>\n<td><strong>Op\u00e7\u00f5es de sabores<\/strong><\/td>\n<td>10 sabores<\/td>\n<\/tr>\n<tr>\n<td><strong>For\u00e7a da Nicotina<\/strong><\/td>\n<td>0% \/ 2% \/ 5%<\/td>\n<\/tr>\n<\/tbody>\n<\/table>\n<h2>Op\u00e7\u00f5es de sabores<\/h2>\n<p>As op\u00e7\u00f5es de sabores dispon\u00edveis incluem gelado de morango, hortel\u00e3-lim\u00e3o, gelo de morango e kiwi, gelo de alo\u00e9 vera, gelado de goma de melancia, gelo de morango, bebida energ\u00e9tica, grepefruit de p\u00eassego branco e muito mais. Isto ajuda o AIVONO Mini Boxx 600 a adequar-se a uma mistura mais ampla de frutas, gelo, doces e variedades de vapor descart\u00e1veis \u200b\u200bcom perfil doce.<\/p>\n","protected":false},"excerpt":{"rendered":"<p>Enche as tuas prateleiras com AIVONO Mini Boxx 600 \u2014 600 puffs, 2ml e-l\u00edquido, 1.2\u03a9 mesh. Dispon\u00edvel por atacado a partir de 10 unidades.<\/p>\n","protected":false},"featured_media":121575,"comment_status":"open","ping_status":"closed","template":"","meta":[],"product_brand":[],"product_cat":[1029,998,1012,1006,1003,1004,1013,1002,1005,1007,1008,1010,1011,1014,1015,1009,963],"product_tag":[],"class_list":{"0":"post-154042","1":"product","2":"type-product","3":"status-publish","4":"has-post-thumbnail","6":"product_cat-aivono","7":"product_cat-tipos-de-vapes-descartaveis","8":"product_cat-vapes-descartaveis-em-portugal","9":"product_cat-vapes-descartaveis-na-alemanha","10":"product_cat-vapes-descartaveis-na-austria","11":"product_cat-vapes-descartaveis-na-belgica","12":"product_cat-vapes-descartaveis-na-espanha","13":"product_cat-vapes-descartaveis-na-europa","14":"product_cat-vapes-descartaveis-na-franca","15":"product_cat-vapes-descartaveis-na-hungria","16":"product_cat-vapes-descartaveis-na-italia","17":"product_cat-vapes-descartaveis-na-noruega","18":"product_cat-vapes-descartaveis-na-polonia","19":"product_cat-vapes-descartaveis-na-suecia","20":"product_cat-vapes-descartaveis-na-suica","21":"product_cat-vapes-descartaveis-nos-paises-baixos","22":"product_cat-vapes-descartaveis-por-numero-de-baforadas","24":"first","25":"instock","26":"shipping-taxable","27":"purchasable","28":"product-type-variable","29":"has-default-attributes"},"tiered_pricing_type":"fixed","tiered_pricing_fixed_rules":{"2000":3.45999999999999996447286321199499070644378662109375},"tiered_pricing_product_settings":{"layout":"default","base_unit_name":{"singular":null,"plural":null},"default_variation":null},"tiered_pricing_minimum_quantity":1000,"tiered_pricing_roles_data":[],"tiered_pricing_percentage_rules":[],"tiered_pricing_maximum_quantity":null,"tiered_pricing_quantity_step":"10","_links":{"self":[{"href":"https:\/\/holavape.com\/pt\/wp-json\/wp\/v2\/product\/154042","targetHints":{"allow":["GET"]}}],"collection":[{"href":"https:\/\/holavape.com\/pt\/wp-json\/wp\/v2\/product"}],"about":[{"href":"https:\/\/holavape.com\/pt\/wp-json\/wp\/v2\/types\/product"}],"replies":[{"embeddable":true,"href":"https:\/\/holavape.com\/pt\/wp-json\/wp\/v2\/comments?post=154042"}],"wp:featuredmedia":[{"embeddable":true,"href":"https:\/\/holavape.com\/pt\/wp-json\/wp\/v2\/media\/121575"}],"wp:attachment":[{"href":"https:\/\/holavape.com\/pt\/wp-json\/wp\/v2\/media?parent=154042"}],"wp:term":[{"taxonomy":"product_brand","embeddable":true,"href":"https:\/\/holavape.com\/pt\/wp-json\/wp\/v2\/product_brand?post=154042"},{"taxonomy":"product_cat","embeddable":true,"href":"https:\/\/holavape.com\/pt\/wp-json\/wp\/v2\/product_cat?post=154042"},{"taxonomy":"product_tag","embeddable":true,"href":"https:\/\/holavape.com\/pt\/wp-json\/wp\/v2\/product_tag?post=154042"}],"curies":[{"name":"wp","href":"https:\/\/api.w.org\/{rel}","templated":true}]}}