{"id":155085,"date":"2026-04-17T05:34:48","date_gmt":"2026-04-17T05:34:48","guid":{"rendered":"https:\/\/holavape.com\/product\/fihp-12k-disposable-vape\/"},"modified":"2026-04-19T15:30:14","modified_gmt":"2026-04-19T15:30:14","slug":"fihp-12k-disposable-vape","status":"publish","type":"product","link":"https:\/\/holavape.com\/pt\/produto\/fihp-12k-disposable-vape\/","title":{"rendered":"FIHP 12K vape descartavel"},"content":{"rendered":"<h2>FIHP 12K Disposable Vape Vis\u00e3o geral<\/h2>\n<p>FIHP 12K Disposable Vape \u00e9 um vape descart\u00e1vel equipado com ecr\u00e3, desenvolvido para compradores grossistas que necessitam de uma sensa\u00e7\u00e3o mais premium com o estatuto de dispositivo vis\u00edvel. Combina 12.000 baforadas, 20mL de e-l\u00edquido e ecr\u00e3 inteligente num formato f\u00e1cil de posicionar para prateleiras de retalho e encomendas em grandes quantidades.<\/p>\n<p>A linha de sabores abrange 10 sabores, ajudando este modelo a encaixar-se perfeitamente em frutas, gelo, doces e sortimentos descart\u00e1veis \u200b\u200bde perfis mistos.<\/p>\n<h2>Principais destaques<\/h2>\n<ul>\n<li><strong>12.000 baforadas<\/strong> para um formato de dispositivo mais duradouro<\/li>\n<li><strong>20mL de e-l\u00edquido<\/strong> para suportar uma maior contagem de inala\u00e7\u00f5es e um uso di\u00e1rio mais prolongado<\/li>\n<li><strong>tela inteligente<\/strong> para que os utilizadores possam verificar o estado dos principais dispositivos com mais facilidade<\/li>\n<li><strong>Bateria de 650mAh com Type-C recarreg\u00e1vel<\/strong> para recarga conveniente<\/li>\n<li><strong>10 sabores<\/strong> para cobrir uma linha mais ampla de sabores<\/li>\n<li><strong>2% \/ 5%<\/strong> op\u00e7\u00f5es de nicotina para satisfazer as diferentes necessidades do mercado<\/li>\n<\/ul>\n<h2>Especifica\u00e7\u00f5es<\/h2>\n<table>\n<tbody>\n<tr>\n<td><strong>Nome do produto<\/strong><\/td>\n<td>FIHP 12K Disposable Vape<\/td>\n<\/tr>\n<tr>\n<td><strong>Contagem de sopros<\/strong><\/td>\n<td>12.000 baforadas<\/td>\n<\/tr>\n<tr>\n<td><strong>Capacidade de e-l\u00edquido<\/strong><\/td>\n<td>20mL de e-l\u00edquido<\/td>\n<\/tr>\n<tr>\n<td><strong>Bateria<\/strong><\/td>\n<td>Bateria de 650mAh<\/td>\n<\/tr>\n<tr>\n<td><strong>Carregando<\/strong><\/td>\n<td>Type-C recarreg\u00e1vel<\/td>\n<\/tr>\n<tr>\n<td><strong>Ecr\u00e3<\/strong><\/td>\n<td>tela inteligente<\/td>\n<\/tr>\n<tr>\n<td><strong>Op\u00e7\u00f5es de sabores<\/strong><\/td>\n<td>10 sabores<\/td>\n<\/tr>\n<tr>\n<td><strong>For\u00e7a da Nicotina<\/strong><\/td>\n<td>2% \/ 5%<\/td>\n<\/tr>\n<\/tbody>\n<\/table>\n<h2>Op\u00e7\u00f5es de sabores<\/h2>\n<p>As op\u00e7\u00f5es de sabores dispon\u00edveis incluem Lush Ice, Grape Ice, Cherry, Blueberry Raspberry, Strawberry Kiwi, Mixed Berries, Strawberry Watermelon, Watermelon Bubblegum e muito mais. Isto ajuda o FIHP 12K a acomodar uma mistura mais ampla de frutas, gelo, doces e variedades de vapor descart\u00e1veis \u200b\u200bcom perfil doce.<\/p>\n","protected":false},"excerpt":{"rendered":"<p>FIHP 12.000 baforadas embala 12.000 baforadas, e-l\u00edquido de 20mL, display LED e bateria recarreg\u00e1vel Type-C de 650mAh. Uma op\u00e7\u00e3o de ecr\u00e3 inteligente para os compradores que desejam uma sensa\u00e7\u00e3o mais premium no balc\u00e3o. \u26a1<\/p>\n","protected":false},"featured_media":119840,"comment_status":"open","ping_status":"closed","template":"","meta":[],"product_brand":[],"product_cat":[974,998,1035,1026,1028,999,1012,1006,1003,1004,1013,1002,1005,1007,1008,1010,1011,1014,1015,1009,963,1000],"product_tag":[],"class_list":{"0":"post-155085","1":"product","2":"type-product","3":"status-publish","4":"has-post-thumbnail","6":"product_cat-fihp-pt","7":"product_cat-tipos-de-vapes-descartaveis","8":"product_cat-vape-descartavel-12000-baforadas","9":"product_cat-vapes-box-digitais","10":"product_cat-vapes-com-tela-inteligente","11":"product_cat-vapes-de-muitas-baforadas","12":"product_cat-vapes-descartaveis-em-portugal","13":"product_cat-vapes-descartaveis-na-alemanha","14":"product_cat-vapes-descartaveis-na-austria","15":"product_cat-vapes-descartaveis-na-belgica","16":"product_cat-vapes-descartaveis-na-espanha","17":"product_cat-vapes-descartaveis-na-europa","18":"product_cat-vapes-descartaveis-na-franca","19":"product_cat-vapes-descartaveis-na-hungria","20":"product_cat-vapes-descartaveis-na-italia","21":"product_cat-vapes-descartaveis-na-noruega","22":"product_cat-vapes-descartaveis-na-polonia","23":"product_cat-vapes-descartaveis-na-suecia","24":"product_cat-vapes-descartaveis-na-suica","25":"product_cat-vapes-descartaveis-nos-paises-baixos","26":"product_cat-vapes-descartaveis-por-numero-de-baforadas","27":"product_cat-vapes-recarregaveis","29":"first","30":"instock","31":"shipping-taxable","32":"purchasable","33":"product-type-variable","34":"has-default-attributes"},"tiered_pricing_type":"fixed","tiered_pricing_fixed_rules":[],"tiered_pricing_product_settings":{"layout":"default","base_unit_name":{"singular":null,"plural":null},"default_variation":null},"tiered_pricing_minimum_quantity":1000,"tiered_pricing_roles_data":[],"tiered_pricing_percentage_rules":[],"tiered_pricing_maximum_quantity":null,"tiered_pricing_quantity_step":"10","_links":{"self":[{"href":"https:\/\/holavape.com\/pt\/wp-json\/wp\/v2\/product\/155085","targetHints":{"allow":["GET"]}}],"collection":[{"href":"https:\/\/holavape.com\/pt\/wp-json\/wp\/v2\/product"}],"about":[{"href":"https:\/\/holavape.com\/pt\/wp-json\/wp\/v2\/types\/product"}],"replies":[{"embeddable":true,"href":"https:\/\/holavape.com\/pt\/wp-json\/wp\/v2\/comments?post=155085"}],"wp:featuredmedia":[{"embeddable":true,"href":"https:\/\/holavape.com\/pt\/wp-json\/wp\/v2\/media\/119840"}],"wp:attachment":[{"href":"https:\/\/holavape.com\/pt\/wp-json\/wp\/v2\/media?parent=155085"}],"wp:term":[{"taxonomy":"product_brand","embeddable":true,"href":"https:\/\/holavape.com\/pt\/wp-json\/wp\/v2\/product_brand?post=155085"},{"taxonomy":"product_cat","embeddable":true,"href":"https:\/\/holavape.com\/pt\/wp-json\/wp\/v2\/product_cat?post=155085"},{"taxonomy":"product_tag","embeddable":true,"href":"https:\/\/holavape.com\/pt\/wp-json\/wp\/v2\/product_tag?post=155085"}],"curies":[{"name":"wp","href":"https:\/\/api.w.org\/{rel}","templated":true}]}}