{"id":158409,"date":"2026-04-17T05:34:47","date_gmt":"2026-04-17T05:34:47","guid":{"rendered":"https:\/\/holavape.com\/product\/fihp-shisha-hookah-pro-15k-2\/"},"modified":"2026-04-19T15:31:17","modified_gmt":"2026-04-19T15:31:17","slug":"fihp-shisha-hookah-pro-15k-2","status":"publish","type":"product","link":"https:\/\/holavape.com\/pt\/produto\/fihp-shisha-hookah-pro-15k-2\/","title":{"rendered":"FIHP Shisha Hookah Pro 15K"},"content":{"rendered":"<h2>FIHP Shisha Hookah Pro 15K Vis\u00e3o geral<\/h2>\n<p>FIHP Shisha Hookah Pro 15K \u00e9 um vape descart\u00e1vel estilo shisha desenvolvido para compradores grossistas que necessitam de uma op\u00e7\u00e3o estilo cachimbo de \u00e1gua com um apelo de sabor mais amplo. Combina 15.000 baforadas, 22mL de e-l\u00edquido e bobina de malha de 0,6 ohm num formato que \u00e9 f\u00e1cil de posicionar para prateleiras de retalho e encomendas em grandes quantidades.<\/p>\n<p>A linha de sabores abrange 10 sabores, ajudando este modelo a encaixar-se perfeitamente em frutas, gelo, doces e sortimentos descart\u00e1veis \u200b\u200bde perfis mistos.<\/p>\n<h2>Principais destaques<\/h2>\n<ul>\n<li><strong>15.000 baforadas<\/strong> para um formato de dispositivo mais duradouro<\/li>\n<li><strong>22mL de e-l\u00edquido<\/strong> para suportar uma maior contagem de inala\u00e7\u00f5es e um uso di\u00e1rio mais prolongado<\/li>\n<li><strong>bobina de malha de 0,6ohm<\/strong> para uma sa\u00edda de sabor mais constante e vapor mais suave<\/li>\n<li><strong>Visor LED<\/strong> para que os utilizadores possam verificar o estado dos principais dispositivos com mais facilidade<\/li>\n<li><strong>10 sabores<\/strong> para cobrir uma linha mais ampla de sabores<\/li>\n<li><strong>0.6%<\/strong> op\u00e7\u00f5es de nicotina para satisfazer as diferentes necessidades do mercado<\/li>\n<\/ul>\n<h2>Especifica\u00e7\u00f5es<\/h2>\n<table>\n<tbody>\n<tr>\n<td><strong>Nome do produto<\/strong><\/td>\n<td>FIHP Shisha Hookah Pro 15K<\/td>\n<\/tr>\n<tr>\n<td><strong>Contagem de sopros<\/strong><\/td>\n<td>15.000 baforadas<\/td>\n<\/tr>\n<tr>\n<td><strong>Capacidade de e-l\u00edquido<\/strong><\/td>\n<td>22mL de e-l\u00edquido<\/td>\n<\/tr>\n<tr>\n<td><strong>Bobina<\/strong><\/td>\n<td>bobina de malha de 0,6ohm<\/td>\n<\/tr>\n<tr>\n<td><strong>Ecr\u00e3<\/strong><\/td>\n<td>Visor LED<\/td>\n<\/tr>\n<tr>\n<td><strong>Op\u00e7\u00f5es de sabores<\/strong><\/td>\n<td>10 sabores<\/td>\n<\/tr>\n<tr>\n<td><strong>For\u00e7a da Nicotina<\/strong><\/td>\n<td>0.6%<\/td>\n<\/tr>\n<\/tbody>\n<\/table>\n<h2>Op\u00e7\u00f5es de sabores<\/h2>\n<p>As op\u00e7\u00f5es de sabores dispon\u00edveis incluem Gelo de Melancia, Gelo de Drag\u00e3o Negro, Framboesa Mirtilo, Kiwi Morango, Frutos Mistos, Melancia Morango, Pina Colada, Anan\u00e1s Manga P\u00eassego e muito mais. Isto ajuda FIHP Shisha Hookah Pro 15K a acomodar uma mistura mais ampla de frutas, gelo, doces e variedades de vapor descart\u00e1veis \u200b\u200bcom perfil doce.<\/p>\n","protected":false},"excerpt":{"rendered":"<p>FIHP Shisha Hookah Pro 15000 baforadas oferece 15.000 baforadas, e-l\u00edquido de 22mL, display LED e bobina de malha de 0,6 ohm. Uma op\u00e7\u00e3o de venda por grosso estilo cachimbo de \u00e1gua para compradores que desejam uma presen\u00e7a de sabor mais forte e um apelo f\u00e1cil nas prateleiras. \ud83d\udd25<\/p>\n","protected":false},"featured_media":119818,"comment_status":"open","ping_status":"closed","template":"","meta":[],"product_brand":[],"product_cat":[974,998,948,1028,999,1012,1006,1003,1004,1013,1002,1005,1007,1008,1010,1011,1014,1015,1009,963,1000,1001],"product_tag":[],"class_list":{"0":"post-158409","1":"product","2":"type-product","3":"status-publish","4":"has-post-thumbnail","6":"product_cat-fihp-pt","7":"product_cat-tipos-de-vapes-descartaveis","8":"product_cat-vape-descartavel-15000-baforadas","9":"product_cat-vapes-com-tela-inteligente","10":"product_cat-vapes-de-muitas-baforadas","11":"product_cat-vapes-descartaveis-em-portugal","12":"product_cat-vapes-descartaveis-na-alemanha","13":"product_cat-vapes-descartaveis-na-austria","14":"product_cat-vapes-descartaveis-na-belgica","15":"product_cat-vapes-descartaveis-na-espanha","16":"product_cat-vapes-descartaveis-na-europa","17":"product_cat-vapes-descartaveis-na-franca","18":"product_cat-vapes-descartaveis-na-hungria","19":"product_cat-vapes-descartaveis-na-italia","20":"product_cat-vapes-descartaveis-na-noruega","21":"product_cat-vapes-descartaveis-na-polonia","22":"product_cat-vapes-descartaveis-na-suecia","23":"product_cat-vapes-descartaveis-na-suica","24":"product_cat-vapes-descartaveis-nos-paises-baixos","25":"product_cat-vapes-descartaveis-por-numero-de-baforadas","26":"product_cat-vapes-recarregaveis","27":"product_cat-vapes-shisha-hookah","29":"first","30":"instock","31":"shipping-taxable","32":"purchasable","33":"product-type-variable","34":"has-default-attributes"},"tiered_pricing_type":"fixed","tiered_pricing_fixed_rules":{"2000":5.19000000000000039079850466805510222911834716796875},"tiered_pricing_product_settings":{"layout":"default","base_unit_name":{"singular":null,"plural":null},"default_variation":null},"tiered_pricing_minimum_quantity":1000,"tiered_pricing_roles_data":[],"tiered_pricing_percentage_rules":[],"tiered_pricing_maximum_quantity":null,"tiered_pricing_quantity_step":"10","_links":{"self":[{"href":"https:\/\/holavape.com\/pt\/wp-json\/wp\/v2\/product\/158409","targetHints":{"allow":["GET"]}}],"collection":[{"href":"https:\/\/holavape.com\/pt\/wp-json\/wp\/v2\/product"}],"about":[{"href":"https:\/\/holavape.com\/pt\/wp-json\/wp\/v2\/types\/product"}],"replies":[{"embeddable":true,"href":"https:\/\/holavape.com\/pt\/wp-json\/wp\/v2\/comments?post=158409"}],"wp:featuredmedia":[{"embeddable":true,"href":"https:\/\/holavape.com\/pt\/wp-json\/wp\/v2\/media\/119818"}],"wp:attachment":[{"href":"https:\/\/holavape.com\/pt\/wp-json\/wp\/v2\/media?parent=158409"}],"wp:term":[{"taxonomy":"product_brand","embeddable":true,"href":"https:\/\/holavape.com\/pt\/wp-json\/wp\/v2\/product_brand?post=158409"},{"taxonomy":"product_cat","embeddable":true,"href":"https:\/\/holavape.com\/pt\/wp-json\/wp\/v2\/product_cat?post=158409"},{"taxonomy":"product_tag","embeddable":true,"href":"https:\/\/holavape.com\/pt\/wp-json\/wp\/v2\/product_tag?post=158409"}],"curies":[{"name":"wp","href":"https:\/\/api.w.org\/{rel}","templated":true}]}}